{"id":10276,"date":"2021-06-02T18:51:42","date_gmt":"2021-06-02T15:51:42","guid":{"rendered":"https:\/\/sachviet.eu\/shop\/ot-bay-mau-tron-bo-6-tap\/"},"modified":"2023-05-26T12:09:58","modified_gmt":"2023-05-26T09:09:58","slug":"ot-bay-mau-tron-bo-6-tap","status":"publish","type":"product","link":"https:\/\/sachviet.eu\/en\/shop\/ot-bay-mau-tron-bo-6-tap\/","title":{"rendered":"\u1edat B\u1ea3y M\u00e0u &#8211; Tr\u1ecdn b\u1ed9 6 t\u1eadp"},"content":{"rendered":"<p>\u1edat B\u1ea3y M\u00e0u<\/p>\n<p>Sau c\u00e1i ch\u1ebft c\u1ee7a m\u1eb9, Shimichi chuy\u1ec3n l\u00ean Edo s\u1ed1ng c\u00f9ng v\u1edbi 6 anh ch\u1ecb em kh\u00e1c \u1edf c\u01b0 x\u00e1 Karakuri, \u0111\u01b0\u1ee3c x\u00e2y b\u1edfi ng\u01b0\u1eddi cha m\u00e0 h\u1ecd ch\u01b0a t\u1eebng g\u1eb7p. H\u1ecd l\u00e0 anh em c\u00f9ng cha kh\u00e1c m\u1eb9 (th\u1ef1c t\u1ebf th\u00ec c\u00f3 m\u1ed9t ng\u01b0\u1eddi trong s\u1ed1 h\u1ecd kh\u00f4ng c\u00f9ng huy\u1ebft th\u1ed1ng) v\u00e0 m\u1eb9 c\u1ee7a h\u1ecd \u0111\u1ec1u \u0111\u00e3 ch\u1ebft. Kh\u00f4ng l\u00e2u sau khi Shimichi \u0111\u1ebfn, 7 anh ch\u1ecb em quy\u1ebft \u0111\u1ecbnh l\u00e0m m\u1ed9t chuy\u1ebfn \u0111i \u0111\u1ec3 th\u0103m m\u1ed9 c\u00e1c b\u00e0 m\u1eb9. M\u1ecdi nguy hi\u1ec3m b\u1eaft \u0111\u1ea7u t\u1eeb \u0111\u00e2y.<\/p>\n","protected":false},"excerpt":{"rendered":"<p>\u1edat B\u1ea3y M\u00e0u<\/p>\n<p>Sau c\u00e1i ch\u1ebft c\u1ee7a m\u1eb9, Shimichi chuy\u1ec3n l\u00ean Edo s\u1ed1ng c\u00f9ng v\u1edbi 6 anh ch\u1ecb em kh\u00e1c \u1edf c\u01b0 x\u00e1 Karakuri, \u0111\u01b0\u1ee3c x\u00e2y b\u1edfi ng\u01b0\u1eddi cha m\u00e0 h\u1ecd ch\u01b0a t\u1eebng g\u1eb7p. H\u1ecd l\u00e0 anh em c\u00f9ng cha kh\u00e1c m\u1eb9 (th\u1ef1c t\u1ebf th\u00ec c\u00f3 m\u1ed9t ng\u01b0\u1eddi trong s\u1ed1 h\u1ecd kh\u00f4ng c\u00f9ng huy\u1ebft th\u1ed1ng) v\u00e0 m\u1eb9 c\u1ee7a h\u1ecd \u0111\u1ec1u \u0111\u00e3 ch\u1ebft. Kh\u00f4ng l\u00e2u sau khi Shimichi \u0111\u1ebfn, 7 anh ch\u1ecb em quy\u1ebft \u0111\u1ecbnh l\u00e0m m\u1ed9t chuy\u1ebfn \u0111i \u0111\u1ec3 th\u0103m m\u1ed9 c\u00e1c b\u00e0 m\u1eb9. M\u1ecdi nguy hi\u1ec3m b\u1eaft \u0111\u1ea7u t\u1eeb \u0111\u00e2y.<\/p>\n","protected":false},"featured_media":10270,"template":"","meta":{"_acf_changed":false},"product_brand":[],"product_cat":[29],"product_tag":[],"class_list":{"0":"post-10276","1":"product","2":"type-product","3":"status-publish","4":"has-post-thumbnail","6":"product_cat-manga-comics","8":"first","9":"instock","10":"taxable","11":"shipping-taxable","12":"purchasable","13":"product-type-simple"},"supplier_id":null,"supplier_sku":"","barcode":null,"atum_controlled":true,"out_stock_date":null,"out_stock_threshold":null,"inheritable":false,"inbound_stock":0,"stock_on_hold":0,"sold_today":0,"sales_last_days":0,"reserved_stock":0,"customer_returns":0,"warehouse_damage":0,"lost_in_post":0,"other_logs":0,"out_stock_days":0,"lost_sales":0,"has_location":false,"update_date":"2026-01-28T23:10:46","atum_locations":[],"atum_stock_status":"instock","restock_status":false,"low_stock_amount":"","sales_update_date":"2026-01-28T23:10:46","calc_backorders":null,"acf":{"publisher":{"ID":1517,"post_author":"1","post_date":"2021-02-17 01:14:41","post_date_gmt":"2021-02-16 23:14:41","post_content":"","post_title":"NXB Tr\u1ebb","post_excerpt":"","post_status":"publish","comment_status":"closed","ping_status":"closed","post_password":"","post_name":"nxb-tre","to_ping":"","pinged":"","post_modified":"2021-02-17 01:14:41","post_modified_gmt":"2021-02-16 23:14:41","post_content_filtered":"","post_parent":0,"guid":"https:\/\/sachviet.eu\/nha-phat-hanh\/nxb-tre\/","menu_order":0,"post_type":"publisher","post_mime_type":"","comment_count":"0","filter":"raw"}},"_links":{"self":[{"href":"https:\/\/sachviet.eu\/en\/wp-json\/wp\/v2\/product\/10276","targetHints":{"allow":["GET"]}}],"collection":[{"href":"https:\/\/sachviet.eu\/en\/wp-json\/wp\/v2\/product"}],"about":[{"href":"https:\/\/sachviet.eu\/en\/wp-json\/wp\/v2\/types\/product"}],"wp:featuredmedia":[{"embeddable":true,"href":"https:\/\/sachviet.eu\/en\/wp-json\/wp\/v2\/media\/10270"}],"wp:attachment":[{"href":"https:\/\/sachviet.eu\/en\/wp-json\/wp\/v2\/media?parent=10276"}],"wp:term":[{"taxonomy":"product_brand","embeddable":true,"href":"https:\/\/sachviet.eu\/en\/wp-json\/wp\/v2\/product_brand?post=10276"},{"taxonomy":"product_cat","embeddable":true,"href":"https:\/\/sachviet.eu\/en\/wp-json\/wp\/v2\/product_cat?post=10276"},{"taxonomy":"product_tag","embeddable":true,"href":"https:\/\/sachviet.eu\/en\/wp-json\/wp\/v2\/product_tag?post=10276"}],"curies":[{"name":"wp","href":"https:\/\/api.w.org\/{rel}","templated":true}]}}