{"id":10267,"date":"2021-06-02T18:51:17","date_gmt":"2021-06-02T15:51:17","guid":{"rendered":"https:\/\/sachviet.eu\/shop\/spy-x-family-tap-3\/"},"modified":"2022-10-11T00:52:34","modified_gmt":"2022-10-10T21:52:34","slug":"spy-x-family-tap-3","status":"publish","type":"product","link":"https:\/\/sachviet.eu\/en\/shop\/spy-x-family-tap-3\/","title":{"rendered":"Spy X Family &#8211; T\u1eadp 3"},"content":{"rendered":"<p>Yuri, em trai c\u1ee7a Yor \u0111\u00e3 t\u1edbi th\u0103m nh\u00e0 Forger!! Twilight v\u00e0 Yuri c\u00f9ng gi\u1ea5u nh\u1eb9m th\u00e2n ph\u1eadn \u0111i\u1ec7p vi\u00ean, c\u0169ng nh\u01b0 c\u1ea3nh s\u00e1t m\u1eadt c\u1ee7a m\u00ecnh, v\u00e0 gi\u1edf \u0111\u1ee7 chi\u00eau th\u0103m d\u00f2 l\u1eabn nhau. Yuri, c\u1eadu em cu\u1ed3ng ch\u1ecb g\u00e1i \u0111ang g\u1ea5p r\u00fat mu\u1ed1n \u0111i\u1ec1u tra xem li\u1ec7u Twilight c\u00f3 ph\u1ea3i l\u00e0 ng\u01b0\u1eddi ch\u1ed3ng th\u1eadt s\u1ef1 c\u1ee7a ch\u1ecb m\u00ecnh hay kh\u00f4ng\u2026!?<\/p>\n<p>TATSUYA ENDO<\/p>\n<p> H\u1ea7u h\u1ebft c\u00e1c giai tho\u1ea1i \u0111\u01b0\u1ee3c k\u1ec3 v\u1ec1 \u0111i\u1ec7p vi\u00ean \u0111\u1ec1u l\u00e0 nh\u1eefng nhi\u1ec7m v\u1ee5 th\u1ea5t b\u1ea1i. B\u1edfi \u0111\u00e3 ho\u00e0n th\u00e0nh nhi\u1ec7m v\u1ee5 m\u1ed9t c\u00e1ch ho\u00e0n h\u1ea3o kh\u00f4ng v\u1ebft t\u00edch th\u00ec s\u1ebd ch\u1eb3ng c\u00f3 b\u1ea5t k\u00ec m\u1ed9t ghi ch\u00e9p c\u00f4ng khai n\u00e0o c\u00f2n l\u01b0u l\u1ea1i v\u1ec1 v\u1ee5 vi\u1ec7c \u0111\u00f3.<\/p>\n<p>Ngo\u00e0i nh\u1eefng l\u1ea7n g\u1eb7p th\u1ea5t b\u1ea1i ra, t\u00f4i kh\u00f4ng c\u00f3 kh\u1ea3 n\u0103ng l\u00e0m c\u00f4ng vi\u1ec7c m\u00e0 ch\u1eb3ng \u0111\u01b0\u1ee3c ai bi\u1ebft \u0111\u1ebfn, hay tr\u1edf th\u00e0nh \u0111i\u1ec7p vi\u00ean. B\u1edfi t\u00f4i thu\u1ed9c tr\u01b0\u1eddng ph\u00e1i th\u00edch \u0111\u01b0\u1ee3c khen ng\u1ee3i m\u00e0.<\/p>\n","protected":false},"excerpt":{"rendered":"<p>Yuri, em trai c\u1ee7a Yor \u0111\u00e3 t\u1edbi th\u0103m nh\u00e0 Forger!! Twilight v\u00e0 Yuri c\u00f9ng gi\u1ea5u nh\u1eb9m th\u00e2n ph\u1eadn \u0111i\u1ec7p vi\u00ean, c\u0169ng nh\u01b0 c\u1ea3nh s\u00e1t m\u1eadt c\u1ee7a m\u00ecnh, v\u00e0 gi\u1edf \u0111\u1ee7 chi\u00eau th\u0103m d\u00f2 l\u1eabn nhau. Yuri, c\u1eadu em cu\u1ed3ng ch\u1ecb g\u00e1i \u0111ang g\u1ea5p r\u00fat mu\u1ed1n \u0111i\u1ec1u tra xem li\u1ec7u Twilight c\u00f3 ph\u1ea3i l\u00e0 ng\u01b0\u1eddi ch\u1ed3ng th\u1eadt s\u1ef1 c\u1ee7a ch\u1ecb m\u00ecnh hay kh\u00f4ng\u2026!?<\/p>\n<p>TATSUYA ENDO<\/p>\n<p> H\u1ea7u h\u1ebft c\u00e1c giai tho\u1ea1i \u0111\u01b0\u1ee3c k\u1ec3 v\u1ec1 \u0111i\u1ec7p vi\u00ean \u0111\u1ec1u l\u00e0 nh\u1eefng nhi\u1ec7m v\u1ee5 th\u1ea5t b\u1ea1i. B\u1edfi \u0111\u00e3 ho\u00e0n th\u00e0nh nhi\u1ec7m v\u1ee5 m\u1ed9t c\u00e1ch ho\u00e0n h\u1ea3o kh\u00f4ng v\u1ebft t\u00edch th\u00ec s\u1ebd ch\u1eb3ng c\u00f3 b\u1ea5t k\u00ec m\u1ed9t ghi ch\u00e9p c\u00f4ng khai n\u00e0o c\u00f2n l\u01b0u l\u1ea1i v\u1ec1 v\u1ee5 vi\u1ec7c \u0111\u00f3.<\/p>\n<p>Ngo\u00e0i nh\u1eefng l\u1ea7n g\u1eb7p th\u1ea5t b\u1ea1i ra, t\u00f4i kh\u00f4ng c\u00f3 kh\u1ea3 n\u0103ng l\u00e0m c\u00f4ng vi\u1ec7c m\u00e0 ch\u1eb3ng \u0111\u01b0\u1ee3c ai bi\u1ebft \u0111\u1ebfn, hay tr\u1edf th\u00e0nh \u0111i\u1ec7p vi\u00ean. B\u1edfi t\u00f4i thu\u1ed9c tr\u01b0\u1eddng ph\u00e1i th\u00edch \u0111\u01b0\u1ee3c khen ng\u1ee3i m\u00e0.<\/p>\n","protected":false},"featured_media":10266,"template":"","meta":{"_acf_changed":false},"product_brand":[],"product_cat":[29],"product_tag":[],"class_list":{"0":"post-10267","1":"product","2":"type-product","3":"status-publish","4":"has-post-thumbnail","6":"product_cat-manga-comics","8":"first","9":"outofstock","10":"taxable","11":"shipping-taxable","12":"purchasable","13":"product-type-simple"},"supplier_id":null,"supplier_sku":"","barcode":null,"atum_controlled":true,"out_stock_date":"2022-10-10 18:52:34","out_stock_threshold":null,"inheritable":false,"inbound_stock":0,"stock_on_hold":0,"sold_today":0,"sales_last_days":0,"reserved_stock":0,"customer_returns":0,"warehouse_damage":0,"lost_in_post":0,"other_logs":0,"out_stock_days":1206,"lost_sales":0,"has_location":false,"update_date":"2026-01-28T23:10:46","atum_locations":[],"atum_stock_status":"outofstock","restock_status":false,"low_stock_amount":"","sales_update_date":"2026-01-28T23:10:46","calc_backorders":null,"acf":{"publisher":{"ID":1454,"post_author":"1","post_date":"2021-02-17 01:11:34","post_date_gmt":"2021-02-16 23:11:34","post_content":"<!-- wp:flatsome\/uxbuilder -->\n<h1 style=\"text-align: center;\"><strong>Kim \u0110\u1ed3ng<\/strong><\/h1>\n[row]\n\n[col span=\"3\" span__sm=\"12\"]\n\n[ux_image id=\"1534\" image_size=\"medium\"]\n\n\n[\/col]\n[col span=\"9\" span__sm=\"12\"]\n\n<p>Nh\u00e0 xu\u1ea5t b\u1ea3n Kim \u0110\u1ed3ng tr\u1ef1c thu\u1ed9c Trung \u01b0\u01a1ng \u0110o\u00e0n TNCS H\u1ed3 Ch\u00ed Minh l\u00e0 Nh\u00e0 xu\u1ea5t b\u1ea3n t\u1ed5ng h\u1ee3p c\u00f3 ch\u1ee9c n\u0103ng xu\u1ea5t b\u1ea3n s\u00e1ch v\u00e0 v\u0103n h\u00f3a ph\u1ea9m ph\u1ee5c v\u1ee5 thi\u1ebfu nhi v\u00e0 c\u00e1c b\u1eadc ph\u1ee5 huynh trong c\u1ea3 n\u01b0\u1edbc, qu\u1ea3ng b\u00e1 v\u00e0 gi\u1edbi thi\u1ec7u v\u0103n h\u00f3a Vi\u1ec7t Nam ra th\u1ebf gi\u1edbi.<br \/>Nh\u00e0 xu\u1ea5t b\u1ea3n c\u00f3 nhi\u1ec7m v\u1ee5 t\u1ed5 ch\u1ee9c b\u1ea3n th\u1ea3o, bi\u00ean so\u1ea1n, bi\u00ean d\u1ecbch, xu\u1ea5t b\u1ea3n v\u00e0 ph\u00e1t h\u00e0nh c\u00e1c xu\u1ea5t b\u1ea3n ph\u1ea9m c\u00f3 n\u1ed9i dung: gi\u00e1o d\u1ee5c truy\u1ec1n th\u1ed1ng d\u00e2n t\u1ed9c, gi\u00e1o d\u1ee5c v\u1ec1 tri th\u1ee9c, ki\u1ebfn th\u1ee9c\u2026 tr\u00ean c\u00e1c l\u0129nh v\u1ef1c v\u0103n h\u1ecdc, ngh\u1ec7 thu\u1eadt, khoa h\u1ecdc k\u1ef9 thu\u1eadt nh\u1eb1m cung c\u1ea5p cho c\u00e1c em thi\u1ebfu nhi c\u0169ng nh\u01b0 c\u00e1c b\u1eadc ph\u1ee5 huynh c\u00e1c ki\u1ebfn th\u1ee9c c\u1ea7n thi\u1ebft trong cu\u1ed9c s\u1ed1ng, nh\u1eefng tinh hoa c\u1ee7a tri th\u1ee9c nh\u00e2n lo\u1ea1i nh\u1eb1m g\u00f3p ph\u1ea7n gi\u00e1o d\u1ee5c v\u00e0 h\u00ecnh th\u00e0nh nh\u00e2n c\u00e1ch th\u1ebf h\u1ec7 tr\u1ebb.<br \/>\u0110\u1ed1i t\u01b0\u1ee3ng ph\u1ee5c v\u1ee5 c\u1ee7a Nh\u00e0 xu\u1ea5t b\u1ea3n l\u00e0 c\u00e1c em t\u1eeb tu\u1ed5i nh\u00e0 tr\u1ebb m\u1eabu gi\u00e1o (1 \u0111\u1ebfn 5 tu\u1ed5i), nhi \u0111\u1ed3ng (6 \u0111\u1ebfn 9 tu\u1ed5i), thi\u1ebfu ni\u00ean (10 \u0111\u1ebfn 15 tu\u1ed5i) \u0111\u1ebfn c\u00e1c em tu\u1ed5i m\u1edbi l\u1edbn (16 \u0111\u1ebfn 18 tu\u1ed5i) v\u00e0 c\u00e1c b\u1eadc ph\u1ee5 huynh.<\/p>\n\n[\/col]\n\n[\/row]\n\n<!-- \/wp:flatsome\/uxbuilder -->","post_title":"Kim \u0110\u1ed3ng","post_excerpt":"","post_status":"publish","comment_status":"closed","ping_status":"closed","post_password":"","post_name":"kim-dong","to_ping":"","pinged":"","post_modified":"2021-02-17 01:31:56","post_modified_gmt":"2021-02-16 23:31:56","post_content_filtered":"","post_parent":0,"guid":"https:\/\/sachviet.eu\/nha-phat-hanh\/kim-dong\/","menu_order":0,"post_type":"publisher","post_mime_type":"","comment_count":"0","filter":"raw"}},"_links":{"self":[{"href":"https:\/\/sachviet.eu\/en\/wp-json\/wp\/v2\/product\/10267","targetHints":{"allow":["GET"]}}],"collection":[{"href":"https:\/\/sachviet.eu\/en\/wp-json\/wp\/v2\/product"}],"about":[{"href":"https:\/\/sachviet.eu\/en\/wp-json\/wp\/v2\/types\/product"}],"wp:featuredmedia":[{"embeddable":true,"href":"https:\/\/sachviet.eu\/en\/wp-json\/wp\/v2\/media\/10266"}],"wp:attachment":[{"href":"https:\/\/sachviet.eu\/en\/wp-json\/wp\/v2\/media?parent=10267"}],"wp:term":[{"taxonomy":"product_brand","embeddable":true,"href":"https:\/\/sachviet.eu\/en\/wp-json\/wp\/v2\/product_brand?post=10267"},{"taxonomy":"product_cat","embeddable":true,"href":"https:\/\/sachviet.eu\/en\/wp-json\/wp\/v2\/product_cat?post=10267"},{"taxonomy":"product_tag","embeddable":true,"href":"https:\/\/sachviet.eu\/en\/wp-json\/wp\/v2\/product_tag?post=10267"}],"curies":[{"name":"wp","href":"https:\/\/api.w.org\/{rel}","templated":true}]}}