{"id":10265,"date":"2021-06-02T18:51:08","date_gmt":"2021-06-02T15:51:08","guid":{"rendered":"https:\/\/sachviet.eu\/shop\/spy-x-family-tap-2\/"},"modified":"2022-10-11T00:52:34","modified_gmt":"2022-10-10T21:52:34","slug":"spy-x-family-tap-2","status":"publish","type":"product","link":"https:\/\/sachviet.eu\/en\/shop\/spy-x-family-tap-2\/","title":{"rendered":"Spy X Family &#8211; T\u1eadp 2"},"content":{"rendered":"<p>\u0110\u1ec3 ho\u00e0n th\u00e0nh nhi\u1ec7m v\u1ee5 g\u00ecn gi\u1eef h\u00f2a b\u00ecnh cho hai n\u01b0\u1edbc Ostania v\u00e0 Westalis, gia \u0111\u00ecnh Forger \u0111\u00e3 v\u01b0\u1ee3t qua k\u00ec thi tuy\u1ec3n \u0111\u1ea7y th\u1eed th\u00e1ch c\u1ee7a h\u1ecdc vi\u1ec7n danh ti\u1ebfng. Nh\u01b0ng sau \u0111\u00f3 Anya ph\u1ea3i tr\u1edf th\u00e0nh h\u1ecdc sinh \u01b0u t\u00fa c\u1ee7a tr\u01b0\u1eddng \u0111\u1ec3 ti\u1ebfp c\u1eadn Desmond. K\u1ebf ho\u1ea1ch t\u00e1c chi\u1ebfn \u201cx\u00e2y d\u1ef1ng t\u00ecnh b\u1ea1n\u201d c\u1ee7a Twilight s\u1ebd \u0111\u01b0\u1ee3c th\u1ef1c hi\u1ec7n th\u1ebf n\u00e0o \u0111\u00e2y\u2026!?<\/p>\n<p>TATSUYA ENDO<\/p>\n<p>C\u00f3 m\u1ed9t thuy\u1ebft cho r\u1eb1ng gi\u00e1n \u0111i\u1ec7p l\u00e0 ngh\u1ec1 nghi\u1ec7p c\u1ed5 x\u01b0a th\u1ee9 2 tr\u00ean th\u1ebf gi\u1edbi. L\u1eeba l\u1ecdc, \u0111\u00e1nh b\u1eaby, \u0111\u00f3 ch\u00ednh l\u00e0 l\u1ecbch s\u1eed d\u1ed1i tr\u00e1 c\u1ee7a nh\u00e2n lo\u1ea1i.<\/p>\n<p>Ngay c\u1ea3 t\u00f4i, ng\u00e0y n\u00e0o c\u0169ng \u0111\u01b0a cho bi\u00ean t\u1eadp vi\u00ean th\u00f4ng tin sai l\u1ec7ch r\u1eb1ng: \u201cTrong h\u00f4m nay t\u00f4i s\u1ebd n\u1ed9p b\u1ea3n th\u1ea3o!\u201d \u0111\u1ea5y.<\/p>\n","protected":false},"excerpt":{"rendered":"<p>\u0110\u1ec3 ho\u00e0n th\u00e0nh nhi\u1ec7m v\u1ee5 g\u00ecn gi\u1eef h\u00f2a b\u00ecnh cho hai n\u01b0\u1edbc Ostania v\u00e0 Westalis, gia \u0111\u00ecnh Forger \u0111\u00e3 v\u01b0\u1ee3t qua k\u00ec thi tuy\u1ec3n \u0111\u1ea7y th\u1eed th\u00e1ch c\u1ee7a h\u1ecdc vi\u1ec7n danh ti\u1ebfng. Nh\u01b0ng sau \u0111\u00f3 Anya ph\u1ea3i tr\u1edf th\u00e0nh h\u1ecdc sinh \u01b0u t\u00fa c\u1ee7a tr\u01b0\u1eddng \u0111\u1ec3 ti\u1ebfp c\u1eadn Desmond. K\u1ebf ho\u1ea1ch t\u00e1c chi\u1ebfn \u201cx\u00e2y d\u1ef1ng t\u00ecnh b\u1ea1n\u201d c\u1ee7a Twilight s\u1ebd \u0111\u01b0\u1ee3c th\u1ef1c hi\u1ec7n th\u1ebf n\u00e0o \u0111\u00e2y\u2026!?<\/p>\n<p>TATSUYA ENDO<\/p>\n<p>C\u00f3 m\u1ed9t thuy\u1ebft cho r\u1eb1ng gi\u00e1n \u0111i\u1ec7p l\u00e0 ngh\u1ec1 nghi\u1ec7p c\u1ed5 x\u01b0a th\u1ee9 2 tr\u00ean th\u1ebf gi\u1edbi. L\u1eeba l\u1ecdc, \u0111\u00e1nh b\u1eaby, \u0111\u00f3 ch\u00ednh l\u00e0 l\u1ecbch s\u1eed d\u1ed1i tr\u00e1 c\u1ee7a nh\u00e2n lo\u1ea1i.<\/p>\n<p>Ngay c\u1ea3 t\u00f4i, ng\u00e0y n\u00e0o c\u0169ng \u0111\u01b0a cho bi\u00ean t\u1eadp vi\u00ean th\u00f4ng tin sai l\u1ec7ch r\u1eb1ng: \u201cTrong h\u00f4m nay t\u00f4i s\u1ebd n\u1ed9p b\u1ea3n th\u1ea3o!\u201d \u0111\u1ea5y.<\/p>\n","protected":false},"featured_media":10264,"template":"","meta":{"_acf_changed":false},"product_brand":[],"product_cat":[29],"product_tag":[],"class_list":{"0":"post-10265","1":"product","2":"type-product","3":"status-publish","4":"has-post-thumbnail","6":"product_cat-manga-comics","8":"first","9":"outofstock","10":"taxable","11":"shipping-taxable","12":"purchasable","13":"product-type-simple"},"supplier_id":null,"supplier_sku":"","barcode":null,"atum_controlled":true,"out_stock_date":"2022-10-10 18:52:34","out_stock_threshold":null,"inheritable":false,"inbound_stock":0,"stock_on_hold":0,"sold_today":0,"sales_last_days":0,"reserved_stock":0,"customer_returns":0,"warehouse_damage":0,"lost_in_post":0,"other_logs":0,"out_stock_days":1206,"lost_sales":0,"has_location":false,"update_date":"2026-01-28T23:10:46","atum_locations":[],"atum_stock_status":"outofstock","restock_status":false,"low_stock_amount":"","sales_update_date":"2026-01-28T23:10:46","calc_backorders":null,"acf":{"publisher":{"ID":1454,"post_author":"1","post_date":"2021-02-17 01:11:34","post_date_gmt":"2021-02-16 23:11:34","post_content":"<!-- wp:flatsome\/uxbuilder -->\n<h1 style=\"text-align: center;\"><strong>Kim \u0110\u1ed3ng<\/strong><\/h1>\n[row]\n\n[col span=\"3\" span__sm=\"12\"]\n\n[ux_image id=\"1534\" image_size=\"medium\"]\n\n\n[\/col]\n[col span=\"9\" span__sm=\"12\"]\n\n<p>Nh\u00e0 xu\u1ea5t b\u1ea3n Kim \u0110\u1ed3ng tr\u1ef1c thu\u1ed9c Trung \u01b0\u01a1ng \u0110o\u00e0n TNCS H\u1ed3 Ch\u00ed Minh l\u00e0 Nh\u00e0 xu\u1ea5t b\u1ea3n t\u1ed5ng h\u1ee3p c\u00f3 ch\u1ee9c n\u0103ng xu\u1ea5t b\u1ea3n s\u00e1ch v\u00e0 v\u0103n h\u00f3a ph\u1ea9m ph\u1ee5c v\u1ee5 thi\u1ebfu nhi v\u00e0 c\u00e1c b\u1eadc ph\u1ee5 huynh trong c\u1ea3 n\u01b0\u1edbc, qu\u1ea3ng b\u00e1 v\u00e0 gi\u1edbi thi\u1ec7u v\u0103n h\u00f3a Vi\u1ec7t Nam ra th\u1ebf gi\u1edbi.<br \/>Nh\u00e0 xu\u1ea5t b\u1ea3n c\u00f3 nhi\u1ec7m v\u1ee5 t\u1ed5 ch\u1ee9c b\u1ea3n th\u1ea3o, bi\u00ean so\u1ea1n, bi\u00ean d\u1ecbch, xu\u1ea5t b\u1ea3n v\u00e0 ph\u00e1t h\u00e0nh c\u00e1c xu\u1ea5t b\u1ea3n ph\u1ea9m c\u00f3 n\u1ed9i dung: gi\u00e1o d\u1ee5c truy\u1ec1n th\u1ed1ng d\u00e2n t\u1ed9c, gi\u00e1o d\u1ee5c v\u1ec1 tri th\u1ee9c, ki\u1ebfn th\u1ee9c\u2026 tr\u00ean c\u00e1c l\u0129nh v\u1ef1c v\u0103n h\u1ecdc, ngh\u1ec7 thu\u1eadt, khoa h\u1ecdc k\u1ef9 thu\u1eadt nh\u1eb1m cung c\u1ea5p cho c\u00e1c em thi\u1ebfu nhi c\u0169ng nh\u01b0 c\u00e1c b\u1eadc ph\u1ee5 huynh c\u00e1c ki\u1ebfn th\u1ee9c c\u1ea7n thi\u1ebft trong cu\u1ed9c s\u1ed1ng, nh\u1eefng tinh hoa c\u1ee7a tri th\u1ee9c nh\u00e2n lo\u1ea1i nh\u1eb1m g\u00f3p ph\u1ea7n gi\u00e1o d\u1ee5c v\u00e0 h\u00ecnh th\u00e0nh nh\u00e2n c\u00e1ch th\u1ebf h\u1ec7 tr\u1ebb.<br \/>\u0110\u1ed1i t\u01b0\u1ee3ng ph\u1ee5c v\u1ee5 c\u1ee7a Nh\u00e0 xu\u1ea5t b\u1ea3n l\u00e0 c\u00e1c em t\u1eeb tu\u1ed5i nh\u00e0 tr\u1ebb m\u1eabu gi\u00e1o (1 \u0111\u1ebfn 5 tu\u1ed5i), nhi \u0111\u1ed3ng (6 \u0111\u1ebfn 9 tu\u1ed5i), thi\u1ebfu ni\u00ean (10 \u0111\u1ebfn 15 tu\u1ed5i) \u0111\u1ebfn c\u00e1c em tu\u1ed5i m\u1edbi l\u1edbn (16 \u0111\u1ebfn 18 tu\u1ed5i) v\u00e0 c\u00e1c b\u1eadc ph\u1ee5 huynh.<\/p>\n\n[\/col]\n\n[\/row]\n\n<!-- \/wp:flatsome\/uxbuilder -->","post_title":"Kim \u0110\u1ed3ng","post_excerpt":"","post_status":"publish","comment_status":"closed","ping_status":"closed","post_password":"","post_name":"kim-dong","to_ping":"","pinged":"","post_modified":"2021-02-17 01:31:56","post_modified_gmt":"2021-02-16 23:31:56","post_content_filtered":"","post_parent":0,"guid":"https:\/\/sachviet.eu\/nha-phat-hanh\/kim-dong\/","menu_order":0,"post_type":"publisher","post_mime_type":"","comment_count":"0","filter":"raw"}},"_links":{"self":[{"href":"https:\/\/sachviet.eu\/en\/wp-json\/wp\/v2\/product\/10265","targetHints":{"allow":["GET"]}}],"collection":[{"href":"https:\/\/sachviet.eu\/en\/wp-json\/wp\/v2\/product"}],"about":[{"href":"https:\/\/sachviet.eu\/en\/wp-json\/wp\/v2\/types\/product"}],"wp:featuredmedia":[{"embeddable":true,"href":"https:\/\/sachviet.eu\/en\/wp-json\/wp\/v2\/media\/10264"}],"wp:attachment":[{"href":"https:\/\/sachviet.eu\/en\/wp-json\/wp\/v2\/media?parent=10265"}],"wp:term":[{"taxonomy":"product_brand","embeddable":true,"href":"https:\/\/sachviet.eu\/en\/wp-json\/wp\/v2\/product_brand?post=10265"},{"taxonomy":"product_cat","embeddable":true,"href":"https:\/\/sachviet.eu\/en\/wp-json\/wp\/v2\/product_cat?post=10265"},{"taxonomy":"product_tag","embeddable":true,"href":"https:\/\/sachviet.eu\/en\/wp-json\/wp\/v2\/product_tag?post=10265"}],"curies":[{"name":"wp","href":"https:\/\/api.w.org\/{rel}","templated":true}]}}