{"id":10263,"date":"2021-06-02T18:50:59","date_gmt":"2021-06-02T15:50:59","guid":{"rendered":"https:\/\/sachviet.eu\/shop\/spy-x-family-tap-1\/"},"modified":"2022-10-11T00:52:34","modified_gmt":"2022-10-10T21:52:34","slug":"spy-x-family-tap-1","status":"publish","type":"product","link":"https:\/\/sachviet.eu\/en\/shop\/spy-x-family-tap-1\/","title":{"rendered":"Spy X Family &#8211; T\u1eadp 1"},"content":{"rendered":"<p>Nh\u1eb1m ng\u0103n ch\u1eb7n \u00e2m m\u01b0u g\u00e2y chi\u1ebfn, gi\u1eef v\u1eefng n\u1ec1n h\u00f2a b\u00ecnh \u0110\u00f4ng &#8211; T\u00e2y, \u0111i\u1ec7p vi\u00ean h\u00e0ng \u0111\u1ea7u c\u1ee7a Westalis, Twilight ph\u1ea3i x\u00e2y d\u1ef1ng m\u1ed9t gia \u0111\u00ecnh v\u00e0 cho con theo h\u1ecdc t\u1ea1i h\u1ecdc vi\u1ec7n danh gi\u00e1 nh\u1ea5t Ostania h\u00f2ng ti\u1ebfp c\u1eadn y\u1ebfu nh\u00e2n c\u1ea7m \u0111\u1ea7u phe ch\u1ee7 chi\u1ebfn c\u1ee7a \u0111\u1ea5t n\u01b0\u1edbc n\u00e0y: Desmon Donavan! V\u00e0 th\u1eadt t\u00ecnh c\u1edd, \u0111\u1ee9a tr\u1ebb m\u00e0 Twilight nh\u1eadn l\u00e0m &#8220;con&#8221; \u1edf c\u00f4 nhi vi\u1ec7n, Anya, l\u1ea1i c\u00f3 kh\u1ea3 n\u0103ng \u0111\u1ecdc suy ngh\u0129 c\u1ee7a ng\u01b0\u1eddi kh\u00e1c. Ch\u01b0a k\u1ec3 &#8220;ng\u01b0\u1eddi v\u1ee3&#8221; anh bu\u1ed9c ph\u1ea3i ch\u1ecdn l\u1ef1a trong l\u00fac v\u1ed9i v\u00e0ng, Yor, l\u1ea1i l\u00e0 m\u1ed9t\u2026 s\u00e1t th\u1ee7&#8230;!!<\/p>\n<p>Ba ng\u01b0\u1eddi v\u1edbi l\u00ed do ri\u00eang \u0111\u1ec3 che gi\u1ea5u th\u00e2n ph\u1eadn \u0111\u00e3 c\u00f9ng chung s\u1ed1ng v\u1edbi nhau d\u01b0\u1edbi m\u1ed9t m\u00e1i nh\u00e0. T\u1eeb \u0111\u00e2y c\u00e2u chuy\u1ec7n si\u00eau h\u1ea5p d\u1eabn v\u00e0 h\u00e0i h\u01b0\u1edbc v\u1ec1 gia \u0111\u00ecnh \u0111i\u1ec7p vi\u00ean ch\u00ednh th\u1ee9c m\u1edf ra&#8230;!!<\/p>\n<p>M\u00f9a \u0111\u00f4ng n\u0103m nay, xin m\u1eddi c\u00e1c b\u1ea1n \u0111\u1ed9c gi\u1ea3 c\u00f9ng theo d\u00f5i SPY x FAMILY &#8211; Si\u00eau ph\u1ea9m Manga m\u1edbi v\u1edbi s\u1ed1 l\u01b0\u1ee3ng b\u1ea3n in l\u00ean t\u1edbi h\u01a1n 1 tri\u1ec7u b\u1ea3n cho m\u1ed7i cu\u1ed1n ph\u00e1t h\u00e0nh t\u1ea1i Nh\u1eadt!! V\u1edbi phi\u00ean b\u1ea3n Vi\u1ec7t, m\u1ed7i cu\u1ed1n s\u1ebd \u0111\u01b0\u1ee3c t\u1eb7ng k\u00e8m 1 Standee PVC cho l\u1ea7n ph\u00e1t h\u00e0nh \u0111\u1ea7u ti\u00ean, \u0111\u1eebng b\u1ecf l\u1ee1 nh\u00e9!!<\/p>\n<p>TATSUYA ENDO<\/p>\n<p>\u201cT\u00f4i r\u1ea5t th\u00edch nh\u1eefng b\u1ed9 phim hay ho\u1ea1t h\u00ecnh n\u00f3i v\u1ec1 ch\u1ee7 \u0111\u1ec1 \u201cche gi\u1ea5u danh t\u00ednh\u201d. Nh\u1ea5t l\u00e0 c\u00e1i c\u1ea3m gi\u00e1c h\u1ed3i h\u1ed9p khi s\u1eafp b\u1ecb b\u1ea1i l\u1ed9, hay c\u00f3 nh\u1eefng l\u00fac th\u1ef1c s\u1ef1 mu\u1ed1n n\u00f3i ra t\u1ea5t c\u1ea3 nh\u01b0ng l\u1ea1i kh\u00f4ng th\u1ec3.<\/p>\n<p>T\u00e1c ph\u1ea9m n\u00e0y c\u0169ng ch\u1ec9 th\u1ec3 hi\u1ec7n \u0111\u01b0\u1ee3c t\u00ed ch\u00fat nh\u1eefng n\u1ed9i dung \u0111\u00f3 m\u00e0 th\u00f4i, nh\u01b0ng mong r\u1eb1ng c\u00e1c b\u1ea1n s\u1ebd c\u1ea3m th\u1ea5y th\u00edch th\u00fa khi \u0111\u1ecdc truy\u1ec7n.\u201d<\/p>\n","protected":false},"excerpt":{"rendered":"<p>Nh\u1eb1m ng\u0103n ch\u1eb7n \u00e2m m\u01b0u g\u00e2y chi\u1ebfn, gi\u1eef v\u1eefng n\u1ec1n h\u00f2a b\u00ecnh \u0110\u00f4ng &#8211; T\u00e2y, \u0111i\u1ec7p vi\u00ean h\u00e0ng \u0111\u1ea7u c\u1ee7a Westalis, Twilight ph\u1ea3i x\u00e2y d\u1ef1ng m\u1ed9t gia \u0111\u00ecnh v\u00e0 cho con theo h\u1ecdc t\u1ea1i h\u1ecdc vi\u1ec7n danh gi\u00e1 nh\u1ea5t Ostania h\u00f2ng ti\u1ebfp c\u1eadn y\u1ebfu nh\u00e2n c\u1ea7m \u0111\u1ea7u phe ch\u1ee7 chi\u1ebfn c\u1ee7a \u0111\u1ea5t n\u01b0\u1edbc n\u00e0y: Desmon Donavan! V\u00e0 th\u1eadt t\u00ecnh c\u1edd, \u0111\u1ee9a tr\u1ebb m\u00e0 Twilight nh\u1eadn l\u00e0m &#8220;con&#8221; \u1edf c\u00f4 nhi vi\u1ec7n, Anya, l\u1ea1i c\u00f3 kh\u1ea3 n\u0103ng \u0111\u1ecdc suy ngh\u0129 c\u1ee7a ng\u01b0\u1eddi kh\u00e1c. Ch\u01b0a k\u1ec3 &#8220;ng\u01b0\u1eddi v\u1ee3&#8221; anh bu\u1ed9c ph\u1ea3i ch\u1ecdn l\u1ef1a trong l\u00fac v\u1ed9i v\u00e0ng, Yor, l\u1ea1i l\u00e0 m\u1ed9t\u2026 s\u00e1t th\u1ee7&#8230;!!<\/p>\n<p>Ba ng\u01b0\u1eddi v\u1edbi l\u00ed do ri\u00eang \u0111\u1ec3 che gi\u1ea5u th\u00e2n ph\u1eadn \u0111\u00e3 c\u00f9ng chung s\u1ed1ng v\u1edbi nhau d\u01b0\u1edbi m\u1ed9t m\u00e1i nh\u00e0. T\u1eeb \u0111\u00e2y c\u00e2u chuy\u1ec7n si\u00eau h\u1ea5p d\u1eabn v\u00e0 h\u00e0i h\u01b0\u1edbc v\u1ec1 gia \u0111\u00ecnh \u0111i\u1ec7p vi\u00ean ch\u00ednh th\u1ee9c m\u1edf ra&#8230;!!<\/p>\n<p>M\u00f9a \u0111\u00f4ng n\u0103m nay, xin m\u1eddi c\u00e1c b\u1ea1n \u0111\u1ed9c gi\u1ea3 c\u00f9ng theo d\u00f5i SPY x FAMILY &#8211; Si\u00eau ph\u1ea9m Manga m\u1edbi v\u1edbi s\u1ed1 l\u01b0\u1ee3ng b\u1ea3n in l\u00ean t\u1edbi h\u01a1n 1 tri\u1ec7u b\u1ea3n cho m\u1ed7i cu\u1ed1n ph\u00e1t h\u00e0nh t\u1ea1i Nh\u1eadt!! V\u1edbi phi\u00ean b\u1ea3n Vi\u1ec7t, m\u1ed7i cu\u1ed1n s\u1ebd \u0111\u01b0\u1ee3c t\u1eb7ng k\u00e8m 1 Standee PVC cho l\u1ea7n ph\u00e1t h\u00e0nh \u0111\u1ea7u ti\u00ean, \u0111\u1eebng b\u1ecf l\u1ee1 nh\u00e9!!<\/p>\n<p>TATSUYA ENDO<\/p>\n<p>\u201cT\u00f4i r\u1ea5t th\u00edch nh\u1eefng b\u1ed9 phim hay ho\u1ea1t h\u00ecnh n\u00f3i v\u1ec1 ch\u1ee7 \u0111\u1ec1 \u201cche gi\u1ea5u danh t\u00ednh\u201d. Nh\u1ea5t l\u00e0 c\u00e1i c\u1ea3m gi\u00e1c h\u1ed3i h\u1ed9p khi s\u1eafp b\u1ecb b\u1ea1i l\u1ed9, hay c\u00f3 nh\u1eefng l\u00fac th\u1ef1c s\u1ef1 mu\u1ed1n n\u00f3i ra t\u1ea5t c\u1ea3 nh\u01b0ng l\u1ea1i kh\u00f4ng th\u1ec3.<\/p>\n<p>T\u00e1c ph\u1ea9m n\u00e0y c\u0169ng ch\u1ec9 th\u1ec3 hi\u1ec7n \u0111\u01b0\u1ee3c t\u00ed ch\u00fat nh\u1eefng n\u1ed9i dung \u0111\u00f3 m\u00e0 th\u00f4i, nh\u01b0ng mong r\u1eb1ng c\u00e1c b\u1ea1n s\u1ebd c\u1ea3m th\u1ea5y th\u00edch th\u00fa khi \u0111\u1ecdc truy\u1ec7n.\u201d<\/p>\n","protected":false},"featured_media":10262,"template":"","meta":{"_acf_changed":false},"product_brand":[],"product_cat":[29],"product_tag":[],"class_list":{"0":"post-10263","1":"product","2":"type-product","3":"status-publish","4":"has-post-thumbnail","6":"product_cat-manga-comics","8":"first","9":"outofstock","10":"taxable","11":"shipping-taxable","12":"purchasable","13":"product-type-simple"},"supplier_id":null,"supplier_sku":"","barcode":null,"atum_controlled":true,"out_stock_date":"2022-10-10 18:52:34","out_stock_threshold":null,"inheritable":false,"inbound_stock":0,"stock_on_hold":0,"sold_today":0,"sales_last_days":0,"reserved_stock":0,"customer_returns":0,"warehouse_damage":0,"lost_in_post":0,"other_logs":0,"out_stock_days":1206,"lost_sales":0,"has_location":false,"update_date":"2026-01-28T23:10:46","atum_locations":[],"atum_stock_status":"outofstock","restock_status":false,"low_stock_amount":"","sales_update_date":"2026-01-28T23:10:46","calc_backorders":null,"acf":{"publisher":{"ID":1454,"post_author":"1","post_date":"2021-02-17 01:11:34","post_date_gmt":"2021-02-16 23:11:34","post_content":"<!-- wp:flatsome\/uxbuilder -->\n<h1 style=\"text-align: center;\"><strong>Kim \u0110\u1ed3ng<\/strong><\/h1>\n[row]\n\n[col span=\"3\" span__sm=\"12\"]\n\n[ux_image id=\"1534\" image_size=\"medium\"]\n\n\n[\/col]\n[col span=\"9\" span__sm=\"12\"]\n\n<p>Nh\u00e0 xu\u1ea5t b\u1ea3n Kim \u0110\u1ed3ng tr\u1ef1c thu\u1ed9c Trung \u01b0\u01a1ng \u0110o\u00e0n TNCS H\u1ed3 Ch\u00ed Minh l\u00e0 Nh\u00e0 xu\u1ea5t b\u1ea3n t\u1ed5ng h\u1ee3p c\u00f3 ch\u1ee9c n\u0103ng xu\u1ea5t b\u1ea3n s\u00e1ch v\u00e0 v\u0103n h\u00f3a ph\u1ea9m ph\u1ee5c v\u1ee5 thi\u1ebfu nhi v\u00e0 c\u00e1c b\u1eadc ph\u1ee5 huynh trong c\u1ea3 n\u01b0\u1edbc, qu\u1ea3ng b\u00e1 v\u00e0 gi\u1edbi thi\u1ec7u v\u0103n h\u00f3a Vi\u1ec7t Nam ra th\u1ebf gi\u1edbi.<br \/>Nh\u00e0 xu\u1ea5t b\u1ea3n c\u00f3 nhi\u1ec7m v\u1ee5 t\u1ed5 ch\u1ee9c b\u1ea3n th\u1ea3o, bi\u00ean so\u1ea1n, bi\u00ean d\u1ecbch, xu\u1ea5t b\u1ea3n v\u00e0 ph\u00e1t h\u00e0nh c\u00e1c xu\u1ea5t b\u1ea3n ph\u1ea9m c\u00f3 n\u1ed9i dung: gi\u00e1o d\u1ee5c truy\u1ec1n th\u1ed1ng d\u00e2n t\u1ed9c, gi\u00e1o d\u1ee5c v\u1ec1 tri th\u1ee9c, ki\u1ebfn th\u1ee9c\u2026 tr\u00ean c\u00e1c l\u0129nh v\u1ef1c v\u0103n h\u1ecdc, ngh\u1ec7 thu\u1eadt, khoa h\u1ecdc k\u1ef9 thu\u1eadt nh\u1eb1m cung c\u1ea5p cho c\u00e1c em thi\u1ebfu nhi c\u0169ng nh\u01b0 c\u00e1c b\u1eadc ph\u1ee5 huynh c\u00e1c ki\u1ebfn th\u1ee9c c\u1ea7n thi\u1ebft trong cu\u1ed9c s\u1ed1ng, nh\u1eefng tinh hoa c\u1ee7a tri th\u1ee9c nh\u00e2n lo\u1ea1i nh\u1eb1m g\u00f3p ph\u1ea7n gi\u00e1o d\u1ee5c v\u00e0 h\u00ecnh th\u00e0nh nh\u00e2n c\u00e1ch th\u1ebf h\u1ec7 tr\u1ebb.<br \/>\u0110\u1ed1i t\u01b0\u1ee3ng ph\u1ee5c v\u1ee5 c\u1ee7a Nh\u00e0 xu\u1ea5t b\u1ea3n l\u00e0 c\u00e1c em t\u1eeb tu\u1ed5i nh\u00e0 tr\u1ebb m\u1eabu gi\u00e1o (1 \u0111\u1ebfn 5 tu\u1ed5i), nhi \u0111\u1ed3ng (6 \u0111\u1ebfn 9 tu\u1ed5i), thi\u1ebfu ni\u00ean (10 \u0111\u1ebfn 15 tu\u1ed5i) \u0111\u1ebfn c\u00e1c em tu\u1ed5i m\u1edbi l\u1edbn (16 \u0111\u1ebfn 18 tu\u1ed5i) v\u00e0 c\u00e1c b\u1eadc ph\u1ee5 huynh.<\/p>\n\n[\/col]\n\n[\/row]\n\n<!-- \/wp:flatsome\/uxbuilder -->","post_title":"Kim \u0110\u1ed3ng","post_excerpt":"","post_status":"publish","comment_status":"closed","ping_status":"closed","post_password":"","post_name":"kim-dong","to_ping":"","pinged":"","post_modified":"2021-02-17 01:31:56","post_modified_gmt":"2021-02-16 23:31:56","post_content_filtered":"","post_parent":0,"guid":"https:\/\/sachviet.eu\/nha-phat-hanh\/kim-dong\/","menu_order":0,"post_type":"publisher","post_mime_type":"","comment_count":"0","filter":"raw"}},"_links":{"self":[{"href":"https:\/\/sachviet.eu\/en\/wp-json\/wp\/v2\/product\/10263","targetHints":{"allow":["GET"]}}],"collection":[{"href":"https:\/\/sachviet.eu\/en\/wp-json\/wp\/v2\/product"}],"about":[{"href":"https:\/\/sachviet.eu\/en\/wp-json\/wp\/v2\/types\/product"}],"wp:featuredmedia":[{"embeddable":true,"href":"https:\/\/sachviet.eu\/en\/wp-json\/wp\/v2\/media\/10262"}],"wp:attachment":[{"href":"https:\/\/sachviet.eu\/en\/wp-json\/wp\/v2\/media?parent=10263"}],"wp:term":[{"taxonomy":"product_brand","embeddable":true,"href":"https:\/\/sachviet.eu\/en\/wp-json\/wp\/v2\/product_brand?post=10263"},{"taxonomy":"product_cat","embeddable":true,"href":"https:\/\/sachviet.eu\/en\/wp-json\/wp\/v2\/product_cat?post=10263"},{"taxonomy":"product_tag","embeddable":true,"href":"https:\/\/sachviet.eu\/en\/wp-json\/wp\/v2\/product_tag?post=10263"}],"curies":[{"name":"wp","href":"https:\/\/api.w.org\/{rel}","templated":true}]}}