{"id":10252,"date":"2021-06-02T18:50:19","date_gmt":"2021-06-02T15:50:19","guid":{"rendered":"https:\/\/sachviet.eu\/shop\/toi-ac-duoi-anh-mat-troi\/"},"modified":"2024-03-13T18:11:12","modified_gmt":"2024-03-13T16:11:12","slug":"toi-ac-duoi-anh-mat-troi","status":"publish","type":"product","link":"https:\/\/sachviet.eu\/en\/shop\/toi-ac-duoi-anh-mat-troi\/","title":{"rendered":"T\u1ed9i \u00c1c D\u01b0\u1edbi \u00c1nh M\u1eb7t Tr\u1eddi"},"content":{"rendered":"<p>Arlena Marshall l\u00e0 m\u1ed9t n\u1eef di\u1ec5n vi\u00ean xinh \u0111\u1eb9p, lu\u00f4n li\u1ebfc m\u1eaft \u0111\u01b0a t\u00ecnh nh\u1eefng ng\u01b0\u1eddi \u0111\u00e0n \u00f4ng h\u1ea5p d\u1eabn \u0111\u1ed1i v\u1edbi c\u00f4. C\u00f4 \u0111\u1ebfn Kh\u00e1ch s\u1ea1n H\u1ea3i T\u1eb7c c\u00f9ng ch\u1ed3ng Kenneth Marshall, v\u00e0 con g\u00e1i ri\u00eang c\u1ee7a ch\u1ed3ng, Linda Marshall, 16 tu\u1ed5i. Linda r\u1ea5t gh\u00e9t m\u1eb9 k\u1ebf. Arlena \u0111ong \u0111\u01b0a t\u00e1n t\u1ec9nh anh ch\u00e0ng Patrick Redfern \u0111\u1eb9p trai, tr\u01b0\u1edbc s\u1ef1 gi\u1eadn d\u1eef ra m\u1eb7t c\u1ee7a v\u1ee3 anh ta, Christine, m\u1ed9t c\u1ef1u gi\u00e1o vi\u00ean. C\u00f9ng ng\u1ee5 trong kh\u00e1ch s\u1ea1n n\u00e0y c\u00f3 Hercule Poirot; \u00f4ng Horace Blatt kho\u00e1c l\u00e1c; thi\u1ebfu t\u00e1 Barry, s\u0129 quan ng\u01b0\u1eddi Anh g\u1ed1c \u1ea4n \u0110\u1ed9 v\u1ec1 h\u01b0u hay k\u1ec3 chuy\u1ec7n l\u00ea th\u00ea; Rosamund Darnley, nh\u00e0 t\u1ea1o m\u1eabu th\u1eddi trang cao c\u1ea5p, v\u1ed1n l\u00e0 b\u1ea1n thanh mai tr\u00fac m\u00e3 v\u1edbi Kenneth; b\u00e0 Carrie Gardener, m\u1ed9t du kh\u00e1ch ng\u01b0\u1eddi M\u1ef9 l\u1eafm m\u1ed3m, v\u00e0 \u00f4ng ch\u1ed3ng t\u00ean Odell; cha x\u1ee9 Stephen Lane; v\u00e0 c\u00f4 Emily Brewster, qu\u00fd c\u00f4 ch\u01b0a ch\u1ed3ng kh\u1ecfe nh\u01b0 v\u1eadn \u0111\u1ed9ng vi\u00ean.<br \/>\nArlena \u0111\u01b0\u1ee3c ph\u00e1t hi\u1ec7n b\u1ecb gi\u1ebft ch\u1ebft v\u00e0o bu\u1ed5i s\u00e1ng c\u1ee7a m\u1ed9t ng\u00e0y \u0111\u1eb9p tr\u1eddi. C\u00e1c ch\u1ee9ng c\u1ee9 ngo\u1ea1i ph\u1ea1m b\u1eaft \u0111\u1ea7u \u0111\u01b0\u1ee3c thu th\u1eadp. Arlena ch\u00e8o b\u00e8 \u0111\u1ebfn V\u0169ng Ti\u00ean r\u00f5 r\u00e0ng cho m\u1ed9t cu\u1ed9c h\u1eb9n h\u00f2. Nh\u01b0ng c\u1ea3 Kenneth l\u1eabn Patrick \u0111\u1ec1u t\u00ecm c\u00f4. Cu\u1ed1i c\u00f9ng Patrick xin c\u00f4 Emily cho anh \u0111i ch\u00e8o thuy\u1ec1n c\u00f9ng. Anh ph\u00e1t hi\u1ec7n m\u1ed9t c\u00e1i x\u00e1c n\u1eb1m s\u1ea3i tay, gi\u1ea5u m\u1eb7t trong n\u00f3n, nh\u1eefng l\u1ecdn t\u00f3c \u0111\u1ecf l\u00f3 ra ngo\u00e0i. Anh \u1edf l\u1ea1i \u0111\u00f3 trong l\u00fac Emily \u0111i b\u00e1o c\u1ea3nh s\u00e1t. B\u00e1c s\u0129 ph\u00e1p y nh\u1eadn \u0111\u1ecbnh n\u1ea1n nh\u00e2n b\u1ecb m\u1ed9t \u0111\u00f4i b\u00e0n tay r\u1ea5t kh\u1ecfe m\u1ea1nh si\u1ebft c\u1ed5 ch\u1ebft. Ph\u1ea3i l\u00e0 \u0111\u00f4i b\u00e0n tay c\u1ee7a \u0111\u00e0n \u00f4ng.<br \/>\nHai ng\u01b0\u1eddi c\u00f3 \u0111\u1ed9ng c\u01a1 gi\u1ebft Arlena r\u00f5 nh\u1ea5t l\u00e0: \u00f4ng ch\u1ed3ng Kenneth, Christine \u2013 c\u00f4 v\u1ee3 c\u1ee7a anh ch\u00e0ng nh\u00e2n t\u00ecnh Patrick n\u1ecd. Nh\u01b0ng Kenneth c\u00f3 ch\u1ee9ng c\u1edb ngo\u1ea1i ph\u1ea1m ch\u1eafc n\u1ecbch. C\u00f2n Christine l\u00e0 m\u1ed9t ph\u1ee5 n\u1eef tay ch\u00e2n \u0111\u1eb7c bi\u1ec7t nh\u1ecf nh\u1eafn xinh x\u1eafn! Th\u1ebf r\u1ed3i c\u00f4 con g\u00e1i ri\u00eang Linda n\u1ed5i l\u00ean th\u00e0nh k\u1ebb t\u00ecnh nghi s\u1ed1 m\u1ed9t v\u00ec c\u00f3 \u0111\u00f4i b\u00e0n tay to t\u01b0\u1edbng kh\u1ecfe m\u1ea1nh nh\u01b0 \u0111\u00e0n \u00f4ng l\u1eabn \u00e1c c\u1ea3m v\u1edbi m\u1eb9 k\u1ebf\u2026 v\u00e0 ch\u1ee9ng c\u1edb ngo\u1ea1i ph\u1ea1m kh\u00f4ng v\u1eefng!<br \/>\nKhi c\u1ea3nh s\u00e1t s\u1edf t\u1ea1i v\u00e0 Hercule Poirot ph\u1ed1i h\u1ee3p \u0111i\u1ec1u tra r\u00e1o ri\u1ebft, l\u1ea7n ra nhi\u1ec1u b\u00ed m\u1eadt \u0111en t\u1ed1i c\u1ee7a c\u00e1c v\u1ecb du kh\u00e1ch. \u00d4ng Horace Blatt kho\u00e1c l\u00e1c c\u00f3 th\u1ec3 l\u00e0 m\u1ed9t tay bu\u00f4n l\u1eadu ma t\u00fay. Cha x\u1ee9 Stephen Lane th\u00f9 gh\u00e9t \u0111\u00e0n b\u00e0 l\u1eb3ng l\u01a1 \u0111\u1ebfn ph\u00e1t b\u1ec7nh th\u1ea7n kinh v\u00e0 t\u1eebng ph\u1ea3i v\u00e0o b\u1ec7nh vi\u1ec7n t\u00e2m th\u1ea7n. M\u1ed9t l\u1eddi khai b\u1ed5 sung c\u1ee7a nh\u00e0 t\u1ea1o m\u1eabu th\u1eddi trang Rosamund Darnley h\u00f3a ra l\u00e0 n\u00f3i d\u1ed1i, h\u01a1n n\u1eefa m\u1ecdi du kh\u00e1ch c\u00f9ng \u1edf \u0111\u00f3 \u0111\u1ec1u th\u1ea5y r\u00f5 c\u00f4 ph\u1ea3i l\u00f2ng Kenneth\u2026 M\u1ed9t m\u00ea h\u1ed3n tr\u1eadn nh\u1eefng \u0111\u1ed9ng c\u01a1 g\u00e2y \u00e1n v\u00e0 nghi ph\u1ea1m!<br \/>\n\u0110\u00f9ng m\u1ed9t ph\u00e1t, Linda Marshall u\u1ed1ng thu\u1ed1c ng\u1ee7 t\u1ef1 t\u1eed, \u0111\u1ec3 l\u1ea1i th\u01b0 tuy\u1ec7t m\u1ec7nh th\u00fa nh\u1eadn t\u1ed9i l\u1ed7i! R\u1ea5t may c\u00f4 h\u1ea7u ph\u00f2ng ph\u00e1t hi\u1ec7n v\u00e0 Linda \u0111\u01b0\u1ee3c \u0111\u01b0a \u0111i c\u1ee9u ch\u1eefa trong t\u00ecnh tr\u1ea1ng th\u1eadp t\u1eed nh\u1ea5t sinh. Ph\u1ea3i ch\u0103ng ch\u1ec9 c\u1ea7n \u0111\u1ee3i c\u00f4 b\u00e9 s\u1ed1ng l\u1ea1i l\u00e0 c\u00f3 th\u1ec3 l\u00e0m r\u00f5 c\u00e1c b\u01b0\u1edbc g\u00e2y \u00e1n? Ch\u1ec9 c\u00f3 Hercule Poirot m\u1edbi tr\u1ea3 l\u1eddi \u0111\u01b0\u1ee3c c\u00e2u h\u1ecfi n\u00e0y.<\/p>\n","protected":false},"excerpt":{"rendered":"<p>Arlena Marshall l\u00e0 m\u1ed9t n\u1eef di\u1ec5n vi\u00ean xinh \u0111\u1eb9p, lu\u00f4n li\u1ebfc m\u1eaft \u0111\u01b0a t\u00ecnh nh\u1eefng ng\u01b0\u1eddi \u0111\u00e0n \u00f4ng h\u1ea5p d\u1eabn \u0111\u1ed1i v\u1edbi c\u00f4. C\u00f4 \u0111\u1ebfn Kh\u00e1ch s\u1ea1n H\u1ea3i T\u1eb7c c\u00f9ng ch\u1ed3ng Kenneth Marshall, v\u00e0 con g\u00e1i ri\u00eang c\u1ee7a ch\u1ed3ng, Linda Marshall, 16 tu\u1ed5i. Linda r\u1ea5t gh\u00e9t m\u1eb9 k\u1ebf. Arlena \u0111ong \u0111\u01b0a t\u00e1n t\u1ec9nh anh ch\u00e0ng Patrick Redfern \u0111\u1eb9p trai, tr\u01b0\u1edbc s\u1ef1 gi\u1eadn d\u1eef ra m\u1eb7t c\u1ee7a v\u1ee3 anh ta, Christine, m\u1ed9t c\u1ef1u gi\u00e1o vi\u00ean. C\u00f9ng ng\u1ee5 trong kh\u00e1ch s\u1ea1n n\u00e0y c\u00f3 Hercule Poirot; \u00f4ng Horace Blatt kho\u00e1c l\u00e1c; thi\u1ebfu t\u00e1 Barry, s\u0129 quan ng\u01b0\u1eddi Anh g\u1ed1c \u1ea4n \u0110\u1ed9 v\u1ec1 h\u01b0u hay k\u1ec3 chuy\u1ec7n l\u00ea th\u00ea; Rosamund Darnley, nh\u00e0 t\u1ea1o m\u1eabu th\u1eddi trang cao c\u1ea5p, v\u1ed1n l\u00e0 b\u1ea1n thanh mai tr\u00fac m\u00e3 v\u1edbi Kenneth; b\u00e0 Carrie Gardener, m\u1ed9t du kh\u00e1ch ng\u01b0\u1eddi M\u1ef9 l\u1eafm m\u1ed3m, v\u00e0 \u00f4ng ch\u1ed3ng t\u00ean Odell; cha x\u1ee9 Stephen Lane; v\u00e0 c\u00f4 Emily Brewster, qu\u00fd c\u00f4 ch\u01b0a ch\u1ed3ng kh\u1ecfe nh\u01b0 v\u1eadn \u0111\u1ed9ng vi\u00ean.<br \/>\nArlena \u0111\u01b0\u1ee3c ph\u00e1t hi\u1ec7n b\u1ecb gi\u1ebft ch\u1ebft v\u00e0o bu\u1ed5i s\u00e1ng c\u1ee7a m\u1ed9t ng\u00e0y \u0111\u1eb9p tr\u1eddi. C\u00e1c ch\u1ee9ng c\u1ee9 ngo\u1ea1i ph\u1ea1m b\u1eaft \u0111\u1ea7u \u0111\u01b0\u1ee3c thu th\u1eadp. Arlena ch\u00e8o b\u00e8 \u0111\u1ebfn V\u0169ng Ti\u00ean r\u00f5 r\u00e0ng cho m\u1ed9t cu\u1ed9c h\u1eb9n h\u00f2. Nh\u01b0ng c\u1ea3 Kenneth l\u1eabn Patrick \u0111\u1ec1u t\u00ecm c\u00f4. Cu\u1ed1i c\u00f9ng Patrick xin c\u00f4 Emily cho anh \u0111i ch\u00e8o thuy\u1ec1n c\u00f9ng. Anh ph\u00e1t hi\u1ec7n m\u1ed9t c\u00e1i x\u00e1c n\u1eb1m s\u1ea3i tay, gi\u1ea5u m\u1eb7t trong n\u00f3n, nh\u1eefng l\u1ecdn t\u00f3c \u0111\u1ecf l\u00f3 ra ngo\u00e0i. Anh \u1edf l\u1ea1i \u0111\u00f3 trong l\u00fac Emily \u0111i b\u00e1o c\u1ea3nh s\u00e1t. B\u00e1c s\u0129 ph\u00e1p y nh\u1eadn \u0111\u1ecbnh n\u1ea1n nh\u00e2n b\u1ecb m\u1ed9t \u0111\u00f4i b\u00e0n tay r\u1ea5t kh\u1ecfe m\u1ea1nh si\u1ebft c\u1ed5 ch\u1ebft. Ph\u1ea3i l\u00e0 \u0111\u00f4i b\u00e0n tay c\u1ee7a \u0111\u00e0n \u00f4ng.<br \/>\nHai ng\u01b0\u1eddi c\u00f3 \u0111\u1ed9ng c\u01a1 gi\u1ebft Arlena r\u00f5 nh\u1ea5t l\u00e0: \u00f4ng ch\u1ed3ng Kenneth, Christine \u2013 c\u00f4 v\u1ee3 c\u1ee7a anh ch\u00e0ng nh\u00e2n t\u00ecnh Patrick n\u1ecd. Nh\u01b0ng Kenneth c\u00f3 ch\u1ee9ng c\u1edb ngo\u1ea1i ph\u1ea1m ch\u1eafc n\u1ecbch. C\u00f2n Christine l\u00e0 m\u1ed9t ph\u1ee5 n\u1eef tay ch\u00e2n \u0111\u1eb7c bi\u1ec7t nh\u1ecf nh\u1eafn xinh x\u1eafn! Th\u1ebf r\u1ed3i c\u00f4 con g\u00e1i ri\u00eang Linda n\u1ed5i l\u00ean th\u00e0nh k\u1ebb t\u00ecnh nghi s\u1ed1 m\u1ed9t v\u00ec c\u00f3 \u0111\u00f4i b\u00e0n tay to t\u01b0\u1edbng kh\u1ecfe m\u1ea1nh nh\u01b0 \u0111\u00e0n \u00f4ng l\u1eabn \u00e1c c\u1ea3m v\u1edbi m\u1eb9 k\u1ebf\u2026 v\u00e0 ch\u1ee9ng c\u1edb ngo\u1ea1i ph\u1ea1m kh\u00f4ng v\u1eefng!<br \/>\nKhi c\u1ea3nh s\u00e1t s\u1edf t\u1ea1i v\u00e0 Hercule Poirot ph\u1ed1i h\u1ee3p \u0111i\u1ec1u tra r\u00e1o ri\u1ebft, l\u1ea7n ra nhi\u1ec1u b\u00ed m\u1eadt \u0111en t\u1ed1i c\u1ee7a c\u00e1c v\u1ecb du kh\u00e1ch. \u00d4ng Horace Blatt kho\u00e1c l\u00e1c c\u00f3 th\u1ec3 l\u00e0 m\u1ed9t tay bu\u00f4n l\u1eadu ma t\u00fay. Cha x\u1ee9 Stephen Lane th\u00f9 gh\u00e9t \u0111\u00e0n b\u00e0 l\u1eb3ng l\u01a1 \u0111\u1ebfn ph\u00e1t b\u1ec7nh th\u1ea7n kinh v\u00e0 t\u1eebng ph\u1ea3i v\u00e0o b\u1ec7nh vi\u1ec7n t\u00e2m th\u1ea7n. M\u1ed9t l\u1eddi khai b\u1ed5 sung c\u1ee7a nh\u00e0 t\u1ea1o m\u1eabu th\u1eddi trang Rosamund Darnley h\u00f3a ra l\u00e0 n\u00f3i d\u1ed1i, h\u01a1n n\u1eefa m\u1ecdi du kh\u00e1ch c\u00f9ng \u1edf \u0111\u00f3 \u0111\u1ec1u th\u1ea5y r\u00f5 c\u00f4 ph\u1ea3i l\u00f2ng Kenneth\u2026 M\u1ed9t m\u00ea h\u1ed3n tr\u1eadn nh\u1eefng \u0111\u1ed9ng c\u01a1 g\u00e2y \u00e1n v\u00e0 nghi ph\u1ea1m!<br \/>\n\u0110\u00f9ng m\u1ed9t ph\u00e1t, Linda Marshall u\u1ed1ng thu\u1ed1c ng\u1ee7 t\u1ef1 t\u1eed, \u0111\u1ec3 l\u1ea1i th\u01b0 tuy\u1ec7t m\u1ec7nh th\u00fa nh\u1eadn t\u1ed9i l\u1ed7i! R\u1ea5t may c\u00f4 h\u1ea7u ph\u00f2ng ph\u00e1t hi\u1ec7n v\u00e0 Linda \u0111\u01b0\u1ee3c \u0111\u01b0a \u0111i c\u1ee9u ch\u1eefa trong t\u00ecnh tr\u1ea1ng th\u1eadp t\u1eed nh\u1ea5t sinh. Ph\u1ea3i ch\u0103ng ch\u1ec9 c\u1ea7n \u0111\u1ee3i c\u00f4 b\u00e9 s\u1ed1ng l\u1ea1i l\u00e0 c\u00f3 th\u1ec3 l\u00e0m r\u00f5 c\u00e1c b\u01b0\u1edbc g\u00e2y \u00e1n? Ch\u1ec9 c\u00f3 Hercule Poirot m\u1edbi tr\u1ea3 l\u1eddi \u0111\u01b0\u1ee3c c\u00e2u h\u1ecfi n\u00e0y.<\/p>\n","protected":false},"featured_media":10240,"template":"","meta":{"_acf_changed":false},"product_brand":[],"product_cat":[15,72],"product_tag":[],"class_list":{"0":"post-10252","1":"product","2":"type-product","3":"status-publish","4":"has-post-thumbnail","6":"product_cat-sach-danh-cho-nguoi-lon","7":"product_cat-trinh-tham-kinh-di","9":"first","10":"outofstock","11":"taxable","12":"shipping-taxable","13":"purchasable","14":"product-type-simple"},"supplier_id":null,"supplier_sku":"","barcode":null,"atum_controlled":true,"out_stock_date":"2024-03-13 16:11:12","out_stock_threshold":null,"inheritable":false,"inbound_stock":0,"stock_on_hold":0,"sold_today":0,"sales_last_days":0,"reserved_stock":0,"customer_returns":0,"warehouse_damage":0,"lost_in_post":0,"other_logs":0,"out_stock_days":686,"lost_sales":0,"has_location":false,"update_date":"2026-01-28T23:10:46","atum_locations":[],"atum_stock_status":"outofstock","restock_status":false,"low_stock_amount":"","sales_update_date":"2026-01-28T23:10:46","calc_backorders":null,"acf":{"publisher":{"ID":1517,"post_author":"1","post_date":"2021-02-17 01:14:41","post_date_gmt":"2021-02-16 23:14:41","post_content":"","post_title":"NXB Tr\u1ebb","post_excerpt":"","post_status":"publish","comment_status":"closed","ping_status":"closed","post_password":"","post_name":"nxb-tre","to_ping":"","pinged":"","post_modified":"2021-02-17 01:14:41","post_modified_gmt":"2021-02-16 23:14:41","post_content_filtered":"","post_parent":0,"guid":"https:\/\/sachviet.eu\/nha-phat-hanh\/nxb-tre\/","menu_order":0,"post_type":"publisher","post_mime_type":"","comment_count":"0","filter":"raw"}},"_links":{"self":[{"href":"https:\/\/sachviet.eu\/en\/wp-json\/wp\/v2\/product\/10252","targetHints":{"allow":["GET"]}}],"collection":[{"href":"https:\/\/sachviet.eu\/en\/wp-json\/wp\/v2\/product"}],"about":[{"href":"https:\/\/sachviet.eu\/en\/wp-json\/wp\/v2\/types\/product"}],"wp:featuredmedia":[{"embeddable":true,"href":"https:\/\/sachviet.eu\/en\/wp-json\/wp\/v2\/media\/10240"}],"wp:attachment":[{"href":"https:\/\/sachviet.eu\/en\/wp-json\/wp\/v2\/media?parent=10252"}],"wp:term":[{"taxonomy":"product_brand","embeddable":true,"href":"https:\/\/sachviet.eu\/en\/wp-json\/wp\/v2\/product_brand?post=10252"},{"taxonomy":"product_cat","embeddable":true,"href":"https:\/\/sachviet.eu\/en\/wp-json\/wp\/v2\/product_cat?post=10252"},{"taxonomy":"product_tag","embeddable":true,"href":"https:\/\/sachviet.eu\/en\/wp-json\/wp\/v2\/product_tag?post=10252"}],"curies":[{"name":"wp","href":"https:\/\/api.w.org\/{rel}","templated":true}]}}