{"id":10239,"date":"2021-06-02T18:49:10","date_gmt":"2021-06-02T15:49:10","guid":{"rendered":"https:\/\/sachviet.eu\/shop\/trong-gia-dinh-an-ban-ky-niem\/"},"modified":"2021-06-04T17:58:31","modified_gmt":"2021-06-04T14:58:31","slug":"trong-gia-dinh-an-ban-ky-niem","status":"publish","type":"product","link":"https:\/\/sachviet.eu\/en\/shop\/trong-gia-dinh-an-ban-ky-niem\/","title":{"rendered":"Trong Gia \u0110\u00ecnh &#8211; \u1ea4n B\u1ea3n K\u1ef7 Ni\u1ec7m"},"content":{"rendered":"<p>Trong gia \u0111\u00ecnh c\u1ee7a \u0111\u1ea1i v\u0103n h\u00e0o Hector Malot ra \u0111\u1eddi l\u1ea7n \u0111\u1ea7u ti\u00ean v\u00e0o n\u0103m 1893, nguy\u00ean b\u1ea3n ti\u1ebfng Ph\u00e1p. Cu\u1ed1n s\u00e1ch nh\u01b0 mang trong m\u00ecnh m\u1ed9t c\u00e1i nh\u00ecn l\u1ea1c quan, nh\u01b0 m\u1ed9t th\u1ee9 \u00e1nh s\u00e1ng di\u1ec7u k\u00ec d\u1eabn l\u1ed1i bi\u1ebft bao th\u1ebf h\u1ec7 \u0111\u1ed9c gi\u1ea3 \u0111\u1ebfn v\u1edbi c\u1ed9i ngu\u1ed3n c\u1ee7a s\u1ee9c m\u1ea1nh: \u0111\u00f3 l\u00e0 Tin Y\u00eau.<\/p>\n<p>C\u00e2u chuy\u1ec7n k\u1ec3 v\u1ec1 Perin l\u00e0 m\u1ed9t c\u00f4 b\u00e9 ngoan. Em ch\u0103m s\u00f3c m\u1eb9 h\u1ebft s\u1ee9c t\u1eadn t\u00ecnh khi m\u1eb9 \u1ed1m. L\u00fac m\u1eb9 ra \u0111i , em c\u1ed1 n\u00e9n nh\u1eefng gi\u1ecdt n\u01b0\u1edbc m\u1eaft n\u00f3ng h\u1ed5i, g\u1ea1t \u0111i n\u1ed7i \u0111au \u0111ang g\u00e0o th\u00e9t trong l\u00f2ng \u0111\u1ec3 th\u1ef1c hi\u1ec7n l\u1eddi h\u1ee9a v\u1edbi m\u1eb9: \u0110\u1ebfn Macorua, s\u1ed1ng m\u1ed9t cu\u1ed9c \u0111\u1eddi h\u1ea1nh ph\u00fac. Nh\u01b0ng kh\u00f4ng ai c\u00f3 th\u1ec3 d\u1ef1 b\u00e1o tr\u01b0\u1edbc \u0111\u01b0\u1ee3c t\u01b0\u01a1ng lai. Perin \u0111\u00e3 r\u1eddi \u0111i trong c\u00e1i \u0111\u00f3i kh\u1ed5, c\u00e1i d\u1ea1 d\u00e0y c\u1ed3n c\u00e0o kh\u00f4ng y\u00ean, c\u00e1i nh\u00ecn khinh b\u1ec9 c\u1ee7a nh\u1eefng con ng\u01b0\u1eddi gi\u00e0u c\u00f3 nh\u01b0ng thi\u1ebfu v\u1eafng t\u00ecnh th\u01b0\u01a1ng, s\u1ef1 tham lam t\u00e0n \u0111\u1ed9c c\u1ee7a nh\u1eefng k\u1ebb \u201cv\u1eeba \u0103n c\u1eafp v\u1eeba la l\u00e0ng\u201d v\u00e0 th\u1eadm ch\u00ed c\u00f3 l\u1ea7n em \u0111\u00e3 su\u00fdt ph\u1ea3i b\u1ecf m\u1ea1ng n\u01a1i r\u1eebng hoang. Nh\u01b0ng \u0111\u00e2u \u0111\u00f3 trong t\u00e2m h\u1ed3n ng\u00e2y th\u01a1 c\u1ee7a m\u1ed9t c\u00f4 g\u00e1i n\u1ecf b\u00e9 , ta v\u1eabn th\u1ea5y s\u00e1ng ng\u1eddi nh\u1eefng n\u1ee5 h\u00f4n d\u1ea5u y\u00eau c\u1ee7a m\u1eb9 cha, gi\u1edd ph\u00fat \u00eam \u0111\u1ec1m c\u1ee7a n\u0103m th\u00e1ng \u1ea5u th\u01a1 v\u00e0 nh\u1eefng \u01b0\u1edbc mong t\u1ed1t \u0111\u1eb9p v\u1ec1 s\u1ef1 s\u1ed1ng v\u1eabn c\u00f2n nhi\u1ec1u l\u1eafm nh\u1eefng \u0111i\u1ec1u l\u00ed th\u00fa \u0111ang ch\u1edd \u0111\u1ee3i \u1edf ph\u00eda tr\u01b0\u1edbc. Perin quy\u1ebft kh\u00f4ng b\u1ecf cu\u1ed9c. Kh\u00f4ng, kh\u00f4ng c\u00f3 th\u1ee9 g\u00ec c\u00f3 th\u1ec3 ng\u0103n c\u1ea3n em m\u1ed9t khi ng\u1ecdn l\u1eeda c\u1ee7a l\u00f2ng tin y\u00eau lu\u00f4n s\u1ee5c s\u00f4i. V\u00e0 em \u0111\u00e3 m\u1ea1nh m\u1ebd v\u01b0\u1ee3t qua nh\u1eefng ng\u00e0y th\u00e1ng th\u1ed1ng kh\u1ed5 \u0111\u00f3 v\u1edbi l\u00f2ng quy\u1ebft t\u00e2m cao \u0111\u1ed9\u2026<\/p>\n<p>Em t\u1ef1 l\u1eadp, t\u1ef1 nu\u00f4i s\u1ed1ng b\u1ea3n th\u00e2n tr\u01b0\u1edbc khi \u0111\u01b0\u1ee3c \u00f4ng em \u0111\u00f3n v\u1ec1. Em s\u1ed1ng ngay th\u1eb3ng, quy\u1ebft kh\u00f4ng h\u1ed5 th\u1eb9n v\u1edbi c\u00f4ng \u01a1n d\u01b0\u1ee1ng d\u1ee5c c\u1ee7a \u0111\u1ea5ng sinh th\u00e0nh n\u01a1i ch\u00edn su\u1ed1i. Tuy ph\u1ea3i \u0111\u1ed1i m\u1eb7t v\u1edbi nh\u1eefng ng\u01b0\u1eddi h\u1ecd h\u00e0ng gian x\u1ea3o, b\u1ecb \u0111\u1ed3ng ti\u1ec1n l\u00e0m m\u1edd con m\u1eaft \u0111\u1ebfn n\u1ed7i s\u1eb5n s\u00e0ng b\u00e1n r\u1ebb l\u01b0\u01a1ng t\u00e2m \u0111\u1ec3 c\u00f3 \u0111\u01b0\u1ee3c m\u1edb t\u00e0i s\u1ea3n k\u1ebfch x\u00f9. Nh\u01b0ng Perin v\u1eabn v\u1eady, v\u1eabn l\u00e0 Perin &#8211; hi\u1ec7n th\u00e2n c\u1ee7a ti\u1ebfng n\u00f3i n\u1ed9i t\u00e2m trong s\u00e1ng v\u00e0 c\u01b0\u01a1ng ngh\u1ecb, hi\u1ec7n th\u00e2n c\u1ee7a Tin Y\u00eau. V\u00e0 m\u1ed9t l\u1ea7n n\u1eefa, th\u00e0nh c\u00f4ng l\u1ea1i m\u1ec9m c\u01b0\u1eddi v\u1edbi em. Em m\u00e3i m\u00e3i s\u1ed1ng \u0111\u1ee7 \u0111\u1ea7y v\u00e0 tr\u00f2n v\u1eb9n b\u00ean c\u1ea1nh ng\u01b0\u1eddi \u00f4ng th\u00e2n y\u00eau.<\/p>\n<p>\u0110\u1ecdc Trong gia \u0111\u00ecnh, ta l\u1ea1i th\u1ea5y \u0111\u01b0\u1ee3c cu\u1ed9c s\u1ed1ng kh\u00f3 ngh\u00e8o c\u1ee7a nh\u1eefng t\u1ea7ng l\u1edbp th\u1ea5p nh\u1ea5t n\u01a1i x\u00e3 h\u1ed9i Paris hoa l\u1ec7, h\u00e0o nho\u00e1ng. Nh\u01b0ng trong c\u00e1i b\u1ea7n h\u00e0n v\u00e0 c\u01a1 c\u1ef1c \u1ea5y, ta v\u1eabn th\u1ea5y b\u1eebng l\u00ean ng\u1ecdn l\u1eeda \u1ea5m \u00e1p c\u1ee7a s\u1ef1 c\u1ea3m th\u00f4ng s\u00e2u s\u1eafc v\u00e0 b\u00e0n tay s\u1ebb chia t\u1eeb nh\u1eefng con ng\u01b0\u1eddi l\u01b0\u01a1ng thi\u1ec7n, ki\u1ebfm \u0111\u01b0\u1ee3c \u0111\u1ed3ng ti\u1ec1n do ch\u00ednh m\u00ecnh t\u1ea1o n\u00ean m\u00e0 kh\u00f4ng c\u1ea7n ng\u1eeda tay xin ai. Ta c\u0169ng c\u00f3 d\u1ecbp ph\u1eabn n\u1ed9 v\u1edbi nh\u1eefng ng\u01b0\u1eddi gi\u00e0u sang, nh\u01b0ng tr\u00e1i tim th\u00ec d\u01b0\u1eddng nh\u01b0 \u0111\u00e3 ngu\u1ed9i l\u1ea1nh b\u1edfi c\u00e1c th\u1ee9 v\u1eadt ch\u1ea5t ph\u00f9 phi\u1ebfm. V\u00e0 ta l\u1ea1i nh\u01b0 c\u1ea3m th\u1ea5y ni\u1ec1m vui c\u1ee7a m\u00ecnh h\u00f2a chung v\u00e0o h\u1ea1nh ph\u00fac c\u1ee7a Perin khi em \u0111\u01b0\u1ee3c \u00f4ng Vunphran nh\u1eadn l\u00e0 ch\u00e1u n\u1ed9i, nh\u01b0 c\u1ea3m th\u1ea5y m\u1ecdi n\u1ed7i th\u1ea5t v\u1ecdng trong l\u00f2ng \u0111\u00e3 tan bi\u1ebfn m\u00e0 thay v\u00e0o \u0111\u00f3 l\u00e0 \u01b0\u1edbc ao \u0111\u01b0\u1ee3c s\u1ed1ng t\u1ed1t h\u01a1n, c\u00f3 \u00fd ngh\u0129a h\u01a1n v\u00e0 nh\u01b0 c\u1ea3m th\u1ea5y trong t\u00e2m kh\u1ea3m m\u00ecnh m\u1ed9t s\u1ee9c s\u1ed1ng m\u1edbi \u0111ang tr\u00e0o d\u00e2ng: m\u1ea7m s\u1ed1ng c\u1ee7a Tin Y\u00eau \u0111ang t\u1ecfa ng\u00e1t.<\/p>\n<p>Cu\u1ed1n s\u00e1ch \u0111\u01b0\u1ee3c chuy\u1ec3n ng\u1eef b\u1edfi nh\u00e0 gi\u00e1o nh\u00e2n d\u00e2n Hu\u1ef3nh L\u00fd v\u00e0 d\u1ecbch gi\u1ea3 Mai H\u01b0\u01a1ng \u2013 b\u1ea3n d\u1ecbch \u0111\u00e3 ghi d\u1ea5u \u1ea5n v\u00e0 \u0111i s\u00e2u v\u00e0o ti\u1ec1m th\u1ee9c c\u1ee7a nhi\u1ec1u th\u1ebf h\u1ec7 b\u1ea1n \u0111\u1ecdc \u1edf Vi\u1ec7t Nam \u0111\u00e3 ch\u1ee9ng minh s\u1ee9c s\u1ed1ng m\u00e3nh li\u1ec7t c\u1ee7a t\u00e1c ph\u1ea9m v\u0103n h\u1ecdc kinh \u0111i\u1ec3n n\u1ee9c ti\u1ebfng tr\u00ean v\u0103n \u0111\u00e0n th\u1ebf gi\u1edbi trong su\u1ed1t h\u01a1n 120 n\u0103m. Mintbooks h\u00e2n h\u1ea1nh \u0111\u01b0\u1ee3c mang t\u1edbi cho c\u00e1c b\u1ea1n \u0111\u1ed9c gi\u1ea3 m\u1ed9t \u1ea5n b\u1ea3n k\u1ef7 ni\u1ec7m ch\u1ec9n chu v\u1ec1 m\u1eb7t n\u1ed9i dung \u0111\u1ed3ng th\u1eddi th\u1ed5i v\u00e0o \u0111\u00f3 s\u1ef1 m\u1edbi m\u1ebb trong c\u00e1ch th\u1ee9c tr\u00ecnh b\u00e0y hy v\u1ecdng s\u1ebd kho\u00e1c l\u00ean \u201ccu\u1ed1n s\u00e1ch s\u1ed1ng m\u00e3i v\u1edbi th\u1eddi gian\u201d n\u00e0y m\u1ed9t di\u1ec7n m\u1ea1o m\u1edbi ch\u1ea1m \u0111\u1ebfn tr\u00e1i tim c\u1ee7a nh\u1eefng ng\u01b0\u1eddi y\u00eau th\u00edch c\u00e1c t\u00e1c ph\u1ea9m v\u0103n h\u1ecdc kinh \u0111i\u1ec3n ch\u1ee9a \u0111\u1ef1ng gi\u00e1 tr\u1ecb nh\u00e2n v\u0103n s\u00e2u s\u1eafc tr\u01b0\u1eddng t\u1ed3n c\u00f9ng v\u1edbi th\u1eddi gian.<\/p>\n","protected":false},"excerpt":{"rendered":"<p>Trong gia \u0111\u00ecnh c\u1ee7a \u0111\u1ea1i v\u0103n h\u00e0o Hector Malot ra \u0111\u1eddi l\u1ea7n \u0111\u1ea7u ti\u00ean v\u00e0o n\u0103m 1893, nguy\u00ean b\u1ea3n ti\u1ebfng Ph\u00e1p. Cu\u1ed1n s\u00e1ch nh\u01b0 mang trong m\u00ecnh m\u1ed9t c\u00e1i nh\u00ecn l\u1ea1c quan, nh\u01b0 m\u1ed9t th\u1ee9 \u00e1nh s\u00e1ng di\u1ec7u k\u00ec d\u1eabn l\u1ed1i bi\u1ebft bao th\u1ebf h\u1ec7 \u0111\u1ed9c gi\u1ea3 \u0111\u1ebfn v\u1edbi c\u1ed9i ngu\u1ed3n c\u1ee7a s\u1ee9c m\u1ea1nh: \u0111\u00f3 l\u00e0 Tin Y\u00eau.<\/p>\n<p>C\u00e2u chuy\u1ec7n k\u1ec3 v\u1ec1 Perin l\u00e0 m\u1ed9t c\u00f4 b\u00e9 ngoan. Em ch\u0103m s\u00f3c m\u1eb9 h\u1ebft s\u1ee9c t\u1eadn t\u00ecnh khi m\u1eb9 \u1ed1m. L\u00fac m\u1eb9 ra \u0111i , em c\u1ed1 n\u00e9n nh\u1eefng gi\u1ecdt n\u01b0\u1edbc m\u1eaft n\u00f3ng h\u1ed5i, g\u1ea1t \u0111i n\u1ed7i \u0111au \u0111ang g\u00e0o th\u00e9t trong l\u00f2ng \u0111\u1ec3 th\u1ef1c hi\u1ec7n l\u1eddi h\u1ee9a v\u1edbi m\u1eb9: \u0110\u1ebfn Macorua, s\u1ed1ng m\u1ed9t cu\u1ed9c \u0111\u1eddi h\u1ea1nh ph\u00fac. Nh\u01b0ng kh\u00f4ng ai c\u00f3 th\u1ec3 d\u1ef1 b\u00e1o tr\u01b0\u1edbc \u0111\u01b0\u1ee3c t\u01b0\u01a1ng lai. Perin \u0111\u00e3 r\u1eddi \u0111i trong c\u00e1i \u0111\u00f3i kh\u1ed5, c\u00e1i d\u1ea1 d\u00e0y c\u1ed3n c\u00e0o kh\u00f4ng y\u00ean, c\u00e1i nh\u00ecn khinh b\u1ec9 c\u1ee7a nh\u1eefng con ng\u01b0\u1eddi gi\u00e0u c\u00f3 nh\u01b0ng thi\u1ebfu v\u1eafng t\u00ecnh th\u01b0\u01a1ng, s\u1ef1 tham lam t\u00e0n \u0111\u1ed9c c\u1ee7a nh\u1eefng k\u1ebb \u201cv\u1eeba \u0103n c\u1eafp v\u1eeba la l\u00e0ng\u201d v\u00e0 th\u1eadm ch\u00ed c\u00f3 l\u1ea7n em \u0111\u00e3 su\u00fdt ph\u1ea3i b\u1ecf m\u1ea1ng n\u01a1i r\u1eebng hoang. Nh\u01b0ng \u0111\u00e2u \u0111\u00f3 trong t\u00e2m h\u1ed3n ng\u00e2y th\u01a1 c\u1ee7a m\u1ed9t c\u00f4 g\u00e1i n\u1ecf b\u00e9 , ta v\u1eabn th\u1ea5y s\u00e1ng ng\u1eddi nh\u1eefng n\u1ee5 h\u00f4n d\u1ea5u y\u00eau c\u1ee7a m\u1eb9 cha, gi\u1edd ph\u00fat \u00eam \u0111\u1ec1m c\u1ee7a n\u0103m th\u00e1ng \u1ea5u th\u01a1 v\u00e0 nh\u1eefng \u01b0\u1edbc mong t\u1ed1t \u0111\u1eb9p v\u1ec1 s\u1ef1 s\u1ed1ng v\u1eabn c\u00f2n nhi\u1ec1u l\u1eafm nh\u1eefng \u0111i\u1ec1u l\u00ed th\u00fa \u0111ang ch\u1edd \u0111\u1ee3i \u1edf ph\u00eda tr\u01b0\u1edbc. Perin quy\u1ebft kh\u00f4ng b\u1ecf cu\u1ed9c. Kh\u00f4ng, kh\u00f4ng c\u00f3 th\u1ee9 g\u00ec c\u00f3 th\u1ec3 ng\u0103n c\u1ea3n em m\u1ed9t khi ng\u1ecdn l\u1eeda c\u1ee7a l\u00f2ng tin y\u00eau lu\u00f4n s\u1ee5c s\u00f4i. V\u00e0 em \u0111\u00e3 m\u1ea1nh m\u1ebd v\u01b0\u1ee3t qua nh\u1eefng ng\u00e0y th\u00e1ng th\u1ed1ng kh\u1ed5 \u0111\u00f3 v\u1edbi l\u00f2ng quy\u1ebft t\u00e2m cao \u0111\u1ed9\u2026<\/p>\n<p>Em t\u1ef1 l\u1eadp, t\u1ef1 nu\u00f4i s\u1ed1ng b\u1ea3n th\u00e2n tr\u01b0\u1edbc khi \u0111\u01b0\u1ee3c \u00f4ng em \u0111\u00f3n v\u1ec1. Em s\u1ed1ng ngay th\u1eb3ng, quy\u1ebft kh\u00f4ng h\u1ed5 th\u1eb9n v\u1edbi c\u00f4ng \u01a1n d\u01b0\u1ee1ng d\u1ee5c c\u1ee7a \u0111\u1ea5ng sinh th\u00e0nh n\u01a1i ch\u00edn su\u1ed1i. Tuy ph\u1ea3i \u0111\u1ed1i m\u1eb7t v\u1edbi nh\u1eefng ng\u01b0\u1eddi h\u1ecd h\u00e0ng gian x\u1ea3o, b\u1ecb \u0111\u1ed3ng ti\u1ec1n l\u00e0m m\u1edd con m\u1eaft \u0111\u1ebfn n\u1ed7i s\u1eb5n s\u00e0ng b\u00e1n r\u1ebb l\u01b0\u01a1ng t\u00e2m \u0111\u1ec3 c\u00f3 \u0111\u01b0\u1ee3c m\u1edb t\u00e0i s\u1ea3n k\u1ebfch x\u00f9. Nh\u01b0ng Perin v\u1eabn v\u1eady, v\u1eabn l\u00e0 Perin &#8211; hi\u1ec7n th\u00e2n c\u1ee7a ti\u1ebfng n\u00f3i n\u1ed9i t\u00e2m trong s\u00e1ng v\u00e0 c\u01b0\u01a1ng ngh\u1ecb, hi\u1ec7n th\u00e2n c\u1ee7a Tin Y\u00eau. V\u00e0 m\u1ed9t l\u1ea7n n\u1eefa, th\u00e0nh c\u00f4ng l\u1ea1i m\u1ec9m c\u01b0\u1eddi v\u1edbi em. Em m\u00e3i m\u00e3i s\u1ed1ng \u0111\u1ee7 \u0111\u1ea7y v\u00e0 tr\u00f2n v\u1eb9n b\u00ean c\u1ea1nh ng\u01b0\u1eddi \u00f4ng th\u00e2n y\u00eau.<\/p>\n<p>\u0110\u1ecdc Trong gia \u0111\u00ecnh, ta l\u1ea1i th\u1ea5y \u0111\u01b0\u1ee3c cu\u1ed9c s\u1ed1ng kh\u00f3 ngh\u00e8o c\u1ee7a nh\u1eefng t\u1ea7ng l\u1edbp th\u1ea5p nh\u1ea5t n\u01a1i x\u00e3 h\u1ed9i Paris hoa l\u1ec7, h\u00e0o nho\u00e1ng. Nh\u01b0ng trong c\u00e1i b\u1ea7n h\u00e0n v\u00e0 c\u01a1 c\u1ef1c \u1ea5y, ta v\u1eabn th\u1ea5y b\u1eebng l\u00ean ng\u1ecdn l\u1eeda \u1ea5m \u00e1p c\u1ee7a s\u1ef1 c\u1ea3m th\u00f4ng s\u00e2u s\u1eafc v\u00e0 b\u00e0n tay s\u1ebb chia t\u1eeb nh\u1eefng con ng\u01b0\u1eddi l\u01b0\u01a1ng thi\u1ec7n, ki\u1ebfm \u0111\u01b0\u1ee3c \u0111\u1ed3ng ti\u1ec1n do ch\u00ednh m\u00ecnh t\u1ea1o n\u00ean m\u00e0 kh\u00f4ng c\u1ea7n ng\u1eeda tay xin ai. Ta c\u0169ng c\u00f3 d\u1ecbp ph\u1eabn n\u1ed9 v\u1edbi nh\u1eefng ng\u01b0\u1eddi gi\u00e0u sang, nh\u01b0ng tr\u00e1i tim th\u00ec d\u01b0\u1eddng nh\u01b0 \u0111\u00e3 ngu\u1ed9i l\u1ea1nh b\u1edfi c\u00e1c th\u1ee9 v\u1eadt ch\u1ea5t ph\u00f9 phi\u1ebfm. V\u00e0 ta l\u1ea1i nh\u01b0 c\u1ea3m th\u1ea5y ni\u1ec1m vui c\u1ee7a m\u00ecnh h\u00f2a chung v\u00e0o h\u1ea1nh ph\u00fac c\u1ee7a Perin khi em \u0111\u01b0\u1ee3c \u00f4ng Vunphran nh\u1eadn l\u00e0 ch\u00e1u n\u1ed9i, nh\u01b0 c\u1ea3m th\u1ea5y m\u1ecdi n\u1ed7i th\u1ea5t v\u1ecdng trong l\u00f2ng \u0111\u00e3 tan bi\u1ebfn m\u00e0 thay v\u00e0o \u0111\u00f3 l\u00e0 \u01b0\u1edbc ao \u0111\u01b0\u1ee3c s\u1ed1ng t\u1ed1t h\u01a1n, c\u00f3 \u00fd ngh\u0129a h\u01a1n v\u00e0 nh\u01b0 c\u1ea3m th\u1ea5y trong t\u00e2m kh\u1ea3m m\u00ecnh m\u1ed9t s\u1ee9c s\u1ed1ng m\u1edbi \u0111ang tr\u00e0o d\u00e2ng: m\u1ea7m s\u1ed1ng c\u1ee7a Tin Y\u00eau \u0111ang t\u1ecfa ng\u00e1t.<\/p>\n<p>Cu\u1ed1n s\u00e1ch \u0111\u01b0\u1ee3c chuy\u1ec3n ng\u1eef b\u1edfi nh\u00e0 gi\u00e1o nh\u00e2n d\u00e2n Hu\u1ef3nh L\u00fd v\u00e0 d\u1ecbch gi\u1ea3 Mai H\u01b0\u01a1ng \u2013 b\u1ea3n d\u1ecbch \u0111\u00e3 ghi d\u1ea5u \u1ea5n v\u00e0 \u0111i s\u00e2u v\u00e0o ti\u1ec1m th\u1ee9c c\u1ee7a nhi\u1ec1u th\u1ebf h\u1ec7 b\u1ea1n \u0111\u1ecdc \u1edf Vi\u1ec7t Nam \u0111\u00e3 ch\u1ee9ng minh s\u1ee9c s\u1ed1ng m\u00e3nh li\u1ec7t c\u1ee7a t\u00e1c ph\u1ea9m v\u0103n h\u1ecdc kinh \u0111i\u1ec3n n\u1ee9c ti\u1ebfng tr\u00ean v\u0103n \u0111\u00e0n th\u1ebf gi\u1edbi trong su\u1ed1t h\u01a1n 120 n\u0103m. Mintbooks h\u00e2n h\u1ea1nh \u0111\u01b0\u1ee3c mang t\u1edbi cho c\u00e1c b\u1ea1n \u0111\u1ed9c gi\u1ea3 m\u1ed9t \u1ea5n b\u1ea3n k\u1ef7 ni\u1ec7m ch\u1ec9n chu v\u1ec1 m\u1eb7t n\u1ed9i dung \u0111\u1ed3ng th\u1eddi th\u1ed5i v\u00e0o \u0111\u00f3 s\u1ef1 m\u1edbi m\u1ebb trong c\u00e1ch th\u1ee9c tr\u00ecnh b\u00e0y hy v\u1ecdng s\u1ebd kho\u00e1c l\u00ean \u201ccu\u1ed1n s\u00e1ch s\u1ed1ng m\u00e3i v\u1edbi th\u1eddi gian\u201d n\u00e0y m\u1ed9t di\u1ec7n m\u1ea1o m\u1edbi ch\u1ea1m \u0111\u1ebfn tr\u00e1i tim c\u1ee7a nh\u1eefng ng\u01b0\u1eddi y\u00eau th\u00edch c\u00e1c t\u00e1c ph\u1ea9m v\u0103n h\u1ecdc kinh \u0111i\u1ec3n ch\u1ee9a \u0111\u1ef1ng gi\u00e1 tr\u1ecb nh\u00e2n v\u0103n s\u00e2u s\u1eafc tr\u01b0\u1eddng t\u1ed3n c\u00f9ng v\u1edbi th\u1eddi gian.<\/p>\n","protected":false},"featured_media":10229,"template":"","meta":{"_acf_changed":false},"product_brand":[],"product_cat":[15,45,77],"product_tag":[],"class_list":{"0":"post-10239","1":"product","2":"type-product","3":"status-publish","4":"has-post-thumbnail","6":"product_cat-sach-danh-cho-nguoi-lon","7":"product_cat-tieu-thuyet","8":"product_cat-van-hoc-kinh-dien","10":"first","11":"outofstock","12":"taxable","13":"shipping-taxable","14":"purchasable","15":"product-type-simple"},"supplier_id":null,"supplier_sku":"","barcode":null,"atum_controlled":true,"out_stock_date":"2021-06-04 14:58:31","out_stock_threshold":null,"inheritable":false,"inbound_stock":0,"stock_on_hold":0,"sold_today":0,"sales_last_days":0,"reserved_stock":0,"customer_returns":0,"warehouse_damage":0,"lost_in_post":0,"other_logs":0,"out_stock_days":1699,"lost_sales":0,"has_location":false,"update_date":"2026-01-28T23:10:46","atum_locations":[],"atum_stock_status":"outofstock","restock_status":false,"low_stock_amount":"","sales_update_date":"2026-01-28T23:10:46","calc_backorders":null,"acf":{"publisher":{"ID":1785,"post_author":"1","post_date":"2021-02-17 01:54:46","post_date_gmt":"2021-02-16 23:54:46","post_content":"<!-- wp:flatsome\/uxbuilder -->\n<h1 style=\"text-align: center;\"><strong>AZ VIETNAM<\/strong><\/h1>\n[row]\n\n[col span=\"8\" span__sm=\"12\"]\n\n<p>Th\u00e0nh l\u1eadp n\u0103m: 2015<br \/>V\u1ed1n \u0111\u1ea7u t\u01b0: 4,000,000,000 \u0111\u1ed3ng<br \/><strong>L\u0129nh v\u1ef1c:<\/strong><br \/>- Xu\u1ea5t b\u1ea3n v\u00e0 ph\u00e1t h\u00e0nh v\u0103n h\u00f3a ph\u1ea9m<br \/>- Cung c\u1ea5p v\u0103n h\u00f3a ph\u1ea9m, c\u00e1c s\u1ea3n ph\u1ea9m cho in \u1ea5n, trang thi\u1ebft b\u1ecb cho c\u00e1c th\u01b0 vi\u1ec7n v\u00e0 trung t\u00e2m s\u00e1ch tr\u00ean c\u1ea3 n\u01b0\u1edbc.<br \/>- Th\u1eddi trang v\u00e0 c\u00e1c s\u1ea3n ph\u1ea9m li\u00ean quan \u0111\u1ebfn l\u0129nh v\u1ef1c th\u1eddi trang<br \/>- Xu\u1ea5t nh\u1eadp kh\u1ea9u c\u00e1c s\u1ea3n ph\u1ea9m v\u0103n h\u00f3a<\/p>\n<p><strong>Quy m\u00f4:<\/strong> 60 nh\u00e2n vi\u00ean<br \/>Kh\u1edfi ngu\u1ed3n c\u1ee7a AZ Vi\u1ec7t Nam ng\u00e0y nay l\u00e0 C\u00f4ng ty TNHH Trung t\u00e2m S\u00e1ch v\u00e0 Thi\u1ebft b\u1ecb Th\u01b0 vi\u1ec7n, v\u1edbi ho\u1ea1t \u0111\u1ed9ng \u0111\u1ea7u ti\u00ean l\u00e0 cung c\u1ea5p s\u00e1ch, trang thi\u1ebft b\u1ecb, v\u0103n h\u00f3a ph\u1ea9m cho c\u00e1c th\u01b0 vi\u1ec7n v\u00e0 trung t\u00e2m s\u00e1ch tr\u00ean c\u1ea3 n\u01b0\u1edbc. T\u1eeb cu\u1ed1i n\u0103m 2010 \u0111\u1ebfn nay, ch\u00fang t\u00f4i \u0111\u00e3 kh\u00f4ng ng\u1eebng n\u1ed7 l\u1ef1c khai ph\u00e1 v\u00e0 ph\u00e1t tri\u1ec3n c\u00e1c d\u00f2ng s\u1ea3n ph\u1ea9m m\u1edbi v\u1edbi 8 th\u01b0\u01a1ng hi\u1ec7u uy t\u00edn. \u0110\u1ec3 \u0111\u00e1p \u1ee9ng nhu c\u1ea7u ph\u00e1t tri\u1ec3n ng\u00e0y m\u1ed9t l\u1edbn m\u1ea1nh v\u00e0 t\u1eadp h\u1ee3p c\u00e1c th\u01b0\u01a1ng hi\u1ec7u \u0111\u00e3 \u0111\u01b0\u1ee3c ch\u00fang t\u00f4i x\u00e2y d\u1ef1ng, 2015 C\u00f4ng ty TNHH AZ Vi\u1ec7t Nam \u0111\u00e3 ra \u0111\u1eddi v\u1edbi s\u1ee9 m\u1ec7nh mang \u0111\u1ebfn nhi\u1ec1u h\u01a1n n\u1eefa nh\u1eefng gi\u00e1 tr\u1ecb tinh th\u1ea7n, tri th\u1ee9c ti\u00ean ti\u1ebfn cho ng\u01b0\u1eddi ti\u00eau d\u00f9ng b\u1eb1ng vi\u1ec7c cung c\u1ea5p nh\u1eefng s\u1ea3n ph\u1ea9m c\u00f3 ch\u1ea5t l\u01b0\u1ee3ng.<\/p>\n\n[\/col]\n[col span=\"4\" span__sm=\"12\"]\n\n[ux_image id=\"1836\" image_size=\"medium\"]\n\n\n[\/col]\n\n[\/row]\n\n<!-- \/wp:flatsome\/uxbuilder -->","post_title":"AZ Vi\u1ec7t Nam","post_excerpt":"","post_status":"publish","comment_status":"closed","ping_status":"closed","post_password":"","post_name":"az-viet-nam","to_ping":"","pinged":"","post_modified":"2021-02-17 22:07:10","post_modified_gmt":"2021-02-17 20:07:10","post_content_filtered":"","post_parent":0,"guid":"https:\/\/sachviet.eu\/nha-phat-hanh\/az-viet-nam\/","menu_order":0,"post_type":"publisher","post_mime_type":"","comment_count":"0","filter":"raw"}},"_links":{"self":[{"href":"https:\/\/sachviet.eu\/en\/wp-json\/wp\/v2\/product\/10239","targetHints":{"allow":["GET"]}}],"collection":[{"href":"https:\/\/sachviet.eu\/en\/wp-json\/wp\/v2\/product"}],"about":[{"href":"https:\/\/sachviet.eu\/en\/wp-json\/wp\/v2\/types\/product"}],"wp:featuredmedia":[{"embeddable":true,"href":"https:\/\/sachviet.eu\/en\/wp-json\/wp\/v2\/media\/10229"}],"wp:attachment":[{"href":"https:\/\/sachviet.eu\/en\/wp-json\/wp\/v2\/media?parent=10239"}],"wp:term":[{"taxonomy":"product_brand","embeddable":true,"href":"https:\/\/sachviet.eu\/en\/wp-json\/wp\/v2\/product_brand?post=10239"},{"taxonomy":"product_cat","embeddable":true,"href":"https:\/\/sachviet.eu\/en\/wp-json\/wp\/v2\/product_cat?post=10239"},{"taxonomy":"product_tag","embeddable":true,"href":"https:\/\/sachviet.eu\/en\/wp-json\/wp\/v2\/product_tag?post=10239"}],"curies":[{"name":"wp","href":"https:\/\/api.w.org\/{rel}","templated":true}]}}