{"id":10228,"date":"2021-06-02T18:48:05","date_gmt":"2021-06-02T15:48:05","guid":{"rendered":"https:\/\/sachviet.eu\/shop\/thoat-den-phuong-tay\/"},"modified":"2022-02-03T22:05:18","modified_gmt":"2022-02-03T20:05:18","slug":"thoat-den-phuong-tay","status":"publish","type":"product","link":"https:\/\/sachviet.eu\/en\/shop\/thoat-den-phuong-tay\/","title":{"rendered":"Tho\u00e1t \u0110\u1ebfn Ph\u01b0\u01a1ng T\u00e2y"},"content":{"rendered":"<p>Tho\u00e1t \u0110\u1ebfn Ph\u01b0\u01a1ng T\u00e2y<\/p>\n<p>Chung kh\u1ea3o Man Booker Prize 2017<\/p>\n<p>Trong m\u1ed9t th\u00e0nh ph\u1ed1 b\u1ea5t \u1ed5n, gi\u1eefa m\u1ed9t qu\u1ed1c gia ch\u1ef1c ch\u1edd b\u00f9ng ph\u00e1t n\u1ed9i chi\u1ebfn, hai ng\u01b0\u1eddi tr\u1ebb ph\u1ea3i l\u00f2ng nhau: Nadia, d\u01b0\u1edbi l\u1edbp \u00e1o cho\u00e0ng ph\u1ee7 k\u00edn t\u1eeb \u0111\u1ea7u \u0111\u1ebfn ch\u00e2n, l\u00e0 m\u1ed9t c\u00f4 g\u00e1i \u0111\u1ed9c l\u1eadp v\u00e0 n\u1ed5i lo\u1ea1n; Saeed tr\u00ed th\u00fac, nh\u1eb9 nh\u00e0ng v\u00e0 truy\u1ec1n th\u1ed1ng. H\u1ed7n lo\u1ea1n v\u00e0 b\u1ea1o l\u1ef1c b\u00f9ng v\u1ee1 c\u0169ng l\u00e0 l\u00fac b\u1eaft \u0111\u1ea7u d\u1eady l\u00ean tin \u0111\u1ed3n v\u1ec1 nh\u1eefng c\u00e1nh c\u1eeda c\u00f3 th\u1ec3 \u0111\u01b0a ng\u01b0\u1eddi t\u1ecb n\u1ea1n v\u01b0\u1ee3t tho\u00e1t sang m\u1ed9t n\u01a1i kh\u00e1c&#8230;<\/p>\n<p>Tho\u00e1t \u0110\u1ebfn Ph\u01b0\u01a1ng T\u00e2y theo b\u01b0\u1edbc h\u00e0nh tr\u00ecnh c\u1ee7a Nadia v\u00e0 Saeed xuy\u00ean qua c\u00e1c c\u00e1nh c\u1eeda, v\u01b0\u1ee3t kh\u00f4ng gian v\u00e0 th\u1eddi gian, \u0111\u1ebfn nh\u1eefng n\u01a1i ch\u1ed1n xa l\u1ea1 v\u00e0 m\u1ed9t t\u01b0\u01a1ng lai b\u1ea5t \u0111\u1ecbnh, \u0111\u1ec3 k\u1ec3 l\u1ea1i m\u1ed9t c\u00e2u chuy\u1ec7n t\u00ecnh y\u00eau \u0111\u1ea7y hy v\u1ecdng, tr\u1eafc \u1ea9n v\u00e0 nh\u00e2n b\u1ea3n.<\/p>\n<p>Tho\u00e1t \u0110\u1ebfn Ph\u01b0\u01a1ng T\u00e2y \u0111\u01b0\u1ee3c The New York Times Book Review b\u00ecnh ch\u1ecdn l\u00e0 m\u1ed9t trong m\u01b0\u1eddi cu\u1ed1n s\u00e1ch hay nh\u1ea5t n\u0103m 2017.<\/p>\n<p>&#8212;&#8212;&#8212;-<\/p>\n<p>Tho\u00e1t \u0110\u1ebfn Ph\u01b0\u01a1ng T\u00e2y kh\u00f4ng m\u1edf l\u1ed1i \u0111\u1ebfn m\u1ed9t x\u00e3 h\u1ed9i l\u00fd t\u01b0\u1edfng, m\u00e0 \u0111\u1ebfn m\u1ed9t t\u01b0\u01a1ng lai g\u1ea7n, \u0111\u1ebfn v\u1edbi nh\u1eefng h\u00ecnh th\u00f9 m\u1edd \u1ea3o c\u1ee7a nh\u1eefng k\u1ebb xa l\u1ea1 m\u00e0 ch\u00fang ta c\u00f3 th\u1ec3 th\u1ea5y qua m\u1ed9t \u00f4 c\u1eeda ph\u00eda xa. T\u1ea5t c\u1ea3 ch\u00fang ta c\u00f3 th\u1ec3 l\u00e0m l\u00e0 b\u01b0\u1edbc qua \u00f4 c\u1eeda \u0111\u00f3 v\u00e0 g\u1eb7p h\u1ecd.<\/p>\n<p>Viet Thanh Nguyen, The New York Times Book Review<\/p>\n<p>M\u1ed9t trong nh\u1eefng ti\u1ebfng n\u00f3i c\u00f3 t\u1ea7m \u1ea3nh h\u01b0\u1edfng nh\u1ea5t \u0111\u1ed1i v\u1edbi th\u1eddi \u0111\u1ea1i ch\u00fang ta.<\/p>\n<p>India Today<\/p>\n<p>T\u00e1c gi\u1ea3:<\/p>\n<p>Mohsin Hamid l\u00e0 nh\u00e0 v\u0103n ng\u01b0\u1eddi Pakistan, sinh tr\u01b0\u1edfng \u1edf Lahore, t\u1eebng theo h\u1ecdc t\u1ea1i Princeton v\u00e0 Harvard. \u00d4ng n\u1ed5i ti\u1ebfng v\u1edbi c\u00e1c t\u00e1c ph\u1ea9m \u0111\u1eadm t\u00ednh th\u1eddi s\u1ef1 v\u00e0 nhu\u1ed1m m\u00e0u s\u1eafc ch\u00ednh tr\u1ecb nh\u01b0: Moth Smoke, The Reluctant Fundamentalist, How to Get Filthy Rich in Rising Asia.<\/p>\n<p>V\u1eabn theo phong c\u00e1ch \u0111\u00f3, Tho\u00e1t \u0111\u1ebfn ph\u01b0\u01a1ng T\u00e2y (Exit West) g\u00f3p th\u00eam m\u1ed9t ti\u1ebfng n\u00f3i m\u1ea1nh m\u1ebd v\u00e0 \u0111\u00fang th\u1eddi \u0111i\u1ec3m v\u1ec1 v\u1ea5n \u0111\u1ec1 ng\u01b0\u1eddi t\u1ecb n\u1ea1n \u0111ang g\u00e2y nh\u1ee9c nh\u1ed1i th\u1ebf gi\u1edbi.<\/p>\n<p>Mohsin Hamid l\u00e0 m\u1ed9t trong nh\u1eefng c\u00e2y b\u00fat t\u00e0i n\u0103ng nh\u1ea5t, t\u00e1o b\u1ea1o m\u1ed9t c\u00e1ch ch\u1ec9n chu nh\u1ea5t \u1edf th\u1ebf h\u1ec7 c\u1ee7a \u00f4ng.<\/p>\n","protected":false},"excerpt":{"rendered":"<p>Tho\u00e1t \u0110\u1ebfn Ph\u01b0\u01a1ng T\u00e2y<\/p>\n<p>Chung kh\u1ea3o Man Booker Prize 2017<\/p>\n<p>Trong m\u1ed9t th\u00e0nh ph\u1ed1 b\u1ea5t \u1ed5n, gi\u1eefa m\u1ed9t qu\u1ed1c gia ch\u1ef1c ch\u1edd b\u00f9ng ph\u00e1t n\u1ed9i chi\u1ebfn, hai ng\u01b0\u1eddi tr\u1ebb ph\u1ea3i l\u00f2ng nhau: Nadia, d\u01b0\u1edbi l\u1edbp \u00e1o cho\u00e0ng ph\u1ee7 k\u00edn t\u1eeb \u0111\u1ea7u \u0111\u1ebfn ch\u00e2n, l\u00e0 m\u1ed9t c\u00f4 g\u00e1i \u0111\u1ed9c l\u1eadp v\u00e0 n\u1ed5i lo\u1ea1n; Saeed tr\u00ed th\u00fac, nh\u1eb9 nh\u00e0ng v\u00e0 truy\u1ec1n th\u1ed1ng. H\u1ed7n lo\u1ea1n v\u00e0 b\u1ea1o l\u1ef1c b\u00f9ng v\u1ee1 c\u0169ng l\u00e0 l\u00fac b\u1eaft \u0111\u1ea7u d\u1eady l\u00ean tin \u0111\u1ed3n v\u1ec1 nh\u1eefng c\u00e1nh c\u1eeda c\u00f3 th\u1ec3 \u0111\u01b0a ng\u01b0\u1eddi t\u1ecb n\u1ea1n v\u01b0\u1ee3t tho\u00e1t sang m\u1ed9t n\u01a1i kh\u00e1c&#8230;<\/p>\n<p>Tho\u00e1t \u0110\u1ebfn Ph\u01b0\u01a1ng T\u00e2y theo b\u01b0\u1edbc h\u00e0nh tr\u00ecnh c\u1ee7a Nadia v\u00e0 Saeed xuy\u00ean qua c\u00e1c c\u00e1nh c\u1eeda, v\u01b0\u1ee3t kh\u00f4ng gian v\u00e0 th\u1eddi gian, \u0111\u1ebfn nh\u1eefng n\u01a1i ch\u1ed1n xa l\u1ea1 v\u00e0 m\u1ed9t t\u01b0\u01a1ng lai b\u1ea5t \u0111\u1ecbnh, \u0111\u1ec3 k\u1ec3 l\u1ea1i m\u1ed9t c\u00e2u chuy\u1ec7n t\u00ecnh y\u00eau \u0111\u1ea7y hy v\u1ecdng, tr\u1eafc \u1ea9n v\u00e0 nh\u00e2n b\u1ea3n.<\/p>\n<p>Tho\u00e1t \u0110\u1ebfn Ph\u01b0\u01a1ng T\u00e2y \u0111\u01b0\u1ee3c The New York Times Book Review b\u00ecnh ch\u1ecdn l\u00e0 m\u1ed9t trong m\u01b0\u1eddi cu\u1ed1n s\u00e1ch hay nh\u1ea5t n\u0103m 2017.<\/p>\n<p>&#8212;&#8212;&#8212;-<\/p>\n<p>Tho\u00e1t \u0110\u1ebfn Ph\u01b0\u01a1ng T\u00e2y kh\u00f4ng m\u1edf l\u1ed1i \u0111\u1ebfn m\u1ed9t x\u00e3 h\u1ed9i l\u00fd t\u01b0\u1edfng, m\u00e0 \u0111\u1ebfn m\u1ed9t t\u01b0\u01a1ng lai g\u1ea7n, \u0111\u1ebfn v\u1edbi nh\u1eefng h\u00ecnh th\u00f9 m\u1edd \u1ea3o c\u1ee7a nh\u1eefng k\u1ebb xa l\u1ea1 m\u00e0 ch\u00fang ta c\u00f3 th\u1ec3 th\u1ea5y qua m\u1ed9t \u00f4 c\u1eeda ph\u00eda xa. T\u1ea5t c\u1ea3 ch\u00fang ta c\u00f3 th\u1ec3 l\u00e0m l\u00e0 b\u01b0\u1edbc qua \u00f4 c\u1eeda \u0111\u00f3 v\u00e0 g\u1eb7p h\u1ecd.<\/p>\n<p>Viet Thanh Nguyen, The New York Times Book Review<\/p>\n<p>M\u1ed9t trong nh\u1eefng ti\u1ebfng n\u00f3i c\u00f3 t\u1ea7m \u1ea3nh h\u01b0\u1edfng nh\u1ea5t \u0111\u1ed1i v\u1edbi th\u1eddi \u0111\u1ea1i ch\u00fang ta.<\/p>\n<p>India Today<\/p>\n","protected":false},"featured_media":10225,"template":"","meta":{"_acf_changed":false},"product_brand":[],"product_cat":[15,45],"product_tag":[],"class_list":{"0":"post-10228","1":"product","2":"type-product","3":"status-publish","4":"has-post-thumbnail","6":"product_cat-sach-danh-cho-nguoi-lon","7":"product_cat-tieu-thuyet","9":"first","10":"instock","11":"taxable","12":"shipping-taxable","13":"purchasable","14":"product-type-simple"},"supplier_id":null,"supplier_sku":"","barcode":null,"atum_controlled":true,"out_stock_date":null,"out_stock_threshold":null,"inheritable":false,"inbound_stock":0,"stock_on_hold":0,"sold_today":0,"sales_last_days":0,"reserved_stock":0,"customer_returns":0,"warehouse_damage":0,"lost_in_post":0,"other_logs":0,"out_stock_days":0,"lost_sales":0,"has_location":false,"update_date":"2026-01-28T23:10:46","atum_locations":[],"atum_stock_status":"instock","restock_status":false,"low_stock_amount":"","sales_update_date":"2026-01-28T23:10:46","calc_backorders":null,"acf":{"publisher":{"ID":10224,"post_author":"1","post_date":"2021-06-02 18:46:58","post_date_gmt":"2021-06-02 15:46:58","post_content":"","post_title":"Ph\u01b0\u01a1ng Nam","post_excerpt":"","post_status":"publish","comment_status":"closed","ping_status":"closed","post_password":"","post_name":"phuong-nam","to_ping":"","pinged":"","post_modified":"2021-06-02 18:46:58","post_modified_gmt":"2021-06-02 15:46:58","post_content_filtered":"","post_parent":0,"guid":"https:\/\/sachviet.eu\/nha-phat-hanh\/phuong-nam\/","menu_order":0,"post_type":"publisher","post_mime_type":"","comment_count":"0","filter":"raw"}},"_links":{"self":[{"href":"https:\/\/sachviet.eu\/en\/wp-json\/wp\/v2\/product\/10228","targetHints":{"allow":["GET"]}}],"collection":[{"href":"https:\/\/sachviet.eu\/en\/wp-json\/wp\/v2\/product"}],"about":[{"href":"https:\/\/sachviet.eu\/en\/wp-json\/wp\/v2\/types\/product"}],"wp:featuredmedia":[{"embeddable":true,"href":"https:\/\/sachviet.eu\/en\/wp-json\/wp\/v2\/media\/10225"}],"wp:attachment":[{"href":"https:\/\/sachviet.eu\/en\/wp-json\/wp\/v2\/media?parent=10228"}],"wp:term":[{"taxonomy":"product_brand","embeddable":true,"href":"https:\/\/sachviet.eu\/en\/wp-json\/wp\/v2\/product_brand?post=10228"},{"taxonomy":"product_cat","embeddable":true,"href":"https:\/\/sachviet.eu\/en\/wp-json\/wp\/v2\/product_cat?post=10228"},{"taxonomy":"product_tag","embeddable":true,"href":"https:\/\/sachviet.eu\/en\/wp-json\/wp\/v2\/product_tag?post=10228"}],"curies":[{"name":"wp","href":"https:\/\/api.w.org\/{rel}","templated":true}]}}