{"id":10180,"date":"2021-06-02T18:23:03","date_gmt":"2021-06-02T15:23:03","guid":{"rendered":"https:\/\/sachviet.eu\/shop\/an-mang-tren-chuyen-tau-toc-hanh-phuong-dong-tai-ban-2017\/"},"modified":"2022-05-02T14:33:53","modified_gmt":"2022-05-02T11:33:53","slug":"an-mang-tren-chuyen-tau-toc-hanh-phuong-dong-tai-ban-2017","status":"publish","type":"product","link":"https:\/\/sachviet.eu\/en\/shop\/an-mang-tren-chuyen-tau-toc-hanh-phuong-dong-tai-ban-2017\/","title":{"rendered":"\u00c1n M\u1ea1ng Tr\u00ean Chuy\u1ebfn T\u00e0u T\u1ed1c H\u00e0nh Ph\u01b0\u01a1ng \u0110\u00f4ng (T\u00e1i B\u1ea3n 2017)"},"content":{"rendered":"<p>\u00c1n M\u1ea1ng Tr\u00ean Chuy\u1ebfn T\u00e0u T\u1ed1c H\u00e0nh Ph\u01b0\u01a1ng \u0110\u00f4ng<\/p>\n<p>K\u1ebb s\u00e1t nh\u00e2n \u0111ang \u0111\u1ed3ng h\u00e0nh c\u00f9ng ch\u00fang ta \u2013 tr\u00ean chuy\u1ebfn t\u00e0u n\u00e0y\u2026\u201d<\/p>\n<p>V\u1eeba qu\u00e1 n\u1eeda \u0111\u00eam, chuy\u1ebfn t\u00e0u t\u1ed1c h\u00e0nh ph\u01b0\u01a1ng \u0110\u00f4ng n\u1ed5i ti\u1ebfng bu\u1ed9c ph\u1ea3i ng\u1eebng l\u1ea1i v\u00ec tuy\u1ebft r\u01a1i qu\u00e1 d\u00e0y. V\u00e0o bu\u1ed5i s\u00e1ng, tay tri\u1ec7u ph\u00fa Simon Ratchett \u0111\u01b0\u1ee3c ph\u00e1t hi\u1ec7n n\u1eb1m ch\u1ebft trong toa ri\u00eang c\u1ee7a m\u00ecnh v\u1edbi m\u01b0\u1eddi hai nh\u00e1t dao, c\u1eeda khoang \u0111\u01b0\u1ee3c kh\u00f3a t\u1eeb b\u00ean trong. M\u1ed9t trong nh\u1eefng h\u00e0nh kh\u00e1ch c\u00f3 m\u1eb7t tr\u00ean chuy\u1ebfn t\u00e0u l\u00e0 th\u1ee7 ph\u1ea1m.<\/p>\n<p>M\u1ed9t m\u00ecnh gi\u1eefa c\u01a1n b\u00e3o tuy\u1ebft c\u00f9ng nh\u00e2n d\u1ea1ng m\u00f9 m\u1edd v\u1ec1 t\u00ean s\u00e1t nh\u00e2n qua l\u1eddi ch\u1ee9ng c\u1ee7a m\u1ecdi ng\u01b0\u1eddi, th\u00e1m t\u1eed Hercule Poirot ph\u1ea3i t\u00ecm ra ch\u00e2n t\u01b0\u1edbng k\u1ebb th\u1ee7 \u00e1c gi\u1eefa m\u01b0\u1eddi hai k\u1ebb th\u00f9 c\u1ee7a n\u1ea1n nh\u00e2n, tr\u01b0\u1edbc khi t\u00ean gi\u1ebft ng\u01b0\u1eddi k\u1ecbp \u0111\u00e0o tho\u00e1t\u2026<\/p>\n<p>***<\/p>\n<p>Phi\u00ean b\u1ea3n \u0111\u1eb7c bi\u1ec7t n\u00e0y d\u1ef1a tr\u00ean phim \u0111i\u1ec7n \u1ea3nh \u00c1n m\u1ea1ng tr\u00ean chuy\u1ebfn t\u00e0u t\u1ed1c h\u00e0nh ph\u01b0\u01a1ng \u0110\u00f4ng. B\u1ed9 phim d\u1ef1 ki\u1ebfn c\u00f4ng chi\u1ebfu ng\u00e0y 1\/12\/2017 t\u1ea1i Vi\u1ec7t Nam, quy t\u1ee5 nhi\u1ec1u di\u1ec5n vi\u00ean n\u1ed5i ti\u1ebfng nh\u01b0 Johnny Depp, Willem Dafoe, Penelope Cruz, Judi Dench, Michelle Pfeiffer\u2026<\/p>\n","protected":false},"excerpt":{"rendered":"<p>\u00c1n M\u1ea1ng Tr\u00ean Chuy\u1ebfn T\u00e0u T\u1ed1c H\u00e0nh Ph\u01b0\u01a1ng \u0110\u00f4ng<\/p>\n<p>K\u1ebb s\u00e1t nh\u00e2n \u0111ang \u0111\u1ed3ng h\u00e0nh c\u00f9ng ch\u00fang ta \u2013 tr\u00ean chuy\u1ebfn t\u00e0u n\u00e0y\u2026\u201d<\/p>\n<p>V\u1eeba qu\u00e1 n\u1eeda \u0111\u00eam, chuy\u1ebfn t\u00e0u t\u1ed1c h\u00e0nh ph\u01b0\u01a1ng \u0110\u00f4ng n\u1ed5i ti\u1ebfng bu\u1ed9c ph\u1ea3i ng\u1eebng l\u1ea1i v\u00ec tuy\u1ebft r\u01a1i qu\u00e1 d\u00e0y. V\u00e0o bu\u1ed5i s\u00e1ng, tay tri\u1ec7u ph\u00fa Simon Ratchett \u0111\u01b0\u1ee3c ph\u00e1t hi\u1ec7n n\u1eb1m ch\u1ebft trong toa ri\u00eang c\u1ee7a m\u00ecnh v\u1edbi m\u01b0\u1eddi hai nh\u00e1t dao, c\u1eeda khoang \u0111\u01b0\u1ee3c kh\u00f3a t\u1eeb b\u00ean trong. M\u1ed9t trong nh\u1eefng h\u00e0nh kh\u00e1ch c\u00f3 m\u1eb7t tr\u00ean chuy\u1ebfn t\u00e0u l\u00e0 th\u1ee7 ph\u1ea1m.<\/p>\n<p>M\u1ed9t m\u00ecnh gi\u1eefa c\u01a1n b\u00e3o tuy\u1ebft c\u00f9ng nh\u00e2n d\u1ea1ng m\u00f9 m\u1edd v\u1ec1 t\u00ean s\u00e1t nh\u00e2n qua l\u1eddi ch\u1ee9ng c\u1ee7a m\u1ecdi ng\u01b0\u1eddi, th\u00e1m t\u1eed Hercule Poirot ph\u1ea3i t\u00ecm ra ch\u00e2n t\u01b0\u1edbng k\u1ebb th\u1ee7 \u00e1c gi\u1eefa m\u01b0\u1eddi hai k\u1ebb th\u00f9 c\u1ee7a n\u1ea1n nh\u00e2n, tr\u01b0\u1edbc khi t\u00ean gi\u1ebft ng\u01b0\u1eddi k\u1ecbp \u0111\u00e0o tho\u00e1t\u2026<\/p>\n<p>***<\/p>\n<p>Phi\u00ean b\u1ea3n \u0111\u1eb7c bi\u1ec7t n\u00e0y d\u1ef1a tr\u00ean phim \u0111i\u1ec7n \u1ea3nh \u00c1n m\u1ea1ng tr\u00ean chuy\u1ebfn t\u00e0u t\u1ed1c h\u00e0nh ph\u01b0\u01a1ng \u0110\u00f4ng. B\u1ed9 phim d\u1ef1 ki\u1ebfn c\u00f4ng chi\u1ebfu ng\u00e0y 1\/12\/2017 t\u1ea1i Vi\u1ec7t Nam, quy t\u1ee5 nhi\u1ec1u di\u1ec5n vi\u00ean n\u1ed5i ti\u1ebfng nh\u01b0 Johnny Depp, Willem Dafoe, Penelope Cruz, Judi Dench, Michelle Pfeiffer\u2026<\/p>\n","protected":false},"featured_media":10179,"template":"","meta":{"_acf_changed":false},"product_brand":[],"product_cat":[15,72],"product_tag":[],"class_list":{"0":"post-10180","1":"product","2":"type-product","3":"status-publish","4":"has-post-thumbnail","6":"product_cat-sach-danh-cho-nguoi-lon","7":"product_cat-trinh-tham-kinh-di","9":"first","10":"outofstock","11":"taxable","12":"shipping-taxable","13":"purchasable","14":"product-type-simple"},"supplier_id":null,"supplier_sku":"","barcode":null,"atum_controlled":true,"out_stock_date":"2022-05-02 08:33:53","out_stock_threshold":null,"inheritable":false,"inbound_stock":0,"stock_on_hold":0,"sold_today":0,"sales_last_days":0,"reserved_stock":0,"customer_returns":0,"warehouse_damage":0,"lost_in_post":0,"other_logs":0,"out_stock_days":1367,"lost_sales":0,"has_location":false,"update_date":"2026-01-28T23:10:46","atum_locations":[],"atum_stock_status":"outofstock","restock_status":false,"low_stock_amount":"","sales_update_date":"2026-01-28T23:10:46","calc_backorders":null,"acf":{"publisher":{"ID":1517,"post_author":"1","post_date":"2021-02-17 01:14:41","post_date_gmt":"2021-02-16 23:14:41","post_content":"","post_title":"NXB Tr\u1ebb","post_excerpt":"","post_status":"publish","comment_status":"closed","ping_status":"closed","post_password":"","post_name":"nxb-tre","to_ping":"","pinged":"","post_modified":"2021-02-17 01:14:41","post_modified_gmt":"2021-02-16 23:14:41","post_content_filtered":"","post_parent":0,"guid":"https:\/\/sachviet.eu\/nha-phat-hanh\/nxb-tre\/","menu_order":0,"post_type":"publisher","post_mime_type":"","comment_count":"0","filter":"raw"}},"_links":{"self":[{"href":"https:\/\/sachviet.eu\/en\/wp-json\/wp\/v2\/product\/10180","targetHints":{"allow":["GET"]}}],"collection":[{"href":"https:\/\/sachviet.eu\/en\/wp-json\/wp\/v2\/product"}],"about":[{"href":"https:\/\/sachviet.eu\/en\/wp-json\/wp\/v2\/types\/product"}],"wp:featuredmedia":[{"embeddable":true,"href":"https:\/\/sachviet.eu\/en\/wp-json\/wp\/v2\/media\/10179"}],"wp:attachment":[{"href":"https:\/\/sachviet.eu\/en\/wp-json\/wp\/v2\/media?parent=10180"}],"wp:term":[{"taxonomy":"product_brand","embeddable":true,"href":"https:\/\/sachviet.eu\/en\/wp-json\/wp\/v2\/product_brand?post=10180"},{"taxonomy":"product_cat","embeddable":true,"href":"https:\/\/sachviet.eu\/en\/wp-json\/wp\/v2\/product_cat?post=10180"},{"taxonomy":"product_tag","embeddable":true,"href":"https:\/\/sachviet.eu\/en\/wp-json\/wp\/v2\/product_tag?post=10180"}],"curies":[{"name":"wp","href":"https:\/\/api.w.org\/{rel}","templated":true}]}}