{"id":10178,"date":"2021-06-02T18:22:58","date_gmt":"2021-06-02T15:22:58","guid":{"rendered":"https:\/\/sachviet.eu\/shop\/rung-sau-tham-tham\/"},"modified":"2021-06-03T22:56:01","modified_gmt":"2021-06-03T19:56:01","slug":"rung-sau-tham-tham","status":"publish","type":"product","link":"https:\/\/sachviet.eu\/en\/shop\/rung-sau-tham-tham\/","title":{"rendered":"R\u1eebng S\u00e2u Th\u0103m Th\u1eb3m"},"content":{"rendered":"<p>B\u1ea3n quy\u1ec1n<\/p>\n<p>The Darkest Part of the Forest<br \/>\nCopyright \u00a9 2015 by Holly Black, LLC. All rights reserved.<br \/>\nR\u1eebng s\u00e2u th\u0103m th\u1eb3m \u00a9 2017 Chibooks.<\/p>\n<p>B\u1ea3n d\u1ecbch ti\u1ebfng Vi\u1ec7t do Chibooks th\u1ef1c hi\u1ec7n v\u00e0 xu\u1ea5t b\u1ea3n theo th\u1ecfa thu\u1eadn li\u00ean k\u1ebft xu\u1ea5t b\u1ea3n v\u1edbi t\u00e1c gi\u1ea3 Holly Black th\u00f4ng qua Baror International, Inc.<\/p>\n<p>T\u00e1c gi\u1ea3:<\/p>\n<p>Holly Black (M\u1ef9) l\u00e0 t\u00e1c gi\u1ea3 nhi\u1ec1u \u0111\u1ea7u s\u00e1ch b\u00e1n ch\u1ea1y nh\u1ea5t tr\u00ean th\u1ebf gi\u1edbi hi\u1ec7n nay d\u00e0nh cho tr\u1ebb em v\u00e0 thanh thi\u1ebfu ni\u00ean, do t\u1edd New York Times b\u00ecnh ch\u1ecdn.<\/p>\n<p>M\u1ed9t s\u1ed1 t\u00e1c ph\u1ea9m ti\u00eau bi\u1ec3u: series Bi\u00ean ni\u00ean s\u1eed Spiderwick (The Spiderwick Chronicles, vi\u1ebft chung v\u1edbi Tony DiTerlizzi), series Tr\u01b0\u1eddng h\u1ecdc ph\u00e1p thu\u1eadt (Magisterium, vi\u1ebft chung v\u1edbi Cassandra Clare), series The Modern Faerie Tale, Curse Workers, Doll Bones, Coldest Girl in Coldtown, The Darkest Part of the Forest.<\/p>\n<p>C\u00e1c gi\u1ea3i th\u01b0\u1edfng \u0111\u00e3 nh\u1eadn: Eisner, Andre Norton, Mythopoeic Award v\u00e0 Newbery Honor.<\/p>\n<p>C\u00f4 hi\u1ec7n \u0111ang s\u1ed1ng \u1edf New England v\u1edbi ch\u1ed3ng v\u00e0 con trai trong m\u1ed9t ng\u00f4i nh\u00e0 v\u1edbi m\u1ed9t c\u00e1nh c\u1eeda b\u00ed m\u1eadt.<\/p>\n","protected":false},"excerpt":{"rendered":"<p>R\u1eebng S\u00e2u Th\u0103m Th\u1eb3m<\/p>\n<p>Trong r\u1eebng s\u00e2u, c\u00f3 m\u1ed9t c\u1ed7 quan t\u00e0i th\u1ee7y tinh. N\u00f3 n\u1eb1m tr\u00ean \u0111\u1ea5t, v\u00e0 m\u1ed9t c\u1eadu b\u00e9 c\u00f3 s\u1eebng v\u1edbi \u0111\u00f4i tai nh\u1ecdn v\u00e0 s\u1eafc nh\u01b0 dao \u0111ang ng\u1ee7 y\u00ean trong \u0111\u00f3.<\/p>\n<p> Khi c\u00f2n nh\u1ecf, Hazel v\u00e0 Ben \u0111\u00e3 k\u1ec3 cho nhau nghe nh\u1eefng c\u00e2u chuy\u1ec7n v\u1ec1 c\u1eadu b\u00e9 n\u1eb1m trong c\u1ed7 quan t\u00e0i th\u1ee7y tinh, r\u1eb1ng c\u1eadu ta l\u00e0 m\u1ed9t ho\u00e0ng t\u1eed v\u00e0 hai ng\u01b0\u1eddi l\u00e0 nh\u1eefng hi\u1ec7p s\u0129 can \u0111\u1ea3m, b\u1ea3o v\u1ec7 ho\u00e0ng t\u1eed kh\u1ecfi nh\u1eefng ti\u00ean tinh x\u1ea5u xa lu\u00f4n mu\u1ed1n l\u1eadp ra nh\u1eefng th\u1ecfa thu\u1eadn \u0111\u1ed9c \u00e1c v\u1edbi du kh\u00e1ch, ch\u00fang \u1ea9n n\u1ea5p trong c\u00e1c th\u00e2n c\u00e2y v\u00e0 gi\u1ebft h\u1ea1i du kh\u00e1ch. Nh\u01b0ng khi Hazel l\u1edbn l\u00ean, c\u00f4 \u0111\u00e3 qu\u00ean h\u1ebft m\u1ecdi c\u00e2u chuy\u1ec7n k\u1ec3. V\u00e0 c\u00f4 tin r\u1eb1ng c\u1eadu b\u00e9 c\u00f3 s\u1eebng s\u1ebd kh\u00f4ng bao gi\u1edd th\u1ee9c d\u1eady.<\/p>\n<p> Cho \u0111\u1ebfn m\u1ed9t ng\u00e0y, c\u1eadu \u1ea5y th\u1ee9c d\u1eady th\u1eadt\u2026<\/p>\n<p> \u0110i\u1ec1u n\u00e0y l\u00e0m cho th\u1ebf gi\u1edbi \u0111\u1ea3o l\u1ed9n, Hazel ph\u1ea3i tr\u1edf th\u00e0nh m\u1ed9t hi\u1ec7p s\u0129 nh\u01b0 c\u00f4 \u0111\u00e3 t\u1eebng m\u01a1 \u01b0\u1edbc. Nh\u01b0ng khi c\u00f4 b\u1ecb v\u01b0\u1edbng v\u00e0o t\u00ecnh y\u00eau m\u1edbi, l\u00f2ng trung th\u00e0nh c\u1ee7a c\u00f4 b\u1ecb lung lay, v\u00e0 trong c\u00f4 \u0111\u00e3 n\u1ea3y sinh s\u1ef1 ph\u1ea3n b\u1ed9i, li\u1ec7u b\u1ea5y nhi\u00eau \u0111\u00f3 \u0111\u00e3 \u0111\u1ee7 hay ch\u01b0a?<\/p>\n<p>                                                      ***<\/p>\n<p>Hazel v\u00e0 anh c\u00f4, Ben, s\u1ed1ng t\u1ea1i th\u1ecb tr\u1ea5n Fairfold, n\u01a1i con ng\u01b0\u1eddi v\u00e0 Ti\u00ean t\u1ed9c chung s\u1ed1ng. Nh\u1eefng du kh\u00e1ch \u0111\u1ebfn \u0111\u00e2y \u0111\u1ec3 ng\u1eafm nh\u1eefng k\u1ef3 quan c\u1ee7a ti\u00ean tinh v\u00e0, m\u1ed9t trong s\u1ed1 k\u1ef3 quan \u0111\u00f3, l\u00e0 c\u1eadu b\u00e9 c\u00f3 s\u1eebng. Nh\u01b0ng \u0111i\u1ec1u \u0111\u00f3 c\u0169ng khi\u1ebfn du kh\u00e1ch g\u1eb7p nguy hi\u1ec3m.<\/p>\n<p>R\u1eebng s\u00e2u th\u0103m th\u1eb3m, ti\u1ec3u thuy\u1ebft  \u0103n kh\u00e1ch nh\u1ea5t, \u0111\u00e1nh d\u1ea5u s\u1ef1 tr\u1edf l\u1ea1i c\u1ee7a d\u00f2ng v\u0103n h\u1ecdc th\u1ea7n ti\u00ean phong ph\u00fa v\u00e0 h\u1ea5p d\u1eabn c\u1ee7a t\u00e1c gi\u1ea3 Holly Black. V\u1edbi d\u00f2ng v\u0103n h\u1ecdc n\u00e0y \u0111\u00e3 m\u1edf ra s\u1ef1 nghi\u1ec7p vi\u1ebft truy\u1ec7n d\u00e0nh cho thanh thi\u1ebfu ni\u00ean c\u1ee7a c\u00f4.<\/p>\n","protected":false},"featured_media":10163,"template":"","meta":{"_acf_changed":false},"product_brand":[],"product_cat":[15,45],"product_tag":[],"class_list":{"0":"post-10178","1":"product","2":"type-product","3":"status-publish","4":"has-post-thumbnail","6":"product_cat-sach-danh-cho-nguoi-lon","7":"product_cat-tieu-thuyet","9":"first","10":"instock","11":"taxable","12":"shipping-taxable","13":"purchasable","14":"product-type-simple"},"supplier_id":null,"supplier_sku":"","barcode":null,"atum_controlled":true,"out_stock_date":null,"out_stock_threshold":null,"inheritable":false,"inbound_stock":0,"stock_on_hold":0,"sold_today":0,"sales_last_days":0,"reserved_stock":0,"customer_returns":0,"warehouse_damage":0,"lost_in_post":0,"other_logs":0,"out_stock_days":0,"lost_sales":0,"has_location":false,"update_date":"2026-01-28T23:10:46","atum_locations":[],"atum_stock_status":"instock","restock_status":false,"low_stock_amount":"","sales_update_date":"2026-01-28T23:10:46","calc_backorders":null,"acf":{"publisher":{"ID":10162,"post_author":"1","post_date":"2021-06-02 18:22:03","post_date_gmt":"2021-06-02 15:22:03","post_content":"","post_title":"Chibooks","post_excerpt":"","post_status":"publish","comment_status":"closed","ping_status":"closed","post_password":"","post_name":"chibooks","to_ping":"","pinged":"","post_modified":"2021-06-02 18:22:03","post_modified_gmt":"2021-06-02 15:22:03","post_content_filtered":"","post_parent":0,"guid":"https:\/\/sachviet.eu\/nha-phat-hanh\/chibooks\/","menu_order":0,"post_type":"publisher","post_mime_type":"","comment_count":"0","filter":"raw"}},"_links":{"self":[{"href":"https:\/\/sachviet.eu\/en\/wp-json\/wp\/v2\/product\/10178","targetHints":{"allow":["GET"]}}],"collection":[{"href":"https:\/\/sachviet.eu\/en\/wp-json\/wp\/v2\/product"}],"about":[{"href":"https:\/\/sachviet.eu\/en\/wp-json\/wp\/v2\/types\/product"}],"wp:featuredmedia":[{"embeddable":true,"href":"https:\/\/sachviet.eu\/en\/wp-json\/wp\/v2\/media\/10163"}],"wp:attachment":[{"href":"https:\/\/sachviet.eu\/en\/wp-json\/wp\/v2\/media?parent=10178"}],"wp:term":[{"taxonomy":"product_brand","embeddable":true,"href":"https:\/\/sachviet.eu\/en\/wp-json\/wp\/v2\/product_brand?post=10178"},{"taxonomy":"product_cat","embeddable":true,"href":"https:\/\/sachviet.eu\/en\/wp-json\/wp\/v2\/product_cat?post=10178"},{"taxonomy":"product_tag","embeddable":true,"href":"https:\/\/sachviet.eu\/en\/wp-json\/wp\/v2\/product_tag?post=10178"}],"curies":[{"name":"wp","href":"https:\/\/api.w.org\/{rel}","templated":true}]}}