{"id":10158,"date":"2021-06-02T18:21:54","date_gmt":"2021-06-02T15:21:54","guid":{"rendered":"https:\/\/sachviet.eu\/shop\/phuong-phap-giao-duc-montesssori_thoi-ki-nhay-cam-cua-tre\/"},"modified":"2024-08-11T22:26:27","modified_gmt":"2024-08-11T19:26:27","slug":"phuong-phap-giao-duc-montesssori_thoi-ki-nhay-cam-cua-tre","status":"publish","type":"product","link":"https:\/\/sachviet.eu\/en\/shop\/phuong-phap-giao-duc-montesssori_thoi-ki-nhay-cam-cua-tre\/","title":{"rendered":"Ph\u01b0\u01a1ng Ph\u00e1p Gi\u00e1o D\u1ee5c Montesssori_Th\u1eddi K\u00ec Nh\u1ea1y C\u1ea3m C\u1ee7a Tr\u1ebb"},"content":{"rendered":"<p>T\u1eeb l\u00fac b\u00e9 c\u1ea5t ti\u1ebfng kh\u00f3c ch\u00e0o \u0111\u1eddi cho \u0111\u1ebfn khi bi\u1ebft \u0111i, bi\u1ebft n\u00f3i, bi\u1ebft vi\u1ebft\u2026 t\u1ea5t c\u1ea3 \u0111\u1ec1u b\u1eaft \u0111\u1ea7u t\u1eeb con s\u1ed1 0. Tr\u1ebb \u0111\u00e3 l\u00e0m th\u1ebf n\u00e0o \u0111\u1ec3 ho\u00e0n th\u00e0nh nh\u1eefng \u201cnhi\u1ec7m v\u1ee5 b\u1ea5t kh\u1ea3 thi\u201d \u1ea5y, \u0111\u1ec3 th\u00edch \u1ee9ng v\u1edbi th\u1ebf gi\u1edbi ph\u1ee9c t\u1ea1p n\u00e0y?<\/p>\n<p>Montessori t\u1eebng n\u00f3i: \u201cNh\u1eefng \u0111\u1ee9a tr\u1ebb tr\u1ea3i qua th\u1eddi k\u00ec nh\u1ea1y c\u1ea3m \u0111ang nh\u1eadn s\u1ef1 \u201cch\u1ec9 huy\u201d t\u1eeb m\u1ed9t m\u1ec7nh l\u1ec7nh th\u1ea7n k\u00ec trong v\u00f4 th\u1ee9c, ngay c\u1ea3 t\u00e2m h\u1ed3n b\u00e9 nh\u1ecf c\u1ee7a ch\u00fang c\u0169ng nh\u1eadn \u0111\u01b0\u1ee3c s\u1ef1 kh\u00edch l\u1ec7\u201d.Trong qu\u00e1 tr\u00ecnh ph\u00e1t tri\u1ec3n t\u1eeb 0~6 tu\u1ed5i, tr\u1ebb ch\u1ecbu s\u1ef1 chi ph\u1ed1i c\u1ee7a s\u1ee9c s\u1ed1ng n\u1ed9i t\u1ea1i, \u1edf m\u1ed9t giai \u0111o\u1ea1n n\u00e0o \u0111\u00f3 s\u1ebd v\u00f4 c\u00f9ng ch\u00fa \u00fd t\u1edbi nh\u1eefng \u0111\u1eb7c tr\u01b0ng c\u1ee7a s\u1ef1 v\u1eadt trong m\u1ed9t m\u00f4i tr\u01b0\u1eddng n\u00e0o \u0111\u00f3, \u0111\u1ed3ng th\u1eddi kh\u00f4ng ng\u1eebng l\u1eb7p l\u1ea1i qu\u00e1 tr\u00ecnh th\u1ef1c ti\u1ec5n. Sau khi thu\u1eadn l\u1ee3i v\u01b0\u1ee3t qua th\u1eddi k\u00ec nh\u1ea1y c\u1ea3m, tr\u00ed tu\u1ec7 c\u1ee7a tr\u1ebb s\u1ebd \u0111\u01b0\u1ee3c n\u00e2ng l\u00ean m\u1ed9t t\u1ea7m cao m\u1edbi.<\/p>\n<p>Th\u1eddi k\u00ec nh\u1ea1y c\u1ea3m kh\u00f4ng ch\u1ec9 l\u00e0 giai \u0111o\u1ea1n quan tr\u1ecdng cho vi\u1ec7c h\u1ecdc t\u1eadp c\u1ee7a tr\u1ebb m\u00e0 c\u00f2n \u1ea3nh h\u01b0\u1edfng \u0111\u1ebfn s\u1ef1 ph\u00e1t tri\u1ec3n t\u00e2m h\u1ed3n v\u00e0 t\u00ednh c\u00e1ch c\u1ee7a ch\u00fang. Do v\u1eady, c\u00e1c b\u1eadc ph\u1ee5 huynh n\u00ean t\u00f4n tr\u1ecdng nh\u1eefng h\u00e0nh \u0111\u1ed9ng m\u00e0 t\u1ef1 nhi\u00ean \u0111\u00e3 ban t\u1eb7ng cho tr\u1ebb, \u0111\u1ed3ng th\u1eddi \u0111\u01b0a ra nh\u1eefng \u0111\u1ecbnh h\u01b0\u1edbng c\u1ea7n thi\u1ebft, gi\u00fap tr\u1ebb kh\u00f4ng b\u1ecf l\u1ee1 c\u01a1 h\u1ed9i duy nh\u1ea5t n\u00e0y.<\/p>\n","protected":false},"excerpt":{"rendered":"<p>T\u1eeb l\u00fac b\u00e9 c\u1ea5t ti\u1ebfng kh\u00f3c ch\u00e0o \u0111\u1eddi cho \u0111\u1ebfn khi bi\u1ebft \u0111i, bi\u1ebft n\u00f3i, bi\u1ebft vi\u1ebft\u2026 t\u1ea5t c\u1ea3 \u0111\u1ec1u b\u1eaft \u0111\u1ea7u t\u1eeb con s\u1ed1 0. Tr\u1ebb \u0111\u00e3 l\u00e0m th\u1ebf n\u00e0o \u0111\u1ec3 ho\u00e0n th\u00e0nh nh\u1eefng \u201cnhi\u1ec7m v\u1ee5 b\u1ea5t kh\u1ea3 thi\u201d \u1ea5y, \u0111\u1ec3 th\u00edch \u1ee9ng v\u1edbi th\u1ebf gi\u1edbi ph\u1ee9c t\u1ea1p n\u00e0y?<\/p>\n<p>Montessori t\u1eebng n\u00f3i: \u201cNh\u1eefng \u0111\u1ee9a tr\u1ebb tr\u1ea3i qua th\u1eddi k\u00ec nh\u1ea1y c\u1ea3m \u0111ang nh\u1eadn s\u1ef1 \u201cch\u1ec9 huy\u201d t\u1eeb m\u1ed9t m\u1ec7nh l\u1ec7nh th\u1ea7n k\u00ec trong v\u00f4 th\u1ee9c, ngay c\u1ea3 t\u00e2m h\u1ed3n b\u00e9 nh\u1ecf c\u1ee7a ch\u00fang c\u0169ng nh\u1eadn \u0111\u01b0\u1ee3c s\u1ef1 kh\u00edch l\u1ec7\u201d.Trong qu\u00e1 tr\u00ecnh ph\u00e1t tri\u1ec3n t\u1eeb 0~6 tu\u1ed5i, tr\u1ebb ch\u1ecbu s\u1ef1 chi ph\u1ed1i c\u1ee7a s\u1ee9c s\u1ed1ng n\u1ed9i t\u1ea1i, \u1edf m\u1ed9t giai \u0111o\u1ea1n n\u00e0o \u0111\u00f3 s\u1ebd v\u00f4 c\u00f9ng ch\u00fa \u00fd t\u1edbi nh\u1eefng \u0111\u1eb7c tr\u01b0ng c\u1ee7a s\u1ef1 v\u1eadt trong m\u1ed9t m\u00f4i tr\u01b0\u1eddng n\u00e0o \u0111\u00f3, \u0111\u1ed3ng th\u1eddi kh\u00f4ng ng\u1eebng l\u1eb7p l\u1ea1i qu\u00e1 tr\u00ecnh th\u1ef1c ti\u1ec5n. Sau khi thu\u1eadn l\u1ee3i v\u01b0\u1ee3t qua th\u1eddi k\u00ec nh\u1ea1y c\u1ea3m, tr\u00ed tu\u1ec7 c\u1ee7a tr\u1ebb s\u1ebd \u0111\u01b0\u1ee3c n\u00e2ng l\u00ean m\u1ed9t t\u1ea7m cao m\u1edbi.<\/p>\n<p>Th\u1eddi k\u00ec nh\u1ea1y c\u1ea3m kh\u00f4ng ch\u1ec9 l\u00e0 giai \u0111o\u1ea1n quan tr\u1ecdng cho vi\u1ec7c h\u1ecdc t\u1eadp c\u1ee7a tr\u1ebb m\u00e0 c\u00f2n \u1ea3nh h\u01b0\u1edfng \u0111\u1ebfn s\u1ef1 ph\u00e1t tri\u1ec3n t\u00e2m h\u1ed3n v\u00e0 t\u00ednh c\u00e1ch c\u1ee7a ch\u00fang. Do v\u1eady, c\u00e1c b\u1eadc ph\u1ee5 huynh n\u00ean t\u00f4n tr\u1ecdng nh\u1eefng h\u00e0nh \u0111\u1ed9ng m\u00e0 t\u1ef1 nhi\u00ean \u0111\u00e3 ban t\u1eb7ng cho tr\u1ebb, \u0111\u1ed3ng th\u1eddi \u0111\u01b0a ra nh\u1eefng \u0111\u1ecbnh h\u01b0\u1edbng c\u1ea7n thi\u1ebft, gi\u00fap tr\u1ebb kh\u00f4ng b\u1ecf l\u1ee1 c\u01a1 h\u1ed9i duy nh\u1ea5t n\u00e0y.<\/p>\n","protected":false},"featured_media":10148,"template":"","meta":{"_acf_changed":false},"product_brand":[],"product_cat":[19],"product_tag":[],"class_list":{"0":"post-10158","1":"product","2":"type-product","3":"status-publish","4":"has-post-thumbnail","6":"product_cat-nuoi-day-con","8":"first","9":"outofstock","10":"taxable","11":"shipping-taxable","12":"purchasable","13":"product-type-simple"},"supplier_id":null,"supplier_sku":"","barcode":null,"atum_controlled":true,"out_stock_date":"2024-08-11 19:26:27","out_stock_threshold":null,"inheritable":false,"inbound_stock":0,"stock_on_hold":0,"sold_today":0,"sales_last_days":0,"reserved_stock":0,"customer_returns":0,"warehouse_damage":0,"lost_in_post":0,"other_logs":0,"out_stock_days":535,"lost_sales":0,"has_location":false,"update_date":"2026-01-28T23:11:19","atum_locations":[],"atum_stock_status":"outofstock","restock_status":false,"low_stock_amount":"","sales_update_date":"2026-01-28T23:11:19","calc_backorders":null,"acf":{"publisher":{"ID":9667,"post_author":"1","post_date":"2021-06-02 01:30:53","post_date_gmt":"2021-06-01 22:30:53","post_content":"","post_title":"Minh Long","post_excerpt":"","post_status":"publish","comment_status":"closed","ping_status":"closed","post_password":"","post_name":"minh-long","to_ping":"","pinged":"","post_modified":"2021-06-02 01:30:53","post_modified_gmt":"2021-06-01 22:30:53","post_content_filtered":"","post_parent":0,"guid":"https:\/\/sachviet.eu\/nha-phat-hanh\/minh-long\/","menu_order":0,"post_type":"publisher","post_mime_type":"","comment_count":"0","filter":"raw"}},"_links":{"self":[{"href":"https:\/\/sachviet.eu\/en\/wp-json\/wp\/v2\/product\/10158","targetHints":{"allow":["GET"]}}],"collection":[{"href":"https:\/\/sachviet.eu\/en\/wp-json\/wp\/v2\/product"}],"about":[{"href":"https:\/\/sachviet.eu\/en\/wp-json\/wp\/v2\/types\/product"}],"wp:featuredmedia":[{"embeddable":true,"href":"https:\/\/sachviet.eu\/en\/wp-json\/wp\/v2\/media\/10148"}],"wp:attachment":[{"href":"https:\/\/sachviet.eu\/en\/wp-json\/wp\/v2\/media?parent=10158"}],"wp:term":[{"taxonomy":"product_brand","embeddable":true,"href":"https:\/\/sachviet.eu\/en\/wp-json\/wp\/v2\/product_brand?post=10158"},{"taxonomy":"product_cat","embeddable":true,"href":"https:\/\/sachviet.eu\/en\/wp-json\/wp\/v2\/product_cat?post=10158"},{"taxonomy":"product_tag","embeddable":true,"href":"https:\/\/sachviet.eu\/en\/wp-json\/wp\/v2\/product_tag?post=10158"}],"curies":[{"name":"wp","href":"https:\/\/api.w.org\/{rel}","templated":true}]}}