{"id":10147,"date":"2021-06-02T18:20:44","date_gmt":"2021-06-02T15:20:44","guid":{"rendered":"https:\/\/sachviet.eu\/shop\/hai-van-dam-duoi-bien-dong-a\/"},"modified":"2023-01-20T19:23:55","modified_gmt":"2023-01-20T17:23:55","slug":"hai-van-dam-duoi-bien-dong-a","status":"publish","type":"product","link":"https:\/\/sachviet.eu\/en\/shop\/hai-van-dam-duoi-bien-dong-a\/","title":{"rendered":"Hai v\u1ea1n d\u1eb7m d\u01b0\u1edbi bi\u1ec3n (\u0110\u00f4ng A)"},"content":{"rendered":"<p>Trong chuy\u1ebfn s\u0103n t\u00ecm m\u1ed9t sinh v\u1eadt l\u1ea1 l\u00f9ng m\u1edbi xu\u1ea5t hi\u1ec7n \u1edf bi\u1ec3n kh\u01a1i, \u0111o\u00e0n th\u00e1m hi\u1ec3m c\u1ee7a gi\u00e1o s\u01b0 Pierre Aronnax b\u1ea5t ng\u1edd b\u1ecb \u201ccon c\u00e1\u201d kh\u1ed5ng l\u1ed3 \u0111\u00f3 nu\u1ed1t v\u00e0o b\u1ee5ng. Nh\u01b0ng c\u0169ng nh\u1edd th\u1ebf, h\u1ecd \u0111\u00e3 \u0111\u01b0\u1ee3c chu du kh\u1eafp c\u00e1c \u0111\u1ea1i d\u01b0\u01a1ng c\u00f9ng thuy\u1ec1n tr\u01b0\u1edfng Nemo trong chi\u1ebfc t\u00e0u ng\u1ea7m Nautilus. Nh\u1eefng ph\u00e1t minh k\u00ec l\u1ea1, nh\u1eefng cu\u1ed9c ch\u1ea1m tr\u00e1n hi\u1ec3m nguy, nh\u1eefng b\u00ed m\u1eadt li k\u00ec&#8230; t\u1ea5t c\u1ea3 \u0111\u00e3 t\u1ea1o n\u00ean m\u1ed9t chuy\u1ebfn phi\u00eau l\u01b0u v\u00f4 c\u00f9ng th\u00fa v\u1ecb.<\/p>\n<p>Qua cu\u1ed1n ti\u1ec3u thuy\u1ebft vi\u1ec5n t\u01b0\u1edfng c\u1ef1c k\u00ec h\u1ea5p d\u1eabn c\u1ee7a Jules Verne, ng\u01b0\u1eddi \u0111\u1ecdc c\u1ea3m nh\u1eadn \u0111\u01b0\u1ee3c ng\u1ecdn l\u1eeda nhi\u1ec7t t\u00ecnh kh\u00f4ng bao gi\u1edd t\u1eaft tr\u00ean con \u0111\u01b0\u1eddng kh\u00e1m ph\u00e1 thi\u00ean nhi\u00ean, t\u00ecm t\u00f2i khoa h\u1ecdc v\u00e0 theo \u0111u\u1ed5i t\u1ef1 do ch\u00e2n ch\u00ednh. Ch\u00ednh \u0111i\u1ec1u \u0111\u00f3 \u0111\u00e3 g\u00f3p ph\u1ea7n gi\u00fap Hai v\u1ea1n d\u1eb7m d\u01b0\u1edbi bi\u1ec3n l\u00e0m say l\u00f2ng h\u00e0ng tri\u1ec7u \u0111\u1ed9c gi\u1ea3 tr\u00ean kh\u1eafp th\u1ebf gi\u1edbi t\u1eeb h\u00e0ng tr\u0103m n\u0103m nay.<\/p>\n<p>T\u00e1c ph\u1ea9m n\u1eb1m trong t\u1ee7 s\u00e1ch V\u0103n h\u1ecdc c\u1ed5 \u0111i\u1ec3n &#8211; \u0110\u00f4ng A Classics.<\/p>\n<p>Th\u00f4ng tin t\u00e1c gi\u1ea3:<\/p>\n<p>Jules Gabriel Verne sinh ng\u00e0y 8 th\u00e1ng 2 n\u0103m 1828 t\u1ea1i Ph\u00e1p v\u00e0 \u0111\u01b0\u1ee3c coi l\u00e0 cha \u0111\u1ebb c\u1ee7a th\u1ec3 lo\u1ea1i Khoa h\u1ecdc vi\u1ec5n t\u01b0\u1edfng.<\/p>\n<p>\u0110\u1ec3 theo \u0111u\u1ed5i vi\u1ec7c vi\u1ebft v\u0103n, Jules Verne \u0111\u00e3 b\u1ecf h\u1ecdc lu\u1eadt, ngh\u1ec1 cha \u00f4ng \u0111\u1ecbnh h\u01b0\u1edbng. Cu\u1ed1n ti\u1ec3u thuy\u1ebft \u0111\u1ea7u tay th\u00e0nh c\u00f4ng N\u0103m tu\u1ea7n tr\u00ean khinh kh\u00ed c\u1ea7u (1863) \u0111\u00e3 m\u1edf \u0111\u1ea7u cho h\u00e0ng lo\u1ea1t c\u00e1c t\u00e1c ph\u1ea9m n\u1ed5i ti\u1ebfng v\u1ec1 sau c\u1ee7a Jules Verne nh\u01b0 Chuy\u1ebfn \u0111i v\u00e0o t\u00e2m Tr\u00e1i \u0111\u1ea5t (1864), Hai v\u1ea1n d\u1eb7m d\u01b0\u1edbi bi\u1ec3n (1870), V\u00f2ng quanh th\u1ebf gi\u1edbi trong 80 ng\u00e0y (1873)\u2026 C\u00e1c t\u00e1c ph\u1ea9m c\u1ee7a \u00f4ng \u0111\u01b0\u1ee3c d\u1ecbch kh\u1eafp n\u01a1i tr\u00ean th\u1ebf gi\u1edbi.<\/p>\n<p>Jules Verne m\u1ea5t ng\u00e0y 24 th\u00e1ng 3 n\u0103m 1905. Sau khi \u00f4ng qua \u0111\u1eddi, nhi\u1ec1u ti\u1ec3u thuy\u1ebft ch\u01b0a in c\u1ee7a \u00f4ng v\u1eabn \u0111\u01b0\u1ee3c ti\u1ebfp t\u1ee5c xu\u1ea5t b\u1ea3n.<\/p>\n","protected":false},"excerpt":{"rendered":"<p>Trong chuy\u1ebfn s\u0103n t\u00ecm m\u1ed9t sinh v\u1eadt l\u1ea1 l\u00f9ng m\u1edbi xu\u1ea5t hi\u1ec7n \u1edf bi\u1ec3n kh\u01a1i, \u0111o\u00e0n th\u00e1m hi\u1ec3m c\u1ee7a gi\u00e1o s\u01b0 Pierre Aronnax b\u1ea5t ng\u1edd b\u1ecb \u201ccon c\u00e1\u201d kh\u1ed5ng l\u1ed3 \u0111\u00f3 nu\u1ed1t v\u00e0o b\u1ee5ng. Nh\u01b0ng c\u0169ng nh\u1edd th\u1ebf, h\u1ecd \u0111\u00e3 \u0111\u01b0\u1ee3c chu du kh\u1eafp c\u00e1c \u0111\u1ea1i d\u01b0\u01a1ng c\u00f9ng thuy\u1ec1n tr\u01b0\u1edfng Nemo trong chi\u1ebfc t\u00e0u ng\u1ea7m Nautilus. Nh\u1eefng ph\u00e1t minh k\u00ec l\u1ea1, nh\u1eefng cu\u1ed9c ch\u1ea1m tr\u00e1n hi\u1ec3m nguy, nh\u1eefng b\u00ed m\u1eadt li k\u00ec&#8230; t\u1ea5t c\u1ea3 \u0111\u00e3 t\u1ea1o n\u00ean m\u1ed9t chuy\u1ebfn phi\u00eau l\u01b0u v\u00f4 c\u00f9ng th\u00fa v\u1ecb.<\/p>\n<p>Qua cu\u1ed1n ti\u1ec3u thuy\u1ebft vi\u1ec5n t\u01b0\u1edfng c\u1ef1c k\u00ec h\u1ea5p d\u1eabn c\u1ee7a Jules Verne, ng\u01b0\u1eddi \u0111\u1ecdc c\u1ea3m nh\u1eadn \u0111\u01b0\u1ee3c ng\u1ecdn l\u1eeda nhi\u1ec7t t\u00ecnh kh\u00f4ng bao gi\u1edd t\u1eaft tr\u00ean con \u0111\u01b0\u1eddng kh\u00e1m ph\u00e1 thi\u00ean nhi\u00ean, t\u00ecm t\u00f2i khoa h\u1ecdc v\u00e0 theo \u0111u\u1ed5i t\u1ef1 do ch\u00e2n ch\u00ednh. Ch\u00ednh \u0111i\u1ec1u \u0111\u00f3 \u0111\u00e3 g\u00f3p ph\u1ea7n gi\u00fap Hai v\u1ea1n d\u1eb7m d\u01b0\u1edbi bi\u1ec3n l\u00e0m say l\u00f2ng h\u00e0ng tri\u1ec7u \u0111\u1ed9c gi\u1ea3 tr\u00ean kh\u1eafp th\u1ebf gi\u1edbi t\u1eeb h\u00e0ng tr\u0103m n\u0103m nay.<\/p>\n<p>T\u00e1c ph\u1ea9m n\u1eb1m trong t\u1ee7 s\u00e1ch V\u0103n h\u1ecdc c\u1ed5 \u0111i\u1ec3n &#8211; \u0110\u00f4ng A Classics.<\/p>\n","protected":false},"featured_media":10145,"template":"","meta":{"_acf_changed":false},"product_brand":[],"product_cat":[77],"product_tag":[],"class_list":{"0":"post-10147","1":"product","2":"type-product","3":"status-publish","4":"has-post-thumbnail","6":"product_cat-van-hoc-kinh-dien","8":"first","9":"instock","10":"taxable","11":"shipping-taxable","12":"purchasable","13":"product-type-simple"},"supplier_id":null,"supplier_sku":"","barcode":null,"atum_controlled":true,"out_stock_date":null,"out_stock_threshold":null,"inheritable":false,"inbound_stock":0,"stock_on_hold":0,"sold_today":0,"sales_last_days":0,"reserved_stock":0,"customer_returns":0,"warehouse_damage":0,"lost_in_post":0,"other_logs":0,"out_stock_days":0,"lost_sales":0,"has_location":false,"update_date":"2026-01-28T23:10:46","atum_locations":[],"atum_stock_status":"instock","restock_status":false,"low_stock_amount":"","sales_update_date":"2026-01-28T23:10:46","calc_backorders":null,"acf":{"publisher":{"ID":1544,"post_author":"1","post_date":"2021-02-17 01:24:05","post_date_gmt":"2021-02-16 23:24:05","post_content":"","post_title":"\u0110\u00f4ng A","post_excerpt":"","post_status":"publish","comment_status":"closed","ping_status":"closed","post_password":"","post_name":"dong-a","to_ping":"","pinged":"","post_modified":"2021-02-17 01:24:05","post_modified_gmt":"2021-02-16 23:24:05","post_content_filtered":"","post_parent":0,"guid":"https:\/\/sachviet.eu\/nha-phat-hanh\/dong-a\/","menu_order":0,"post_type":"publisher","post_mime_type":"","comment_count":"0","filter":"raw"}},"_links":{"self":[{"href":"https:\/\/sachviet.eu\/en\/wp-json\/wp\/v2\/product\/10147","targetHints":{"allow":["GET"]}}],"collection":[{"href":"https:\/\/sachviet.eu\/en\/wp-json\/wp\/v2\/product"}],"about":[{"href":"https:\/\/sachviet.eu\/en\/wp-json\/wp\/v2\/types\/product"}],"wp:featuredmedia":[{"embeddable":true,"href":"https:\/\/sachviet.eu\/en\/wp-json\/wp\/v2\/media\/10145"}],"wp:attachment":[{"href":"https:\/\/sachviet.eu\/en\/wp-json\/wp\/v2\/media?parent=10147"}],"wp:term":[{"taxonomy":"product_brand","embeddable":true,"href":"https:\/\/sachviet.eu\/en\/wp-json\/wp\/v2\/product_brand?post=10147"},{"taxonomy":"product_cat","embeddable":true,"href":"https:\/\/sachviet.eu\/en\/wp-json\/wp\/v2\/product_cat?post=10147"},{"taxonomy":"product_tag","embeddable":true,"href":"https:\/\/sachviet.eu\/en\/wp-json\/wp\/v2\/product_tag?post=10147"}],"curies":[{"name":"wp","href":"https:\/\/api.w.org\/{rel}","templated":true}]}}