{"id":10144,"date":"2021-06-02T18:20:36","date_gmt":"2021-06-02T15:20:36","guid":{"rendered":"https:\/\/sachviet.eu\/shop\/ong-gia-khottabych-dong-a\/"},"modified":"2021-06-15T22:43:16","modified_gmt":"2021-06-15T19:43:16","slug":"ong-gia-khottabych-dong-a","status":"publish","type":"product","link":"https:\/\/sachviet.eu\/en\/shop\/ong-gia-khottabych-dong-a\/","title":{"rendered":"\u00d4ng\u00a0gi\u00e0 Khottabych (\u0110\u00f4ng A)"},"content":{"rendered":"<p>\u00d4ng gi\u00e0 Khottabych c\u1ee7a t\u00e1c gi\u1ea3 Lazar Laghin \u0111\u01b0\u1ee3c m\u1ec7nh danh l\u00e0 truy\u1ec7n Ngh\u00ecn l\u1ebb m\u1ed9t \u0111\u00eam c\u1ee7a v\u0103n h\u1ecdc thi\u1ebfu nhi Nga, r\u1ea5t h\u00e0i h\u01b0\u1edbc h\u1ea5p d\u1eabn, \u0111\u01b0\u1ee3c c\u1ef1c k\u1ef3 y\u00eau th\u00edch c\u1ee7a nhi\u1ec1u th\u1ebf h\u1ec7 b\u1ea1n \u0111\u1ecdc Nga c\u0169ng nh\u01b0 n\u01b0\u1edbc ngo\u00e0i, trong \u0111\u00f3 c\u00f3 c\u1ea3 Vi\u1ec7t Nam. Xoay quanh c\u00e1c nh\u00e2n v\u1eadt ch\u00ednh l\u00e0 nh\u1eefng m\u1ea9u chuy\u1ec7n ng\u1ed9 ngh\u0129nh, c\u1ea3m \u0111\u1ed9ng, \u0111em l\u1ea1i nh\u1eefng b\u00e0i h\u1ecdc hay v\u1ec1 l\u1ed1i s\u1ed1ng trung th\u1ef1c, v\u1ec1 t\u00ecnh b\u1ea1n, t\u00ecnh y\u00eau th\u01b0\u01a1ng gia \u0111\u00ecnh v\u00e0 nhi\u1ec1u \u0111i\u1ec1u c\u1ea7n thi\u1ebft \u0111\u1ec3 ph\u00e1t tri\u1ec3n nh\u00e2n c\u00e1ch cho b\u1ea1n \u0111\u1ecdc tr\u1ebb tu\u1ed5i, c\u0169ng nh\u01b0 nh\u1eefng b\u1ea5t ng\u1edd th\u00fa v\u1ecb cho c\u1ea3 ng\u01b0\u1eddi \u0111\u1ecdc tr\u01b0\u1edfng th\u00e0nh.<\/p>\n<p>N\u0103m 1956, \u00d4ng gi\u00e0 Khottabych \u0111\u01b0\u1ee3c chuy\u1ec3n th\u1ec3 th\u00e0nh b\u1ed9 phim c\u00f9ng t\u00ean &#8211; v\u00e0 l\u00e0 b\u1ed9 phim \u0111\u01b0\u1ee3c \u0111\u00e1nh gi\u00e1 cao su\u1ed1t nhi\u1ec1u th\u1eadp k\u1ef7 qua c\u1ee7a \u0111i\u1ec7n \u1ea3nh Nga.<\/p>\n","protected":false},"excerpt":{"rendered":"<p>\u00d4ng gi\u00e0 Khottabych c\u1ee7a t\u00e1c gi\u1ea3 Lazar Laghin \u0111\u01b0\u1ee3c m\u1ec7nh danh l\u00e0 truy\u1ec7n Ngh\u00ecn l\u1ebb m\u1ed9t \u0111\u00eam c\u1ee7a v\u0103n h\u1ecdc thi\u1ebfu nhi Nga, r\u1ea5t h\u00e0i h\u01b0\u1edbc h\u1ea5p d\u1eabn, \u0111\u01b0\u1ee3c c\u1ef1c k\u1ef3 y\u00eau th\u00edch c\u1ee7a nhi\u1ec1u th\u1ebf h\u1ec7 b\u1ea1n \u0111\u1ecdc Nga c\u0169ng nh\u01b0 n\u01b0\u1edbc ngo\u00e0i, trong \u0111\u00f3 c\u00f3 c\u1ea3 Vi\u1ec7t Nam. Xoay quanh c\u00e1c nh\u00e2n v\u1eadt ch\u00ednh l\u00e0 nh\u1eefng m\u1ea9u chuy\u1ec7n ng\u1ed9 ngh\u0129nh, c\u1ea3m \u0111\u1ed9ng, \u0111em l\u1ea1i nh\u1eefng b\u00e0i h\u1ecdc hay v\u1ec1 l\u1ed1i s\u1ed1ng trung th\u1ef1c, v\u1ec1 t\u00ecnh b\u1ea1n, t\u00ecnh y\u00eau th\u01b0\u01a1ng gia \u0111\u00ecnh v\u00e0 nhi\u1ec1u \u0111i\u1ec1u c\u1ea7n thi\u1ebft \u0111\u1ec3 ph\u00e1t tri\u1ec3n nh\u00e2n c\u00e1ch cho b\u1ea1n \u0111\u1ecdc tr\u1ebb tu\u1ed5i, c\u0169ng nh\u01b0 nh\u1eefng b\u1ea5t ng\u1edd th\u00fa v\u1ecb cho c\u1ea3 ng\u01b0\u1eddi \u0111\u1ecdc tr\u01b0\u1edfng th\u00e0nh.<\/p>\n<p>N\u0103m 1956, \u00d4ng gi\u00e0 Khottabych \u0111\u01b0\u1ee3c chuy\u1ec3n th\u1ec3 th\u00e0nh b\u1ed9 phim c\u00f9ng t\u00ean &#8211; v\u00e0 l\u00e0 b\u1ed9 phim \u0111\u01b0\u1ee3c \u0111\u00e1nh gi\u00e1 cao su\u1ed1t nhi\u1ec1u th\u1eadp k\u1ef7 qua c\u1ee7a \u0111i\u1ec7n \u1ea3nh Nga.<\/p>\n","protected":false},"featured_media":10143,"template":"","meta":{"_acf_changed":false},"product_brand":[],"product_cat":[77],"product_tag":[],"class_list":{"0":"post-10144","1":"product","2":"type-product","3":"status-publish","4":"has-post-thumbnail","6":"product_cat-van-hoc-kinh-dien","8":"first","9":"instock","10":"taxable","11":"shipping-taxable","12":"purchasable","13":"product-type-simple"},"supplier_id":null,"supplier_sku":"","barcode":null,"atum_controlled":true,"out_stock_date":null,"out_stock_threshold":null,"inheritable":false,"inbound_stock":0,"stock_on_hold":0,"sold_today":0,"sales_last_days":0,"reserved_stock":0,"customer_returns":0,"warehouse_damage":0,"lost_in_post":0,"other_logs":0,"out_stock_days":0,"lost_sales":0,"has_location":false,"update_date":"2026-01-28T23:10:46","atum_locations":[],"atum_stock_status":"instock","restock_status":false,"low_stock_amount":"","sales_update_date":"2026-01-28T23:10:46","calc_backorders":null,"acf":{"publisher":{"ID":1544,"post_author":"1","post_date":"2021-02-17 01:24:05","post_date_gmt":"2021-02-16 23:24:05","post_content":"","post_title":"\u0110\u00f4ng A","post_excerpt":"","post_status":"publish","comment_status":"closed","ping_status":"closed","post_password":"","post_name":"dong-a","to_ping":"","pinged":"","post_modified":"2021-02-17 01:24:05","post_modified_gmt":"2021-02-16 23:24:05","post_content_filtered":"","post_parent":0,"guid":"https:\/\/sachviet.eu\/nha-phat-hanh\/dong-a\/","menu_order":0,"post_type":"publisher","post_mime_type":"","comment_count":"0","filter":"raw"}},"_links":{"self":[{"href":"https:\/\/sachviet.eu\/en\/wp-json\/wp\/v2\/product\/10144","targetHints":{"allow":["GET"]}}],"collection":[{"href":"https:\/\/sachviet.eu\/en\/wp-json\/wp\/v2\/product"}],"about":[{"href":"https:\/\/sachviet.eu\/en\/wp-json\/wp\/v2\/types\/product"}],"wp:featuredmedia":[{"embeddable":true,"href":"https:\/\/sachviet.eu\/en\/wp-json\/wp\/v2\/media\/10143"}],"wp:attachment":[{"href":"https:\/\/sachviet.eu\/en\/wp-json\/wp\/v2\/media?parent=10144"}],"wp:term":[{"taxonomy":"product_brand","embeddable":true,"href":"https:\/\/sachviet.eu\/en\/wp-json\/wp\/v2\/product_brand?post=10144"},{"taxonomy":"product_cat","embeddable":true,"href":"https:\/\/sachviet.eu\/en\/wp-json\/wp\/v2\/product_cat?post=10144"},{"taxonomy":"product_tag","embeddable":true,"href":"https:\/\/sachviet.eu\/en\/wp-json\/wp\/v2\/product_tag?post=10144"}],"curies":[{"name":"wp","href":"https:\/\/api.w.org\/{rel}","templated":true}]}}