{"id":10142,"date":"2021-06-02T18:20:31","date_gmt":"2021-06-02T15:20:31","guid":{"rendered":"https:\/\/sachviet.eu\/shop\/truyen-loai-vat-dong-a\/"},"modified":"2021-06-15T22:43:16","modified_gmt":"2021-06-15T19:43:16","slug":"truyen-loai-vat-dong-a","status":"publish","type":"product","link":"https:\/\/sachviet.eu\/en\/shop\/truyen-loai-vat-dong-a\/","title":{"rendered":"Truy\u1ec7n lo\u00e0i v\u1eadt (\u0110\u00f4ng A)"},"content":{"rendered":"<p>L\u00e0 t\u00e1c ph\u1ea9m trong \u0111\u00f3 l\u1ea7n \u0111\u1ea7u ti\u00ean chim v\u00e0 th\u00fa \u0111\u01b0\u1ee3c \u0111\u01b0a l\u00ean l\u00e0m nh\u00e2n v\u1eadt ch\u00ednh th\u1ef1c s\u1ef1, Truy\u1ec7n lo\u00e0i v\u1eadt g\u1ed3m c\u00e1c c\u00e2u chuy\u1ec7n c\u1ea3m \u0111\u1ed9ng m\u00f4 t\u1ea3 ch\u00e2n th\u1ef1c, ch\u00ednh x\u00e1c v\u1ec1 h\u00e0nh vi, \u0111\u1eddi s\u1ed1ng c\u1ee7a c\u00e1c con v\u1eadt trong t\u1ef1 nhi\u00ean. \u0110\u00f3 l\u00e0 Lobo, ch\u00faa t\u1ec3 v\u00f9ng Currumpaw, con s\u00f3i anh h\u00f9ng \u0111\u00e3 ch\u1ebft v\u1edbi s\u1ef1 c\u00f4 \u0111\u1ed9c ki\u00eau h\u00e3nh, kh\u00f4ng bao gi\u1edd m\u00e0ng t\u1edbi th\u1ecfa hi\u1ec7p. \u0110\u00f3 l\u00e0 Chink, ch\u00fa ch\u00f3 b\u00e9 nh\u1ecf \u0111\u00e3 trung th\u00e0nh \u0111\u1ebfn c\u00f9ng v\u1edbi l\u1eddi ch\u1ee7 d\u1eb7n b\u1ea5t ch\u1ea5p c\u00e1i \u0111\u00f3i v\u00e0 n\u1ed7i s\u1ee3. \u0110\u00f3 l\u00e0 Johnny, ch\u00fa g\u1ea5u con t\u1ef1a nh\u01b0 m\u1ed9t \u0111\u1ee9a tr\u1ebb \u0111\u00e1ng th\u01b0\u01a1ng&#8230;<\/p>\n<p>Th\u1ea5m \u0111\u1eabm t\u00ecnh c\u1ea3m v\u00e0 kh\u00f4ng th\u1ec3 thi\u1ebfu \u0111\u1ed1i v\u1edbi thi\u1ebfu nhi, Truy\u1ec7n lo\u00e0i v\u1eadt c\u1ee7a Ernest Thompson Setoncho ch\u00fang ta th\u1ea5y, m\u1ed7i lo\u00e0i v\u1eadt l\u00e0 m\u1ed9t ng\u01b0\u1eddi b\u1ea1n qu\u00fd gi\u00e1, x\u1ee9ng \u0111\u00e1ng \u0111\u1ec3 con ng\u01b0\u1eddi y\u00eau th\u01b0\u01a1ng v\u00e0 tr\u00e2n tr\u1ecdng. Ch\u1ec9 khi bi\u1ebft y\u00eau v\u00e0 hi\u1ec3u v\u1ebb \u0111\u1eb9p c\u1ee7a th\u1ebf gi\u1edbi t\u1ef1 nhi\u00ean, m\u1ed7i ch\u00fang ta m\u1edbi c\u00f3 th\u1ec3 c\u1ea3m nh\u1eadn cu\u1ed9c s\u1ed1ng tr\u1ecdn v\u1eb9n.<\/p>\n<p>Th\u00f4ng tin t\u00e1c gi\u1ea3:  Ernest Thompson Seton (1860 &#8211; 1946)<\/p>\n<p>Ernest Seton Thompson sinh n\u0103m 1860 t\u1ea1i Anh v\u00e0 c\u00f9ng gia \u0111\u00ecnh di c\u01b0 \u0111\u1ebfn Canada t\u1eeb khi c\u00f2n nh\u1ecf. Phong c\u1ea3nh tuy\u1ec7t v\u1edbi tr\u00ean \u0111\u1ea5t n\u01b0\u1edbc Canada \u0111\u00e3 nu\u00f4i d\u01b0\u1ee1ng t\u00ecnh y\u00eau su\u1ed1t \u0111\u1eddi v\u1edbi th\u1ebf gi\u1edbi hoang d\u00e3 c\u1ee7a \u00f4ng. V\u00ec th\u1ebf, sau n\u00e0y Seton kh\u00f4ng nh\u1eefng l\u00e0 m\u1ed9t nh\u00e0 v\u0103n n\u1ed5i ti\u1ebfng m\u00e0 c\u00f2n l\u00e0 m\u1ed9t h\u1ecda s\u0129, nh\u00e0 t\u1ef1 nhi\u00ean h\u1ecdc th\u00e0nh c\u00f4ng.<\/p>\n<p>Truy\u1ec7n lo\u00e0i v\u1eadt (Wild animals I have know, 1898) l\u00e0 cu\u1ed1n s\u00e1ch \u0111\u1ea7u ti\u00ean \u0111\u01b0a chim, th\u00fa l\u00ean l\u00e0m nh\u00e2n v\u1eadt ch\u00ednh th\u1ef1c s\u1ef1 \u0111\u00e3 th\u00e0nh c\u00f4ng r\u1ef1c r\u1ee1. Ti\u1ebfp theo, Seton vi\u1ebft m\u1ed9t lo\u1ea1t t\u00e1c ph\u1ea9m kh\u00e1c v\u00e0 c\u0169ng l\u1ea5y \u0111\u1ec1 t\u00e0i mu\u00f4ng th\u00fa v\u00e0 \u0111\u1ec1u \u0111\u01b0\u1ee3c \u0111\u00f3n nh\u1eadn n\u1ed3ng nhi\u1ec7t. Ngo\u00e0i ra, \u00f4ng c\u00f2n vi\u1ebft r\u1ea5t nhi\u1ec1u s\u00e1ch tham kh\u1ea3o gi\u00e1 tr\u1ecb v\u1ec1 th\u1ebf gi\u1edbi t\u1ef1 nhi\u00ean v\u00e0 \u0111\u1eddi s\u1ed1ng c\u1ee7a ng\u01b0\u1eddi da \u0111\u1ecf.<\/p>\n<p>Ernest Seton Thompson m\u1ea5t ng\u00e0y 23 th\u00e1ng 10 n\u0103m 1946.<\/p>\n","protected":false},"excerpt":{"rendered":"<p>L\u00e0 t\u00e1c ph\u1ea9m trong \u0111\u00f3 l\u1ea7n \u0111\u1ea7u ti\u00ean chim v\u00e0 th\u00fa \u0111\u01b0\u1ee3c \u0111\u01b0a l\u00ean l\u00e0m nh\u00e2n v\u1eadt ch\u00ednh th\u1ef1c s\u1ef1, Truy\u1ec7n lo\u00e0i v\u1eadt g\u1ed3m c\u00e1c c\u00e2u chuy\u1ec7n c\u1ea3m \u0111\u1ed9ng m\u00f4 t\u1ea3 ch\u00e2n th\u1ef1c, ch\u00ednh x\u00e1c v\u1ec1 h\u00e0nh vi, \u0111\u1eddi s\u1ed1ng c\u1ee7a c\u00e1c con v\u1eadt trong t\u1ef1 nhi\u00ean. \u0110\u00f3 l\u00e0 Lobo, ch\u00faa t\u1ec3 v\u00f9ng Currumpaw, con s\u00f3i anh h\u00f9ng \u0111\u00e3 ch\u1ebft v\u1edbi s\u1ef1 c\u00f4 \u0111\u1ed9c ki\u00eau h\u00e3nh, kh\u00f4ng bao gi\u1edd m\u00e0ng t\u1edbi th\u1ecfa hi\u1ec7p. \u0110\u00f3 l\u00e0 Chink, ch\u00fa ch\u00f3 b\u00e9 nh\u1ecf \u0111\u00e3 trung th\u00e0nh \u0111\u1ebfn c\u00f9ng v\u1edbi l\u1eddi ch\u1ee7 d\u1eb7n b\u1ea5t ch\u1ea5p c\u00e1i \u0111\u00f3i v\u00e0 n\u1ed7i s\u1ee3. \u0110\u00f3 l\u00e0 Johnny, ch\u00fa g\u1ea5u con t\u1ef1a nh\u01b0 m\u1ed9t \u0111\u1ee9a tr\u1ebb \u0111\u00e1ng th\u01b0\u01a1ng&#8230;<\/p>\n<p>Th\u1ea5m \u0111\u1eabm t\u00ecnh c\u1ea3m v\u00e0 kh\u00f4ng th\u1ec3 thi\u1ebfu \u0111\u1ed1i v\u1edbi thi\u1ebfu nhi, Truy\u1ec7n lo\u00e0i v\u1eadt c\u1ee7a Ernest Thompson Setoncho ch\u00fang ta th\u1ea5y, m\u1ed7i lo\u00e0i v\u1eadt l\u00e0 m\u1ed9t ng\u01b0\u1eddi b\u1ea1n qu\u00fd gi\u00e1, x\u1ee9ng \u0111\u00e1ng \u0111\u1ec3 con ng\u01b0\u1eddi y\u00eau th\u01b0\u01a1ng v\u00e0 tr\u00e2n tr\u1ecdng. Ch\u1ec9 khi bi\u1ebft y\u00eau v\u00e0 hi\u1ec3u v\u1ebb \u0111\u1eb9p c\u1ee7a th\u1ebf gi\u1edbi t\u1ef1 nhi\u00ean, m\u1ed7i ch\u00fang ta m\u1edbi c\u00f3 th\u1ec3 c\u1ea3m nh\u1eadn cu\u1ed9c s\u1ed1ng tr\u1ecdn v\u1eb9n.<\/p>\n","protected":false},"featured_media":10141,"template":"","meta":{"_acf_changed":false},"product_brand":[],"product_cat":[77],"product_tag":[],"class_list":{"0":"post-10142","1":"product","2":"type-product","3":"status-publish","4":"has-post-thumbnail","6":"product_cat-van-hoc-kinh-dien","8":"first","9":"instock","10":"taxable","11":"shipping-taxable","12":"purchasable","13":"product-type-simple"},"supplier_id":null,"supplier_sku":"","barcode":null,"atum_controlled":true,"out_stock_date":null,"out_stock_threshold":null,"inheritable":false,"inbound_stock":0,"stock_on_hold":0,"sold_today":0,"sales_last_days":0,"reserved_stock":0,"customer_returns":0,"warehouse_damage":0,"lost_in_post":0,"other_logs":0,"out_stock_days":0,"lost_sales":0,"has_location":false,"update_date":"2026-01-28T23:10:46","atum_locations":[],"atum_stock_status":"instock","restock_status":false,"low_stock_amount":"","sales_update_date":"2026-01-28T23:10:45","calc_backorders":null,"acf":{"publisher":{"ID":1544,"post_author":"1","post_date":"2021-02-17 01:24:05","post_date_gmt":"2021-02-16 23:24:05","post_content":"","post_title":"\u0110\u00f4ng A","post_excerpt":"","post_status":"publish","comment_status":"closed","ping_status":"closed","post_password":"","post_name":"dong-a","to_ping":"","pinged":"","post_modified":"2021-02-17 01:24:05","post_modified_gmt":"2021-02-16 23:24:05","post_content_filtered":"","post_parent":0,"guid":"https:\/\/sachviet.eu\/nha-phat-hanh\/dong-a\/","menu_order":0,"post_type":"publisher","post_mime_type":"","comment_count":"0","filter":"raw"}},"_links":{"self":[{"href":"https:\/\/sachviet.eu\/en\/wp-json\/wp\/v2\/product\/10142","targetHints":{"allow":["GET"]}}],"collection":[{"href":"https:\/\/sachviet.eu\/en\/wp-json\/wp\/v2\/product"}],"about":[{"href":"https:\/\/sachviet.eu\/en\/wp-json\/wp\/v2\/types\/product"}],"wp:featuredmedia":[{"embeddable":true,"href":"https:\/\/sachviet.eu\/en\/wp-json\/wp\/v2\/media\/10141"}],"wp:attachment":[{"href":"https:\/\/sachviet.eu\/en\/wp-json\/wp\/v2\/media?parent=10142"}],"wp:term":[{"taxonomy":"product_brand","embeddable":true,"href":"https:\/\/sachviet.eu\/en\/wp-json\/wp\/v2\/product_brand?post=10142"},{"taxonomy":"product_cat","embeddable":true,"href":"https:\/\/sachviet.eu\/en\/wp-json\/wp\/v2\/product_cat?post=10142"},{"taxonomy":"product_tag","embeddable":true,"href":"https:\/\/sachviet.eu\/en\/wp-json\/wp\/v2\/product_tag?post=10142"}],"curies":[{"name":"wp","href":"https:\/\/api.w.org\/{rel}","templated":true}]}}