{"id":10140,"date":"2021-06-02T18:20:25","date_gmt":"2021-06-02T15:20:25","guid":{"rendered":"https:\/\/sachviet.eu\/shop\/nhung-tam-long-cao-ca-dong-a\/"},"modified":"2023-01-20T19:01:51","modified_gmt":"2023-01-20T17:01:51","slug":"nhung-tam-long-cao-ca-dong-a","status":"publish","type":"product","link":"https:\/\/sachviet.eu\/en\/shop\/nhung-tam-long-cao-ca-dong-a\/","title":{"rendered":"Nh\u1eefng t\u1ea5m l\u00f2ng cao c\u1ea3 (\u0110\u00f4ng A)"},"content":{"rendered":"<p>Enrico Bottini, m\u1ed9t c\u1eadu b\u00e9 m\u01b0\u1eddi tu\u1ed5i ng\u01b0\u1eddi \u00dd, trong su\u1ed1t n\u0103m h\u1ecdc l\u1edbp ba \u0111\u00e3 \u0111\u1ec1u \u0111\u1eb7n ghi l\u1ea1i nh\u1eefng c\u00e2u chuy\u1ec7n m\u00e0 em \u1ea5n t\u01b0\u1ee3ng. T\u1eeb nh\u1eefng vi\u1ec7c l\u00e0m c\u1ee7a th\u1ea7y c\u00f4 gi\u00e1o, b\u1ea1n b\u00e8, h\u00e0ng x\u00f3m cho \u0111\u1ebfn nh\u1eefng c\u00e2u chuy\u1ec7n \u0111\u01b0\u1ee3c \u0111\u1ecdc tr\u00ean l\u1edbp, nh\u1eefng b\u1ee9c th\u01b0 c\u1ee7a m\u1eb9 cha hay nh\u1eefng s\u1ef1 ki\u1ec7n tr\u00ean \u0111\u01b0\u1eddng ph\u1ed1, t\u1ea5t c\u1ea3 \u0111\u1ec1u \u0111\u01b0\u1ee3c ghi v\u00e0o m\u1ed9t cu\u1ed1n nh\u1eadt k\u00fd. V\u1edbi Enrico, m\u1ed7i c\u00e2u chuy\u1ec7n \u1ea5y l\u00e0 m\u1ed9t b\u00e0i h\u1ecdc v\u1ec1 t\u00ecnh th\u1ea7y tr\u00f2, b\u00e8 b\u1ea1n v\u00e0 cha con\u2026 v\u1ec1 s\u1ef1 y\u00eau th\u01b0\u01a1ng, l\u00f2ng tr\u1eafc \u1ea9n v\u00e0 t\u00ecnh y\u00eau n\u01b0\u1edbc\u2026 T\u1ea5t c\u1ea3 t\u1ea1o n\u00ean m\u1ed9t t\u00e1c ph\u1ea9m x\u00fac \u0111\u1ed9ng l\u00f2ng ng\u01b0\u1eddi.<\/p>\n<p>Ch\u00ednh v\u00ec th\u1ebf, m\u1eb7c d\u00f9 kh\u00f4ng \u0111\u01b0\u1ee3c coi l\u00e0 ki\u1ec7t t\u00e1c c\u1ee7a n\u1ec1n v\u0103n ch\u01b0\u01a1ng th\u1ebf gi\u1edbi, nh\u01b0ng trong s\u1ef1 nghi\u1ec7p gi\u00e1o d\u1ee5c th\u1ebf h\u1ec7 m\u0103ng non, Nh\u1eefng t\u1ea5m l\u00f2ng cao c\u1ea3 chi\u1ebfm m\u1ed9t v\u1ecb tr\u00ed quan tr\u1ecdng. Nhi\u1ec1u ph\u1ea7n trong t\u00e1c ph\u1ea9m \u0111\u00e3 \u0111\u01b0\u1ee3c \u0111\u01b0a v\u00e0o s\u00e1ch gi\u00e1o khoa c\u00e1c n\u01b0\u1edbc v\u00e0o c\u0169ng kh\u00f4ng \u00edt trong s\u1ed1 \u0111\u00f3 \u0111\u01b0\u1ee3c l\u01b0u truy\u1ec7n r\u1ed9ng r\u00e3i m\u00e0 n\u1ed5i ti\u1ebfng nh\u1ea5t l\u00e0 b\u1ee9c th\u01b0 Tr\u01b0\u1eddng h\u1ecdc m\u00e0 b\u1ed1 vi\u1ebft cho Enrico.<\/p>\n<p>\u1ede Vi\u1ec7t Nam, t\u1eeb khi ra m\u1eaft, Nh\u1eefng t\u1ea5m l\u00f2ng cao c\u1ea3 \u0111\u00e3 thu h\u00fat \u0111\u01b0\u1ee3c h\u00e0ng tri\u1ec7u \u0111\u1ed9c gi\u1ea3. Trong s\u1ed1 \u0111\u00f3, r\u1ea5t nhi\u1ec1u ng\u01b0\u1eddi coi \u0111\u00e2y l\u00e0 t\u00e1c ph\u1ea9m \u1ea3nh h\u01b0\u1edfng l\u1edbn \u0111\u1ebfn qu\u00e1 tr\u00ecnh h\u00ecnh th\u00e0nh nh\u00e2n c\u00e1ch b\u1ea3n th\u00e2n. V\u00e0 \u0111\u1ebfn h\u00f4m nay, v\u1edbi th\u1ebf h\u1ec7 \u0111i sau, Nh\u1eefng t\u1ea5m l\u00f2ng cao c\u1ea3 v\u1eabn l\u00e0 m\u1ed9t ng\u01b0\u1eddi b\u1ea1n v\u00f4 c\u00f9ng th\u00e2n thi\u1ebft.<\/p>\n<p>Th\u00f4ng tin t\u00e1c gi\u1ea3:  Edmondo De Amicis (1846 &#8211; 1908)<\/p>\n<p>Edmondo De Amicis sinh n\u0103m 1846 t\u1ea1i Oneglia, x\u1ee9 Liguria, \u00dd. C\u00e1c t\u00e1c ph\u1ea9m c\u1ee7a \u00f4ng th\u01b0\u1eddng mang \u0111\u1eadm tinh th\u1ea7n y\u00eau n\u01b0\u1edbc s\u00e2u s\u1eafc.<\/p>\n<p>Nh\u1eefng t\u1ea5m l\u00f2ng cao c\u1ea3 (Cuore) xu\u1ea5t b\u1ea3n ng\u00e0y 17 th\u00e1ng 10 n\u0103m 1886 &#8211; ng\u00e0y t\u1ef1u tr\u01b0\u1eddng \u1edf \u00dd l\u00e0 t\u00e1c ph\u1ea9m n\u1ed5i ti\u1ebfng nh\u1ea5t c\u1ee7a De Amicis, khi\u1ebfn nh\u00e0 v\u0103n v\u1ed1n kh\u00f4ng chuy\u00ean vi\u1ebft v\u1ec1 thi\u1ebfu nhi tr\u1edf n\u00ean n\u1ed5i ti\u1ebfng trong th\u1ec3 lo\u1ea1i n\u00e0y. M\u1ed9t ph\u1ea7n cu\u1ed1n s\u00e1ch n\u00e0y l\u00e0 s\u1ef1 ph\u1ea3n \u1ea3nh tu\u1ed5i nh\u1ecf c\u1ee7a hai con trai \u00f4ng.<\/p>\n<p>Nh\u1eefng n\u0103m cu\u1ed1i \u0111\u1eddi c\u1ee7a \u00f4ng r\u1ea5t kh\u00f3 kh\u0103n, v\u1edbi nhi\u1ec1u b\u1ea5t h\u1ea1nh trong gia \u0111\u00ecnh. \u00d4ng s\u1ed1ng bi\u1ec7t l\u1eadp cho \u0111\u1ebfn khi qua \u0111\u1eddi v\u00e0o n\u0103m 1908 t\u1ea1i Bordighera, \u00dd.<\/p>\n","protected":false},"excerpt":{"rendered":"<p>Enrico Bottini, m\u1ed9t c\u1eadu b\u00e9 m\u01b0\u1eddi tu\u1ed5i ng\u01b0\u1eddi \u00dd, trong su\u1ed1t n\u0103m h\u1ecdc l\u1edbp ba \u0111\u00e3 \u0111\u1ec1u \u0111\u1eb7n ghi l\u1ea1i nh\u1eefng c\u00e2u chuy\u1ec7n m\u00e0 em \u1ea5n t\u01b0\u1ee3ng. T\u1eeb nh\u1eefng vi\u1ec7c l\u00e0m c\u1ee7a th\u1ea7y c\u00f4 gi\u00e1o, b\u1ea1n b\u00e8, h\u00e0ng x\u00f3m cho \u0111\u1ebfn nh\u1eefng c\u00e2u chuy\u1ec7n \u0111\u01b0\u1ee3c \u0111\u1ecdc tr\u00ean l\u1edbp, nh\u1eefng b\u1ee9c th\u01b0 c\u1ee7a m\u1eb9 cha hay nh\u1eefng s\u1ef1 ki\u1ec7n tr\u00ean \u0111\u01b0\u1eddng ph\u1ed1, t\u1ea5t c\u1ea3 \u0111\u1ec1u \u0111\u01b0\u1ee3c ghi v\u00e0o m\u1ed9t cu\u1ed1n nh\u1eadt k\u00fd. V\u1edbi Enrico, m\u1ed7i c\u00e2u chuy\u1ec7n \u1ea5y l\u00e0 m\u1ed9t b\u00e0i h\u1ecdc v\u1ec1 t\u00ecnh th\u1ea7y tr\u00f2, b\u00e8 b\u1ea1n v\u00e0 cha con\u2026 v\u1ec1 s\u1ef1 y\u00eau th\u01b0\u01a1ng, l\u00f2ng tr\u1eafc \u1ea9n v\u00e0 t\u00ecnh y\u00eau n\u01b0\u1edbc\u2026 T\u1ea5t c\u1ea3 t\u1ea1o n\u00ean m\u1ed9t t\u00e1c ph\u1ea9m x\u00fac \u0111\u1ed9ng l\u00f2ng ng\u01b0\u1eddi.<\/p>\n<p>Ch\u00ednh v\u00ec th\u1ebf, m\u1eb7c d\u00f9 kh\u00f4ng \u0111\u01b0\u1ee3c coi l\u00e0 ki\u1ec7t t\u00e1c c\u1ee7a n\u1ec1n v\u0103n ch\u01b0\u01a1ng th\u1ebf gi\u1edbi, nh\u01b0ng trong s\u1ef1 nghi\u1ec7p gi\u00e1o d\u1ee5c th\u1ebf h\u1ec7 m\u0103ng non, Nh\u1eefng t\u1ea5m l\u00f2ng cao c\u1ea3 chi\u1ebfm m\u1ed9t v\u1ecb tr\u00ed quan tr\u1ecdng. Nhi\u1ec1u ph\u1ea7n trong t\u00e1c ph\u1ea9m \u0111\u00e3 \u0111\u01b0\u1ee3c \u0111\u01b0a v\u00e0o s\u00e1ch gi\u00e1o khoa c\u00e1c n\u01b0\u1edbc v\u00e0o c\u0169ng kh\u00f4ng \u00edt trong s\u1ed1 \u0111\u00f3 \u0111\u01b0\u1ee3c l\u01b0u truy\u1ec7n r\u1ed9ng r\u00e3i m\u00e0 n\u1ed5i ti\u1ebfng nh\u1ea5t l\u00e0 b\u1ee9c th\u01b0 Tr\u01b0\u1eddng h\u1ecdc m\u00e0 b\u1ed1 vi\u1ebft cho Enrico.<\/p>\n<p>\u1ede Vi\u1ec7t Nam, t\u1eeb khi ra m\u1eaft, Nh\u1eefng t\u1ea5m l\u00f2ng cao c\u1ea3 \u0111\u00e3 thu h\u00fat \u0111\u01b0\u1ee3c h\u00e0ng tri\u1ec7u \u0111\u1ed9c gi\u1ea3. Trong s\u1ed1 \u0111\u00f3, r\u1ea5t nhi\u1ec1u ng\u01b0\u1eddi coi \u0111\u00e2y l\u00e0 t\u00e1c ph\u1ea9m \u1ea3nh h\u01b0\u1edfng l\u1edbn \u0111\u1ebfn qu\u00e1 tr\u00ecnh h\u00ecnh th\u00e0nh nh\u00e2n c\u00e1ch b\u1ea3n th\u00e2n. V\u00e0 \u0111\u1ebfn h\u00f4m nay, v\u1edbi th\u1ebf h\u1ec7 \u0111i sau, Nh\u1eefng t\u1ea5m l\u00f2ng cao c\u1ea3 v\u1eabn l\u00e0 m\u1ed9t ng\u01b0\u1eddi b\u1ea1n v\u00f4 c\u00f9ng th\u00e2n thi\u1ebft.<\/p>\n","protected":false},"featured_media":10130,"template":"","meta":{"_acf_changed":false},"product_brand":[],"product_cat":[77],"product_tag":[],"class_list":{"0":"post-10140","1":"product","2":"type-product","3":"status-publish","4":"has-post-thumbnail","6":"product_cat-van-hoc-kinh-dien","8":"first","9":"instock","10":"taxable","11":"shipping-taxable","12":"purchasable","13":"product-type-simple"},"supplier_id":null,"supplier_sku":"","barcode":null,"atum_controlled":true,"out_stock_date":null,"out_stock_threshold":null,"inheritable":false,"inbound_stock":0,"stock_on_hold":0,"sold_today":0,"sales_last_days":0,"reserved_stock":0,"customer_returns":0,"warehouse_damage":0,"lost_in_post":0,"other_logs":0,"out_stock_days":0,"lost_sales":0,"has_location":false,"update_date":"2026-01-28T23:10:45","atum_locations":[],"atum_stock_status":"instock","restock_status":false,"low_stock_amount":"","sales_update_date":"2026-01-28T23:10:45","calc_backorders":null,"acf":{"publisher":{"ID":1544,"post_author":"1","post_date":"2021-02-17 01:24:05","post_date_gmt":"2021-02-16 23:24:05","post_content":"","post_title":"\u0110\u00f4ng A","post_excerpt":"","post_status":"publish","comment_status":"closed","ping_status":"closed","post_password":"","post_name":"dong-a","to_ping":"","pinged":"","post_modified":"2021-02-17 01:24:05","post_modified_gmt":"2021-02-16 23:24:05","post_content_filtered":"","post_parent":0,"guid":"https:\/\/sachviet.eu\/nha-phat-hanh\/dong-a\/","menu_order":0,"post_type":"publisher","post_mime_type":"","comment_count":"0","filter":"raw"}},"_links":{"self":[{"href":"https:\/\/sachviet.eu\/en\/wp-json\/wp\/v2\/product\/10140","targetHints":{"allow":["GET"]}}],"collection":[{"href":"https:\/\/sachviet.eu\/en\/wp-json\/wp\/v2\/product"}],"about":[{"href":"https:\/\/sachviet.eu\/en\/wp-json\/wp\/v2\/types\/product"}],"wp:featuredmedia":[{"embeddable":true,"href":"https:\/\/sachviet.eu\/en\/wp-json\/wp\/v2\/media\/10130"}],"wp:attachment":[{"href":"https:\/\/sachviet.eu\/en\/wp-json\/wp\/v2\/media?parent=10140"}],"wp:term":[{"taxonomy":"product_brand","embeddable":true,"href":"https:\/\/sachviet.eu\/en\/wp-json\/wp\/v2\/product_brand?post=10140"},{"taxonomy":"product_cat","embeddable":true,"href":"https:\/\/sachviet.eu\/en\/wp-json\/wp\/v2\/product_cat?post=10140"},{"taxonomy":"product_tag","embeddable":true,"href":"https:\/\/sachviet.eu\/en\/wp-json\/wp\/v2\/product_tag?post=10140"}],"curies":[{"name":"wp","href":"https:\/\/api.w.org\/{rel}","templated":true}]}}