{"id":10129,"date":"2021-06-02T18:19:37","date_gmt":"2021-06-02T15:19:37","guid":{"rendered":"https:\/\/sachviet.eu\/shop\/ngua-o-yeu-dau-dong-a\/"},"modified":"2024-08-12T11:29:26","modified_gmt":"2024-08-12T08:29:26","slug":"ngua-o-yeu-dau-dong-a","status":"publish","type":"product","link":"https:\/\/sachviet.eu\/en\/shop\/ngua-o-yeu-dau-dong-a\/","title":{"rendered":"Ng\u1ef1a \u00f4 y\u00eau d\u1ea5u (\u0110\u00f4ng A)"},"content":{"rendered":"<p>\u0110\u01b0\u1ee3c xem l\u00e0 c\u00e2u chuy\u1ec7n n\u1ed5i ti\u1ebfng nh\u1ea5t m\u1ecdi th\u1eddi \u0111\u1ea1i v\u1ec1 lo\u00e0i v\u1eadt, Ng\u1ef1a \u00f4 y\u00eau d\u1ea5u k\u1ec3 l\u1ea1i nh\u1eefng cu\u1ed9c phi\u00eau l\u01b0u, nh\u1eefng n\u1ed7i \u0111\u1eafng cay l\u1eabn ni\u1ec1m h\u1ea1nh ph\u00fac c\u1ee7a Black Beauty, m\u1ed9t ch\u00fa ng\u1ef1a \u00f4 \u0111\u1eb9p m\u00e3, trung th\u00e0nh v\u00e0 d\u0169ng c\u1ea3m. Khi b\u1ecb \u00f4ng ch\u1ee7 bu\u1ed9c l\u00f2ng b\u00e1n \u0111i, Black Beauty ph\u1ea3i t\u1eeb b\u1ecf cu\u1ed9c s\u1ed1ng \u00eam \u1ea5m, d\u1ec5 ch\u1ecbu \u0111\u1ec3 b\u01b0\u1edbc v\u00e0o \u0111o\u1ea1n \u0111\u1eddi c\u1ef1c nh\u1ecdc, b\u1ecb \u0111\u1ed1i x\u1eed t\u00e0n nh\u1eabn.<\/p>\n<p>Nh\u1edd t\u00ecnh y\u00eau v\u00e0 s\u1ef1 g\u1eafn b\u00f3 th\u00e2n thi\u1ebft v\u1edbi lo\u00e0i ng\u1ef1a, Anna Sewell \u0111\u00e3 n\u00f3i thay cho lo\u00e0i v\u1eadt n\u00e0y nh\u1eefng t\u00e2m t\u01b0, t\u00ecnh c\u1ea3m c\u1ee7a ch\u00fang. Ngay t\u1eeb l\u1ea7n xu\u1ea5t b\u1ea3n \u0111\u1ea7u ti\u00ean c\u00e1ch \u0111\u00e2y h\u01a1n m\u1ed9t th\u1ebf k\u1ec9, Ng\u1ef1a \u00f4 y\u00eau d\u1ea5u \u0111\u00e3 g\u00e2y x\u00fac \u0111\u1ed9ng l\u1edbn v\u00e0 l\u00e0m thay \u0111\u1ed5i c\u00e1ch \u0111\u1ed1i x\u1eed c\u1ee7a nhi\u1ec1u ng\u01b0\u1eddi \u0111\u1ed1i v\u1edbi ng\u1ef1a, m\u1ed9t ng\u01b0\u1eddi b\u1ea1n trung th\u00e0nh c\u1ee7a con ng\u01b0\u1eddi. T\u00ednh \u0111\u1ebfn nay t\u00e1c ph\u1ea9m n\u00e0y \u0111\u00e3 \u0111\u01b0\u1ee3c d\u1ecbch ra 35 th\u1ee9 ti\u1ebfng v\u00e0 b\u00e1n \u0111\u01b0\u1ee3c h\u00e0ng ch\u1ee5c tri\u1ec7u b\u1ea3n.<\/p>\n<p>Th\u00f4ng tin t\u00e1c gi\u1ea3: Anna Sewell (1820 &#8211; 1878)<\/p>\n<p>Anna Sewell l\u00e0 n\u1eef v\u0103n s\u0129 ng\u01b0\u1eddi Anh. Trong su\u1ed1t cu\u1ed9c \u0111\u1eddi, b\u00e0 ch\u1ec9 cho ra \u0111\u1eddi m\u1ed9t t\u00e1c ph\u1ea9m duy nh\u1ea5t ngay l\u1eadp t\u1ee9c n\u00f3 \u0111\u01b0\u1ee3c li\u1ec7t v\u00e0o h\u00e0ng kinh \u0111i\u1ec3n, \u0111\u00f3 ch\u00ednh l\u00e0 ng\u1ef1a \u00f4 y\u00eau d\u1ea5u.<\/p>\n<p>Ngay t\u1eeb khi nh\u1ecf, Anna \u0111\u00e3 t\u1eebng g\u1eafn b\u00f3 v\u1edbi ng\u1ef1a. Sau m\u1ed9t tai n\u1ea1n \u1edf ch\u00e2n, b\u00e0 kh\u00f4ng th\u1ec3 \u0111i l\u1ea1i b\u00ecnh th\u01b0\u1eddng n\u00ean hay ph\u1ea3i s\u1eed d\u1ee5ng xe ng\u1ef1a. Sau n\u00e0y, khi cha b\u00e0 chuy\u1ec3n \u0111\u1ebfn l\u00e0m vi\u1ec7c t\u1ea1i m\u1ed9i tr\u1ea1m nu\u00f4i ng\u1ef1a, Anna c\u00e0ng g\u1ea7n g\u0169i v\u00e0 hi\u1ec3u lo\u00e0i v\u1eadt n\u00e0y h\u01a1n. N\u0103m 50 tu\u1ed5i, Anna quy\u1ebft \u0111\u1ecbnh vi\u1ebft Ng\u1ef1a \u00f4 y\u00eau d\u1ea5u nh\u01b0 m\u1ed9t c\u00e1ch ghi \u00e2n lo\u00e0i ng\u1ef1a. R\u00f2ng r\u00e3 trong s\u00e1u n\u0103m, c\u00f9ng v\u1edbi nh\u1eefng c\u01a1n \u0111au, b\u00e0 giam m\u00ecnh trong nh\u00e0 vi\u1ebft s\u00e1ch tr\u00ean gi\u01b0\u1eddng b\u1ec7nh.<\/p>\n<p>Ch\u1ec9 n\u0103m th\u00e1ng sau khi \u0111\u1ee9a con tinh th\u1ea7n c\u1ee7a m\u00ecnh ra m\u1eaft, Anna Sewell qua \u0111\u1eddi. Tuy nhi\u00ean, b\u00e0 v\u1eabn k\u1ecbp ch\u1ee9ng ki\u1ebfn nh\u1eefng th\u00e0nh c\u00f4ng \u0111\u1ea7u ti\u00ean c\u1ee7a n\u00f3.<\/p>\n","protected":false},"excerpt":{"rendered":"<p>\u0110\u01b0\u1ee3c xem l\u00e0 c\u00e2u chuy\u1ec7n n\u1ed5i ti\u1ebfng nh\u1ea5t m\u1ecdi th\u1eddi \u0111\u1ea1i v\u1ec1 lo\u00e0i v\u1eadt, Ng\u1ef1a \u00f4 y\u00eau d\u1ea5u k\u1ec3 l\u1ea1i nh\u1eefng cu\u1ed9c phi\u00eau l\u01b0u, nh\u1eefng n\u1ed7i \u0111\u1eafng cay l\u1eabn ni\u1ec1m h\u1ea1nh ph\u00fac c\u1ee7a Black Beauty, m\u1ed9t ch\u00fa ng\u1ef1a \u00f4 \u0111\u1eb9p m\u00e3, trung th\u00e0nh v\u00e0 d\u0169ng c\u1ea3m. Khi b\u1ecb \u00f4ng ch\u1ee7 bu\u1ed9c l\u00f2ng b\u00e1n \u0111i, Black Beauty ph\u1ea3i t\u1eeb b\u1ecf cu\u1ed9c s\u1ed1ng \u00eam \u1ea5m, d\u1ec5 ch\u1ecbu \u0111\u1ec3 b\u01b0\u1edbc v\u00e0o \u0111o\u1ea1n \u0111\u1eddi c\u1ef1c nh\u1ecdc, b\u1ecb \u0111\u1ed1i x\u1eed t\u00e0n nh\u1eabn.<\/p>\n<p>Nh\u1edd t\u00ecnh y\u00eau v\u00e0 s\u1ef1 g\u1eafn b\u00f3 th\u00e2n thi\u1ebft v\u1edbi lo\u00e0i ng\u1ef1a, Anna Sewell \u0111\u00e3 n\u00f3i thay cho lo\u00e0i v\u1eadt n\u00e0y nh\u1eefng t\u00e2m t\u01b0, t\u00ecnh c\u1ea3m c\u1ee7a ch\u00fang. Ngay t\u1eeb l\u1ea7n xu\u1ea5t b\u1ea3n \u0111\u1ea7u ti\u00ean c\u00e1ch \u0111\u00e2y h\u01a1n m\u1ed9t th\u1ebf k\u1ec9, Ng\u1ef1a \u00f4 y\u00eau d\u1ea5u \u0111\u00e3 g\u00e2y x\u00fac \u0111\u1ed9ng l\u1edbn v\u00e0 l\u00e0m thay \u0111\u1ed5i c\u00e1ch \u0111\u1ed1i x\u1eed c\u1ee7a nhi\u1ec1u ng\u01b0\u1eddi \u0111\u1ed1i v\u1edbi ng\u1ef1a, m\u1ed9t ng\u01b0\u1eddi b\u1ea1n trung th\u00e0nh c\u1ee7a con ng\u01b0\u1eddi. T\u00ednh \u0111\u1ebfn nay t\u00e1c ph\u1ea9m n\u00e0y \u0111\u00e3 \u0111\u01b0\u1ee3c d\u1ecbch ra 35 th\u1ee9 ti\u1ebfng v\u00e0 b\u00e1n \u0111\u01b0\u1ee3c h\u00e0ng ch\u1ee5c tri\u1ec7u b\u1ea3n.<\/p>\n","protected":false},"featured_media":10128,"template":"","meta":{"_acf_changed":false},"product_brand":[],"product_cat":[77],"product_tag":[],"class_list":{"0":"post-10129","1":"product","2":"type-product","3":"status-publish","4":"has-post-thumbnail","6":"product_cat-van-hoc-kinh-dien","8":"first","9":"outofstock","10":"taxable","11":"shipping-taxable","12":"purchasable","13":"product-type-simple"},"supplier_id":null,"supplier_sku":"","barcode":null,"atum_controlled":true,"out_stock_date":"2024-08-12 08:29:26","out_stock_threshold":null,"inheritable":false,"inbound_stock":0,"stock_on_hold":0,"sold_today":0,"sales_last_days":0,"reserved_stock":0,"customer_returns":0,"warehouse_damage":0,"lost_in_post":0,"other_logs":0,"out_stock_days":534,"lost_sales":0,"has_location":false,"update_date":"2026-01-28T23:11:20","atum_locations":[],"atum_stock_status":"outofstock","restock_status":false,"low_stock_amount":"","sales_update_date":"2026-01-28T23:11:20","calc_backorders":null,"acf":{"publisher":{"ID":1544,"post_author":"1","post_date":"2021-02-17 01:24:05","post_date_gmt":"2021-02-16 23:24:05","post_content":"","post_title":"\u0110\u00f4ng A","post_excerpt":"","post_status":"publish","comment_status":"closed","ping_status":"closed","post_password":"","post_name":"dong-a","to_ping":"","pinged":"","post_modified":"2021-02-17 01:24:05","post_modified_gmt":"2021-02-16 23:24:05","post_content_filtered":"","post_parent":0,"guid":"https:\/\/sachviet.eu\/nha-phat-hanh\/dong-a\/","menu_order":0,"post_type":"publisher","post_mime_type":"","comment_count":"0","filter":"raw"}},"_links":{"self":[{"href":"https:\/\/sachviet.eu\/en\/wp-json\/wp\/v2\/product\/10129","targetHints":{"allow":["GET"]}}],"collection":[{"href":"https:\/\/sachviet.eu\/en\/wp-json\/wp\/v2\/product"}],"about":[{"href":"https:\/\/sachviet.eu\/en\/wp-json\/wp\/v2\/types\/product"}],"wp:featuredmedia":[{"embeddable":true,"href":"https:\/\/sachviet.eu\/en\/wp-json\/wp\/v2\/media\/10128"}],"wp:attachment":[{"href":"https:\/\/sachviet.eu\/en\/wp-json\/wp\/v2\/media?parent=10129"}],"wp:term":[{"taxonomy":"product_brand","embeddable":true,"href":"https:\/\/sachviet.eu\/en\/wp-json\/wp\/v2\/product_brand?post=10129"},{"taxonomy":"product_cat","embeddable":true,"href":"https:\/\/sachviet.eu\/en\/wp-json\/wp\/v2\/product_cat?post=10129"},{"taxonomy":"product_tag","embeddable":true,"href":"https:\/\/sachviet.eu\/en\/wp-json\/wp\/v2\/product_tag?post=10129"}],"curies":[{"name":"wp","href":"https:\/\/api.w.org\/{rel}","templated":true}]}}