{"id":10127,"date":"2021-06-02T18:19:31","date_gmt":"2021-06-02T15:19:31","guid":{"rendered":"https:\/\/sachviet.eu\/shop\/con-bim-trang-tai-den-dong-a\/"},"modified":"2022-11-30T14:09:26","modified_gmt":"2022-11-30T12:09:26","slug":"con-bim-trang-tai-den-dong-a","status":"publish","type":"product","link":"https:\/\/sachviet.eu\/en\/shop\/con-bim-trang-tai-den-dong-a\/","title":{"rendered":"Con bim tr\u1eafng tai \u0111en (\u0110\u00f4ng A)"},"content":{"rendered":"<p>Khi ph\u1ea3i l\u00ean th\u00e0nh ph\u1ed1 ch\u1eefa b\u1ec7nh, ng\u01b0\u1eddi th\u1ee3 s\u0103n Ivan Ivanych \u0111\u00e3 g\u1eedi Bim, ch\u00fa ch\u00f3 th\u00e2n y\u00eau c\u1ee7a m\u00ecnh, cho h\u00e0ng x\u00f3m tr\u00f4ng coi. Nh\u1edb ch\u1ee7 \u0111\u1ebfn n\u1ed1i b\u1ecf c\u1ea3 \u0103n, Bim quy\u1ebft \u0111\u1ecbnh ra \u0111i t\u00ecm ng\u01b0\u1eddi m\u00e0 su\u1ed1t b\u1ed1n n\u0103m chung s\u1ed1ng n\u00f3 ch\u01b0a bao gi\u1edd ph\u1ea3i r\u1eddi xa \u1ea5y. Lang thang h\u1ebft n\u01a1i n\u00e0y \u0111\u1ebfn n\u01a1i kh\u00e1c gi\u1eefa m\u00f9a \u0111\u00f4ng l\u1ea1nh gi\u00e1, Bim tr\u1ea3i qua kh\u00f4ng bi\u1ebft bao nhi\u00eau n\u1ed7i v\u1ea5t v\u1ea3 v\u00e0 gian nguy. B\u1ecb b\u1eaft, b\u1ecb nh\u1ed1t v\u00e0 h\u00e0nh h\u1ea1 \u0111\u1ebfn n\u1ed7i ch\u00e2n th\u00ec gi\u1eadp n\u00e1t c\u00f2n c\u01a1 th\u1ec3 ng\u00e0y c\u00e0ng t\u00e0n t\u1ea1, suy ki\u1ec7t song Bim v\u1eabn kh\u00f4ng thay \u0111\u1ed5i quy\u1ebft t\u00e2m. Nh\u01b0ng \u0111\u1ebfn khi ng\u01b0\u1eddi ch\u1ee7 th\u00e2n y\u00eau g\u1eb7p \u0111\u01b0\u1ee3c Bim, th\u00ec n\u00f3 \u0111\u00e3 ra \u0111i m\u00e3i m\u00e3i. B\u0103ng tuy\u1ebft r\u01a1i tr\u00ean c\u00e1nh m\u0169i Bim kh\u00f4ng th\u1ec3 tan ra b\u1edfi h\u01a1i \u1ea5m c\u01a1 th\u1ec3 \u0111\u00e3 kh\u00f4ng c\u00f2n.<\/p>\n<p>Tr\u00ean th\u1ebf gi\u1edbi \u0111\u00e3 c\u00f3 r\u1ea5t nhi\u1ec1u t\u00e1c ph\u1ea9m c\u1ea3m \u0111\u1ed9ng vi\u1ebft v\u1ec1 ch\u00f3, m\u1ed9t lo\u00e0i v\u1eadt th\u00e2n thi\u1ebft v\u00e0 g\u1ea7n g\u0169i v\u1edbi con ng\u01b0\u1eddi. Tuy nhi\u00ean, c\u00f3 s\u1ee9c lay \u0111\u1ed9ng nh\u01b0 Con Bim tr\u1eafng tai \u0111en th\u00ec kh\u00f4ng t\u00e1c ph\u1ea9m n\u00e0o s\u00e1nh \u0111\u01b0\u1ee3c, cho d\u00f9 \u0111\u00f3 l\u00e0 Ti\u1ebfng g\u1ecdi c\u1ee7a Hoang D\u00e3, Nanh tr\u1eafng hay Ch\u00f3 hoang Dingo. H\u00e0ng tri\u1ec7u \u0111\u1ed9c gi\u1ea3 \u0111\u00e3 kh\u00f3c khi \u0111\u1ecdc t\u00e1c ph\u1ea9m n\u00e0y v\u00e0 kh\u00f4ng \u00edt ng\u01b0\u1eddi sau \u0111\u00f3 \u0111i l\u01b0\u1ee3m nh\u1eefng con ch\u00f3 b\u01a1 v\u01a1 kh\u00f4ng ch\u1ee7 \u0111em v\u1ec1 nh\u00e0 nu\u00f4i r\u1ed3i \u0111\u1eb7t t\u00ean l\u00e0 Bim \u0111\u1ec3 t\u01b0\u1edfng nh\u1edb t\u1edbi ch\u00fa ch\u00f3 s\u0103n b\u1ea5t h\u1ea1nh. Ch\u00ednh v\u00ec th\u1ebf, b\u00e0i th\u01a1 b\u1eb1ng v\u0103n xu\u00f4i ca ng\u1ee3i l\u00f2ng th\u1ee7y chung v\u00e0 s\u1ef1 t\u1eadn t\u1ee5y n\u00e0y \u0111\u01b0\u1ee3c li\u1ec7t v\u00e0o m\u1ed9t trong nh\u1eefng t\u00e1c ph\u1ea9m \u0111\u1eb7c s\u1eafc c\u1ee7a v\u0103n h\u1ecdc th\u1ebf k\u1ec9 XX.<\/p>\n<p>Th\u00f4ng tin t\u00e1c gi\u1ea3: Gavriil Troyepolsky (1905 &#8211; 1995)<\/p>\n<p>Gavriil Troyepolsky l\u00e0 m\u1ed9t nh\u00e0 b\u00e1o, nh\u00e0 v\u0103n X\u00f4 vi\u1ebft, sinh n\u0103m 1905 t\u1ea1i Voronzezh Oblast, Nga.<\/p>\n<p>Sau khi t\u1ed1t nghi\u1ec7p \u0111\u1ea1i h\u1ecdc N\u00f4ng nghi\u1ec7p n\u0103m 1924, \u00f4ng d\u1ea1y h\u1ecdc \u1edf n\u00f4ng th\u00f4n v\u00e0 t\u1eeb n\u0103m 1938 b\u1eaft \u0111\u1ea7u vi\u1ebft b\u00e0i cho b\u00e1o v\u00e0 t\u1ea1p ch\u00ed. \u00d4ng th\u01b0\u1eddng vi\u1ebft truy\u1ec7n ng\u1eafn, ti\u1ec3u lu\u1eadn li\u00ean quan \u0111\u1ebfn \u0111\u1ec1 t\u00e0i n\u00f4ng nghi\u1ec7p v\u00e0 l\u00e0 m\u1ed9t ng\u01b0\u1eddi r\u1ea5t y\u00eau qu\u00fd, g\u1eafn b\u00f3 v\u1edbi thi\u00ean nhi\u00ean.<\/p>\n<p>Cu\u1ed1n s\u00e1ch n\u1ed5i ti\u1ebfng nh\u1ea5t c\u1ee7a \u00f4ng, Con Bim tr\u1eafng tai \u0111en, ra \u0111\u1eddi n\u0103m 1971, \u0111\u01b0\u1ee3c coi l\u00e0 m\u1ed9t hi\u1ec7n t\u01b0\u1ee3ng v\u0103n h\u1ecdc th\u1ebf k\u1ec9 XX. Cu\u1ed1n s\u00e1ch \u0111\u00e3 \u0111\u01b0\u1ee3c d\u1ecbch ra 52 ng\u00f4n ng\u1eef v\u00e0 b\u1ed9 phim d\u1ef1a tr\u00ean ti\u1ec3u thuy\u1ebft n\u00e0y c\u1ee7a \u0111\u1ea1o di\u1ec5n Rostotsky n\u0103m 1977 c\u0169ng r\u1ea5t th\u00e0nh c\u00f4ng, \u0111\u01b0\u1ee3c \u0111\u1ec1 c\u1eed gi\u1ea3i Oscar cho Phim n\u01b0\u1edbc ngo\u00e0i hay nh\u1ea5t.<\/p>\n<p>V\u1edbi nh\u1eefng \u0111\u00f3ng g\u00f3p c\u1ee7a m\u00ecnh, Troyepolsky \u0111\u00e3 \u0111\u01b0\u1ee3c nh\u00e0 n\u01b0\u1edbc Li\u00ean X\u00f4 trao t\u1eb7ng Gi\u1ea3i th\u01b0\u1edfng Nh\u00e0 n\u01b0\u1edbc v\u00e0 Hu\u00e2n ch\u01b0\u01a1ng Lao \u0111\u1ed9ng C\u1edd \u0111\u1ecf. \u00d4ng qua \u0111\u1eddi ng\u00e0y 30 th\u00e1ng 6 n\u0103m 1995 t\u1ea1i Voronzezh. Ng\u00e0y nay, \u1edf \u0111\u00f3 v\u1eabn c\u00f2n b\u1ee9c t\u01b0\u1ee3ng ch\u00fa ch\u00f3 Bim, \u0111\u1ec3 t\u01b0\u1edfng nh\u1edb m\u1ed9t trong nh\u1eefng ch\u00fa ch\u00f3 n\u1ed5i ti\u1ebfng nh\u1ea5t trong l\u1ecbch s\u1eed v\u0103n h\u1ecdc.<\/p>\n","protected":false},"excerpt":{"rendered":"<p>Khi ph\u1ea3i l\u00ean th\u00e0nh ph\u1ed1 ch\u1eefa b\u1ec7nh, ng\u01b0\u1eddi th\u1ee3 s\u0103n Ivan Ivanych \u0111\u00e3 g\u1eedi Bim, ch\u00fa ch\u00f3 th\u00e2n y\u00eau c\u1ee7a m\u00ecnh, cho h\u00e0ng x\u00f3m tr\u00f4ng coi. Nh\u1edb ch\u1ee7 \u0111\u1ebfn n\u1ed1i b\u1ecf c\u1ea3 \u0103n, Bim quy\u1ebft \u0111\u1ecbnh ra \u0111i t\u00ecm ng\u01b0\u1eddi m\u00e0 su\u1ed1t b\u1ed1n n\u0103m chung s\u1ed1ng n\u00f3 ch\u01b0a bao gi\u1edd ph\u1ea3i r\u1eddi xa \u1ea5y. Lang thang h\u1ebft n\u01a1i n\u00e0y \u0111\u1ebfn n\u01a1i kh\u00e1c gi\u1eefa m\u00f9a \u0111\u00f4ng l\u1ea1nh gi\u00e1, Bim tr\u1ea3i qua kh\u00f4ng bi\u1ebft bao nhi\u00eau n\u1ed7i v\u1ea5t v\u1ea3 v\u00e0 gian nguy. B\u1ecb b\u1eaft, b\u1ecb nh\u1ed1t v\u00e0 h\u00e0nh h\u1ea1 \u0111\u1ebfn n\u1ed7i ch\u00e2n th\u00ec gi\u1eadp n\u00e1t c\u00f2n c\u01a1 th\u1ec3 ng\u00e0y c\u00e0ng t\u00e0n t\u1ea1, suy ki\u1ec7t song Bim v\u1eabn kh\u00f4ng thay \u0111\u1ed5i quy\u1ebft t\u00e2m. Nh\u01b0ng \u0111\u1ebfn khi ng\u01b0\u1eddi ch\u1ee7 th\u00e2n y\u00eau g\u1eb7p \u0111\u01b0\u1ee3c Bim, th\u00ec n\u00f3 \u0111\u00e3 ra \u0111i m\u00e3i m\u00e3i. B\u0103ng tuy\u1ebft r\u01a1i tr\u00ean c\u00e1nh m\u0169i Bim kh\u00f4ng th\u1ec3 tan ra b\u1edfi h\u01a1i \u1ea5m c\u01a1 th\u1ec3 \u0111\u00e3 kh\u00f4ng c\u00f2n.<\/p>\n<p>Tr\u00ean th\u1ebf gi\u1edbi \u0111\u00e3 c\u00f3 r\u1ea5t nhi\u1ec1u t\u00e1c ph\u1ea9m c\u1ea3m \u0111\u1ed9ng vi\u1ebft v\u1ec1 ch\u00f3, m\u1ed9t lo\u00e0i v\u1eadt th\u00e2n thi\u1ebft v\u00e0 g\u1ea7n g\u0169i v\u1edbi con ng\u01b0\u1eddi. Tuy nhi\u00ean, c\u00f3 s\u1ee9c lay \u0111\u1ed9ng nh\u01b0 Con Bim tr\u1eafng tai \u0111en th\u00ec kh\u00f4ng t\u00e1c ph\u1ea9m n\u00e0o s\u00e1nh \u0111\u01b0\u1ee3c, cho d\u00f9 \u0111\u00f3 l\u00e0 Ti\u1ebfng g\u1ecdi c\u1ee7a Hoang D\u00e3, Nanh tr\u1eafng hay Ch\u00f3 hoang Dingo. H\u00e0ng tri\u1ec7u \u0111\u1ed9c gi\u1ea3 \u0111\u00e3 kh\u00f3c khi \u0111\u1ecdc t\u00e1c ph\u1ea9m n\u00e0y v\u00e0 kh\u00f4ng \u00edt ng\u01b0\u1eddi sau \u0111\u00f3 \u0111i l\u01b0\u1ee3m nh\u1eefng con ch\u00f3 b\u01a1 v\u01a1 kh\u00f4ng ch\u1ee7 \u0111em v\u1ec1 nh\u00e0 nu\u00f4i r\u1ed3i \u0111\u1eb7t t\u00ean l\u00e0 Bim \u0111\u1ec3 t\u01b0\u1edfng nh\u1edb t\u1edbi ch\u00fa ch\u00f3 s\u0103n b\u1ea5t h\u1ea1nh. Ch\u00ednh v\u00ec th\u1ebf, b\u00e0i th\u01a1 b\u1eb1ng v\u0103n xu\u00f4i ca ng\u1ee3i l\u00f2ng th\u1ee7y chung v\u00e0 s\u1ef1 t\u1eadn t\u1ee5y n\u00e0y \u0111\u01b0\u1ee3c li\u1ec7t v\u00e0o m\u1ed9t trong nh\u1eefng t\u00e1c ph\u1ea9m \u0111\u1eb7c s\u1eafc c\u1ee7a v\u0103n h\u1ecdc th\u1ebf k\u1ec9 XX.<\/p>\n","protected":false},"featured_media":10117,"template":"","meta":{"_acf_changed":false},"product_brand":[],"product_cat":[77],"product_tag":[],"class_list":{"0":"post-10127","1":"product","2":"type-product","3":"status-publish","4":"has-post-thumbnail","6":"product_cat-van-hoc-kinh-dien","8":"first","9":"outofstock","10":"taxable","11":"shipping-taxable","12":"purchasable","13":"product-type-simple"},"supplier_id":null,"supplier_sku":"","barcode":null,"atum_controlled":true,"out_stock_date":"2022-11-30 12:09:26","out_stock_threshold":null,"inheritable":false,"inbound_stock":0,"stock_on_hold":0,"sold_today":0,"sales_last_days":0,"reserved_stock":0,"customer_returns":0,"warehouse_damage":0,"lost_in_post":0,"other_logs":0,"out_stock_days":1155,"lost_sales":0,"has_location":false,"update_date":"2026-01-28T23:10:45","atum_locations":[],"atum_stock_status":"outofstock","restock_status":false,"low_stock_amount":"","sales_update_date":"2026-01-28T23:10:45","calc_backorders":null,"acf":{"publisher":{"ID":1544,"post_author":"1","post_date":"2021-02-17 01:24:05","post_date_gmt":"2021-02-16 23:24:05","post_content":"","post_title":"\u0110\u00f4ng A","post_excerpt":"","post_status":"publish","comment_status":"closed","ping_status":"closed","post_password":"","post_name":"dong-a","to_ping":"","pinged":"","post_modified":"2021-02-17 01:24:05","post_modified_gmt":"2021-02-16 23:24:05","post_content_filtered":"","post_parent":0,"guid":"https:\/\/sachviet.eu\/nha-phat-hanh\/dong-a\/","menu_order":0,"post_type":"publisher","post_mime_type":"","comment_count":"0","filter":"raw"}},"_links":{"self":[{"href":"https:\/\/sachviet.eu\/en\/wp-json\/wp\/v2\/product\/10127","targetHints":{"allow":["GET"]}}],"collection":[{"href":"https:\/\/sachviet.eu\/en\/wp-json\/wp\/v2\/product"}],"about":[{"href":"https:\/\/sachviet.eu\/en\/wp-json\/wp\/v2\/types\/product"}],"wp:featuredmedia":[{"embeddable":true,"href":"https:\/\/sachviet.eu\/en\/wp-json\/wp\/v2\/media\/10117"}],"wp:attachment":[{"href":"https:\/\/sachviet.eu\/en\/wp-json\/wp\/v2\/media?parent=10127"}],"wp:term":[{"taxonomy":"product_brand","embeddable":true,"href":"https:\/\/sachviet.eu\/en\/wp-json\/wp\/v2\/product_brand?post=10127"},{"taxonomy":"product_cat","embeddable":true,"href":"https:\/\/sachviet.eu\/en\/wp-json\/wp\/v2\/product_cat?post=10127"},{"taxonomy":"product_tag","embeddable":true,"href":"https:\/\/sachviet.eu\/en\/wp-json\/wp\/v2\/product_tag?post=10127"}],"curies":[{"name":"wp","href":"https:\/\/api.w.org\/{rel}","templated":true}]}}