{"id":10116,"date":"2021-06-02T18:18:37","date_gmt":"2021-06-02T15:18:37","guid":{"rendered":"https:\/\/sachviet.eu\/shop\/lu-tre-duong-ray-dong-a\/"},"modified":"2023-04-11T18:05:38","modified_gmt":"2023-04-11T15:05:38","slug":"lu-tre-duong-ray-dong-a","status":"publish","type":"product","link":"https:\/\/sachviet.eu\/en\/shop\/lu-tre-duong-ray-dong-a\/","title":{"rendered":"L\u0169 tr\u1ebb \u0111\u01b0\u1eddng ray (\u0110\u00f4ng A)"},"content":{"rendered":"<p>T\u1eeb bu\u1ed5i t\u1ed1i cha b\u1ecb hai ng\u01b0\u1eddi l\u1ea1 m\u1eb7t \u0111\u01b0a \u0111i, cu\u1ed9c s\u1ed1ng c\u1ee7a ba chi\u0323 em Roberta, Peter v\u00e0 Phyllis ho\u00e0n to\u00e0n \u0111\u1ea3o l\u1ed9n. \u0110ang s\u1ed1ng \u0111\u1ea7y \u0111\u1ee7 trong ng\u00f4i bi\u1ec7t th\u1ef1 ti\u1ec7n nghi \u1edf London, ca\u0301c em ph\u1ea3i c\u00f9ng m\u1eb9 chuy\u1ec3n v\u1ec1 n\u00f4ng th\u00f4n s\u1ed1ng kh\u00f3 kh\u0103n v\u1ea5t v\u1ea3 trong m\u1ed9t ng\u00f4i nh\u00e0 nh\u1ecf.<\/p>\n<p>T\u1ea1i n\u01a1i xa l\u1ea1 kh\u00f4ng ai quen bi\u1ebft, lu\u0303 tre\u0309 t\u00ecm vui b\u00ean con \u0111\u01b0\u1eddng s\u1eaft ch\u1ea1y ngang qua \u0111o\u0301. Ca\u0301c em k\u1ebft b\u1ea1n v\u1edbi Peck, ng\u01b0\u1eddi b\u1ea3o v\u1ec7 nh\u00e0 ga, h\u1ecdc h\u1ecfi nh\u1eefng ki\u1ebfn th\u1ee9c v\u1ec1 t\u00e0u h\u1ecfa c\u1ee7a \u00f4ng v\u00e0 th\u1ef1c hi\u1ec7n nh\u1eefng cu\u1ed9c phi\u00eau l\u01b0u nho nh\u1ecf. Ca\u0301c em c\u00f2n c\u00f3 ni\u1ec1m vui ng\u00e0y n\u00e0o c\u0169ng v\u1eaby ch\u00e0o m\u1ed9t \u00f4ng gi\u00e0 qu\u00fd ph\u00e1i \u0111i t\u00e0u ngang qua va\u0300o m\u00f4\u0323t gi\u01a1\u0300 nh\u00e2\u0301t \u0111i\u0323nh. Sau khi ca\u0301c em c\u1ee9u \u0111\u01b0\u1ee3c m\u1ed9t \u0111o\u00e0n t\u00e0u kh\u1ecfi tai n\u1ea1n kinh kh\u1ee7ng, \u00f4ng gi\u00e0 qu\u00fd ph\u00e1i ng\u00e0y c\u00e0ng th\u00e2n thi\u1ebft v\u1edbi bo\u0323n tre\u0309 h\u01a1n v\u00e0 gi\u00fap ch\u00fang t\u00ecm hi\u1ec3u v\u00ec sao cha l\u1ea1i bi\u1ebfn m\u1ea5t m\u1ed9t c\u00e1ch b\u00ed \u1ea9n.<\/p>\n<p>Tr\u00e0n \u0111\u1ea7y nh\u1eefng m\u00f4 t\u1ea3 sinh \u0111\u1ed9ng v\u1ec1 cu\u1ed9c s\u1ed1ng th\u00f4n d\u00e3, c\u00f9ng nh\u1eefng m\u1ea9u chuy\u1ec7n c\u1ea3m \u0111\u1ed9ng v\u1ec1 t\u00ecnh y\u00eau th\u01b0\u01a1ng, tr\u00e1ch nhi\u1ec7m v\u00e0 l\u00f2ng can \u0111\u1ea3m, L\u0169 tr\u1ebb \u0111\u01b0\u1eddng ray (1906) l\u00e0 t\u00e1c ph\u1ea9m kinh \u0111i\u1ec3n c\u1ee7a v\u0103n h\u1ecdc thi\u1ebfu nhi. Cu\u1ed1n s\u00e1ch \u0111\u00e3 nhi\u1ec1u l\u1ea7n \u0111\u01b0\u1ee3c \u0111\u01b0a l\u00ean m\u00e0n \u1ea3nh, v\u1edbi c\u1ea3 phi\u00ean b\u1ea3n phim \u0111i\u1ec7n \u1ea3nh v\u00e0 truy\u1ec1n h\u00ecnh.<\/p>\n<p>T\u00e1c ph\u1ea9m n\u1eb1m trong t\u1ee7 s\u00e1ch \u0110\u00f4ng A Classics.<\/p>\n<p>Th\u00f4ng tin t\u00e1c gi\u1ea3: Edith Nesbit sinh n\u0103m 1858 t\u1ea1i Kennington, Surrey, Anh qu\u1ed1c, l\u00e0 nh\u00e0 v\u0103n, nh\u00e0 th\u01a1 n\u1ed5i ti\u1ebfng trong th\u1ec3 lo\u1ea1i v\u0103n h\u1ecdc thi\u1ebfu nhi. Khi b\u00e0 c\u00f2n nh\u1ecf, gia \u0111\u00ecnh b\u00e0 s\u1ed1ng \u1edf nhi\u1ec1u n\u01a1i t\u1ea1i Anh, Ph\u00e1p, T\u00e2y Ban Nha, \u0110\u1ee9c tr\u01b0\u1edbc khi \u0111\u1ecbnh c\u01b0 trong ba n\u0103m t\u1ea1i Halstead, Anh, v\u00f9ng \u0111\u1ea5t \u0111\u00e3 truy\u1ec1n c\u1ea3m h\u1ee9ng cho t\u00e1c ph\u1ea9m L\u0169 tr\u1ebb \u0111\u01b0\u1eddng ray sau n\u00e0y.<\/p>\n<p>Trong su\u1ed1t s\u1ef1 nghi\u1ec7p c\u1ee7a m\u00ecnh, E.Nesbit \u0111\u00e3 s\u00e1ng t\u00e1c v\u00e0 vi\u1ebft chung h\u01a1n 60 cu\u1ed1n s\u00e1ch cho tr\u1ebb em, bao g\u1ed3m c\u1ea3 ti\u1ec3u thuy\u1ebft, t\u1eadp truy\u1ec7n v\u00e0 s\u00e1ch tranh trong \u0111\u00f3 c\u00f3 Chuy\u1ec7n nh\u1eefng k\u1ebb t\u00ecm kho b\u00e1u (1899),Ph\u01b0\u1ee3ng ho\u00e0ng v\u00e0 t\u1ea5m th\u1ea3m bay (1904), L\u0169 tr\u1ebb \u0111\u01b0\u1eddng ray (1906), L\u00e2u \u0111\u00e0i th\u1ea7n b\u00ed (1907)&#8230; Nh\u1eefng s\u00e1ng t\u1ea1o c\u1ee7a b\u00e0 trong vi\u1ec7c k\u1ebft h\u1ee3p th\u1ebf gi\u1edbi th\u1ef1c v\u1edbi th\u1ebf gi\u1edbi \u1ea3o \u0111\u00e3 \u1ea3nh h\u01b0\u1edfng t\u1edbi nhi\u1ec1u t\u00e1c gi\u1ea3 n\u1ed5i ti\u1ebfng sau n\u00e0y nh\u01b0 PL Travers (Mary Poppins), J.K. Rowling (Harry Potter), C.S. Lewis (Bi\u00ean ni\u00ean s\u1eed Narnia)&#8230;<\/p>\n<p>Kh\u00f4ng ch\u1ec9 vi\u1ebft v\u0103n, E.Nesbit c\u00f2n l\u00e0 m\u1ed9t nh\u00e0 ho\u1ea1t \u0111\u1ed9ng x\u00e3 h\u1ed9i h\u0103ng say. B\u00e0 m\u1ea5t ng\u00e0y 4 th\u00e1ng 5 n\u0103m 1924 v\u00ec ung th\u01b0 ph\u1ed5i.<\/p>\n","protected":false},"excerpt":{"rendered":"<p>T\u1eeb bu\u1ed5i t\u1ed1i cha b\u1ecb hai ng\u01b0\u1eddi l\u1ea1 m\u1eb7t \u0111\u01b0a \u0111i, cu\u1ed9c s\u1ed1ng c\u1ee7a ba chi\u0323 em Roberta, Peter v\u00e0 Phyllis ho\u00e0n to\u00e0n \u0111\u1ea3o l\u1ed9n. \u0110ang s\u1ed1ng \u0111\u1ea7y \u0111\u1ee7 trong ng\u00f4i bi\u1ec7t th\u1ef1 ti\u1ec7n nghi \u1edf London, ca\u0301c em ph\u1ea3i c\u00f9ng m\u1eb9 chuy\u1ec3n v\u1ec1 n\u00f4ng th\u00f4n s\u1ed1ng kh\u00f3 kh\u0103n v\u1ea5t v\u1ea3 trong m\u1ed9t ng\u00f4i nh\u00e0 nh\u1ecf.<\/p>\n<p>T\u1ea1i n\u01a1i xa l\u1ea1 kh\u00f4ng ai quen bi\u1ebft, lu\u0303 tre\u0309 t\u00ecm vui b\u00ean con \u0111\u01b0\u1eddng s\u1eaft ch\u1ea1y ngang qua \u0111o\u0301. Ca\u0301c em k\u1ebft b\u1ea1n v\u1edbi Peck, ng\u01b0\u1eddi b\u1ea3o v\u1ec7 nh\u00e0 ga, h\u1ecdc h\u1ecfi nh\u1eefng ki\u1ebfn th\u1ee9c v\u1ec1 t\u00e0u h\u1ecfa c\u1ee7a \u00f4ng v\u00e0 th\u1ef1c hi\u1ec7n nh\u1eefng cu\u1ed9c phi\u00eau l\u01b0u nho nh\u1ecf. Ca\u0301c em c\u00f2n c\u00f3 ni\u1ec1m vui ng\u00e0y n\u00e0o c\u0169ng v\u1eaby ch\u00e0o m\u1ed9t \u00f4ng gi\u00e0 qu\u00fd ph\u00e1i \u0111i t\u00e0u ngang qua va\u0300o m\u00f4\u0323t gi\u01a1\u0300 nh\u00e2\u0301t \u0111i\u0323nh. Sau khi ca\u0301c em c\u1ee9u \u0111\u01b0\u1ee3c m\u1ed9t \u0111o\u00e0n t\u00e0u kh\u1ecfi tai n\u1ea1n kinh kh\u1ee7ng, \u00f4ng gi\u00e0 qu\u00fd ph\u00e1i ng\u00e0y c\u00e0ng th\u00e2n thi\u1ebft v\u1edbi bo\u0323n tre\u0309 h\u01a1n v\u00e0 gi\u00fap ch\u00fang t\u00ecm hi\u1ec3u v\u00ec sao cha l\u1ea1i bi\u1ebfn m\u1ea5t m\u1ed9t c\u00e1ch b\u00ed \u1ea9n.<\/p>\n<p>Tr\u00e0n \u0111\u1ea7y nh\u1eefng m\u00f4 t\u1ea3 sinh \u0111\u1ed9ng v\u1ec1 cu\u1ed9c s\u1ed1ng th\u00f4n d\u00e3, c\u00f9ng nh\u1eefng m\u1ea9u chuy\u1ec7n c\u1ea3m \u0111\u1ed9ng v\u1ec1 t\u00ecnh y\u00eau th\u01b0\u01a1ng, tr\u00e1ch nhi\u1ec7m v\u00e0 l\u00f2ng can \u0111\u1ea3m, L\u0169 tr\u1ebb \u0111\u01b0\u1eddng ray (1906) l\u00e0 t\u00e1c ph\u1ea9m kinh \u0111i\u1ec3n c\u1ee7a v\u0103n h\u1ecdc thi\u1ebfu nhi. Cu\u1ed1n s\u00e1ch \u0111\u00e3 nhi\u1ec1u l\u1ea7n \u0111\u01b0\u1ee3c \u0111\u01b0a l\u00ean m\u00e0n \u1ea3nh, v\u1edbi c\u1ea3 phi\u00ean b\u1ea3n phim \u0111i\u1ec7n \u1ea3nh v\u00e0 truy\u1ec1n h\u00ecnh.<\/p>\n<p>T\u00e1c ph\u1ea9m n\u1eb1m trong t\u1ee7 s\u00e1ch \u0110\u00f4ng A Classics.<\/p>\n","protected":false},"featured_media":10114,"template":"","meta":{"_acf_changed":false},"product_brand":[],"product_cat":[77],"product_tag":[],"class_list":{"0":"post-10116","1":"product","2":"type-product","3":"status-publish","4":"has-post-thumbnail","6":"product_cat-van-hoc-kinh-dien","8":"first","9":"outofstock","10":"taxable","11":"shipping-taxable","12":"purchasable","13":"product-type-simple"},"supplier_id":null,"supplier_sku":"","barcode":null,"atum_controlled":true,"out_stock_date":"2023-04-11 15:05:38","out_stock_threshold":null,"inheritable":false,"inbound_stock":0,"stock_on_hold":0,"sold_today":0,"sales_last_days":0,"reserved_stock":0,"customer_returns":0,"warehouse_damage":0,"lost_in_post":0,"other_logs":0,"out_stock_days":1023,"lost_sales":0,"has_location":false,"update_date":"2026-01-28T23:10:45","atum_locations":[],"atum_stock_status":"outofstock","restock_status":false,"low_stock_amount":"","sales_update_date":"2026-01-28T23:10:45","calc_backorders":null,"acf":{"publisher":{"ID":1544,"post_author":"1","post_date":"2021-02-17 01:24:05","post_date_gmt":"2021-02-16 23:24:05","post_content":"","post_title":"\u0110\u00f4ng A","post_excerpt":"","post_status":"publish","comment_status":"closed","ping_status":"closed","post_password":"","post_name":"dong-a","to_ping":"","pinged":"","post_modified":"2021-02-17 01:24:05","post_modified_gmt":"2021-02-16 23:24:05","post_content_filtered":"","post_parent":0,"guid":"https:\/\/sachviet.eu\/nha-phat-hanh\/dong-a\/","menu_order":0,"post_type":"publisher","post_mime_type":"","comment_count":"0","filter":"raw"}},"_links":{"self":[{"href":"https:\/\/sachviet.eu\/en\/wp-json\/wp\/v2\/product\/10116","targetHints":{"allow":["GET"]}}],"collection":[{"href":"https:\/\/sachviet.eu\/en\/wp-json\/wp\/v2\/product"}],"about":[{"href":"https:\/\/sachviet.eu\/en\/wp-json\/wp\/v2\/types\/product"}],"wp:featuredmedia":[{"embeddable":true,"href":"https:\/\/sachviet.eu\/en\/wp-json\/wp\/v2\/media\/10114"}],"wp:attachment":[{"href":"https:\/\/sachviet.eu\/en\/wp-json\/wp\/v2\/media?parent=10116"}],"wp:term":[{"taxonomy":"product_brand","embeddable":true,"href":"https:\/\/sachviet.eu\/en\/wp-json\/wp\/v2\/product_brand?post=10116"},{"taxonomy":"product_cat","embeddable":true,"href":"https:\/\/sachviet.eu\/en\/wp-json\/wp\/v2\/product_cat?post=10116"},{"taxonomy":"product_tag","embeddable":true,"href":"https:\/\/sachviet.eu\/en\/wp-json\/wp\/v2\/product_tag?post=10116"}],"curies":[{"name":"wp","href":"https:\/\/api.w.org\/{rel}","templated":true}]}}