{"id":10113,"date":"2021-06-02T18:18:23","date_gmt":"2021-06-02T15:18:23","guid":{"rendered":"https:\/\/sachviet.eu\/shop\/dao-giau-vang-dong-a\/"},"modified":"2022-11-30T14:13:53","modified_gmt":"2022-11-30T12:13:53","slug":"dao-giau-vang-dong-a","status":"publish","type":"product","link":"https:\/\/sachviet.eu\/en\/shop\/dao-giau-vang-dong-a\/","title":{"rendered":"\u0110\u1ea3o\u00a0gi\u1ea5u v\u00e0ng (\u0110\u00f4ng A)"},"content":{"rendered":"<p>Ng\u00e0y n\u1ecd, m\u1ed9t th\u1ee7y th\u1ee7 gi\u00e0 t\u00ean l\u00e0 Billy Bones \u0111\u1ebfn \u1edf t\u1ea1i qu\u00e1n tr\u1ecd c\u1ee7a gia \u0111\u00ecnh c\u1eadu b\u00e9 Jim Hawkins v\u00e0 v\u00f4 t\u00ecnh l\u1ed9 ra vi\u1ec7c h\u1eafn ta v\u1ed1n l\u00e0 th\u00e0nh vi\u00ean c\u0169 \u0111ang tr\u1ed1n ch\u1ea1y c\u1ee7a b\u0103ng c\u01b0\u1edbp bi\u1ec3n do thuy\u1ec1n tr\u01b0\u1edfng Flint huy\u1ec1n tho\u1ea1i c\u1ea7m \u0111\u1ea7u. Tr\u01b0\u1edbc khi ch\u1ebft, Bill \u0111\u00e3 ti\u1ebft l\u1ed9 cho Jim v\u1ec1 kho b\u00e1u c\u1ee7a b\u0103ng Flint, c\u00f9ng v\u1edbi b\u1ea3n \u0111\u1ed3 h\u1eafn \u0111ang gi\u1eef v\u00e0 Jim \u0111\u00e3 l\u1ea5y \u0111\u01b0\u1ee3c b\u1ea3n \u0111\u1ed3 tr\u01b0\u1edbc khi \u0111\u1ed3ng b\u1ecdn c\u1ee7a Bill t\u00ecm \u0111\u1ebfn. K\u1ec3 t\u1eeb \u0111\u00f3, Jim b\u1eaft \u0111\u1ea7u cu\u1ed9c \u0111\u1ed1i \u0111\u1ea7u \u0111\u1ea7y m\u1ea1o hi\u1ec3m v\u1edbi b\u1ecdn c\u01b0\u1edbp bi\u1ec3n tr\u00ean h\u00e0nh tr\u00ecnh t\u1edbi \u0110\u1ea3o gi\u1ea5u v\u00e0ng \u0111\u1ec3 t\u00ecm ra kho b\u00e1u.<\/p>\n<p>V\u1edbi nh\u1eefng t\u00ecnh ti\u1ebft h\u1ed3i h\u1ed9p th\u00f3t tim, nh\u1eefng nh\u00e2n v\u1eadt l\u1ea1 l\u00f9ng \u0111\u1ed9c \u0111\u00e1o, \u0110\u1ea3o gi\u1ea5u v\u00e0ng l\u00e0 m\u1ed9t trong nh\u1eefng t\u00e1c ph\u1ea9m xu\u1ea5t s\u1eafc nh\u1ea5t c\u1ee7a t\u00e1c gi\u1ea3 Robert Louis Stevenson, \u0111\u01b0\u1ee3c c\u1ea3 c\u00e1c nh\u00e0 ph\u00ea b\u00ecnh v\u00e0 b\u1ea1n \u0111\u1ecdc \u0111\u00e1nh gi\u00e1 cao, v\u1edbi h\u01a1n 50 l\u1ea7n \u0111\u01b0\u1ee3c \u0111\u01b0a l\u00ean m\u00e0n \u1ea3nh v\u00e0 s\u00e2n kh\u1ea5u.<\/p>\n<p>T\u00e1c ph\u1ea9m n\u1eb1m trong t\u1ee7 s\u00e1ch \u0110\u00f4ng A Classics.<\/p>\n<p>Th\u00f4ng tin t\u00e1c gi\u1ea3: Robert Louis Stevenson (1850 &#8211; 1894)<\/p>\n<p>Robert Louis Stevenson sinh n\u0103m 1850 t\u1ea1i Edinburght, Scotland. Ngay t\u1eeb khi c\u00f2n b\u00e9 \u00f4ng \u0111\u00e3 say m\u00ea vi\u1ebft l\u00e1ch. V\u00ec v\u1eady, d\u00f9 \u0111\u00e3 h\u1ecdc ng\u00e0nh k\u0129 thu\u1eadt \u1edf \u0111\u1ea1i h\u1ecdc, \u00f4ng v\u1eabn t\u1eeb b\u1ecf \u0111\u1ec3 \u0111i theo ti\u1ebfng g\u1ecdi c\u1ee7a v\u0103n ch\u01b0\u01a1ng.<\/p>\n<p>S\u1ef1 nghi\u1ec7p v\u0103n h\u1ecdc c\u1ee7a Stevenson r\u1ea5t th\u00e0nh c\u00f4ng. \u00d4ng l\u00e0 m\u1ed9t trong 30 t\u00e1c gi\u1ea3 c\u00f3 s\u00e1ch \u0111\u01b0\u1ee3c d\u1ecbch nhi\u1ec1u nh\u1ea5t th\u1ebf gi\u1edbi, x\u1ebfp ngay sau Charles Dickens. C\u00e1c t\u00e1c ph\u1ea9m phi\u00eau l\u01b0u, li k\u00ec c\u1ee7a \u00f4ng nh\u01b0 \u0110\u1ea3o gi\u1ea5u v\u00e0ng (1883), B\u1ecb b\u1eaft c\u00f3c (1886), C\u00e2u chuy\u1ec7n k\u00ec l\u1ea1 c\u1ee7a b\u00e1c s\u0129 Jekyll v\u00e0 ng\u00e0i Hyde (1886)&#8230; lu\u00f4n \u0111\u01b0\u1ee3c c\u1ea3 thi\u1ebfu ni\u00ean v\u00e0 ng\u01b0\u1eddi tr\u01b0\u1edfng th\u00e0nh \u01b0a th\u00edch.<\/p>\n<p>Stevenson m\u1ea5t ng\u00e0y 3 th\u00e1ng 12 n\u0103m 1894 khi m\u1edbi 44 tu\u1ed5i.<\/p>\n","protected":false},"excerpt":{"rendered":"<p>Ng\u00e0y n\u1ecd, m\u1ed9t th\u1ee7y th\u1ee7 gi\u00e0 t\u00ean l\u00e0 Billy Bones \u0111\u1ebfn \u1edf t\u1ea1i qu\u00e1n tr\u1ecd c\u1ee7a gia \u0111\u00ecnh c\u1eadu b\u00e9 Jim Hawkins v\u00e0 v\u00f4 t\u00ecnh l\u1ed9 ra vi\u1ec7c h\u1eafn ta v\u1ed1n l\u00e0 th\u00e0nh vi\u00ean c\u0169 \u0111ang tr\u1ed1n ch\u1ea1y c\u1ee7a b\u0103ng c\u01b0\u1edbp bi\u1ec3n do thuy\u1ec1n tr\u01b0\u1edfng Flint huy\u1ec1n tho\u1ea1i c\u1ea7m \u0111\u1ea7u. Tr\u01b0\u1edbc khi ch\u1ebft, Bill \u0111\u00e3 ti\u1ebft l\u1ed9 cho Jim v\u1ec1 kho b\u00e1u c\u1ee7a b\u0103ng Flint, c\u00f9ng v\u1edbi b\u1ea3n \u0111\u1ed3 h\u1eafn \u0111ang gi\u1eef v\u00e0 Jim \u0111\u00e3 l\u1ea5y \u0111\u01b0\u1ee3c b\u1ea3n \u0111\u1ed3 tr\u01b0\u1edbc khi \u0111\u1ed3ng b\u1ecdn c\u1ee7a Bill t\u00ecm \u0111\u1ebfn. K\u1ec3 t\u1eeb \u0111\u00f3, Jim b\u1eaft \u0111\u1ea7u cu\u1ed9c \u0111\u1ed1i \u0111\u1ea7u \u0111\u1ea7y m\u1ea1o hi\u1ec3m v\u1edbi b\u1ecdn c\u01b0\u1edbp bi\u1ec3n tr\u00ean h\u00e0nh tr\u00ecnh t\u1edbi \u0110\u1ea3o gi\u1ea5u v\u00e0ng \u0111\u1ec3 t\u00ecm ra kho b\u00e1u.<\/p>\n<p>V\u1edbi nh\u1eefng t\u00ecnh ti\u1ebft h\u1ed3i h\u1ed9p th\u00f3t tim, nh\u1eefng nh\u00e2n v\u1eadt l\u1ea1 l\u00f9ng \u0111\u1ed9c \u0111\u00e1o, \u0110\u1ea3o gi\u1ea5u v\u00e0ng l\u00e0 m\u1ed9t trong nh\u1eefng t\u00e1c ph\u1ea9m xu\u1ea5t s\u1eafc nh\u1ea5t c\u1ee7a t\u00e1c gi\u1ea3 Robert Louis Stevenson, \u0111\u01b0\u1ee3c c\u1ea3 c\u00e1c nh\u00e0 ph\u00ea b\u00ecnh v\u00e0 b\u1ea1n \u0111\u1ecdc \u0111\u00e1nh gi\u00e1 cao, v\u1edbi h\u01a1n 50 l\u1ea7n \u0111\u01b0\u1ee3c \u0111\u01b0a l\u00ean m\u00e0n \u1ea3nh v\u00e0 s\u00e2n kh\u1ea5u.<\/p>\n<p>T\u00e1c ph\u1ea9m n\u1eb1m trong t\u1ee7 s\u00e1ch \u0110\u00f4ng A Classics.<\/p>\n","protected":false},"featured_media":10111,"template":"","meta":{"_acf_changed":false},"product_brand":[],"product_cat":[77],"product_tag":[],"class_list":{"0":"post-10113","1":"product","2":"type-product","3":"status-publish","4":"has-post-thumbnail","6":"product_cat-van-hoc-kinh-dien","8":"first","9":"outofstock","10":"taxable","11":"shipping-taxable","12":"purchasable","13":"product-type-simple"},"supplier_id":null,"supplier_sku":"","barcode":null,"atum_controlled":true,"out_stock_date":"2022-11-30 12:13:53","out_stock_threshold":null,"inheritable":false,"inbound_stock":0,"stock_on_hold":0,"sold_today":0,"sales_last_days":0,"reserved_stock":0,"customer_returns":0,"warehouse_damage":0,"lost_in_post":0,"other_logs":0,"out_stock_days":1155,"lost_sales":0,"has_location":false,"update_date":"2026-01-28T23:10:45","atum_locations":[],"atum_stock_status":"outofstock","restock_status":false,"low_stock_amount":"","sales_update_date":"2026-01-28T23:10:45","calc_backorders":null,"acf":{"publisher":{"ID":1544,"post_author":"1","post_date":"2021-02-17 01:24:05","post_date_gmt":"2021-02-16 23:24:05","post_content":"","post_title":"\u0110\u00f4ng A","post_excerpt":"","post_status":"publish","comment_status":"closed","ping_status":"closed","post_password":"","post_name":"dong-a","to_ping":"","pinged":"","post_modified":"2021-02-17 01:24:05","post_modified_gmt":"2021-02-16 23:24:05","post_content_filtered":"","post_parent":0,"guid":"https:\/\/sachviet.eu\/nha-phat-hanh\/dong-a\/","menu_order":0,"post_type":"publisher","post_mime_type":"","comment_count":"0","filter":"raw"}},"_links":{"self":[{"href":"https:\/\/sachviet.eu\/en\/wp-json\/wp\/v2\/product\/10113","targetHints":{"allow":["GET"]}}],"collection":[{"href":"https:\/\/sachviet.eu\/en\/wp-json\/wp\/v2\/product"}],"about":[{"href":"https:\/\/sachviet.eu\/en\/wp-json\/wp\/v2\/types\/product"}],"wp:featuredmedia":[{"embeddable":true,"href":"https:\/\/sachviet.eu\/en\/wp-json\/wp\/v2\/media\/10111"}],"wp:attachment":[{"href":"https:\/\/sachviet.eu\/en\/wp-json\/wp\/v2\/media?parent=10113"}],"wp:term":[{"taxonomy":"product_brand","embeddable":true,"href":"https:\/\/sachviet.eu\/en\/wp-json\/wp\/v2\/product_brand?post=10113"},{"taxonomy":"product_cat","embeddable":true,"href":"https:\/\/sachviet.eu\/en\/wp-json\/wp\/v2\/product_cat?post=10113"},{"taxonomy":"product_tag","embeddable":true,"href":"https:\/\/sachviet.eu\/en\/wp-json\/wp\/v2\/product_tag?post=10113"}],"curies":[{"name":"wp","href":"https:\/\/api.w.org\/{rel}","templated":true}]}}