{"id":10105,"date":"2021-06-02T18:17:47","date_gmt":"2021-06-02T15:17:47","guid":{"rendered":"https:\/\/sachviet.eu\/shop\/co-tich-viet-nam-cho-be-mau-giao-set-20-quyen\/"},"modified":"2021-10-07T20:44:44","modified_gmt":"2021-10-07T17:44:44","slug":"co-tich-viet-nam-cho-be-mau-giao-set-20-quyen","status":"publish","type":"product","link":"https:\/\/sachviet.eu\/en\/shop\/co-tich-viet-nam-cho-be-mau-giao-set-20-quyen\/","title":{"rendered":"C\u1ed5 t\u00edch Vi\u1ec7t Nam cho b\u00e9 m\u1eabu gi\u00e1o &#8211; Set 20 quy\u1ec3n"},"content":{"rendered":"<p>Kho t\u00e0ng truy\u1ec7n c\u1ed5 t\u00edch Vi\u1ec7t Nam c\u0169ng \u0111a d\u1ea1ng, phong ph\u00fa v\u00e0 h\u1ea5p d\u1eabn kh\u00f4ng thua k\u00e9m nh\u1eefng c\u00e2u chuy\u1ec7n c\u1ed5 \u0111\u1ebfn t\u1eeb c\u00e1c qu\u1ed1c gia kh\u00e1c. Truy\u1ec7n c\u1ed5 t\u00edch Vi\u1ec7t Nam mang t\u1edbi cho ng\u01b0\u1eddi \u0111\u1ecdc \u00fd ngh\u0129a nh\u00e2n v\u0103n r\u1ea5t s\u00e2u s\u1eafc, kh\u00f4ng ch\u1ec9 mang n\u00e9t \u0111\u1eb9p v\u0103n ho\u00e1 truy\u1ec1n th\u1ed1ng, m\u00e0 c\u00f2n g\u1ea7n g\u0169i v\u1edbi b\u1ea5t k\u00ec ng\u01b0\u1eddi \u0111\u1ecdc n\u00e0o. Nh\u1eefng c\u00e2u chuy\u1ec7n nh\u01b0 chim th\u1ea7n tr\u1ea3 \u01a1n \u0103n kh\u1ebf b\u1eb1ng v\u00e0ng, hay ch\u00fa Cu\u1ed9i ng\u1ed3i tr\u00ean cung Tr\u0103ng, Th\u00e1nh Gi\u00f3ng c\u01b0\u1ee1i ng\u1ef1a s\u1eaft v\u1ec1 tr\u1eddi&#8230; \u0111\u00e3 in v\u00e0o t\u00e2m tr\u00ed c\u1ee7a ng\u01b0\u1eddi \u0111\u1ecdc nhi\u1ec1u th\u1ebf h\u1ec7.<br \/>\nTruy\u1ec7n c\u1ed5 t\u00edch kh\u00f4ng bao gi\u1edd l\u00e0 c\u0169, v\u00e0 c\u00f2n g\u00ec tuy\u1ec7t v\u1eddi h\u01a1n khi nhi\u1ec1u th\u1ebf h\u1ec7 c\u00f9ng \u0111\u1ecdc, c\u00f9ng chia s\u1ebb m\u1ed9t c\u00e2u chuy\u1ec7n nh\u01b0 nhau! B\u1ed9 s\u00e1ch C\u1ed4 T\u00cdCH VI\u1ec6T NAM CHO B\u00c9 M\u1eaaU GI\u00c1O gi\u00fap ph\u1ee5 huynh \u0111\u01b0a nh\u1eefng truy\u1ec7n c\u1ed5 t\u00edch \u0111\u00e3 g\u1eafn li\u1ec1n v\u1edbi tu\u1ed5i th\u01a1 \u0111\u1ebfn g\u1ea7n h\u01a1n v\u1edbi c\u00e1c th\u1ebf h\u1ec7 k\u1ebf c\u1eadn. Nh\u1eefng c\u00e2u chuy\u1ec7n \u0111\u01b0\u1ee3c vi\u1ebft l\u1ea1i m\u1edbi m\u1ebb k\u00e8m theo minh h\u1ecda v\u00f4 c\u00f9ng d\u1ec5 th\u01b0\u01a1ng v\u00e0 r\u1ef1c r\u1ee1, l\u00e0 c\u1ea7u n\u1ed1i gi\u00fap ph\u1ee5 huynh c\u00f3 nh\u1eefng ph\u00fat gi\u00e2y \u0111\u1ecdc s\u00e1ch c\u00f9ng con v\u00f4 c\u00f9ng th\u00fa v\u1ecb v\u00e0 \u00fd ngh\u0129a.<\/p>\n","protected":false},"excerpt":{"rendered":"<p>Kho t\u00e0ng truy\u1ec7n c\u1ed5 t\u00edch Vi\u1ec7t Nam c\u0169ng \u0111a d\u1ea1ng, phong ph\u00fa v\u00e0 h\u1ea5p d\u1eabn kh\u00f4ng thua k\u00e9m nh\u1eefng c\u00e2u chuy\u1ec7n c\u1ed5 \u0111\u1ebfn t\u1eeb c\u00e1c qu\u1ed1c gia kh\u00e1c. Truy\u1ec7n c\u1ed5 t\u00edch Vi\u1ec7t Nam mang t\u1edbi cho ng\u01b0\u1eddi \u0111\u1ecdc \u00fd ngh\u0129a nh\u00e2n v\u0103n r\u1ea5t s\u00e2u s\u1eafc, kh\u00f4ng ch\u1ec9 mang n\u00e9t \u0111\u1eb9p v\u0103n ho\u00e1 truy\u1ec1n th\u1ed1ng, m\u00e0 c\u00f2n g\u1ea7n g\u0169i v\u1edbi b\u1ea5t k\u00ec ng\u01b0\u1eddi \u0111\u1ecdc n\u00e0o. Nh\u1eefng c\u00e2u chuy\u1ec7n nh\u01b0 chim th\u1ea7n tr\u1ea3 \u01a1n \u0103n kh\u1ebf b\u1eb1ng v\u00e0ng, hay ch\u00fa Cu\u1ed9i ng\u1ed3i tr\u00ean cung Tr\u0103ng, Th\u00e1nh Gi\u00f3ng c\u01b0\u1ee1i ng\u1ef1a s\u1eaft v\u1ec1 tr\u1eddi&#8230; \u0111\u00e3 in v\u00e0o t\u00e2m tr\u00ed c\u1ee7a ng\u01b0\u1eddi \u0111\u1ecdc nhi\u1ec1u th\u1ebf h\u1ec7.<br \/>\nTruy\u1ec7n c\u1ed5 t\u00edch kh\u00f4ng bao gi\u1edd l\u00e0 c\u0169, v\u00e0 c\u00f2n g\u00ec tuy\u1ec7t v\u1eddi h\u01a1n khi nhi\u1ec1u th\u1ebf h\u1ec7 c\u00f9ng \u0111\u1ecdc, c\u00f9ng chia s\u1ebb m\u1ed9t c\u00e2u chuy\u1ec7n nh\u01b0 nhau! B\u1ed9 s\u00e1ch C\u1ed4 T\u00cdCH VI\u1ec6T NAM CHO B\u00c9 M\u1eaaU GI\u00c1O gi\u00fap ph\u1ee5 huynh \u0111\u01b0a nh\u1eefng truy\u1ec7n c\u1ed5 t\u00edch \u0111\u00e3 g\u1eafn li\u1ec1n v\u1edbi tu\u1ed5i th\u01a1 \u0111\u1ebfn g\u1ea7n h\u01a1n v\u1edbi c\u00e1c th\u1ebf h\u1ec7 k\u1ebf c\u1eadn. Nh\u1eefng c\u00e2u chuy\u1ec7n \u0111\u01b0\u1ee3c vi\u1ebft l\u1ea1i m\u1edbi m\u1ebb k\u00e8m theo minh h\u1ecda v\u00f4 c\u00f9ng d\u1ec5 th\u01b0\u01a1ng v\u00e0 r\u1ef1c r\u1ee1, l\u00e0 c\u1ea7u n\u1ed1i gi\u00fap ph\u1ee5 huynh c\u00f3 nh\u1eefng ph\u00fat gi\u00e2y \u0111\u1ecdc s\u00e1ch c\u00f9ng con v\u00f4 c\u00f9ng th\u00fa v\u1ecb v\u00e0 \u00fd ngh\u0129a.<\/p>\n","protected":false},"featured_media":10098,"template":"","meta":{"_acf_changed":false},"product_brand":[],"product_cat":[24,17,71],"product_tag":[],"class_list":{"0":"post-10105","1":"product","2":"type-product","3":"status-publish","4":"has-post-thumbnail","6":"product_cat-nha-tre-mau-giao-0-tuoi-6-tuoi","7":"product_cat-sach-danh-cho-cac-be","8":"product_cat-sach-tre-em-thuan-viet","10":"first","11":"outofstock","12":"taxable","13":"shipping-taxable","14":"purchasable","15":"product-type-simple"},"supplier_id":null,"supplier_sku":"","barcode":null,"atum_controlled":true,"out_stock_date":"2021-10-07 17:44:44","out_stock_threshold":null,"inheritable":false,"inbound_stock":0,"stock_on_hold":0,"sold_today":0,"sales_last_days":0,"reserved_stock":0,"customer_returns":0,"warehouse_damage":0,"lost_in_post":0,"other_logs":0,"out_stock_days":1574,"lost_sales":0,"has_location":false,"update_date":"2026-01-28T23:10:45","atum_locations":[],"atum_stock_status":"outofstock","restock_status":false,"low_stock_amount":"","sales_update_date":"2026-01-28T23:10:45","calc_backorders":null,"acf":{"publisher":{"ID":1454,"post_author":"1","post_date":"2021-02-17 01:11:34","post_date_gmt":"2021-02-16 23:11:34","post_content":"<!-- wp:flatsome\/uxbuilder -->\n<h1 style=\"text-align: center;\"><strong>Kim \u0110\u1ed3ng<\/strong><\/h1>\n[row]\n\n[col span=\"3\" span__sm=\"12\"]\n\n[ux_image id=\"1534\" image_size=\"medium\"]\n\n\n[\/col]\n[col span=\"9\" span__sm=\"12\"]\n\n<p>Nh\u00e0 xu\u1ea5t b\u1ea3n Kim \u0110\u1ed3ng tr\u1ef1c thu\u1ed9c Trung \u01b0\u01a1ng \u0110o\u00e0n TNCS H\u1ed3 Ch\u00ed Minh l\u00e0 Nh\u00e0 xu\u1ea5t b\u1ea3n t\u1ed5ng h\u1ee3p c\u00f3 ch\u1ee9c n\u0103ng xu\u1ea5t b\u1ea3n s\u00e1ch v\u00e0 v\u0103n h\u00f3a ph\u1ea9m ph\u1ee5c v\u1ee5 thi\u1ebfu nhi v\u00e0 c\u00e1c b\u1eadc ph\u1ee5 huynh trong c\u1ea3 n\u01b0\u1edbc, qu\u1ea3ng b\u00e1 v\u00e0 gi\u1edbi thi\u1ec7u v\u0103n h\u00f3a Vi\u1ec7t Nam ra th\u1ebf gi\u1edbi.<br \/>Nh\u00e0 xu\u1ea5t b\u1ea3n c\u00f3 nhi\u1ec7m v\u1ee5 t\u1ed5 ch\u1ee9c b\u1ea3n th\u1ea3o, bi\u00ean so\u1ea1n, bi\u00ean d\u1ecbch, xu\u1ea5t b\u1ea3n v\u00e0 ph\u00e1t h\u00e0nh c\u00e1c xu\u1ea5t b\u1ea3n ph\u1ea9m c\u00f3 n\u1ed9i dung: gi\u00e1o d\u1ee5c truy\u1ec1n th\u1ed1ng d\u00e2n t\u1ed9c, gi\u00e1o d\u1ee5c v\u1ec1 tri th\u1ee9c, ki\u1ebfn th\u1ee9c\u2026 tr\u00ean c\u00e1c l\u0129nh v\u1ef1c v\u0103n h\u1ecdc, ngh\u1ec7 thu\u1eadt, khoa h\u1ecdc k\u1ef9 thu\u1eadt nh\u1eb1m cung c\u1ea5p cho c\u00e1c em thi\u1ebfu nhi c\u0169ng nh\u01b0 c\u00e1c b\u1eadc ph\u1ee5 huynh c\u00e1c ki\u1ebfn th\u1ee9c c\u1ea7n thi\u1ebft trong cu\u1ed9c s\u1ed1ng, nh\u1eefng tinh hoa c\u1ee7a tri th\u1ee9c nh\u00e2n lo\u1ea1i nh\u1eb1m g\u00f3p ph\u1ea7n gi\u00e1o d\u1ee5c v\u00e0 h\u00ecnh th\u00e0nh nh\u00e2n c\u00e1ch th\u1ebf h\u1ec7 tr\u1ebb.<br \/>\u0110\u1ed1i t\u01b0\u1ee3ng ph\u1ee5c v\u1ee5 c\u1ee7a Nh\u00e0 xu\u1ea5t b\u1ea3n l\u00e0 c\u00e1c em t\u1eeb tu\u1ed5i nh\u00e0 tr\u1ebb m\u1eabu gi\u00e1o (1 \u0111\u1ebfn 5 tu\u1ed5i), nhi \u0111\u1ed3ng (6 \u0111\u1ebfn 9 tu\u1ed5i), thi\u1ebfu ni\u00ean (10 \u0111\u1ebfn 15 tu\u1ed5i) \u0111\u1ebfn c\u00e1c em tu\u1ed5i m\u1edbi l\u1edbn (16 \u0111\u1ebfn 18 tu\u1ed5i) v\u00e0 c\u00e1c b\u1eadc ph\u1ee5 huynh.<\/p>\n\n[\/col]\n\n[\/row]\n\n<!-- \/wp:flatsome\/uxbuilder -->","post_title":"Kim \u0110\u1ed3ng","post_excerpt":"","post_status":"publish","comment_status":"closed","ping_status":"closed","post_password":"","post_name":"kim-dong","to_ping":"","pinged":"","post_modified":"2021-02-17 01:31:56","post_modified_gmt":"2021-02-16 23:31:56","post_content_filtered":"","post_parent":0,"guid":"https:\/\/sachviet.eu\/nha-phat-hanh\/kim-dong\/","menu_order":0,"post_type":"publisher","post_mime_type":"","comment_count":"0","filter":"raw"}},"_links":{"self":[{"href":"https:\/\/sachviet.eu\/en\/wp-json\/wp\/v2\/product\/10105","targetHints":{"allow":["GET"]}}],"collection":[{"href":"https:\/\/sachviet.eu\/en\/wp-json\/wp\/v2\/product"}],"about":[{"href":"https:\/\/sachviet.eu\/en\/wp-json\/wp\/v2\/types\/product"}],"wp:featuredmedia":[{"embeddable":true,"href":"https:\/\/sachviet.eu\/en\/wp-json\/wp\/v2\/media\/10098"}],"wp:attachment":[{"href":"https:\/\/sachviet.eu\/en\/wp-json\/wp\/v2\/media?parent=10105"}],"wp:term":[{"taxonomy":"product_brand","embeddable":true,"href":"https:\/\/sachviet.eu\/en\/wp-json\/wp\/v2\/product_brand?post=10105"},{"taxonomy":"product_cat","embeddable":true,"href":"https:\/\/sachviet.eu\/en\/wp-json\/wp\/v2\/product_cat?post=10105"},{"taxonomy":"product_tag","embeddable":true,"href":"https:\/\/sachviet.eu\/en\/wp-json\/wp\/v2\/product_tag?post=10105"}],"curies":[{"name":"wp","href":"https:\/\/api.w.org\/{rel}","templated":true}]}}