{"id":10086,"date":"2021-06-02T18:17:02","date_gmt":"2021-06-02T15:17:02","guid":{"rendered":"https:\/\/sachviet.eu\/shop\/to-la-ceo-nhi-set-7-quyen\/"},"modified":"2024-04-18T14:29:39","modified_gmt":"2024-04-18T11:29:39","slug":"to-la-ceo-nhi-set-7-quyen","status":"publish","type":"product","link":"https:\/\/sachviet.eu\/en\/shop\/to-la-ceo-nhi-set-7-quyen\/","title":{"rendered":"T\u1edb L\u00e0 CEO Nh\u00ed &#8211; Set 7 quy\u1ec3n"},"content":{"rendered":"<p>Gi\u1edbi thi\u1ec7u b\u1ed9 s\u00e1ch \u201cT\u1edb l\u00e0 Ceo nh\u00ed\u201d<br \/>\nC\u00c1C B\u01af\u1edaC \u0110\u1ec2 TR\u1ede TH\u00c0NH M\u1ed8T CEO NH\u00cd GI\u00c0U C\u00d3<br \/>\nTr\u1ebb con r\u1ea5t th\u00edch \u0111\u01b0\u1ee3c t\u1eb7ng ti\u1ec1n, l\u00e0m ra ti\u1ec1n ho\u1eb7c n\u00f3i chuy\u1ec7n ti\u1ec1n. L\u00e0m sao \u0111\u1ec3 m\u1ed7i \u0111\u1ee9a tr\u1ebb c\u00f3 nh\u1eadn th\u1ee9c \u0111\u00fang \u0111\u1eafn v\u1ec1 v\u1ea5n \u0111\u1ec1 n\u00e0y? M\u1eddi b\u1ed1 m\u1eb9 theo d\u00f5i b\u1ed9 s\u00e1ch d\u1ec5 th\u01b0\u01a1ng: \u201cT\u1edb l\u00e0 CEO nh\u00ed\u201d. B\u1ed9 s\u00e1ch khai ph\u00e1 k\u0129 n\u0103ng qu\u1ea3n l\u00fd t\u00e0i ch\u00ednh cho b\u00e9 r\u1ea5t th\u00fa v\u1ecb. M\u1ed7i cu\u1ed1n s\u00e1ch l\u00e0 m\u1ed9t cu\u1ed1n c\u1ea9m nang nu\u00f4i d\u01b0\u1ee1ng con tr\u1edf th\u00e0nh m\u1ed9t CEO gi\u00e0u c\u00f3 \u0111\u00fang ngh\u0129a.<br \/>\nB\u01b0\u1edbc 1: D\u1ea1y con hi\u1ec3u r\u1eb1ng mu\u1ed1n thu \u0111\u01b0\u1ee3c th\u00e0nh qu\u1ea3, ph\u1ea3i th\u1ef1c s\u1ef1 lao \u0111\u1ed9ng<br \/>\nB\u01b0\u1edbc 2: Bi\u1ebft ghi ch\u00e9p nh\u1eadt k\u00fd chi ti\u00eau<br \/>\nB\u01b0\u1edbc 3: Bi\u1ebft ho\u1ea1t \u0111\u1ed9ng \u0111\u1ed9i nh\u00f3m \u0111\u1ec3 ho\u00e0n th\u00e0nh c\u00f4ng vi\u1ec7c<br \/>\nB\u01b0\u1edbc 4: Ki\u1ebfm \u0111\u01b0\u1ee3c ti\u1ec1n nh\u01b0ng ph\u1ea3i bi\u1ebft c\u00e1ch ti\u1ebft ki\u1ec7m v\u00e0 chi ti\u00eau h\u1ee3p l\u00fd<br \/>\nB\u01b0\u1edbc 5: Bi\u1ebft chia s\u1ebb \u0111\u1ec3 m\u1ecdi ng\u01b0\u1eddi c\u00f9ng h\u1ea1nh ph\u00fac<br \/>\nNh\u1eefng \u0111i\u1ec1u h\u1ebft s\u1ee9c \u0111\u1eb7c bi\u1ec7t nh\u1eadn \u0111\u01b0\u1ee3c t\u1eeb b\u1ed9 s\u00e1ch n\u00e0y:<br \/>\nTh\u00f4ng \u0111i\u1ec7p \u00fd ngh\u0129a: M\u1ed9t ng\u01b0\u1eddi gi\u00e0u c\u00f3 v\u1ec1 t\u00e0i ch\u00ednh nh\u01b0ng c\u0169ng gi\u00e0u c\u00f3 v\u1ec1 t\u00e2m h\u1ed3n, bi\u1ebft gi\u00fap \u0111\u1ee1 v\u00e0 s\u1ebb chia<br \/>\nB\u00e0i t\u1eadp b\u1ed5 \u00edch: Ph\u1ea7n cu\u1ed1i s\u00e1ch c\u00f3 nhi\u1ec1u b\u00e0i t\u1eadp th\u1ef1c h\u00e0nh r\u1ea5t hi\u1ec7u qu\u1ea3 \u0111\u1ec3 \u201cCEO nh\u00ed\u201d luy\u1ec7n t\u1eadp: b\u00e0i t\u1eadp d\u1ea1ng t\u00ednh to\u00e1n (t\u00ednh ti\u1ec1n h\u00e0ng, t\u00ednh l\u01b0\u01a1ng), thi\u1ebft k\u1ebf b\u1ea3ng qu\u1ea3ng c\u00e1o, s\u01b0u t\u1ea7m v\u00e0 thanh l\u00fd \u0111\u1ed3 ch\u01a1i, thi\u1ebft k\u1ebf \u1ed1ng ti\u1ebft ki\u1ec7m, l\u00e0m th\u1ebb gi\u1ea3m gi\u00e1&#8230;<br \/>\nNh\u1eefng b\u00e0i t\u1eadp r\u1ea5t th\u1ef1c t\u1ebf m\u00e0 kh\u00f4ng k\u00e9m ph\u1ea7n h\u1ea5p d\u1eabn b\u1ed1 m\u1eb9 \u1ea1.<br \/>\nB\u1ed9 s\u00e1ch 7 cu\u1ed1n v\u1edbi minh ho\u1ea1 \u0111\u1eb9p m\u1eaft<br \/>\nC\u00d3 LAO \u0110\u1ed8NG M\u1edaI C\u00d3 THU HO\u1ea0CH<br \/>\nNH\u1eacT K\u00cd CHI TI\u00caU<br \/>\nKI\u1ebeM TI\u1ec0N B\u1eb0NG NHI\u1ec0U C\u00c1CH<br \/>\nL\u00c0M SAO \u0110\u1ec2 TI\u1ebeT KI\u1ec6M<br \/>\nTH\u1ebe N\u00c0O L\u00c0 CHI TI\u00caU H\u1ee2P L\u00dd<br \/>\nCHIA S\u1eba L\u00c0 H\u1ea0NH PH\u00daC<\/p>\n","protected":false},"excerpt":{"rendered":"<p>Gi\u1edbi thi\u1ec7u b\u1ed9 s\u00e1ch \u201cT\u1edb l\u00e0 Ceo nh\u00ed\u201d<br \/>\nC\u00c1C B\u01af\u1edaC \u0110\u1ec2 TR\u1ede TH\u00c0NH M\u1ed8T CEO NH\u00cd GI\u00c0U C\u00d3<br \/>\nTr\u1ebb con r\u1ea5t th\u00edch \u0111\u01b0\u1ee3c t\u1eb7ng ti\u1ec1n, l\u00e0m ra ti\u1ec1n ho\u1eb7c n\u00f3i chuy\u1ec7n ti\u1ec1n. L\u00e0m sao \u0111\u1ec3 m\u1ed7i \u0111\u1ee9a tr\u1ebb c\u00f3 nh\u1eadn th\u1ee9c \u0111\u00fang \u0111\u1eafn v\u1ec1 v\u1ea5n \u0111\u1ec1 n\u00e0y? M\u1eddi b\u1ed1 m\u1eb9 theo d\u00f5i b\u1ed9 s\u00e1ch d\u1ec5 th\u01b0\u01a1ng: \u201cT\u1edb l\u00e0 CEO nh\u00ed\u201d. B\u1ed9 s\u00e1ch khai ph\u00e1 k\u0129 n\u0103ng qu\u1ea3n l\u00fd t\u00e0i ch\u00ednh cho b\u00e9 r\u1ea5t th\u00fa v\u1ecb. M\u1ed7i cu\u1ed1n s\u00e1ch l\u00e0 m\u1ed9t cu\u1ed1n c\u1ea9m nang nu\u00f4i d\u01b0\u1ee1ng con tr\u1edf th\u00e0nh m\u1ed9t CEO gi\u00e0u c\u00f3 \u0111\u00fang ngh\u0129a.<br \/>\nB\u01b0\u1edbc 1: D\u1ea1y con hi\u1ec3u r\u1eb1ng mu\u1ed1n thu \u0111\u01b0\u1ee3c th\u00e0nh qu\u1ea3, ph\u1ea3i th\u1ef1c s\u1ef1 lao \u0111\u1ed9ng<br \/>\nB\u01b0\u1edbc 2: Bi\u1ebft ghi ch\u00e9p nh\u1eadt k\u00fd chi ti\u00eau<br \/>\nB\u01b0\u1edbc 3: Bi\u1ebft ho\u1ea1t \u0111\u1ed9ng \u0111\u1ed9i nh\u00f3m \u0111\u1ec3 ho\u00e0n th\u00e0nh c\u00f4ng vi\u1ec7c<br \/>\nB\u01b0\u1edbc 4: Ki\u1ebfm \u0111\u01b0\u1ee3c ti\u1ec1n nh\u01b0ng ph\u1ea3i bi\u1ebft c\u00e1ch ti\u1ebft ki\u1ec7m v\u00e0 chi ti\u00eau h\u1ee3p l\u00fd<br \/>\nB\u01b0\u1edbc 5: Bi\u1ebft chia s\u1ebb \u0111\u1ec3 m\u1ecdi ng\u01b0\u1eddi c\u00f9ng h\u1ea1nh ph\u00fac<br \/>\nNh\u1eefng \u0111i\u1ec1u h\u1ebft s\u1ee9c \u0111\u1eb7c bi\u1ec7t nh\u1eadn \u0111\u01b0\u1ee3c t\u1eeb b\u1ed9 s\u00e1ch n\u00e0y:<br \/>\nTh\u00f4ng \u0111i\u1ec7p \u00fd ngh\u0129a: M\u1ed9t ng\u01b0\u1eddi gi\u00e0u c\u00f3 v\u1ec1 t\u00e0i ch\u00ednh nh\u01b0ng c\u0169ng gi\u00e0u c\u00f3 v\u1ec1 t\u00e2m h\u1ed3n, bi\u1ebft gi\u00fap \u0111\u1ee1 v\u00e0 s\u1ebb chia<br \/>\nB\u00e0i t\u1eadp b\u1ed5 \u00edch: Ph\u1ea7n cu\u1ed1i s\u00e1ch c\u00f3 nhi\u1ec1u b\u00e0i t\u1eadp th\u1ef1c h\u00e0nh r\u1ea5t hi\u1ec7u qu\u1ea3 \u0111\u1ec3 \u201cCEO nh\u00ed\u201d luy\u1ec7n t\u1eadp: b\u00e0i t\u1eadp d\u1ea1ng t\u00ednh to\u00e1n (t\u00ednh ti\u1ec1n h\u00e0ng, t\u00ednh l\u01b0\u01a1ng), thi\u1ebft k\u1ebf b\u1ea3ng qu\u1ea3ng c\u00e1o, s\u01b0u t\u1ea7m v\u00e0 thanh l\u00fd \u0111\u1ed3 ch\u01a1i, thi\u1ebft k\u1ebf \u1ed1ng ti\u1ebft ki\u1ec7m, l\u00e0m th\u1ebb gi\u1ea3m gi\u00e1&#8230;<br \/>\nNh\u1eefng b\u00e0i t\u1eadp r\u1ea5t th\u1ef1c t\u1ebf m\u00e0 kh\u00f4ng k\u00e9m ph\u1ea7n h\u1ea5p d\u1eabn b\u1ed1 m\u1eb9 \u1ea1.<br \/>\nB\u1ed9 s\u00e1ch 7 cu\u1ed1n v\u1edbi minh ho\u1ea1 \u0111\u1eb9p m\u1eaft<br \/>\nC\u00d3 LAO \u0110\u1ed8NG M\u1edaI C\u00d3 THU HO\u1ea0CH<br \/>\nNH\u1eacT K\u00cd CHI TI\u00caU<br \/>\nKI\u1ebeM TI\u1ec0N B\u1eb0NG NHI\u1ec0U C\u00c1CH<br \/>\nL\u00c0M SAO \u0110\u1ec2 TI\u1ebeT KI\u1ec6M<br \/>\nTH\u1ebe N\u00c0O L\u00c0 CHI TI\u00caU H\u1ee2P L\u00dd<br \/>\nCHIA S\u1eba L\u00c0 H\u1ea0NH PH\u00daC<\/p>\n","protected":false},"featured_media":10078,"template":"","meta":{"_acf_changed":false},"product_brand":[],"product_cat":[25,17,26],"product_tag":[],"class_list":{"0":"post-10086","1":"product","2":"type-product","3":"status-publish","4":"has-post-thumbnail","6":"product_cat-nhi-dong-6-tuoi-12-tuoi","7":"product_cat-sach-danh-cho-cac-be","8":"product_cat-thieu-nien-11-tuoi-18-tuoi","10":"first","11":"instock","12":"taxable","13":"shipping-taxable","14":"purchasable","15":"product-type-simple"},"supplier_id":null,"supplier_sku":"","barcode":null,"atum_controlled":true,"out_stock_date":null,"out_stock_threshold":null,"inheritable":false,"inbound_stock":0,"stock_on_hold":0,"sold_today":0,"sales_last_days":0,"reserved_stock":0,"customer_returns":0,"warehouse_damage":0,"lost_in_post":0,"other_logs":0,"out_stock_days":0,"lost_sales":0,"has_location":false,"update_date":"2026-01-28T23:10:45","atum_locations":[],"atum_stock_status":"instock","restock_status":false,"low_stock_amount":"","sales_update_date":"2026-01-28T23:10:45","calc_backorders":null,"acf":{"publisher":{"ID":1454,"post_author":"1","post_date":"2021-02-17 01:11:34","post_date_gmt":"2021-02-16 23:11:34","post_content":"<!-- wp:flatsome\/uxbuilder -->\n<h1 style=\"text-align: center;\"><strong>Kim \u0110\u1ed3ng<\/strong><\/h1>\n[row]\n\n[col span=\"3\" span__sm=\"12\"]\n\n[ux_image id=\"1534\" image_size=\"medium\"]\n\n\n[\/col]\n[col span=\"9\" span__sm=\"12\"]\n\n<p>Nh\u00e0 xu\u1ea5t b\u1ea3n Kim \u0110\u1ed3ng tr\u1ef1c thu\u1ed9c Trung \u01b0\u01a1ng \u0110o\u00e0n TNCS H\u1ed3 Ch\u00ed Minh l\u00e0 Nh\u00e0 xu\u1ea5t b\u1ea3n t\u1ed5ng h\u1ee3p c\u00f3 ch\u1ee9c n\u0103ng xu\u1ea5t b\u1ea3n s\u00e1ch v\u00e0 v\u0103n h\u00f3a ph\u1ea9m ph\u1ee5c v\u1ee5 thi\u1ebfu nhi v\u00e0 c\u00e1c b\u1eadc ph\u1ee5 huynh trong c\u1ea3 n\u01b0\u1edbc, qu\u1ea3ng b\u00e1 v\u00e0 gi\u1edbi thi\u1ec7u v\u0103n h\u00f3a Vi\u1ec7t Nam ra th\u1ebf gi\u1edbi.<br \/>Nh\u00e0 xu\u1ea5t b\u1ea3n c\u00f3 nhi\u1ec7m v\u1ee5 t\u1ed5 ch\u1ee9c b\u1ea3n th\u1ea3o, bi\u00ean so\u1ea1n, bi\u00ean d\u1ecbch, xu\u1ea5t b\u1ea3n v\u00e0 ph\u00e1t h\u00e0nh c\u00e1c xu\u1ea5t b\u1ea3n ph\u1ea9m c\u00f3 n\u1ed9i dung: gi\u00e1o d\u1ee5c truy\u1ec1n th\u1ed1ng d\u00e2n t\u1ed9c, gi\u00e1o d\u1ee5c v\u1ec1 tri th\u1ee9c, ki\u1ebfn th\u1ee9c\u2026 tr\u00ean c\u00e1c l\u0129nh v\u1ef1c v\u0103n h\u1ecdc, ngh\u1ec7 thu\u1eadt, khoa h\u1ecdc k\u1ef9 thu\u1eadt nh\u1eb1m cung c\u1ea5p cho c\u00e1c em thi\u1ebfu nhi c\u0169ng nh\u01b0 c\u00e1c b\u1eadc ph\u1ee5 huynh c\u00e1c ki\u1ebfn th\u1ee9c c\u1ea7n thi\u1ebft trong cu\u1ed9c s\u1ed1ng, nh\u1eefng tinh hoa c\u1ee7a tri th\u1ee9c nh\u00e2n lo\u1ea1i nh\u1eb1m g\u00f3p ph\u1ea7n gi\u00e1o d\u1ee5c v\u00e0 h\u00ecnh th\u00e0nh nh\u00e2n c\u00e1ch th\u1ebf h\u1ec7 tr\u1ebb.<br \/>\u0110\u1ed1i t\u01b0\u1ee3ng ph\u1ee5c v\u1ee5 c\u1ee7a Nh\u00e0 xu\u1ea5t b\u1ea3n l\u00e0 c\u00e1c em t\u1eeb tu\u1ed5i nh\u00e0 tr\u1ebb m\u1eabu gi\u00e1o (1 \u0111\u1ebfn 5 tu\u1ed5i), nhi \u0111\u1ed3ng (6 \u0111\u1ebfn 9 tu\u1ed5i), thi\u1ebfu ni\u00ean (10 \u0111\u1ebfn 15 tu\u1ed5i) \u0111\u1ebfn c\u00e1c em tu\u1ed5i m\u1edbi l\u1edbn (16 \u0111\u1ebfn 18 tu\u1ed5i) v\u00e0 c\u00e1c b\u1eadc ph\u1ee5 huynh.<\/p>\n\n[\/col]\n\n[\/row]\n\n<!-- \/wp:flatsome\/uxbuilder -->","post_title":"Kim \u0110\u1ed3ng","post_excerpt":"","post_status":"publish","comment_status":"closed","ping_status":"closed","post_password":"","post_name":"kim-dong","to_ping":"","pinged":"","post_modified":"2021-02-17 01:31:56","post_modified_gmt":"2021-02-16 23:31:56","post_content_filtered":"","post_parent":0,"guid":"https:\/\/sachviet.eu\/nha-phat-hanh\/kim-dong\/","menu_order":0,"post_type":"publisher","post_mime_type":"","comment_count":"0","filter":"raw"}},"_links":{"self":[{"href":"https:\/\/sachviet.eu\/en\/wp-json\/wp\/v2\/product\/10086","targetHints":{"allow":["GET"]}}],"collection":[{"href":"https:\/\/sachviet.eu\/en\/wp-json\/wp\/v2\/product"}],"about":[{"href":"https:\/\/sachviet.eu\/en\/wp-json\/wp\/v2\/types\/product"}],"wp:featuredmedia":[{"embeddable":true,"href":"https:\/\/sachviet.eu\/en\/wp-json\/wp\/v2\/media\/10078"}],"wp:attachment":[{"href":"https:\/\/sachviet.eu\/en\/wp-json\/wp\/v2\/media?parent=10086"}],"wp:term":[{"taxonomy":"product_brand","embeddable":true,"href":"https:\/\/sachviet.eu\/en\/wp-json\/wp\/v2\/product_brand?post=10086"},{"taxonomy":"product_cat","embeddable":true,"href":"https:\/\/sachviet.eu\/en\/wp-json\/wp\/v2\/product_cat?post=10086"},{"taxonomy":"product_tag","embeddable":true,"href":"https:\/\/sachviet.eu\/en\/wp-json\/wp\/v2\/product_tag?post=10086"}],"curies":[{"name":"wp","href":"https:\/\/api.w.org\/{rel}","templated":true}]}}