{"id":1007,"date":"2021-02-14T00:25:23","date_gmt":"2021-02-13T22:25:23","guid":{"rendered":"https:\/\/sachviet.eu\/shop\/tuyen-bo-quyen-set-4-quyen\/"},"modified":"2024-08-12T10:12:14","modified_gmt":"2024-08-12T07:12:14","slug":"tuyen-bo-quyen-set-4-quyen","status":"publish","type":"product","link":"https:\/\/sachviet.eu\/en\/shop\/tuyen-bo-quyen-set-4-quyen\/","title":{"rendered":"Tuy\u00ean b\u1ed1 quy\u1ec1n &#8211; set 4 quy\u1ec3n"},"content":{"rendered":"<p><strong>Tuy\u00ean B\u1ed1 Quy\u1ec1n Con Trai<\/strong><\/p>\n<p>&#8220;Con trai, gi\u1ed1ng nh\u01b0 con g\u00e1i, c\u0169ng c\u00f3 quy\u1ec1n kh\u00f3c nh\u00e8, ch\u01a1i b\u00fap b\u00ea, m\u1eb7c qu\u1ea7n \u00e1o m\u00e0u h\u1ed3ng, h\u1ecdc gi\u1ecfi m\u00f4n T\u1eadp \u0111\u1ecdc, c\u00f3 quy\u1ec1n tho\u00e1t kh\u1ecfi g\u00e1nh n\u1eb7ng tr\u1edf th\u00e0nh si\u00eau anh h\u00f9ng v\u00e0 \u0111\u01b0\u1ee3c y\u00eau th\u01b0\u01a1ng ng\u01b0\u1eddi m\u00ecnh mu\u1ed1n: D\u1eabu \u0111\u00f3 l\u00e0 con g\u00e1i hay con trai (ho\u1eb7c c\u1ea3 hai)!<\/p>\n<p>\u0110\u00e2y l\u00e0 b\u1ed9 s\u00e1ch l\u00e0m thay \u0111\u1ed5i suy ngh\u0129 v\u00e0 nh\u1eefng \u0111\u1ecbnh ki\u1ebfn v\u1ed1n c\u00f3 v\u1ec1 quy\u1ec1n c\u1ee7a m\u1ed7i ng\u01b0\u1eddi trong cu\u1ed9c s\u1ed1ng. B\u1ed9 s\u00e1ch s\u1ebd mang \u0111\u1ebfn cho \u0111\u1ed9c gi\u1ea3 h\u00e0ng lo\u1ea1t quy\u1ec1n r\u1ea5t k\u00ec l\u1ea1 m\u1edbi \u0111\u01b0\u1ee3c ph\u00e1t minh, nh\u1eb1m nh\u1eafc nh\u1edf r\u1eb1ng vi\u1ec7c t\u00f4n tr\u1ecdng s\u1ef1 b\u00ecnh \u0111\u1eb3ng gi\u1eefa t\u1ea5t c\u1ea3 m\u1ecdi ng\u01b0\u1eddi l\u00e0 v\u00f4 c\u00f9ng c\u1ea5p thi\u1ebft.&#8221;<\/p>\n<p><strong>Tuy\u00ean B\u1ed1 Quy\u1ec1n Con G\u00e1i<\/strong><\/p>\n<p>&#8220;Con g\u00e1i, gi\u1ed1ng con trai, c\u00f3 quy\u1ec1n \u0111\u01b0\u1ee3c \u0103n m\u1eb7c l\u00f4i th\u00f4i, \u0111\u1ec3 t\u00f3c b\u00f9 x\u00f9, \u0111\u01b0\u1ee3c ngh\u1ecbch ng\u1ee3m, ch\u00e2m ch\u1ecdc ng\u01b0\u1eddi kh\u00e1c, c\u00f3 quy\u1ec1n ch\u1ecdn ngh\u1ec1 nghi\u1ec7p m\u00ecnh y\u00eau th\u00edch, t\u1ef1 do tho\u00e1t kh\u1ecfi c\u00e1i m\u00e1c c\u00f4ng ch\u00faa v\u00e0 y\u00eau th\u01b0\u01a1ng ng\u01b0\u1eddi m\u00ecnh mu\u1ed1n: D\u1eabu \u0111\u00f3 l\u00e0 g\u00e1i hay trai (ho\u1eb7c c\u00f3 th\u1ec3 l\u00e0 c\u1ea3 hai ng\u01b0\u1eddi \u0111\u00f3)!<\/p>\n<p>\u0110\u00e2y l\u00e0 b\u1ed9 s\u00e1ch l\u00e0m thay \u0111\u1ed5i suy ngh\u0129 v\u00e0 nh\u1eefng \u0111\u1ecbnh ki\u1ebfn v\u1ed1n c\u00f3 v\u1ec1 quy\u1ec1n c\u1ee7a m\u1ed7i ng\u01b0\u1eddi trong cu\u1ed9c s\u1ed1ng. B\u1ed9 s\u00e1ch s\u1ebd mang \u0111\u1ebfn cho \u0111\u1ed9c gi\u1ea3 h\u00e0ng lo\u1ea1t quy\u1ec1n r\u1ea5t k\u00ec l\u1ea1 m\u1edbi \u0111\u01b0\u1ee3c ph\u00e1t minh, nh\u1eb1m nh\u1eafc nh\u1edf r\u1eb1ng vi\u1ec7c t\u00f4n tr\u1ecdng s\u1ef1 b\u00ecnh \u0111\u1eb3ng gi\u1eefa t\u1ea5t c\u1ea3 m\u1ecdi ng\u01b0\u1eddi l\u00e0 v\u00f4 c\u00f9ng c\u1ea5p thi\u1ebft.&#8221;<\/p>\n<p><strong>Tuy\u00ean B\u1ed1 Quy\u1ec1n C\u1ee7a M\u1eb9<\/strong><\/p>\n<p>&#8220;M\u1eb9, gi\u1ed1ng nh\u01b0 b\u1ed1, c\u00f3 quy\u1ec1n kh\u00f4ng ho\u00e0n h\u1ea3o, quy\u1ec1n bi\u1ebft s\u1eeda xe \u0111\u1ea1p, t\u1ecfa s\u00e1ng trong c\u00f4ng vi\u1ec7c, \u0111\u01b0\u1ee3c y\u00ean t\u0129nh khi ng\u1ed3i \u0111\u1ecdc s\u00e1ch trong nh\u00e0 v\u1ec7 sinh hay quy\u1ec1n \u0111i b\u01b0\u1edbc n\u1eefa v\u00e0 s\u1ed1ng h\u1ea1nh ph\u00fac nh\u01b0 trong c\u00e2u chuy\u1ec7n t\u00ecnh y\u00eau m\u00e0 m\u1eb9 h\u1eb1ng mong \u01b0\u1edbc\u2026<\/p>\n<p>\u0110\u00e2y l\u00e0 b\u1ed9 s\u00e1ch l\u00e0m thay \u0111\u1ed5i suy ngh\u0129 v\u00e0 nh\u1eefng \u0111\u1ecbnh ki\u1ebfn v\u1ed1n c\u00f3 v\u1ec1 quy\u1ec1n c\u1ee7a m\u1ed7i ng\u01b0\u1eddi trong cu\u1ed9c s\u1ed1ng. B\u1ed9 s\u00e1ch s\u1ebd mang \u0111\u1ebfn cho \u0111\u1ed9c gi\u1ea3 h\u00e0ng lo\u1ea1t quy\u1ec1n r\u1ea5t k\u00ec l\u1ea1 m\u1edbi \u0111\u01b0\u1ee3c ph\u00e1t minh, nh\u1eb1m nh\u1eafc nh\u1edf r\u1eb1ng vi\u1ec7c t\u00f4n tr\u1ecdng s\u1ef1 b\u00ecnh \u0111\u1eb3ng gi\u1eefa t\u1ea5t c\u1ea3 m\u1ecdi ng\u01b0\u1eddi l\u00e0 v\u00f4 c\u00f9ng c\u1ea5p thi\u1ebft.&#8221;<\/p>\n<p><strong>Tuy\u00ean B\u1ed1 Quy\u1ec1n C\u1ee7a B\u1ed1<\/strong><\/p>\n<p>&#8220;B\u1ed1, gi\u1ed1ng nh\u01b0 m\u1eb9, c\u00f3 quy\u1ec1n kh\u00f4ng ho\u00e0n h\u1ea3o, hay l\u1ea7m b\u1ea7m khi con t\u00e8 d\u1ea7m, quy\u1ec1n l\u00e0m \u201cg\u00e0 tr\u1ed1ng nu\u00f4i con\u201d, quy\u1ec1n h\u01b0\u1edfng ch\u1ebf \u0111\u1ed9 thai s\u1ea3n (khi v\u1ee3 sinh con), quy\u1ec1n kh\u00f4ng th\u00edch th\u1ec3 thao, kh\u00f4ng bi\u1ebft s\u1eeda ch\u1eefa v\u00e0 c\u0169ng ch\u1eb3ng c\u1ea7n c\u01a1 b\u1eafp. B\u1ed1 c\u00f3 quy\u1ec1n s\u1ed1ng h\u1ea1nh ph\u00fac nh\u01b0 trong c\u00e2u chuy\u1ec7n t\u00ecnh y\u00eau m\u00e0 m\u00ecnh h\u1eb1ng mong \u01b0\u1edb<\/p>\n<p>\u0110\u00e2y l\u00e0 b\u1ed9 s\u00e1ch l\u00e0m thay \u0111\u1ed5i suy ngh\u0129 v\u00e0 nh\u1eefng \u0111\u1ecbnh ki\u1ebfn v\u1ed1n c\u00f3 v\u1ec1 quy\u1ec1n c\u1ee7a m\u1ed7i ng\u01b0\u1eddi trong cu\u1ed9c s\u1ed1ng. B\u1ed9 s\u00e1ch s\u1ebd mang \u0111\u1ebfn cho \u0111\u1ed9c gi\u1ea3 h\u00e0ng lo\u1ea1t quy\u1ec1n r\u1ea5t k\u00ec l\u1ea1 m\u1edbi \u0111\u01b0\u1ee3c ph\u00e1t minh, nh\u1eb1m nh\u1eafc nh\u1edf r\u1eb1ng vi\u1ec7c t\u00f4n tr\u1ecdng s\u1ef1 b\u00ecnh \u0111\u1eb3ng gi\u1eefa t\u1ea5t c\u1ea3 m\u1ecdi ng\u01b0\u1eddi l\u00e0 v\u00f4 c\u00f9ng c\u1ea5p thi\u1ebft.&#8221;<\/p>\n  <div class=\"banner-grid-wrapper\">\n  <div id=\"banner-grid-1224721724\" class=\"banner-grid row row-grid row-small\" data-packery-options=\"\">\n                      \n<div class=\"col grid-col large-5 grid-col-1\" ><div class=\"col-inner\">\n\t<div class=\"img has-hover x md-x lg-x y md-y lg-y\" id=\"image_339567820\">\n\t\t\t\t\t\t\t\t<div class=\"img-inner dark\" >\n\t\t\t<img loading=\"lazy\" decoding=\"async\" width=\"620\" height=\"413\" src=\"https:\/\/sachviet.eu\/wp-content\/uploads\/2021\/02\/bo-sach-cua-phap-giup-thay-doi-suy-nghi-ve-quyen-moi-nguoi-trong-gia-dinh.jpg\" class=\"attachment-large size-large\" alt=\"\" srcset=\"https:\/\/sachviet.eu\/wp-content\/uploads\/2021\/02\/bo-sach-cua-phap-giup-thay-doi-suy-nghi-ve-quyen-moi-nguoi-trong-gia-dinh.jpg 620w, https:\/\/sachviet.eu\/wp-content\/uploads\/2021\/02\/bo-sach-cua-phap-giup-thay-doi-suy-nghi-ve-quyen-moi-nguoi-trong-gia-dinh-300x200.jpg 300w, https:\/\/sachviet.eu\/wp-content\/uploads\/2021\/02\/bo-sach-cua-phap-giup-thay-doi-suy-nghi-ve-quyen-moi-nguoi-trong-gia-dinh-600x400.jpg 600w\" sizes=\"auto, (max-width: 620px) 100vw, 620px\" \/>\t\t\t\t\t\t\n\t\t\t\t\t<\/div>\n\t\t\t\t\t\t\t\t\n<style>\n#image_339567820 {\n  width: 100%;\n}\n<\/style>\n\t<\/div>\n\t\n<\/div><\/div>\n<div class=\"col grid-col large-7 grid-col-1\" ><div class=\"col-inner\">\n\t<div class=\"img has-hover x md-x lg-x y md-y lg-y\" id=\"image_1872502357\">\n\t\t\t\t\t\t\t\t<div class=\"img-inner dark\" >\n\t\t\t<img loading=\"lazy\" decoding=\"async\" width=\"1020\" height=\"1020\" src=\"https:\/\/sachviet.eu\/wp-content\/uploads\/2021\/02\/148118716_10158023177977879_4537301549604432784_o-1024x1024.jpg\" class=\"attachment-large size-large\" alt=\"\" srcset=\"https:\/\/sachviet.eu\/wp-content\/uploads\/2021\/02\/148118716_10158023177977879_4537301549604432784_o-1024x1024.jpg 1024w, https:\/\/sachviet.eu\/wp-content\/uploads\/2021\/02\/148118716_10158023177977879_4537301549604432784_o-300x300.jpg 300w, https:\/\/sachviet.eu\/wp-content\/uploads\/2021\/02\/148118716_10158023177977879_4537301549604432784_o-150x150.jpg 150w, https:\/\/sachviet.eu\/wp-content\/uploads\/2021\/02\/148118716_10158023177977879_4537301549604432784_o-768x769.jpg 768w, https:\/\/sachviet.eu\/wp-content\/uploads\/2021\/02\/148118716_10158023177977879_4537301549604432784_o-1534x1536.jpg 1534w, https:\/\/sachviet.eu\/wp-content\/uploads\/2021\/02\/148118716_10158023177977879_4537301549604432784_o-600x601.jpg 600w, https:\/\/sachviet.eu\/wp-content\/uploads\/2021\/02\/148118716_10158023177977879_4537301549604432784_o-100x100.jpg 100w, https:\/\/sachviet.eu\/wp-content\/uploads\/2021\/02\/148118716_10158023177977879_4537301549604432784_o.jpg 1888w\" sizes=\"auto, (max-width: 1020px) 100vw, 1020px\" \/>\t\t\t\t\t\t\n\t\t\t\t\t<\/div>\n\t\t\t\t\t\t\t\t\n<style>\n#image_1872502357 {\n  width: 100%;\n}\n<\/style>\n\t<\/div>\n\t\n<\/div><\/div>\n            <\/div>\n    <style>\n    #banner-grid-1224721724 .grid-col-1{height: 600px}\n    #banner-grid-1224721724 .grid-col-1-2{height: 300px}\n    #banner-grid-1224721724 .grid-col-1-3{height:200px}\n    #banner-grid-1224721724 .grid-col-2-3{height: 400px}\n    #banner-grid-1224721724 .grid-col-1-4{height: 150px}\n    #banner-grid-1224721724 .grid-col-3-4{height: 450px}\n\n\n    \n    \n\n  <\/style>\n    <\/div>\n  \n","protected":false},"excerpt":{"rendered":"<p>M\u1ed9t trong nh\u1eefng \u0111i\u1ec1u m\u00ecnh th\u00edch \u1edf Ph\u1ea7n Lan l\u00e0 s\u1ef1 c\u00f4ng b\u1eb1ng v\u00e0 b\u00ecnh \u0111\u1eb3ng gi\u1eefa ng\u01b0\u1eddi l\u1edbn v\u00e0 tr\u1ebb con c\u0169ng nh\u01b0 gi\u1eefa c\u00e1c gi\u1edbi t\u00ednh kh\u00e1c nhau. Combo 4 quy\u1ec3n Tuy\u00ean B\u1ed1 Quy\u1ec1n n\u00e0y c\u00f3 l\u1ebd s\u1ebd khi\u1ebfn nhi\u1ec1u b\u1ed1 m\u1eb9 c\u00f3 ch\u00fat b\u1ea5t ng\u1edd v\u1ec1 h\u00e0ng lo\u1ea1t quy\u1ec1n r\u1ea5t k\u00ec l\u1ea1 m\u1edbi \u0111\u01b0\u1ee3c ph\u00e1t minh.<br \/>\nV\u00ed d\u1ee5 nh\u01b0 con trai c\u00f3 quy\u1ec1n tho\u00e1t kh\u1ecfi g\u00e1nh n\u1eb7ng tr\u1edf th\u00e0nh si\u00eau anh h\u00f9ng hay th\u00edch s\u1ea1ch s\u1ebd, l\u00e0m \u0111\u1ecfm. Con g\u00e1i c\u00f3 quy\u1ec1n t\u1ef1 do kh\u1ecfi c\u00e1i m\u00e1c c\u00f4ng ch\u00faa \u0111i\u1ec7u \u0111\u00e0 hay kh\u00f4ng bi\u1ebft may v\u00e1. B\u1ed1 c\u00f3 quy\u1ec1n nh\u00fat nh\u00e1t, nh\u1ecf nh\u1eafn v\u00e0 lo l\u1eafng cho con h\u01a1n m\u1eb9 m\u00e0 kh\u00f4ng b\u1ecb tr\u00eau l\u00e0 &#8220;\u00f4ng b\u1ed1 g\u00e0&#8221;. M\u1eb9 c\u00f3 quy\u1ec1n t\u1ecfa s\u00e1ng \u1edf n\u01a1i l\u00e0m vi\u1ec7c thay v\u00ec l\u1ee5i t\u00e0n gi\u1eefa \u0111\u1ed1ng vi\u1ec7c nh\u00e0 hay \u0111\u00f4i khi l\u00e0m nh\u1eefng \u0111i\u1ec1u ng\u1ed1c ngh\u1ebfch v\u00e0 th\u1ed1t ra nh\u1eefng t\u1eeb b\u1eady b\u1ea1. V\u00e0 tr\u00ean h\u1ebft l\u00e0 m\u1ed7i ng\u01b0\u1eddi \u0111\u1ec1u c\u00f3 quy\u1ec1n y\u00eau ai m\u00e0 h\u1ecd th\u00edch, trai, g\u00e1i hay c\u1ea3 hai c\u0169ng nh\u01b0 s\u1ed1ng trong c\u00e2u chuy\u1ec7n t\u00ecnh y\u00eau m\u00e0 h\u1ecd mong mu\u1ed1n.<br \/>\nB\u1ed9 s\u00e1ch n\u00e0y n\u00ean mua \u0111\u1ee7 4 quy\u1ec3n cho d\u00f9 nh\u00e0 b\u1ea1n ch\u1ec9 c\u00f3 m\u1ed7i con trai hay ch\u1ec9 c\u00f3 m\u1ed7i m\u1eb9, b\u1edfi n\u1ebfu mu\u1ed1n ng\u01b0\u1eddi kh\u00e1c t\u00f4n tr\u1ecdng quy\u1ec1n c\u1ee7a m\u00ecnh th\u00ec m\u00ecnh c\u0169ng n\u00ean hi\u1ec3u, t\u00f4n tr\u1ecdng v\u00e0 gi\u00fap b\u1ea3o v\u1ec7 quy\u1ec1n c\u1ee7a ng\u01b0\u1eddi kh\u00e1c n\u1eefa. Tuy \u0111\u00e2y l\u00e0 s\u00e1ch thi\u1ebfu nhi nh\u01b0ng m\u00ecnh ngh\u0129 n\u00f3 s\u1ebd c\u00f3 \u00edch cho b\u1ed1 m\u1eb9 nhi\u1ec1u h\u01a1n b\u1edfi tr\u1ebb con v\u1ed1n d\u0129 \u0111\u00e3 c\u1edfi m\u1edf trong t\u01b0 duy r\u1ed3i n\u00ean b\u1ed1 m\u1eb9 m\u1edbi l\u00e0 ng\u01b0\u1eddi (c\u00f3 th\u1ec3) c\u1ea7n thay \u0111\u1ed5i \u0111\u1ecbnh ki\u1ebfn v\u1ec1 quy\u1ec1n c\u1ee7a m\u1ed7i ng\u01b0\u1eddi trong cu\u1ed9c s\u1ed1ng. Cho d\u00f9 l\u00e0 con trai, con g\u00e1i, b\u1ed1 hay m\u1eb9 th\u00ec m\u1ed7i ng\u01b0\u1eddi c\u00f3 \u00edt nh\u1ea5t 15 quy\u1ec1n nh\u01b0 \u0111\u01b0\u1ee3c nh\u1eafc \u0111\u1ebfn trong m\u1ed7i cu\u1ed1n s\u00e1ch. B\u1ed1 m\u1eb9 c\u00f9ng \u0111\u1ecdc v\u1edbi con xem c\u00f3 ngh\u0129 ra th\u00eam \u0111\u01b0\u1ee3c quy\u1ec1n m\u1edbi g\u00ec kh\u00f4ng nh\u00e9<\/p>\n","protected":false},"featured_media":990,"template":"","meta":{"_acf_changed":false},"product_brand":[],"product_cat":[25,17,26],"product_tag":[],"class_list":{"0":"post-1007","1":"product","2":"type-product","3":"status-publish","4":"has-post-thumbnail","6":"product_cat-nhi-dong-6-tuoi-12-tuoi","7":"product_cat-sach-danh-cho-cac-be","8":"product_cat-thieu-nien-11-tuoi-18-tuoi","10":"first","11":"instock","12":"taxable","13":"shipping-taxable","14":"purchasable","15":"product-type-simple"},"supplier_id":null,"supplier_sku":"","barcode":null,"atum_controlled":true,"out_stock_date":null,"out_stock_threshold":null,"inheritable":false,"inbound_stock":5,"stock_on_hold":0,"sold_today":0,"sales_last_days":0,"reserved_stock":0,"customer_returns":0,"warehouse_damage":0,"lost_in_post":0,"other_logs":0,"out_stock_days":0,"lost_sales":0,"has_location":false,"update_date":"2026-01-28T23:11:20","atum_locations":[],"atum_stock_status":"instock","restock_status":false,"low_stock_amount":"","sales_update_date":"2026-01-28T23:11:20","calc_backorders":null,"acf":{"publisher":{"ID":1454,"post_author":"1","post_date":"2021-02-17 01:11:34","post_date_gmt":"2021-02-16 23:11:34","post_content":"<!-- wp:flatsome\/uxbuilder -->\n<h1 style=\"text-align: center;\"><strong>Kim \u0110\u1ed3ng<\/strong><\/h1>\n[row]\n\n[col span=\"3\" span__sm=\"12\"]\n\n[ux_image id=\"1534\" image_size=\"medium\"]\n\n\n[\/col]\n[col span=\"9\" span__sm=\"12\"]\n\n<p>Nh\u00e0 xu\u1ea5t b\u1ea3n Kim \u0110\u1ed3ng tr\u1ef1c thu\u1ed9c Trung \u01b0\u01a1ng \u0110o\u00e0n TNCS H\u1ed3 Ch\u00ed Minh l\u00e0 Nh\u00e0 xu\u1ea5t b\u1ea3n t\u1ed5ng h\u1ee3p c\u00f3 ch\u1ee9c n\u0103ng xu\u1ea5t b\u1ea3n s\u00e1ch v\u00e0 v\u0103n h\u00f3a ph\u1ea9m ph\u1ee5c v\u1ee5 thi\u1ebfu nhi v\u00e0 c\u00e1c b\u1eadc ph\u1ee5 huynh trong c\u1ea3 n\u01b0\u1edbc, qu\u1ea3ng b\u00e1 v\u00e0 gi\u1edbi thi\u1ec7u v\u0103n h\u00f3a Vi\u1ec7t Nam ra th\u1ebf gi\u1edbi.<br \/>Nh\u00e0 xu\u1ea5t b\u1ea3n c\u00f3 nhi\u1ec7m v\u1ee5 t\u1ed5 ch\u1ee9c b\u1ea3n th\u1ea3o, bi\u00ean so\u1ea1n, bi\u00ean d\u1ecbch, xu\u1ea5t b\u1ea3n v\u00e0 ph\u00e1t h\u00e0nh c\u00e1c xu\u1ea5t b\u1ea3n ph\u1ea9m c\u00f3 n\u1ed9i dung: gi\u00e1o d\u1ee5c truy\u1ec1n th\u1ed1ng d\u00e2n t\u1ed9c, gi\u00e1o d\u1ee5c v\u1ec1 tri th\u1ee9c, ki\u1ebfn th\u1ee9c\u2026 tr\u00ean c\u00e1c l\u0129nh v\u1ef1c v\u0103n h\u1ecdc, ngh\u1ec7 thu\u1eadt, khoa h\u1ecdc k\u1ef9 thu\u1eadt nh\u1eb1m cung c\u1ea5p cho c\u00e1c em thi\u1ebfu nhi c\u0169ng nh\u01b0 c\u00e1c b\u1eadc ph\u1ee5 huynh c\u00e1c ki\u1ebfn th\u1ee9c c\u1ea7n thi\u1ebft trong cu\u1ed9c s\u1ed1ng, nh\u1eefng tinh hoa c\u1ee7a tri th\u1ee9c nh\u00e2n lo\u1ea1i nh\u1eb1m g\u00f3p ph\u1ea7n gi\u00e1o d\u1ee5c v\u00e0 h\u00ecnh th\u00e0nh nh\u00e2n c\u00e1ch th\u1ebf h\u1ec7 tr\u1ebb.<br \/>\u0110\u1ed1i t\u01b0\u1ee3ng ph\u1ee5c v\u1ee5 c\u1ee7a Nh\u00e0 xu\u1ea5t b\u1ea3n l\u00e0 c\u00e1c em t\u1eeb tu\u1ed5i nh\u00e0 tr\u1ebb m\u1eabu gi\u00e1o (1 \u0111\u1ebfn 5 tu\u1ed5i), nhi \u0111\u1ed3ng (6 \u0111\u1ebfn 9 tu\u1ed5i), thi\u1ebfu ni\u00ean (10 \u0111\u1ebfn 15 tu\u1ed5i) \u0111\u1ebfn c\u00e1c em tu\u1ed5i m\u1edbi l\u1edbn (16 \u0111\u1ebfn 18 tu\u1ed5i) v\u00e0 c\u00e1c b\u1eadc ph\u1ee5 huynh.<\/p>\n\n[\/col]\n\n[\/row]\n\n<!-- \/wp:flatsome\/uxbuilder -->","post_title":"Kim \u0110\u1ed3ng","post_excerpt":"","post_status":"publish","comment_status":"closed","ping_status":"closed","post_password":"","post_name":"kim-dong","to_ping":"","pinged":"","post_modified":"2021-02-17 01:31:56","post_modified_gmt":"2021-02-16 23:31:56","post_content_filtered":"","post_parent":0,"guid":"https:\/\/sachviet.eu\/nha-phat-hanh\/kim-dong\/","menu_order":0,"post_type":"publisher","post_mime_type":"","comment_count":"0","filter":"raw"}},"_links":{"self":[{"href":"https:\/\/sachviet.eu\/en\/wp-json\/wp\/v2\/product\/1007","targetHints":{"allow":["GET"]}}],"collection":[{"href":"https:\/\/sachviet.eu\/en\/wp-json\/wp\/v2\/product"}],"about":[{"href":"https:\/\/sachviet.eu\/en\/wp-json\/wp\/v2\/types\/product"}],"wp:featuredmedia":[{"embeddable":true,"href":"https:\/\/sachviet.eu\/en\/wp-json\/wp\/v2\/media\/990"}],"wp:attachment":[{"href":"https:\/\/sachviet.eu\/en\/wp-json\/wp\/v2\/media?parent=1007"}],"wp:term":[{"taxonomy":"product_brand","embeddable":true,"href":"https:\/\/sachviet.eu\/en\/wp-json\/wp\/v2\/product_brand?post=1007"},{"taxonomy":"product_cat","embeddable":true,"href":"https:\/\/sachviet.eu\/en\/wp-json\/wp\/v2\/product_cat?post=1007"},{"taxonomy":"product_tag","embeddable":true,"href":"https:\/\/sachviet.eu\/en\/wp-json\/wp\/v2\/product_tag?post=1007"}],"curies":[{"name":"wp","href":"https:\/\/api.w.org\/{rel}","templated":true}]}}