{"id":10065,"date":"2021-06-02T18:16:09","date_gmt":"2021-06-02T15:16:09","guid":{"rendered":"https:\/\/sachviet.eu\/shop\/tam-ly-hoc-tich-cuc\/"},"modified":"2021-06-06T23:04:19","modified_gmt":"2021-06-06T20:04:19","slug":"tam-ly-hoc-tich-cuc","status":"publish","type":"product","link":"https:\/\/sachviet.eu\/en\/shop\/tam-ly-hoc-tich-cuc\/","title":{"rendered":"T\u00e2m l\u00fd h\u1ecdc t\u00edch c\u1ef1c"},"content":{"rendered":"<p>T\u00e2m L\u00fd H\u1ecdc T\u00edch C\u1ef1c<\/p>\n<p>N\u1ebfu \u0111\u01b0\u1ee3c h\u1ecfi r\u1eb1ng \u201cT\u00e2m l\u00fd h\u1ecdc t\u00edch c\u1ef1c \u0111\u00e3 d\u1ea1y cho ch\u00fang ta \u0111i\u1ec1u g\u00ec?\u201d, th\u00ec \u0111\u00f3 ch\u00ednh l\u00e0: Trong m\u1ed7i ch\u00fang ta l\u00e0 s\u1ef1 h\u00e0i ho\u00e0 c\u1ee7a c\u1ea3 nh\u1eefng \u0110I\u1ec2M M\u1ea0NH v\u00e0 \u0110I\u1ec2M Y\u1ebeU. Kh\u00f4ng ai l\u00e0 c\u00f3 t\u1ea5t c\u1ea3, v\u00e0 c\u0169ng kh\u00f4ng ai l\u00e0 khuy\u1ebft t\u1ea5t c\u1ea3 &#8211; Christopher Peterson<\/p>\n<p>T\u00e2m l\u00fd h\u1ecdc t\u00edch c\u1ef1c l\u00e0 m\u1ed9t nh\u00e1nh nghi\u00ean c\u1ee9u m\u1edbi c\u00f3 tu\u1ed5i \u0111\u1eddi kho\u1ea3ng h\u01a1n 20 n\u0103m nay, nh\u01b0ng \u0111\u00e3 m\u1edf ra r\u1ea5t nhi\u1ec1u con \u0111\u01b0\u1eddng \u0111\u1ec3 m\u1ed7i ch\u00fang ta c\u00f3 th\u1ec3 nh\u00ecn th\u1ea5u v\u00e0o \u0111\u1eddi s\u1ed1ng n\u1ed9i t\u00e2m c\u1ee7a m\u00ecnh, v\u00e0 th\u1ef1c s\u1ef1 t\u1eadp trung v\u00e0o \u201cnh\u1eefng g\u00ec l\u00e0m cho cu\u1ed9c \u0111\u1eddi tr\u1edf n\u00ean \u0111\u00e1ng s\u1ed1ng v\u00e0 t\u1ed1t \u0111\u1eb9p\u201d.<\/p>\n<p>Cu\u1ed1n s\u00e1ch \u201cT\u00e2m l\u00fd h\u1ecdc t\u00edch c\u1ef1c \u2013 Khoa h\u1ecdc v\u1ec1 Ph\u01b0\u01a1ng th\u1ee9c s\u1ed1ng an l\u1ea1c\u201d do Acacia C. Parks v\u00e0 Stephen M. Schueller bi\u00ean so\u1ea1n l\u00e0 cu\u1ed1n s\u00e1ch \u0111\u1ea7u ti\u00ean t\u1ea1i Vi\u1ec7t Nam gi\u1edbi thi\u1ec7u l\u00fd thuy\u1ebft v\u00e0 h\u01b0\u1edbng d\u1eabn th\u1ef1c h\u00e0nh c\u00e1c can thi\u1ec7p t\u00e2m l\u00fd h\u1ecdc t\u00edch c\u1ef1c \u0111\u1ed1i v\u1edbi c\u00e1 nh\u00e2n, gia \u0111\u00ecnh, nh\u00f3m x\u00e3 h\u1ed9i, l\u1edbp h\u1ecdc g\u1eb7p ph\u1ea3i v\u1ea5n \u0111\u1ec1 t\u00e2m l\u00fd.<\/p>\n<p>Trong cu\u1ed1n s\u00e1ch n\u00e0y ng\u01b0\u1eddi \u0111\u1ecdc s\u1ebd hi\u1ec3u \u0111\u01b0\u1ee3c nh\u1eefng ki\u1ebfn th\u1ee9c c\u01a1 b\u1ea3n v\u1ec1 l\u0129nh v\u1ef1c t\u00e2m l\u00fd h\u1ecdc t\u00edch c\u1ef1c, c\u00e1c c\u00e1ch th\u1ee9c nh\u00e0 t\u00e2m l\u00fd h\u1ecdc t\u00edch c\u1ef1c s\u1eed d\u1ee5ng \u0111\u1ec3 n\u00e2ng cao \u0111i\u1ec3m m\u1ea1nh n\u01a1i con ng\u01b0\u1eddi nh\u01b0 l\u00f2ng bi\u1ebft \u01a1n, v\u1ecb tha, d\u0169ng c\u1ea3m, khi\u1ebfu h\u00e0i h\u01b0\u1edbc, ki\u00ean nh\u1eabn, s\u00e1ng t\u1ea1o, s\u1ef1 th\u1ea5u c\u1ea3m. \u0110\u1ed9c gi\u1ea3 c\u0169ng c\u00f3 th\u1ec3 nh\u1eadn ra m\u1ed9t s\u1ed1 th\u00f4ng tin li\u00ean quan t\u1edbi v\u1ea5n \u0111\u1ec1 t\u00e2m l\u00fd m\u00e0 b\u1ea3n th\u00e2n ho\u1eb7c ng\u01b0\u1eddi th\u00e2n, b\u1ea1n b\u00e8 \u0111ang ph\u1ea3i \u0111\u1ed1i di\u1ec7n.<\/p>\n<p>V\u01b0\u1ee3t l\u00ean gi\u1edbi h\u1ea1n c\u1ee7a m\u1ed9t khoa h\u1ecdc thu\u1ea7n t\u00fay, t\u00e2m l\u00fd h\u1ecdc t\u00edch c\u1ef1c g\u1ee3i m\u1edf con \u0111\u01b0\u1eddng h\u01b0\u1edbng t\u1edbi cu\u1ed9c s\u1ed1ng h\u1ea1nh ph\u00fac v\u00e0 an l\u1ea1c \u0111\u00edch th\u1ef1c, cu\u1ed9c s\u1ed1ng d\u1ef1a tr\u00ean tr\u00ed tu\u1ec7, l\u00f2ng nh\u00e2n \u00e1i v\u00e0 \u00fd th\u1ee9c v\u1ec1 c\u00e1i t\u00f4i. Cu\u1ed1n s\u00e1ch n\u00e0y cho th\u1ea5y t\u00e2m l\u00fd h\u1ecdc t\u00edch c\u1ef1c nh\u01b0 m\u1ed9t khoa h\u1ecdc v\u1ec1 ph\u01b0\u01a1ng th\u1ee9c s\u1ed1ng an l\u1ea1c.<\/p>\n<p>GI\u1edaI THI\u1ec6U NG\u01af\u1edcI BI\u00caN SO\u1ea0N<\/p>\n<p>Acacia C. Parks hi\u1ec7n \u0111ang l\u00e0 Nghi\u00ean c\u1ee9u vi\u00ean tr\u01b0\u1edfng c\u1ee7a Happify Health, c\u00f4ng ty t\u01b0 v\u1ea5n h\u00e0ng \u0111\u1ea7u trong l\u0129nh v\u1ef1c t\u00e2m l\u00fd h\u00e0nh vi v\u00e0 s\u1ee9c kh\u1ecfe cho c\u00e1c t\u1eadp \u0111o\u00e0n v\u00e0 doanh nghi\u1ec7p. B\u00e0 l\u1ea5y b\u1eb1ng ti\u1ebfn s\u0129 t\u00e2m l\u00fd h\u1ecdc t\u1ea1i \u0110\u1ea1i h\u1ecdc Pennsylvania v\u00e0 l\u00e0 gi\u1ea3ng vi\u00ean ch\u00ednh th\u1ee9c t\u1ea1i \u0110\u1ea1i h\u1ecdc Hiram trong 5 n\u0103m tr\u01b0\u1edbc khi tr\u1edf th\u00e0nh chuy\u00ean gia t\u01b0 v\u1ea5n v\u00e0 nh\u00e0 nghi\u00ean c\u1ee9u t\u1ea1i Happify Health v\u00e0o n\u0103m 2011. Parks c\u0169ng \u0111\u1ea3m nhi\u1ec7m vai tr\u00f2 bi\u00ean t\u1eadp vi\u00ean ph\u00f3 c\u1ee7a t\u1ea1p ch\u00ed T\u00e2m l\u00fd h\u1ecdc t\u00edch c\u1ef1c (Journal of Positive Psychology) v\u00e0 \u0111\u1ed3ng bi\u00ean t\u1eadp c\u1ee7a t\u1ea1p ch\u00ed C\u00e1c ho\u1ea1t \u0111\u1ed9ng gi\u1ea3ng d\u1ea1y T\u00e2m l\u00fd h\u1ecdc t\u00edch c\u1ef1c (Activities for Teaching Positive Psychology). H\u01b0\u1edbng nghi\u00ean c\u1ee9u c\u1ee7a b\u00e0 t\u1eadp trung v\u00e0o s\u1ef1 an l\u1ea1c, c\u00e1c th\u1ec3 th\u1ee9c \u0111i\u1ec1u tr\u1ecb tr\u1ea7m c\u1ea3m v\u00e0 lo \u00e2u, c\u00e1c \u0111\u1eb7c t\u00ednh h\u00e0nh vi v\u00e0 t\u00e2m l\u00fd c\u1ee7a c\u00e1 nh\u00e2n.<\/p>\n<p>Stephen M. Schueller hi\u1ec7n l\u00e0 Tr\u1ee3 l\u00fd gi\u00e1o s\u01b0 chuy\u00ean ng\u00e0nh Y t\u1ebf d\u1ef1 ph\u00f2ng t\u1ea1i \u0110\u1ea1i h\u1ecdc Northwestern, Tr\u01b0\u1eddng Y t\u1ebf Feinberg v\u00e0 l\u00e0 nghi\u00ean c\u1ee9u vi\u00ean t\u1ea1i Trung t\u00e2m c\u00e1c c\u00f4ng ngh\u1ec7 can thi\u1ec7p h\u00e0nh vi (CBITs). \u00d4ng nh\u1eadn b\u1eb1ng ti\u1ebfn s\u0129 T\u00e2m l\u00fd h\u1ecdc l\u00e2m s\u00e0ng t\u1ea1i \u0110\u1ea1i h\u1ecdc Pennsylvania, ho\u00e0n th\u00e0nh ch\u01b0\u01a1ng tr\u00ecnh th\u1ef1c t\u1eadp n\u1ed9i tr\u00fa v\u00e0 nghi\u00ean c\u1ee9u sau ti\u1ebfn s\u0129 (post-doc) t\u1ea1i \u0110\u1ea1i h\u1ecdc California, San Francisco. Nghi\u00ean c\u1ee9u c\u1ee7a Schueller t\u1eadp trung v\u00e0o c\u00e1c can thi\u1ec7p t\u00e2m l\u00fd li\u00ean quan t\u1edbi Internet v\u00e0 thi\u1ebft b\u1ecb di \u0111\u1ed9ng, th\u00fac \u0111\u1ea9y s\u1ef1 an l\u1ea1c, ni\u1ec1m h\u1ea1nh ph\u00fac, ng\u0103n ng\u1eeba tr\u1ea7m c\u1ea3m. Hi\u1ec7n \u00f4ng c\u0169ng l\u00e0 bi\u00ean t\u1eadp vi\u00ean ph\u00f3 c\u1ee7a t\u1ea1p ch\u00ed T\u00e2m l\u00fd h\u1ecdc t\u00edch c\u1ef1c (Journal of Positive Psychology).<\/p>\n<p>GI\u1edaI THI\u1ec6U D\u1ef0 \u00c1N C\u00c1NH DI\u1ec0U \u2013 T\u00c2M L\u00dd H\u1eccC T\u00cdCH C\u1ef0C \u1ede VI\u1ec6T NAM. <\/p>\n<p>N\u0103m 2016, D\u1ef1 \u00e1n C\u00e1nh Di\u1ec1u \u0111\u01b0\u1ee3c ra \u0111\u1eddi v\u1edbi m\u1ee5c ti\u00eau d\u1ecbch thu\u1eadt v\u00e0 lan to\u1ea3 nh\u1eefng ki\u1ebfn th\u1ee9c v\u1ec1 T\u00e2m l\u00fd h\u1ecdc t\u00edch c\u1ef1c [Positive Psychology] b\u1eb1ng ti\u1ebfng Vi\u1ec7t. Th\u00e0nh vi\u00ean s\u00e1ng l\u1eadp ban \u0111\u1ea7u c\u1ee7a d\u1ef1 \u00e1n l\u00e0 Th\u1ea1c s\u1ef9 t\u00e2m l\u00fd h\u1ecdc Nguy\u1ec5n Minh Th\u00e0nh, khi \u1ea5y c\u00f2n \u0111ang l\u00e0 anh sinh vi\u00ean cao h\u1ecdc n\u0103m th\u1ee9 nh\u1ea5t trong ch\u01b0\u01a1ng tr\u00ecnh Th\u1ea1c s\u1ef9 khoa h\u1ecdc v\u1ec1 T\u00e2m l\u00fd h\u1ecdc Ph\u00e1t tri\u1ec3n v\u00e0 Gi\u00e1o d\u1ee5c t\u1ea1i Vi\u1ec7n t\u00e2m l\u00fd h\u1ecdc, \u0110\u1ea1i h\u1ecdc S\u01b0 ph\u1ea1m Qu\u00fd Ch\u00e2u, Trung Qu\u1ed1c. . Th\u00e0nh vi\u00ean c\u1ee7a d\u1ef1 \u00e1n t\u1eadp h\u1ee3p nh\u1eefng c\u00e1 nh\u00e2n \u0111\u1ebfn t\u1eeb r\u1ea5t nhi\u1ec1u nh\u1eefng ng\u00e0nh ngh\u1ec1 kh\u00e1c nhau nh\u01b0: T\u00e2m l\u00fd h\u1ecdc, Y h\u1ecdc, Gi\u00e1o d\u1ee5c, Du l\u1ecbch, Ng\u00f4n ng\u1eef Anh, Qu\u1ea3n tr\u1ecb nh\u00e2n l\u1ef1c, Kinh t\u1ebf. D\u1ef1 \u00e1n C\u00e1nh Di\u1ec1u \u0111\u01b0\u1ee3c v\u1eadn h\u00e0nh ho\u00e0n to\u00e0n d\u01b0\u1edbi h\u00ecnh th\u1ee9c kh\u00f4ng v\u00ec l\u1ee3i nhu\u1eadn<\/p>\n<p>Tr\u1ea3i qua 5 n\u0103m duy tr\u00ec v\u00e0 ph\u00e1t tri\u1ec3n, d\u1ef1 \u00e1n C\u00e1nh Di\u1ec1u \u0111\u00e3 c\u00f3 nhi\u1ec1u d\u1ea5u \u1ea5n \u0111\u1eb7c bi\u1ec7t trong h\u00e0nh tr\u00ecnh lan t\u1ecfa T\u00e2m l\u00fd h\u1ecdc t\u00edch c\u1ef1c t\u1ea1i Vi\u1ec7t Nam. \u0110\u1ea7u ti\u00ean \u0111\u00f3 l\u00e0 fanpage \u201cT\u00e2m l\u00fd h\u1ecdc t\u00edch c\u1ef1c\u201d v\u1edbi h\u00e0ng ch\u1ee5c ngh\u00ecn l\u01b0\u1ee3t ti\u1ebfp c\u1eadn, chuy\u00ean \u0111\u0103ng t\u1ea3i nh\u1eefng b\u00e0i d\u1ecbch \u1edf r\u1ea5t nhi\u1ec1u ngu\u1ed3n kh\u00e1c nhau v\u1ec1 T\u00e2m l\u00fd h\u1ecdc t\u00edch c\u1ef1c, v\u00e0 c\u00e1c c\u00e1ch ti\u1ebfp c\u1eadn, b\u00e0i t\u1eadp nh\u1eb1m ph\u00e1t tri\u1ec3n b\u1ea3n th\u00e2n v\u00e0 s\u1ed1ng m\u1ed9t \u0111\u1eddi An l\u1ea1c. Ti\u1ebfp theo l\u00e0 ti\u1ebfn h\u00e0nh ho\u00e0n th\u00e0nh d\u1ecbch 3 cu\u1ed1n s\u00e1ch, v\u00e0 m\u1ed9t trong ba cu\u1ed1n \u0111\u00f3 l\u00e0 cu\u1ed1n \u201c T\u00e2m l\u00fd h\u1ecdc t\u00edch c\u1ef1c\u201d s\u1ebd \u0111\u01b0\u1ee3c IPER ph\u00e1t h\u00e0nh v\u00e0o th\u00e1ng 4\/2021<\/p>\n<p>. \u201cC\u00e1nh Di\u1ec1u\u201d ch\u00ednh l\u00e0 c\u00e1i n\u00f4i c\u1ee7a tr\u00e0o l\u01b0u Gi\u00e1o d\u1ee5c t\u00edch c\u1ef1c [Positive Education] t\u1ea1i Vi\u1ec7t Nam, \u0111em \u0111\u1ebfn cho nhi\u1ec1u k\u1ebft qu\u1ea3 kh\u1ea3 quan trong vi\u1ec7c gia t\u0103ng h\u1ea1nh ph\u00fac c\u1ee7a h\u1ecdc sinh, gi\u00e1o vi\u00ean v\u00e0 x\u00e2y d\u1ef1ng nh\u00e0 tr\u01b0\u1eddng h\u1ea1nh ph\u00fac [School of Well-being].<\/p>\n","protected":false},"excerpt":{"rendered":"<p>T\u00e2m L\u00fd H\u1ecdc T\u00edch C\u1ef1c<\/p>\n<p>N\u1ebfu \u0111\u01b0\u1ee3c h\u1ecfi r\u1eb1ng \u201cT\u00e2m l\u00fd h\u1ecdc t\u00edch c\u1ef1c \u0111\u00e3 d\u1ea1y cho ch\u00fang ta \u0111i\u1ec1u g\u00ec?\u201d, th\u00ec \u0111\u00f3 ch\u00ednh l\u00e0: Trong m\u1ed7i ch\u00fang ta l\u00e0 s\u1ef1 h\u00e0i ho\u00e0 c\u1ee7a c\u1ea3 nh\u1eefng \u0110I\u1ec2M M\u1ea0NH v\u00e0 \u0110I\u1ec2M Y\u1ebeU. Kh\u00f4ng ai l\u00e0 c\u00f3 t\u1ea5t c\u1ea3, v\u00e0 c\u0169ng kh\u00f4ng ai l\u00e0 khuy\u1ebft t\u1ea5t c\u1ea3 &#8211; Christopher Peterson<\/p>\n<p>T\u00e2m l\u00fd h\u1ecdc t\u00edch c\u1ef1c l\u00e0 m\u1ed9t nh\u00e1nh nghi\u00ean c\u1ee9u m\u1edbi c\u00f3 tu\u1ed5i \u0111\u1eddi kho\u1ea3ng h\u01a1n 20 n\u0103m nay, nh\u01b0ng \u0111\u00e3 m\u1edf ra r\u1ea5t nhi\u1ec1u con \u0111\u01b0\u1eddng \u0111\u1ec3 m\u1ed7i ch\u00fang ta c\u00f3 th\u1ec3 nh\u00ecn th\u1ea5u v\u00e0o \u0111\u1eddi s\u1ed1ng n\u1ed9i t\u00e2m c\u1ee7a m\u00ecnh, v\u00e0 th\u1ef1c s\u1ef1 t\u1eadp trung v\u00e0o \u201cnh\u1eefng g\u00ec l\u00e0m cho cu\u1ed9c \u0111\u1eddi tr\u1edf n\u00ean \u0111\u00e1ng s\u1ed1ng v\u00e0 t\u1ed1t \u0111\u1eb9p\u201d.<\/p>\n<p>Cu\u1ed1n s\u00e1ch \u201cT\u00e2m l\u00fd h\u1ecdc t\u00edch c\u1ef1c \u2013 Khoa h\u1ecdc v\u1ec1 Ph\u01b0\u01a1ng th\u1ee9c s\u1ed1ng an l\u1ea1c\u201d do Acacia C. Parks v\u00e0 Stephen M. Schueller bi\u00ean so\u1ea1n l\u00e0 cu\u1ed1n s\u00e1ch \u0111\u1ea7u ti\u00ean t\u1ea1i Vi\u1ec7t Nam gi\u1edbi thi\u1ec7u l\u00fd thuy\u1ebft v\u00e0 h\u01b0\u1edbng d\u1eabn th\u1ef1c h\u00e0nh c\u00e1c can thi\u1ec7p t\u00e2m l\u00fd h\u1ecdc t\u00edch c\u1ef1c \u0111\u1ed1i v\u1edbi c\u00e1 nh\u00e2n, gia \u0111\u00ecnh, nh\u00f3m x\u00e3 h\u1ed9i, l\u1edbp h\u1ecdc g\u1eb7p ph\u1ea3i v\u1ea5n \u0111\u1ec1 t\u00e2m l\u00fd.<\/p>\n<p>Trong cu\u1ed1n s\u00e1ch n\u00e0y ng\u01b0\u1eddi \u0111\u1ecdc s\u1ebd hi\u1ec3u \u0111\u01b0\u1ee3c nh\u1eefng ki\u1ebfn th\u1ee9c c\u01a1 b\u1ea3n v\u1ec1 l\u0129nh v\u1ef1c t\u00e2m l\u00fd h\u1ecdc t\u00edch c\u1ef1c, c\u00e1c c\u00e1ch th\u1ee9c nh\u00e0 t\u00e2m l\u00fd h\u1ecdc t\u00edch c\u1ef1c s\u1eed d\u1ee5ng \u0111\u1ec3 n\u00e2ng cao \u0111i\u1ec3m m\u1ea1nh n\u01a1i con ng\u01b0\u1eddi nh\u01b0 l\u00f2ng bi\u1ebft \u01a1n, v\u1ecb tha, d\u0169ng c\u1ea3m, khi\u1ebfu h\u00e0i h\u01b0\u1edbc, ki\u00ean nh\u1eabn, s\u00e1ng t\u1ea1o, s\u1ef1 th\u1ea5u c\u1ea3m. \u0110\u1ed9c gi\u1ea3 c\u0169ng c\u00f3 th\u1ec3 nh\u1eadn ra m\u1ed9t s\u1ed1 th\u00f4ng tin li\u00ean quan t\u1edbi v\u1ea5n \u0111\u1ec1 t\u00e2m l\u00fd m\u00e0 b\u1ea3n th\u00e2n ho\u1eb7c ng\u01b0\u1eddi th\u00e2n, b\u1ea1n b\u00e8 \u0111ang ph\u1ea3i \u0111\u1ed1i di\u1ec7n.<\/p>\n<p>V\u01b0\u1ee3t l\u00ean gi\u1edbi h\u1ea1n c\u1ee7a m\u1ed9t khoa h\u1ecdc thu\u1ea7n t\u00fay, t\u00e2m l\u00fd h\u1ecdc t\u00edch c\u1ef1c g\u1ee3i m\u1edf con \u0111\u01b0\u1eddng h\u01b0\u1edbng t\u1edbi cu\u1ed9c s\u1ed1ng h\u1ea1nh ph\u00fac v\u00e0 an l\u1ea1c \u0111\u00edch th\u1ef1c, cu\u1ed9c s\u1ed1ng d\u1ef1a tr\u00ean tr\u00ed tu\u1ec7, l\u00f2ng nh\u00e2n \u00e1i v\u00e0 \u00fd th\u1ee9c v\u1ec1 c\u00e1i t\u00f4i. Cu\u1ed1n s\u00e1ch n\u00e0y cho th\u1ea5y t\u00e2m l\u00fd h\u1ecdc t\u00edch c\u1ef1c nh\u01b0 m\u1ed9t khoa h\u1ecdc v\u1ec1 ph\u01b0\u01a1ng th\u1ee9c s\u1ed1ng an l\u1ea1c.<\/p>\n","protected":false},"featured_media":10052,"template":"","meta":{"_acf_changed":false},"product_brand":[],"product_cat":[18],"product_tag":[],"class_list":{"0":"post-10065","1":"product","2":"type-product","3":"status-publish","4":"has-post-thumbnail","6":"product_cat-kinh-te","8":"first","9":"outofstock","10":"taxable","11":"shipping-taxable","12":"purchasable","13":"product-type-simple"},"supplier_id":null,"supplier_sku":"","barcode":null,"atum_controlled":true,"out_stock_date":"2021-06-06 20:04:19","out_stock_threshold":null,"inheritable":false,"inbound_stock":0,"stock_on_hold":0,"sold_today":0,"sales_last_days":0,"reserved_stock":0,"customer_returns":0,"warehouse_damage":0,"lost_in_post":0,"other_logs":0,"out_stock_days":1697,"lost_sales":0,"has_location":false,"update_date":"2026-01-28T23:10:45","atum_locations":[],"atum_stock_status":"outofstock","restock_status":false,"low_stock_amount":"","sales_update_date":"2026-01-28T23:10:45","calc_backorders":null,"acf":{"publisher":{"ID":1453,"post_author":"1","post_date":"2021-02-17 01:11:32","post_date_gmt":"2021-02-16 23:11:32","post_content":"<!-- wp:flatsome\/uxbuilder -->\n<h1 style=\"text-align: center;\"><strong>Qu\u1ea3ng V\u0103n<\/strong><\/h1>\n[row]\n\n[col span=\"6\" span__sm=\"12\"]\n\n[ux_image id=\"1552\" image_size=\"medium\"]\n\n\n[\/col]\n[col span=\"6\" span__sm=\"12\"]\n\n<p><strong>Quangvanbooks<\/strong><br \/>Qu\u1ea3ng V\u0103n l\u00e0 t\u1ed5 h\u1ee3p xu\u1ea5t b\u1ea3n, gi\u00e1o d\u1ee5c v\u00e0 nh\u01b0\u1ee3ng quy\u1ec1n h\u00e0ng \u0111\u1ea7u trong ng\u00e0nh c\u00f4ng nghi\u1ec7p s\u00e1ng t\u1ea1o v\u1edbi c\u00e1c th\u01b0\u01a1ng hi\u1ec7u nh\u00e1nh:<\/p>\n<p>Quangvanbooks - Th\u01b0\u01a1ng hi\u1ec7u s\u00e1ch v\u0103n h\u00f3a gi\u00e1o d\u1ee5c v\u00e0 v\u0103n h\u00f3a gi\u1ea3i tr\u00ed<br \/>Ehomebooks - Th\u01b0\u01a1ng hi\u1ec7u s\u00e1ch gi\u00e1o d\u1ee5c gia \u0111\u00ecnh<br \/>Sakurabooks - Th\u01b0\u01a1ng hi\u1ec7u s\u00e1ch Nh\u1eadt B\u1ea3n<br \/>IPERbooks - Th\u01b0\u01a1ng hi\u1ec7u s\u00e1ch gi\u00e1o d\u1ee5c nh\u00e0 tr\u01b0\u1eddng<br \/>IPER - Vi\u1ec7n nghi\u00ean c\u1ee9u xu\u1ea5t b\u1ea3n v\u00e0 gi\u00e1o d\u1ee5c IPER<\/p>\n<p><strong>T\u1ea7m nh\u00ecn<\/strong><br \/>Tr\u1edf th\u00e0nh th\u01b0\u01a1ng hi\u1ec7u s\u00e1ch v\u0103n h\u00f3a gi\u00e1o d\u1ee5c v\u00e0 v\u0103n h\u00f3a gi\u1ea3i tr\u00ed t\u1ed1t nh\u1ea5t v\u00e0 \u0111a d\u1ea1ng nh\u1ea5t Vi\u1ec7t Nam.<\/p>\n<p><br \/><strong>S\u1ee9 m\u1ec7nh<\/strong><br \/>Mang \u0111\u1ebfn nh\u1eefng cu\u1ed1n s\u00e1ch v\u0103n h\u00f3a gi\u00e1o d\u1ee5c v\u00e0 v\u0103n h\u00f3a gi\u1ea3i tr\u00ed \u0111\u1ebfn v\u1edbi \u0111\u1ed9c gi\u1ea3 Vi\u1ec7t Nam v\u00e0 th\u1ebf gi\u1edbi nh\u1eb1m gi\u00fap \u0111\u1ed9c gi\u1ea3 ph\u00e1t tri\u1ec3n b\u1ea3n th\u00e2n, gi\u00e1o d\u1ee5c, gi\u1ea3i tr\u00ed v\u00e0 khai s\u00e1ng nh\u1eb1m x\u00e2y d\u1ef1ng x\u00e3 h\u1ed9i th\u1ecbnh v\u01b0\u1ee3ng, h\u1ea1nh ph\u00fac.<\/p>\n<p><strong>Gi\u00e1 tr\u1ecb c\u1ed1t l\u00f5i<\/strong><\/p>\n<p>S\u00e1ng t\u1ea1o - Linh ho\u1ea1t - H\u1ee3p t\u00e1c - Ch\u00ednh tr\u1ef1c - Nhi\u1ec7t huy\u1ebft - C\u00e2n b\u1eb1ng - H\u1ea1nh ph\u00fac<\/p>\n\n[\/col]\n\n[\/row]\n\n<!-- \/wp:flatsome\/uxbuilder -->","post_title":"Qu\u1ea3ng V\u0103n","post_excerpt":"","post_status":"publish","comment_status":"closed","ping_status":"closed","post_password":"","post_name":"quang-van","to_ping":"","pinged":"","post_modified":"2021-02-17 01:26:44","post_modified_gmt":"2021-02-16 23:26:44","post_content_filtered":"","post_parent":0,"guid":"https:\/\/sachviet.eu\/nha-phat-hanh\/quang-van\/","menu_order":0,"post_type":"publisher","post_mime_type":"","comment_count":"0","filter":"raw"}},"_links":{"self":[{"href":"https:\/\/sachviet.eu\/en\/wp-json\/wp\/v2\/product\/10065","targetHints":{"allow":["GET"]}}],"collection":[{"href":"https:\/\/sachviet.eu\/en\/wp-json\/wp\/v2\/product"}],"about":[{"href":"https:\/\/sachviet.eu\/en\/wp-json\/wp\/v2\/types\/product"}],"wp:featuredmedia":[{"embeddable":true,"href":"https:\/\/sachviet.eu\/en\/wp-json\/wp\/v2\/media\/10052"}],"wp:attachment":[{"href":"https:\/\/sachviet.eu\/en\/wp-json\/wp\/v2\/media?parent=10065"}],"wp:term":[{"taxonomy":"product_brand","embeddable":true,"href":"https:\/\/sachviet.eu\/en\/wp-json\/wp\/v2\/product_brand?post=10065"},{"taxonomy":"product_cat","embeddable":true,"href":"https:\/\/sachviet.eu\/en\/wp-json\/wp\/v2\/product_cat?post=10065"},{"taxonomy":"product_tag","embeddable":true,"href":"https:\/\/sachviet.eu\/en\/wp-json\/wp\/v2\/product_tag?post=10065"}],"curies":[{"name":"wp","href":"https:\/\/api.w.org\/{rel}","templated":true}]}}