{"id":10043,"date":"2021-06-02T18:13:49","date_gmt":"2021-06-02T15:13:49","guid":{"rendered":"https:\/\/sachviet.eu\/shop\/tro-choi-toan-hoc-set-3-quyen\/"},"modified":"2022-08-18T23:16:36","modified_gmt":"2022-08-18T20:16:36","slug":"tro-choi-toan-hoc-set-3-quyen","status":"publish","type":"product","link":"https:\/\/sachviet.eu\/en\/shop\/tro-choi-toan-hoc-set-3-quyen\/","title":{"rendered":"Tr\u00f2 ch\u01a1i to\u00e1n h\u1ecdc &#8211; Set 3 quy\u1ec3n"},"content":{"rendered":"<p>\u201cT\u00f4i t\u1eebng suy ngh\u0129 r\u1eb1ng, li\u1ec7u m\u00ecnh c\u00f3 hay kh\u00f4ng t\u1ea1o ra \u0111\u01b0\u1ee3c m\u1ed9t quy\u1ec3n s\u00e1ch th\u00fa v\u1ecb m\u00e0 v\u1edbi n\u00f3, ta s\u1ebd d\u1ea1y cho tr\u1ebb kh\u00f4ng ch\u1ec9 v\u1ec1 con s\u1ed1, m\u00e0 c\u00f2n c\u1ea3 c\u00e1ch t\u01b0 duy chung trong nhi\u1ec1u m\u1ea3ng h\u1ecdc v\u1ea5n kh\u00e1c, gi\u00fap tr\u1ebb hi\u1ec3u \u0111\u01b0\u1ee3c ni\u1ec1m ph\u1ea5n kh\u1edfi khi kh\u00e1m ph\u00e1, s\u00e1ng t\u1ea1o v\u00e0 \u0111\u00f4i l\u00fac l\u00e0 s\u1ef1 b\u1ed1i r\u1ed1i khi l\u1ea1c v\u00e0o m\u00ea cung. V\u1ec1 sau, t\u00f4i nh\u1eadn ra \u0111\u00f3 ch\u00ednh l\u00e0 to\u00e1n h\u1ecdc. V\u00ec v\u1eady, t\u00f4i \u0111\u00e3 quy\u1ebft \u0111\u1ecbnh th\u1ef1c hi\u1ec7n m\u1ed9t quy\u1ec3n s\u00e1ch to\u00e1n h\u1ecdc.\u201d<\/p>\n<p>T\u00e1c gi\u1ea3 Anno Mitsumasa<\/p>\n<p>\u201cTr\u00f2 ch\u01a1i to\u00e1n h\u1ecdc\u201d kh\u00f4ng ph\u1ea3i l\u00e0 m\u1ed9t quy\u1ec3n s\u00e1ch d\u1ea1y c\u00e1c ph\u00e9p t\u00ednh nh\u00e2n, chia, c\u1ed9ng, tr\u1eeb th\u00f4ng th\u01b0\u1eddng. V\u1edbi l\u00f2ng ch\u00e2n th\u00e0nh mong mu\u1ed1n th\u1ec3 hi\u1ec7n \u0111\u01b0\u1ee3c v\u1ebb \u0111\u1eb9p thu\u1ea7n t\u00fay c\u1ee7a b\u1ed9 m\u00f4n khoa h\u1ecdc n\u00e0y \u0111\u1ebfn c\u00e1c em nh\u1ecf, t\u00e1c gi\u1ea3 \u0111\u00e3 t\u1ea1o n\u00ean m\u1ed9t b\u1ed9 s\u00e1ch to\u00e1n h\u1ecdc \u0111\u1eb7c bi\u1ec7t, kh\u00f4ng gi\u1ed1ng v\u1edbi b\u1ea5t k\u1ef3 cu\u1ed1n s\u00e1ch to\u00e1n n\u00e0o tr\u01b0\u1edbc \u0111\u00e2y c\u00e1c b\u1ea1n \u0111\u00e3 t\u1eebng g\u1eb7p.<\/p>\n<p>Ki\u1ebfn th\u1ee9c \u0111\u01b0\u1ee3c cung c\u1ea5p trong cu\u1ed1n s\u00e1ch n\u00e0y s\u1ebd gi\u00fap b\u00e9 (v\u00e0 c\u00f3 th\u1ec3 l\u00e0 c\u1ea3 ph\u1ee5 huynh) \u00e1p d\u1ee5ng nh\u1eefng quy lu\u1eadt to\u00e1n h\u1ecdc m\u1ed9t c\u00e1ch d\u1ec5 d\u00e0ng v\u00e0o \u0111\u1eddi s\u1ed1ng nh\u01b0 x\u00e1c \u0111\u1ecbnh v\u1ecb tr\u00ed, c\u00e2n \u0111o \u0111ong \u0111\u1ebfm, hay th\u1eadm ch\u00ed s\u00e1ng t\u1ea1o ngh\u1ec7 thu\u1eadt (v\u1ebd tranh, g\u1ea5p Origami).<\/p>\n<p>\u201cTr\u00f2 ch\u01a1i to\u00e1n h\u1ecdc\u201d m\u1edf ra m\u1ed9t c\u00e1nh c\u1eeda r\u1ed9ng l\u1edbn h\u01a1n m\u00e0 \u1edf \u0111\u00f3 b\u00e9 s\u1ebd th\u1ea5y \u0111\u01b0\u1ee3c ni\u1ec1m vui c\u1ee7a s\u1ef1 kh\u00e1m ph\u00e1, nh\u1eefng c\u00f4ng tr\u00ecnh ki\u1ebfn tr\u00fac \u0111\u1ed3 s\u1ed9 v\u1ec1 t\u01b0 t\u01b0\u1edfng k\u1ec3 t\u1eeb khi l\u1ecbch s\u1eed \u0111\u01b0\u1ee3c h\u00ecnh th\u00e0nh v\u00e0 v\u1eabn kh\u00f4ng ng\u1eebng \u0111\u01b0\u1ee3c ki\u1ebfn t\u1ea1o cho \u0111\u1ebfn t\u1eadn b\u00e2y gi\u1edd.<\/p>\n<p>B\u1ed9 s\u00e1ch c\u0169ng s\u1ebd gi\u00fap cho c\u00e1c b\u00e9 nh\u1eadn ra r\u1eb1ng To\u00e1n h\u1ecdc kh\u00f4ng ch\u1ec9 gi\u1edbi h\u1ea1n \u1edf s\u1ed1 l\u01b0\u1ee3ng hay h\u00ecnh kh\u1ed1i, n\u00f3 c\u00f3 h\u1eb3n ngh\u0129a r\u1ed9ng l\u00e0 ki\u1ebfn th\u1ee9c v\u00e0 c\u00e1ch t\u01b0 duy. M\u1ee5c \u0111\u00edch c\u01a1 b\u1ea3n cu\u1ed1i c\u00f9ng kh\u00f4ng ph\u1ea3i l\u00e0 n\u1eafm \u0111\u01b0\u1ee3c c\u00e1c thao t\u00e1c c\u01a1 b\u1ea3n trong to\u00e1n h\u1ecdc nh\u01b0 c\u1ed9ng tr\u1eeb nh\u00e2n chia,&#8230; m\u00e0 l\u00e0 n\u1eafm \u0111\u01b0\u1ee3c c\u00e1ch t\u01b0 duy chung c\u0169ng nh\u01b0 c\u1ea3m th\u1ee5 \u0111\u01b0\u1ee3c v\u1ebb \u0111\u1eb9p c\u1ee7a to\u00e1n h\u1ecdc.<\/p>\n<p>Ch\u00ednh v\u00ec l\u1ebd \u0111\u00f3, b\u1ed1 m\u1eb9 h\u00e3y gi\u00fap con m\u1edf kh\u00f3a n\u0103ng l\u1ef1c c\u1ee7a b\u1ea3n th\u00e2n th\u00f4ng qua b\u1ed9 s\u00e1ch Ehon  Nh\u1eadt B\u1ea3n \u201cTr\u00f2 ch\u01a1i to\u00e1n h\u1ecdc\u201d c\u1ee7a t\u00e1c gi\u1ea3 Anno Mitsumasa.<\/p>\n<p>Cu\u1ed1n s\u00e1ch y\u00eau th\u00edch \u0111\u00e3 tr\u1ea3i qua bao th\u1ebf h\u1ec7 \u0111\u1ed9c gi\u1ea3 Nh\u1eadt B\u1ea3n. \u0110\u00e3 \u0111\u01b0\u1ee3c d\u1ecbch t\u1ea1i nhi\u1ec1u qu\u1ed1c gia: Trung Qu\u1ed1c, \u0110\u00e0i Loan, \u00dd, M\u1ef9, Ph\u00e1p, Th\u00e1i Lan&#8230;<\/p>\n<p>1.      Tr\u00f2 ch\u01a1i to\u00e1n h\u1ecdc t\u1eadp 1<\/p>\n<p>Kh\u00e1c bi\u1ec7t th\u00ec li\u00ean quan g\u00ec \u0111\u1ebfn to\u00e1n h\u1ecdc nh\u1ec9? Keo d\u00e1n k\u00ec l\u1ea1 &#8211; k\u00ec l\u1ea1 \u1edf ch\u1ed7 n\u00e0o? \u201cTr\u00f2 ch\u01a1i to\u00e1n h\u1ecdc t\u1eadp 1\u201d s\u1ebd gi\u00fap b\u00e9 \u0111\u1eb7t nh\u1eefng b\u01b0\u1edbc ch\u00e2n \u0111\u1ea7u ti\u00ean tr\u00ean h\u00e0nh tr\u00ecnh kh\u00e1m ph\u00e1 khu v\u01b0\u1eddn to\u00e1n h\u1ecdc.<\/p>\n<p>Trong t\u1eadp 1 n\u00e0y, b\u00e9 s\u1ebd \u0111\u01b0\u1ee3c l\u00e0m quen v\u1edbi vi\u1ec7c suy lu\u1eadn v\u1ec1 \u0111i\u1ec1u ki\u1ec7n, kh\u00e1i ni\u1ec7m k\u1ebft h\u1ee3p, ph\u00e2n bi\u1ec7t s\u1ed1 \u0111\u1ebfm, s\u1ed1 th\u1ee9 t\u1ef1 v\u00e0 s\u1eed d\u1ee5ng bi\u1ec3u \u0111\u1ed3. Nh\u1eefng b\u00e0i t\u1eadp vui nh\u1ed9n d\u01b0\u1edbi s\u1ef1 d\u1eabn d\u1eaft c\u1ee7a c\u00e1c ch\u00fa l\u00f9n s\u1ebd khi\u1ebfn b\u00e9 say m\u00ea t\u00ecm t\u00f2i \u0111\u00e1p \u00e1n.<\/p>\n<p>2.      Tr\u00f2 ch\u01a1i to\u00e1n h\u1ecdc t\u1eadp 2<\/p>\n<p>Sau khi b\u00e9 \u0111\u00e3 c\u00f3 b\u01b0\u1edbc kh\u1edfi \u0111\u1ed9ng \u0111\u1ea7y h\u00e0o h\u1ee9ng v\u1edbi t\u1eadp 1, t\u1eadp 2 s\u1ebd mang \u0111\u1ebfn nh\u1eefng th\u1eed th\u00e1ch m\u1edbi l\u1ea1 h\u01a1n n\u1eefa. Ng\u01b0\u1eddi ch\u01a1i l\u00e0 c\u00e1c b\u00e9 s\u1ebd c\u00f3 c\u01a1 h\u1ed9i \u0111\u1ec3 r\u00e8n luy\u1ec7n kh\u1ea3 n\u0103ng suy lu\u1eadn \u0111\u1ed3ng th\u1eddi th\u1ecfa s\u1ee9c s\u00e1ng t\u1ea1o.<\/p>\n<p>\u201cTr\u00f2 ch\u01a1i to\u00e1n h\u1ecdc t\u1eadp 2\u201d mang \u0111\u1ebfn cho b\u00e9 c\u00e1ch hi\u1ec3u \u0111\u01a1n gi\u1ea3n v\u00e0 t\u1ef1 nhi\u00ean nh\u1ea5t v\u1ec1 m\u1ed1i quan h\u1ec7, gi\u00fap b\u00e9 bi\u1ebft c\u00e1ch so s\u00e1nh \u0111\u1ec3 ch\u1ec9 ra \u0111i\u1ec3m gi\u1ed1ng v\u00e0 kh\u00e1c bi\u1ec7t, gi\u00fap b\u00e9 h\u1ecdc c\u00e1ch t\u01b0 duy gi\u1ea3i quy\u1ebft v\u1ea5n \u0111\u1ec1 v\u00e0 bi\u1ebft th\u1ebf n\u00e0o l\u00e0 th\u1ec3 t\u00edch, l\u00e0 \u0111\u01a1n v\u1ecb \u0111o l\u01b0\u1eddng.<\/p>\n<p>Tr\u00f2 ch\u01a1i to\u00e1n h\u1ecdc t\u1eadp 3<\/p>\n<p>\u0110\u1ebfn v\u1edbi t\u1eadp 3 b\u00e9 s\u1ebd \u0111\u01b0\u1ee3c th\u1eed nghi\u1ec7m nh\u1eefng tr\u00f2 ch\u01a1i k\u1ef3 l\u1ea1 nh\u1ea5t c\u00f9ng c\u00e1c ch\u00fa l\u00f9n. Thu\u1ed1c ma thu\u1eadt c\u00f3 t\u00e1c d\u1ee5ng g\u00ec nh\u1ec9? N\u1ebfu pha tr\u1ed9n theo t\u1ef7 l\u1ec7 kh\u00e1c nhau r\u1ed3i thoa l\u00ean v\u1eadt th\u00ec v\u1eadt \u0111\u00f3 s\u1ebd bi\u1ebfn \u0111\u1ed5i nh\u01b0 th\u1ebf n\u00e0o?<\/p>\n<p>B\u1ed1n ch\u01b0\u01a1ng Thu\u1ed1c ma thu\u1eadt, H\u00ecnh tam gi\u00e1c xinh \u0111\u1eb9p, M\u00ea cung v\u00e0 B\u00ean tr\u00e1i &#8211; B\u00ean ph\u1ea3i s\u1ebd l\u1ea7n l\u01b0\u1ee3t cung c\u1ea5p cho tr\u1ebb nh\u1eefng ki\u1ebfn th\u1ee9c th\u00fa v\u1ecb v\u1ec1 to\u00e1n h\u1ecdc, c\u00f3 t\u00ednh \u1ee9ng d\u1ee5ng cao trong \u0111\u1eddi s\u1ed1ng. Trong t\u1eadp s\u00e1ch n\u00e0y tr\u1ebb s\u1ebd kh\u00e1m ph\u00e1 \u0111\u01b0\u1ee3c kh\u00e1i ni\u1ec7m c\u01a1 b\u1ea3n nh\u1ea5t c\u1ee7a Topology (c\u1ea5u tr\u00fac li\u00ean k\u1ebft), ng\u00f4i sao s\u00e1ng c\u1ee7a to\u00e1n h\u1ecdc hi\u1ec7n \u0111\u1ea1i.<\/p>\n<p>GI\u1edaI THI\u1ec6U T\u00c1C GI\u1ea2<\/p>\n<p>Anno Mitsumasa sinh n\u0103m 1926 t\u1ea1i Tsuwano, t\u1ec9nh Shimane, hi\u1ec7n s\u1ed1ng t\u1ea1i Tokyo, Nh\u1eadt B\u1ea3n.<\/p>\n<p>\u00d4ng \u0111o\u1ea1t Gi\u1ea3i th\u01b0\u1edfng c\u1ee7a B\u1ed9 tr\u01b0\u1edfng B\u1ed9 Gi\u00e1o d\u1ee5c Nh\u1eadt B\u1ea3n (nay l\u00e0 B\u1ed9 Gi\u00e1o d\u1ee5c, V\u0103n h\u00f3a, Th\u1ec3 thao, Khoa h\u1ecdc v\u00e0 C\u00f4ng ngh\u1ec7 Nh\u1eadt B\u1ea3n) d\u00e0nh cho Ngh\u1ec7 s\u0129 m\u1edbi n\u0103m 1974, Gi\u1ea3i V\u0103n h\u00f3a xu\u1ea5t b\u1ea3n Kodansha, Gi\u1ea3i M\u0129 thu\u1eadt thu\u1ed9c Gi\u1ea3i th\u01b0\u1edfng V\u0103n h\u1ecdc thi\u1ebfu nhi Shogakukan, Gi\u1ea3i \u0111\u1eb7c bi\u1ec7t Hu\u00e2n ch\u01b0\u01a1ng Kate Greenaway (Anh), Gi\u1ea3i th\u01b0\u1edfng B\u1ea3o t\u00e0ng m\u0129 thu\u1eadt Brooklyn (M\u1ef9), Gi\u1ea3i BIB Golden Apple (Ti\u1ec7p Kh\u1eafc, nay t\u00e1ch th\u00e0nh CH S\u00e9c v\u00e0 Slovakia), Gi\u1ea3i \u0110\u1ed3 h\u1ecda t\u1ea1i Tri\u1ec3n l\u00e3m s\u00e1ch thi\u1ebfu nhi qu\u1ed1c t\u1ebf Bologna (\u00dd), Gi\u1ea3i Hans Christian Andersen d\u00e0nh cho H\u1ecda s\u0129 minh h\u1ecda, Gi\u1ea3i Xu\u1ea5t b\u1ea3n c\u1ee7a H\u1ed9i to\u00e1n h\u1ecdc Nh\u1eadt B\u1ea3n n\u0103m 2006\u2026<\/p>\n<p>C\u00e1c t\u00e1c ph\u1ea9m: B\u1ee9c tranh k\u00ec l\u1ea1, \u0110\u1ea3o ng\u01b0\u1ee3c, ABC, L\u00e0m quen v\u1edbi ch\u1eef c\u00e1i, S\u00e1ch tranh v\u1ec1 mu\u00f4n mi\u1ec1n \u0111\u1ea5t (4 cu\u1ed1n), S\u00e1ch tranh v\u1ec1 c\u00e1c c\u00e1nh r\u1eebng, Thuy\u1ebft \u0111\u1ecba t\u00e2m qua tranh v\u1ebd, Tr\u00e1i \u0110\u1ea5t l\u00e0 m\u1ed9t \u0111\u1ed3ng h\u1ed3 M\u1eb7t Tr\u1eddi (Fukuinkan); N\u00e0o m\u00ecnh c\u00f9ng \u0111\u1ebfm, V\u1ecb vua th\u00edch nh\u1eefng g\u00ec to l\u1edbn, Tuy\u1ec3n t\u1eadp tranh Anno Mitsumasa (Kodansha); C\u00f4ng x\u01b0\u1edfng k\u00ec \u1ea3o, X\u01b0\u1edfng v\u1ebd k\u00ec \u1ea3o, Nh\u1eadt k\u00ed th\u1ee3 s\u0103n (Heibonsha); Chi\u1ebfc m\u0169 c\u1ee7a nh\u00e0 \u1ea3o thu\u1eadt (Doshinsha); Nh\u1eefng c\u00e1i b\u00f3ng (Fuzambo)\u2026<\/p>\n","protected":false},"excerpt":{"rendered":"<p>\u201cT\u00f4i t\u1eebng suy ngh\u0129 r\u1eb1ng, li\u1ec7u m\u00ecnh c\u00f3 hay kh\u00f4ng t\u1ea1o ra \u0111\u01b0\u1ee3c m\u1ed9t quy\u1ec3n s\u00e1ch th\u00fa v\u1ecb m\u00e0 v\u1edbi n\u00f3, ta s\u1ebd d\u1ea1y cho tr\u1ebb kh\u00f4ng ch\u1ec9 v\u1ec1 con s\u1ed1, m\u00e0 c\u00f2n c\u1ea3 c\u00e1ch t\u01b0 duy chung trong nhi\u1ec1u m\u1ea3ng h\u1ecdc v\u1ea5n kh\u00e1c, gi\u00fap tr\u1ebb hi\u1ec3u \u0111\u01b0\u1ee3c ni\u1ec1m ph\u1ea5n kh\u1edfi khi kh\u00e1m ph\u00e1, s\u00e1ng t\u1ea1o v\u00e0 \u0111\u00f4i l\u00fac l\u00e0 s\u1ef1 b\u1ed1i r\u1ed1i khi l\u1ea1c v\u00e0o m\u00ea cung. V\u1ec1 sau, t\u00f4i nh\u1eadn ra \u0111\u00f3 ch\u00ednh l\u00e0 to\u00e1n h\u1ecdc. V\u00ec v\u1eady, t\u00f4i \u0111\u00e3 quy\u1ebft \u0111\u1ecbnh th\u1ef1c hi\u1ec7n m\u1ed9t quy\u1ec3n s\u00e1ch to\u00e1n h\u1ecdc.\u201d<\/p>\n<p>T\u00e1c gi\u1ea3 Anno Mitsumasa<\/p>\n<p>\u201cTr\u00f2 ch\u01a1i to\u00e1n h\u1ecdc\u201d kh\u00f4ng ph\u1ea3i l\u00e0 m\u1ed9t quy\u1ec3n s\u00e1ch d\u1ea1y c\u00e1c ph\u00e9p t\u00ednh nh\u00e2n, chia, c\u1ed9ng, tr\u1eeb th\u00f4ng th\u01b0\u1eddng. V\u1edbi l\u00f2ng ch\u00e2n th\u00e0nh mong mu\u1ed1n th\u1ec3 hi\u1ec7n \u0111\u01b0\u1ee3c v\u1ebb \u0111\u1eb9p thu\u1ea7n t\u00fay c\u1ee7a b\u1ed9 m\u00f4n khoa h\u1ecdc n\u00e0y \u0111\u1ebfn c\u00e1c em nh\u1ecf, t\u00e1c gi\u1ea3 \u0111\u00e3 t\u1ea1o n\u00ean m\u1ed9t b\u1ed9 s\u00e1ch to\u00e1n h\u1ecdc \u0111\u1eb7c bi\u1ec7t, kh\u00f4ng gi\u1ed1ng v\u1edbi b\u1ea5t k\u1ef3 cu\u1ed1n s\u00e1ch to\u00e1n n\u00e0o tr\u01b0\u1edbc \u0111\u00e2y c\u00e1c b\u1ea1n \u0111\u00e3 t\u1eebng g\u1eb7p.<\/p>\n<p>Ki\u1ebfn th\u1ee9c \u0111\u01b0\u1ee3c cung c\u1ea5p trong cu\u1ed1n s\u00e1ch n\u00e0y s\u1ebd gi\u00fap b\u00e9 (v\u00e0 c\u00f3 th\u1ec3 l\u00e0 c\u1ea3 ph\u1ee5 huynh) \u00e1p d\u1ee5ng nh\u1eefng quy lu\u1eadt to\u00e1n h\u1ecdc m\u1ed9t c\u00e1ch d\u1ec5 d\u00e0ng v\u00e0o \u0111\u1eddi s\u1ed1ng nh\u01b0 x\u00e1c \u0111\u1ecbnh v\u1ecb tr\u00ed, c\u00e2n \u0111o \u0111ong \u0111\u1ebfm, hay th\u1eadm ch\u00ed s\u00e1ng t\u1ea1o ngh\u1ec7 thu\u1eadt (v\u1ebd tranh, g\u1ea5p Origami).<\/p>\n<p>\u201cTr\u00f2 ch\u01a1i to\u00e1n h\u1ecdc\u201d m\u1edf ra m\u1ed9t c\u00e1nh c\u1eeda r\u1ed9ng l\u1edbn h\u01a1n m\u00e0 \u1edf \u0111\u00f3 b\u00e9 s\u1ebd th\u1ea5y \u0111\u01b0\u1ee3c ni\u1ec1m vui c\u1ee7a s\u1ef1 kh\u00e1m ph\u00e1, nh\u1eefng c\u00f4ng tr\u00ecnh ki\u1ebfn tr\u00fac \u0111\u1ed3 s\u1ed9 v\u1ec1 t\u01b0 t\u01b0\u1edfng k\u1ec3 t\u1eeb khi l\u1ecbch s\u1eed \u0111\u01b0\u1ee3c h\u00ecnh th\u00e0nh v\u00e0 v\u1eabn kh\u00f4ng ng\u1eebng \u0111\u01b0\u1ee3c ki\u1ebfn t\u1ea1o cho \u0111\u1ebfn t\u1eadn b\u00e2y gi\u1edd.<\/p>\n<p>B\u1ed9 s\u00e1ch c\u0169ng s\u1ebd gi\u00fap cho c\u00e1c b\u00e9 nh\u1eadn ra r\u1eb1ng To\u00e1n h\u1ecdc kh\u00f4ng ch\u1ec9 gi\u1edbi h\u1ea1n \u1edf s\u1ed1 l\u01b0\u1ee3ng hay h\u00ecnh kh\u1ed1i, n\u00f3 c\u00f3 h\u1eb3n ngh\u0129a r\u1ed9ng l\u00e0 ki\u1ebfn th\u1ee9c v\u00e0 c\u00e1ch t\u01b0 duy. M\u1ee5c \u0111\u00edch c\u01a1 b\u1ea3n cu\u1ed1i c\u00f9ng kh\u00f4ng ph\u1ea3i l\u00e0 n\u1eafm \u0111\u01b0\u1ee3c c\u00e1c thao t\u00e1c c\u01a1 b\u1ea3n trong to\u00e1n h\u1ecdc nh\u01b0 c\u1ed9ng tr\u1eeb nh\u00e2n chia,&#8230; m\u00e0 l\u00e0 n\u1eafm \u0111\u01b0\u1ee3c c\u00e1ch t\u01b0 duy chung c\u0169ng nh\u01b0 c\u1ea3m th\u1ee5 \u0111\u01b0\u1ee3c v\u1ebb \u0111\u1eb9p c\u1ee7a to\u00e1n h\u1ecdc.<\/p>\n<p>Ch\u00ednh v\u00ec l\u1ebd \u0111\u00f3, b\u1ed1 m\u1eb9 h\u00e3y gi\u00fap con m\u1edf kh\u00f3a n\u0103ng l\u1ef1c c\u1ee7a b\u1ea3n th\u00e2n th\u00f4ng qua b\u1ed9 s\u00e1ch Ehon  Nh\u1eadt B\u1ea3n \u201cTr\u00f2 ch\u01a1i to\u00e1n h\u1ecdc\u201d c\u1ee7a t\u00e1c gi\u1ea3 Anno Mitsumasa.<\/p>\n<p>Cu\u1ed1n s\u00e1ch y\u00eau th\u00edch \u0111\u00e3 tr\u1ea3i qua bao th\u1ebf h\u1ec7 \u0111\u1ed9c gi\u1ea3 Nh\u1eadt B\u1ea3n. \u0110\u00e3 \u0111\u01b0\u1ee3c d\u1ecbch t\u1ea1i nhi\u1ec1u qu\u1ed1c gia: Trung Qu\u1ed1c, \u0110\u00e0i Loan, \u00dd, M\u1ef9, Ph\u00e1p, Th\u00e1i Lan&#8230;<\/p>\n","protected":false},"featured_media":10040,"template":"","meta":{"_acf_changed":false},"product_brand":[],"product_cat":[20,25,17],"product_tag":[],"class_list":{"0":"post-10043","1":"product","2":"type-product","3":"status-publish","4":"has-post-thumbnail","6":"product_cat-be-vua-hoc-vua-choi","7":"product_cat-nhi-dong-6-tuoi-12-tuoi","8":"product_cat-sach-danh-cho-cac-be","10":"first","11":"instock","12":"taxable","13":"shipping-taxable","14":"purchasable","15":"product-type-simple"},"supplier_id":null,"supplier_sku":"","barcode":null,"atum_controlled":true,"out_stock_date":null,"out_stock_threshold":null,"inheritable":false,"inbound_stock":0,"stock_on_hold":0,"sold_today":0,"sales_last_days":0,"reserved_stock":0,"customer_returns":0,"warehouse_damage":0,"lost_in_post":0,"other_logs":0,"out_stock_days":0,"lost_sales":0,"has_location":false,"update_date":"2026-01-28T23:10:45","atum_locations":[],"atum_stock_status":"instock","restock_status":false,"low_stock_amount":"","sales_update_date":"2026-01-28T23:10:45","calc_backorders":null,"acf":{"publisher":{"ID":1453,"post_author":"1","post_date":"2021-02-17 01:11:32","post_date_gmt":"2021-02-16 23:11:32","post_content":"<!-- wp:flatsome\/uxbuilder -->\n<h1 style=\"text-align: center;\"><strong>Qu\u1ea3ng V\u0103n<\/strong><\/h1>\n[row]\n\n[col span=\"6\" span__sm=\"12\"]\n\n[ux_image id=\"1552\" image_size=\"medium\"]\n\n\n[\/col]\n[col span=\"6\" span__sm=\"12\"]\n\n<p><strong>Quangvanbooks<\/strong><br \/>Qu\u1ea3ng V\u0103n l\u00e0 t\u1ed5 h\u1ee3p xu\u1ea5t b\u1ea3n, gi\u00e1o d\u1ee5c v\u00e0 nh\u01b0\u1ee3ng quy\u1ec1n h\u00e0ng \u0111\u1ea7u trong ng\u00e0nh c\u00f4ng nghi\u1ec7p s\u00e1ng t\u1ea1o v\u1edbi c\u00e1c th\u01b0\u01a1ng hi\u1ec7u nh\u00e1nh:<\/p>\n<p>Quangvanbooks - Th\u01b0\u01a1ng hi\u1ec7u s\u00e1ch v\u0103n h\u00f3a gi\u00e1o d\u1ee5c v\u00e0 v\u0103n h\u00f3a gi\u1ea3i tr\u00ed<br \/>Ehomebooks - Th\u01b0\u01a1ng hi\u1ec7u s\u00e1ch gi\u00e1o d\u1ee5c gia \u0111\u00ecnh<br \/>Sakurabooks - Th\u01b0\u01a1ng hi\u1ec7u s\u00e1ch Nh\u1eadt B\u1ea3n<br \/>IPERbooks - Th\u01b0\u01a1ng hi\u1ec7u s\u00e1ch gi\u00e1o d\u1ee5c nh\u00e0 tr\u01b0\u1eddng<br \/>IPER - Vi\u1ec7n nghi\u00ean c\u1ee9u xu\u1ea5t b\u1ea3n v\u00e0 gi\u00e1o d\u1ee5c IPER<\/p>\n<p><strong>T\u1ea7m nh\u00ecn<\/strong><br \/>Tr\u1edf th\u00e0nh th\u01b0\u01a1ng hi\u1ec7u s\u00e1ch v\u0103n h\u00f3a gi\u00e1o d\u1ee5c v\u00e0 v\u0103n h\u00f3a gi\u1ea3i tr\u00ed t\u1ed1t nh\u1ea5t v\u00e0 \u0111a d\u1ea1ng nh\u1ea5t Vi\u1ec7t Nam.<\/p>\n<p><br \/><strong>S\u1ee9 m\u1ec7nh<\/strong><br \/>Mang \u0111\u1ebfn nh\u1eefng cu\u1ed1n s\u00e1ch v\u0103n h\u00f3a gi\u00e1o d\u1ee5c v\u00e0 v\u0103n h\u00f3a gi\u1ea3i tr\u00ed \u0111\u1ebfn v\u1edbi \u0111\u1ed9c gi\u1ea3 Vi\u1ec7t Nam v\u00e0 th\u1ebf gi\u1edbi nh\u1eb1m gi\u00fap \u0111\u1ed9c gi\u1ea3 ph\u00e1t tri\u1ec3n b\u1ea3n th\u00e2n, gi\u00e1o d\u1ee5c, gi\u1ea3i tr\u00ed v\u00e0 khai s\u00e1ng nh\u1eb1m x\u00e2y d\u1ef1ng x\u00e3 h\u1ed9i th\u1ecbnh v\u01b0\u1ee3ng, h\u1ea1nh ph\u00fac.<\/p>\n<p><strong>Gi\u00e1 tr\u1ecb c\u1ed1t l\u00f5i<\/strong><\/p>\n<p>S\u00e1ng t\u1ea1o - Linh ho\u1ea1t - H\u1ee3p t\u00e1c - Ch\u00ednh tr\u1ef1c - Nhi\u1ec7t huy\u1ebft - C\u00e2n b\u1eb1ng - H\u1ea1nh ph\u00fac<\/p>\n\n[\/col]\n\n[\/row]\n\n<!-- \/wp:flatsome\/uxbuilder -->","post_title":"Qu\u1ea3ng V\u0103n","post_excerpt":"","post_status":"publish","comment_status":"closed","ping_status":"closed","post_password":"","post_name":"quang-van","to_ping":"","pinged":"","post_modified":"2021-02-17 01:26:44","post_modified_gmt":"2021-02-16 23:26:44","post_content_filtered":"","post_parent":0,"guid":"https:\/\/sachviet.eu\/nha-phat-hanh\/quang-van\/","menu_order":0,"post_type":"publisher","post_mime_type":"","comment_count":"0","filter":"raw"}},"_links":{"self":[{"href":"https:\/\/sachviet.eu\/en\/wp-json\/wp\/v2\/product\/10043","targetHints":{"allow":["GET"]}}],"collection":[{"href":"https:\/\/sachviet.eu\/en\/wp-json\/wp\/v2\/product"}],"about":[{"href":"https:\/\/sachviet.eu\/en\/wp-json\/wp\/v2\/types\/product"}],"wp:featuredmedia":[{"embeddable":true,"href":"https:\/\/sachviet.eu\/en\/wp-json\/wp\/v2\/media\/10040"}],"wp:attachment":[{"href":"https:\/\/sachviet.eu\/en\/wp-json\/wp\/v2\/media?parent=10043"}],"wp:term":[{"taxonomy":"product_brand","embeddable":true,"href":"https:\/\/sachviet.eu\/en\/wp-json\/wp\/v2\/product_brand?post=10043"},{"taxonomy":"product_cat","embeddable":true,"href":"https:\/\/sachviet.eu\/en\/wp-json\/wp\/v2\/product_cat?post=10043"},{"taxonomy":"product_tag","embeddable":true,"href":"https:\/\/sachviet.eu\/en\/wp-json\/wp\/v2\/product_tag?post=10043"}],"curies":[{"name":"wp","href":"https:\/\/api.w.org\/{rel}","templated":true}]}}