{"id":10039,"date":"2021-06-02T18:13:36","date_gmt":"2021-06-02T15:13:36","guid":{"rendered":"https:\/\/sachviet.eu\/shop\/hop-sach-song-ngu-thu-vien-anh-dau-tien-cho-be-tu-0-6-tuoi-8-quyen\/"},"modified":"2021-09-17T08:06:42","modified_gmt":"2021-09-17T05:06:42","slug":"hop-sach-song-ngu-thu-vien-anh-dau-tien-cho-be-tu-0-6-tuoi-8-quyen","status":"publish","type":"product","link":"https:\/\/sachviet.eu\/en\/shop\/hop-sach-song-ngu-thu-vien-anh-dau-tien-cho-be-tu-0-6-tuoi-8-quyen\/","title":{"rendered":"H\u1ed9p s\u00e1ch song ng\u1eef &#8211; Th\u01b0 vi\u1ec7n \u1ea3nh \u0111\u1ea7u ti\u00ean cho b\u00e9 t\u1eeb 0-6 tu\u1ed5i &#8211; 8 quy\u1ec3n"},"content":{"rendered":"<p>B\u1ed9 s\u00e1ch g\u1ed3m 8 quy\u1ec3n song ng\u1eef, s\u00e1ch \u0111\u01b0\u1ee3c thi\u1ebft k\u1ebf h\u00ecnh \u1ea3nh v\u1ebd s\u1eafc n\u00e9t , gi\u00fap b\u00e9 nh\u1eadn bi\u1ebft h\u00ecnh \u1ea3nh d\u1ec5 d\u00e0ng h\u01a1n , cu\u1ed1n s\u00e1ch \u0111\u01b0\u1ee3c thi\u1ebft k\u1ebf g\u1ecdn nh\u1ecf , c\u00e1c trang \u0111\u01b0\u1ee3c l\u00e0m ch\u1ea5t li\u1ec7u b\u00eca c\u1ee9ng gi\u00fap b\u00e9 c\u1ea7m s\u00e1ch d\u1ec5 d\u00e0ng m\u00e0 kh\u00f4ng lo b\u1ecb h\u1ecfng s\u00e1ch , b\u00e9 v\u1eeba h\u1ecdc v\u1eeba ch\u01a1i nhanh h\u01a1n ,<\/p>\n<p>B\u1ed9 s\u00e1ch g\u1ed3m c\u00e1c cu\u1ed1n sau<\/p>\n<p>1 My First picture Encyclopedia, Th\u01b0 vi\u1ec7n h\u00ecnh \u1ea3nh \u0111\u1ea7u ti\u00ean cho b\u00e9 ( Song ng\u1eef ) Ch\u1eef c\u00e1i<\/p>\n<p>2 My First picture Encyclopedia, Th\u01b0 vi\u1ec7n h\u00ecnh \u1ea3nh \u0111\u1ea7u ti\u00ean cho b\u00e9 ( Song ng\u1eef ) S\u1ed1 \u0111\u1ebfm<\/p>\n<p>3 My First picture Encyclopedia, Th\u01b0 vi\u1ec7n h\u00ecnh \u1ea3nh \u0111\u1ea7u ti\u00ean cho b\u00e9 ( Song ng\u1eef )  H\u00ecnh d\u1ea1ng<\/p>\n<p>4 My First picture Encyclopedia, Th\u01b0 vi\u1ec7n h\u00ecnh \u1ea3nh \u0111\u1ea7u ti\u00ean cho b\u00e9 ( Song ng\u1eef )  M\u00e0u s\u1eafc<\/p>\n<p>5 My First picture Encyclopedia, Th\u01b0 vi\u1ec7n h\u00ecnh \u1ea3nh \u0111\u1ea7u ti\u00ean cho b\u00e9 ( Song ng\u1eef )  C\u01a1 th\u1ec3<\/p>\n<p>6 My First picture Encyclopedia, Th\u01b0 vi\u1ec7n h\u00ecnh \u1ea3nh \u0111\u1ea7u ti\u00ean cho b\u00e9 ( Song ng\u1eef )  \u0110\u1ed1i l\u1eadp<\/p>\n<p>7 My First picture Encyclopedia, Th\u01b0 vi\u1ec7n h\u00ecnh \u1ea3nh \u0111\u1ea7u ti\u00ean cho b\u00e9 ( Song ng\u1eef )  \u0110\u1ed9ng v\u1eadt<\/p>\n<p>8 My First picture Encyclopedia, Th\u01b0 vi\u1ec7n h\u00ecnh \u1ea3nh \u0111\u1ea7u ti\u00ean cho b\u00e9 ( Song ng\u1eef )  Giao th\u00f4ng<\/p>\n","protected":false},"excerpt":{"rendered":"<p>B\u1ed9 s\u00e1ch g\u1ed3m 8 quy\u1ec3n song ng\u1eef, s\u00e1ch \u0111\u01b0\u1ee3c thi\u1ebft k\u1ebf h\u00ecnh \u1ea3nh v\u1ebd s\u1eafc n\u00e9t , gi\u00fap b\u00e9 nh\u1eadn bi\u1ebft h\u00ecnh \u1ea3nh d\u1ec5 d\u00e0ng h\u01a1n , cu\u1ed1n s\u00e1ch \u0111\u01b0\u1ee3c thi\u1ebft k\u1ebf g\u1ecdn nh\u1ecf , c\u00e1c trang \u0111\u01b0\u1ee3c l\u00e0m ch\u1ea5t li\u1ec7u b\u00eca c\u1ee9ng gi\u00fap b\u00e9 c\u1ea7m s\u00e1ch d\u1ec5 d\u00e0ng m\u00e0 kh\u00f4ng lo b\u1ecb h\u1ecfng s\u00e1ch , b\u00e9 v\u1eeba h\u1ecdc v\u1eeba ch\u01a1i nhanh h\u01a1n ,<\/p>\n<p>B\u1ed9 s\u00e1ch g\u1ed3m c\u00e1c cu\u1ed1n sau<\/p>\n<p>1 My First picture Encyclopedia, Th\u01b0 vi\u1ec7n h\u00ecnh \u1ea3nh \u0111\u1ea7u ti\u00ean cho b\u00e9 ( Song ng\u1eef ) Ch\u1eef c\u00e1i<\/p>\n<p>2 My First picture Encyclopedia, Th\u01b0 vi\u1ec7n h\u00ecnh \u1ea3nh \u0111\u1ea7u ti\u00ean cho b\u00e9 ( Song ng\u1eef ) S\u1ed1 \u0111\u1ebfm<\/p>\n<p>3 My First picture Encyclopedia, Th\u01b0 vi\u1ec7n h\u00ecnh \u1ea3nh \u0111\u1ea7u ti\u00ean cho b\u00e9 ( Song ng\u1eef )  H\u00ecnh d\u1ea1ng<\/p>\n<p>4 My First picture Encyclopedia, Th\u01b0 vi\u1ec7n h\u00ecnh \u1ea3nh \u0111\u1ea7u ti\u00ean cho b\u00e9 ( Song ng\u1eef )  M\u00e0u s\u1eafc<\/p>\n<p>5 My First picture Encyclopedia, Th\u01b0 vi\u1ec7n h\u00ecnh \u1ea3nh \u0111\u1ea7u ti\u00ean cho b\u00e9 ( Song ng\u1eef )  C\u01a1 th\u1ec3<\/p>\n<p>6 My First picture Encyclopedia, Th\u01b0 vi\u1ec7n h\u00ecnh \u1ea3nh \u0111\u1ea7u ti\u00ean cho b\u00e9 ( Song ng\u1eef )  \u0110\u1ed1i l\u1eadp<\/p>\n<p>7 My First picture Encyclopedia, Th\u01b0 vi\u1ec7n h\u00ecnh \u1ea3nh \u0111\u1ea7u ti\u00ean cho b\u00e9 ( Song ng\u1eef )  \u0110\u1ed9ng v\u1eadt<\/p>\n<p>8 My First picture Encyclopedia, Th\u01b0 vi\u1ec7n h\u00ecnh \u1ea3nh \u0111\u1ea7u ti\u00ean cho b\u00e9 ( Song ng\u1eef )  Giao th\u00f4ng<\/p>\n","protected":false},"featured_media":10038,"template":"","meta":{"_acf_changed":false},"product_brand":[],"product_cat":[24,25,17],"product_tag":[],"class_list":{"0":"post-10039","1":"product","2":"type-product","3":"status-publish","4":"has-post-thumbnail","6":"product_cat-nha-tre-mau-giao-0-tuoi-6-tuoi","7":"product_cat-nhi-dong-6-tuoi-12-tuoi","8":"product_cat-sach-danh-cho-cac-be","10":"first","11":"outofstock","12":"taxable","13":"shipping-taxable","14":"purchasable","15":"product-type-simple"},"supplier_id":null,"supplier_sku":"","barcode":null,"atum_controlled":true,"out_stock_date":"2021-09-17 05:06:42","out_stock_threshold":null,"inheritable":false,"inbound_stock":2,"stock_on_hold":0,"sold_today":0,"sales_last_days":0,"reserved_stock":0,"customer_returns":0,"warehouse_damage":0,"lost_in_post":0,"other_logs":0,"out_stock_days":1594,"lost_sales":0,"has_location":false,"update_date":"2026-01-28T23:10:45","atum_locations":[],"atum_stock_status":"outofstock","restock_status":false,"low_stock_amount":"","sales_update_date":"2026-01-28T23:10:45","calc_backorders":null,"acf":{"publisher":{"ID":4073,"post_author":"1","post_date":"2021-03-02 03:53:16","post_date_gmt":"2021-03-02 01:53:16","post_content":"","post_title":"MCBooks","post_excerpt":"","post_status":"publish","comment_status":"closed","ping_status":"closed","post_password":"","post_name":"mcbooks","to_ping":"","pinged":"","post_modified":"2021-03-02 03:53:16","post_modified_gmt":"2021-03-02 01:53:16","post_content_filtered":"","post_parent":0,"guid":"https:\/\/sachviet.eu\/nha-phat-hanh\/mcbooks\/","menu_order":0,"post_type":"publisher","post_mime_type":"","comment_count":"0","filter":"raw"}},"_links":{"self":[{"href":"https:\/\/sachviet.eu\/en\/wp-json\/wp\/v2\/product\/10039","targetHints":{"allow":["GET"]}}],"collection":[{"href":"https:\/\/sachviet.eu\/en\/wp-json\/wp\/v2\/product"}],"about":[{"href":"https:\/\/sachviet.eu\/en\/wp-json\/wp\/v2\/types\/product"}],"wp:featuredmedia":[{"embeddable":true,"href":"https:\/\/sachviet.eu\/en\/wp-json\/wp\/v2\/media\/10038"}],"wp:attachment":[{"href":"https:\/\/sachviet.eu\/en\/wp-json\/wp\/v2\/media?parent=10039"}],"wp:term":[{"taxonomy":"product_brand","embeddable":true,"href":"https:\/\/sachviet.eu\/en\/wp-json\/wp\/v2\/product_brand?post=10039"},{"taxonomy":"product_cat","embeddable":true,"href":"https:\/\/sachviet.eu\/en\/wp-json\/wp\/v2\/product_cat?post=10039"},{"taxonomy":"product_tag","embeddable":true,"href":"https:\/\/sachviet.eu\/en\/wp-json\/wp\/v2\/product_tag?post=10039"}],"curies":[{"name":"wp","href":"https:\/\/api.w.org\/{rel}","templated":true}]}}