{"id":10037,"date":"2021-06-02T18:13:31","date_gmt":"2021-06-02T15:13:31","guid":{"rendered":"https:\/\/sachviet.eu\/shop\/trac-nghiem-tinh-cach-tre-set-3-quyen\/"},"modified":"2021-06-03T23:17:18","modified_gmt":"2021-06-03T20:17:18","slug":"trac-nghiem-tinh-cach-tre-set-3-quyen","status":"publish","type":"product","link":"https:\/\/sachviet.eu\/en\/shop\/trac-nghiem-tinh-cach-tre-set-3-quyen\/","title":{"rendered":"Tr\u1eafc Nghi\u1ec7m T\u00ednh C\u00e1ch Tr\u1ebb &#8211; Set 3 quy\u1ec3n"},"content":{"rendered":"<p>B\u1ed9 s\u00e1ch \u201cTr\u1eafc nghi\u1ec7m t\u00ednh c\u00e1ch tr\u1ebb\u201d<\/p>\n<p>&#8211; Gi\u00fap ph\u1ee5 huynh nh\u1eadn bi\u1ebft t\u00ednh c\u00e1ch v\u00e0 nu\u00f4i d\u01b0\u1ee1ng ni\u1ec1m \u0111am m\u00ea \u1edf tr\u1ebb<\/p>\n<p>&#8211; D\u00e0nh cho tr\u1ebb t\u1eeb 3 tu\u1ed5i<\/p>\n<p>B\u1ed1 m\u1eb9 v\u00e0 b\u00e9 \u0111\u00e3 bao gi\u1edd ch\u01a1i tr\u00f2 \u201ctr\u1eafc nghi\u1ec7m t\u00ednh c\u00e1ch\u201d ch\u01b0a nh\u1ec9?<\/p>\n<p>N\u1ebfu \u0111\u01b0\u1ee3c l\u00e0 m\u1ed9t con v\u1eadt, b\u00e9 th\u00edch l\u00e0 con g\u00ec?<\/p>\n<p>L\u00e0 m\u1ed9t ch\u00fa kh\u1ec9, th\u00ec s\u1ebd c\u00f3 b\u1ed9 m\u1eb7t gi\u1ed1ng \u00f4ng ho\u00e0ng c\u00f3 b\u1ed9 m\u1eb7t cau c\u00f3 ch\u0103ng?<\/p>\n<p>L\u00e0 m\u1ed9t ch\u00fa v\u1eb9t v\u00e9o von h\u1ecdc n\u00f3i nh\u1eefng c\u00e2u v\u00f4 ngh\u0129a su\u1ed1t c\u1ea3 ng\u00e0y?<\/p>\n<p>Hay m\u1ed9t con \u0111\u00e0 \u0111i\u1ec3u c\u00f3 c\u00e1i \u0111\u1ea7u ng\u1ed9 \u01a1i l\u00e0 ng\u1ed9?<\/p>\n<p>C\u00f2n n\u1ebfu \u0111\u01b0\u1ee3c l\u00e0: M\u1ed9t tr\u00e1i c\u00e2y? \u0110\u01b0\u1ee3c ch\u1ecdn m\u1ed9t ngh\u1ec1 nghi\u1ec7p?<\/p>\n<p>L\u00e0 m\u1ed9t ng\u00f3n tay tr\u00ean m\u1ed9t b\u00e0n tay? B\u00e9 s\u1ebd ch\u1ecdn ng\u00f3n n\u00e0o?<\/p>\n<p>B\u1eb1ng c\u00e1ch c\u00f9ng tr\u00f2 chuy\u1ec7n v\u1edbi con nh\u1eefng c\u00e2u h\u1ecfi trong cu\u1ed1n s\u00e1ch v\u00f4 c\u00f9ng d\u00ed d\u1ecfm \u201cKhi b\u00e9 c\u1ef1c h\u00e0i h\u01b0\u1edbc\u201d, n\u1ebfu b\u00e9 th\u00edch n\u00f3i \u0111\u00f9a, th\u00edch pha tr\u00f2, v\u00e0 lu\u00f4n c\u00f3 nh\u1eefng tr\u00e0ng c\u01b0\u1eddi nh\u01b0 n\u1eafc n\u1ebb m\u1ecdi l\u00fac m\u1ecdi n\u01a1i\u2026b\u1ed1 m\u1eb9 s\u1ebd ph\u00e1t hi\u1ec7n ra ki\u1ec3u t\u00ednh c\u00e1ch vui v\u1ebb m\u00e0 con thu\u1ed9c v\u1ec1, t\u1eeb \u0111\u00f3 nu\u00f4i d\u01b0\u1ee1ng v\u00e0 t\u1ea1o \u0111i\u1ec1u ki\u1ec7n cho con ph\u00e1t huy n\u0103ng l\u1ef1c t\u1ed1t nh\u1ea5t c\u1ee7a m\u00ecnh.<\/p>\n<p>1. Tr\u1eafc Nghi\u1ec7m T\u00ednh C\u00e1ch Tr\u1ebb &#8211; T\u1eadp 1: Khi B\u00e9 C\u1ef1c H\u00e0i H\u01b0\u1edbc<\/p>\n<p>2. Tr\u1eafc Nghi\u1ec7m T\u00ednh C\u00e1ch Tr\u1ebb &#8211; T\u1eadp 2: Khi B\u00e9 Th\u00edch Kh\u00e1m Ph\u00e1<\/p>\n<p>3. Tr\u1eafc Nghi\u1ec7m T\u00ednh C\u00e1ch Tr\u1ebb &#8211; T\u1eadp 3: Khi B\u00e9 Si\u00eau H\u00e1u \u0102n<\/p>\n","protected":false},"excerpt":{"rendered":"<p>B\u1ed9 s\u00e1ch \u201cTr\u1eafc nghi\u1ec7m t\u00ednh c\u00e1ch tr\u1ebb\u201d<\/p>\n<p>&#8211; Gi\u00fap ph\u1ee5 huynh nh\u1eadn bi\u1ebft t\u00ednh c\u00e1ch v\u00e0 nu\u00f4i d\u01b0\u1ee1ng ni\u1ec1m \u0111am m\u00ea \u1edf tr\u1ebb<\/p>\n<p>&#8211; D\u00e0nh cho tr\u1ebb t\u1eeb 3 tu\u1ed5i<\/p>\n<p>B\u1ed1 m\u1eb9 v\u00e0 b\u00e9 \u0111\u00e3 bao gi\u1edd ch\u01a1i tr\u00f2 \u201ctr\u1eafc nghi\u1ec7m t\u00ednh c\u00e1ch\u201d ch\u01b0a nh\u1ec9?<\/p>\n<p>N\u1ebfu \u0111\u01b0\u1ee3c l\u00e0 m\u1ed9t con v\u1eadt, b\u00e9 th\u00edch l\u00e0 con g\u00ec?<\/p>\n<p>L\u00e0 m\u1ed9t ch\u00fa kh\u1ec9, th\u00ec s\u1ebd c\u00f3 b\u1ed9 m\u1eb7t gi\u1ed1ng \u00f4ng ho\u00e0ng c\u00f3 b\u1ed9 m\u1eb7t cau c\u00f3 ch\u0103ng?<\/p>\n<p>L\u00e0 m\u1ed9t ch\u00fa v\u1eb9t v\u00e9o von h\u1ecdc n\u00f3i nh\u1eefng c\u00e2u v\u00f4 ngh\u0129a su\u1ed1t c\u1ea3 ng\u00e0y?<\/p>\n<p>Hay m\u1ed9t con \u0111\u00e0 \u0111i\u1ec3u c\u00f3 c\u00e1i \u0111\u1ea7u ng\u1ed9 \u01a1i l\u00e0 ng\u1ed9?<\/p>\n<p>C\u00f2n n\u1ebfu \u0111\u01b0\u1ee3c l\u00e0: M\u1ed9t tr\u00e1i c\u00e2y? \u0110\u01b0\u1ee3c ch\u1ecdn m\u1ed9t ngh\u1ec1 nghi\u1ec7p?<\/p>\n<p>L\u00e0 m\u1ed9t ng\u00f3n tay tr\u00ean m\u1ed9t b\u00e0n tay? B\u00e9 s\u1ebd ch\u1ecdn ng\u00f3n n\u00e0o?<\/p>\n<p>B\u1eb1ng c\u00e1ch c\u00f9ng tr\u00f2 chuy\u1ec7n v\u1edbi con nh\u1eefng c\u00e2u h\u1ecfi trong cu\u1ed1n s\u00e1ch v\u00f4 c\u00f9ng d\u00ed d\u1ecfm \u201cKhi b\u00e9 c\u1ef1c h\u00e0i h\u01b0\u1edbc\u201d, n\u1ebfu b\u00e9 th\u00edch n\u00f3i \u0111\u00f9a, th\u00edch pha tr\u00f2, v\u00e0 lu\u00f4n c\u00f3 nh\u1eefng tr\u00e0ng c\u01b0\u1eddi nh\u01b0 n\u1eafc n\u1ebb m\u1ecdi l\u00fac m\u1ecdi n\u01a1i\u2026b\u1ed1 m\u1eb9 s\u1ebd ph\u00e1t hi\u1ec7n ra ki\u1ec3u t\u00ednh c\u00e1ch vui v\u1ebb m\u00e0 con thu\u1ed9c v\u1ec1, t\u1eeb \u0111\u00f3 nu\u00f4i d\u01b0\u1ee1ng v\u00e0 t\u1ea1o \u0111i\u1ec1u ki\u1ec7n cho con ph\u00e1t huy n\u0103ng l\u1ef1c t\u1ed1t nh\u1ea5t c\u1ee7a m\u00ecnh.<\/p>\n<p>1. Tr\u1eafc Nghi\u1ec7m T\u00ednh C\u00e1ch Tr\u1ebb &#8211; T\u1eadp 1: Khi B\u00e9 C\u1ef1c H\u00e0i H\u01b0\u1edbc<\/p>\n<p>2. Tr\u1eafc Nghi\u1ec7m T\u00ednh C\u00e1ch Tr\u1ebb &#8211; T\u1eadp 2: Khi B\u00e9 Th\u00edch Kh\u00e1m Ph\u00e1<\/p>\n<p>3. Tr\u1eafc Nghi\u1ec7m T\u00ednh C\u00e1ch Tr\u1ebb &#8211; T\u1eadp 3: Khi B\u00e9 Si\u00eau H\u00e1u \u0102n<\/p>\n","protected":false},"featured_media":10033,"template":"","meta":{"_acf_changed":false},"product_brand":[],"product_cat":[25,17,26],"product_tag":[],"class_list":{"0":"post-10037","1":"product","2":"type-product","3":"status-publish","4":"has-post-thumbnail","6":"product_cat-nhi-dong-6-tuoi-12-tuoi","7":"product_cat-sach-danh-cho-cac-be","8":"product_cat-thieu-nien-11-tuoi-18-tuoi","10":"first","11":"instock","12":"taxable","13":"shipping-taxable","14":"purchasable","15":"product-type-simple"},"supplier_id":null,"supplier_sku":"","barcode":null,"atum_controlled":true,"out_stock_date":null,"out_stock_threshold":null,"inheritable":false,"inbound_stock":1,"stock_on_hold":0,"sold_today":0,"sales_last_days":0,"reserved_stock":0,"customer_returns":0,"warehouse_damage":0,"lost_in_post":0,"other_logs":0,"out_stock_days":0,"lost_sales":0,"has_location":false,"update_date":"2026-01-28T23:10:45","atum_locations":[],"atum_stock_status":"instock","restock_status":false,"low_stock_amount":"","sales_update_date":"2026-01-28T23:10:45","calc_backorders":null,"acf":{"publisher":{"ID":1460,"post_author":"1","post_date":"2021-02-17 01:12:24","post_date_gmt":"2021-02-16 23:12:24","post_content":"<!-- wp:flatsome\/uxbuilder -->\n<h1 style=\"text-align: center;\"><strong>Skybooks<\/strong><\/h1>\n[row]\n\n[col span=\"7\" span__sm=\"12\"]\n\n<p>C\u00f4ng ty ph\u00e1t h\u00e0nh s\u00e1ch Skybooks. \"T\u00f4i tr\u1ebb, t\u00f4i \u0111am m\u00ea\" v\u1edbi s\u1ee9 m\u1ec7nh lan to\u1ea3 c\u1ea3m x\u00fac v\u00e0 k\u1ebft n\u1ed1i t\u00e2m h\u1ed3n<\/p>\n<p><strong>Skybooks l\u00e0 c\u00e2u chuy\u1ec7n k\u1ec3 v\u1ec1:<\/strong><br \/>M\u1ed9t th\u1ebf h\u1ec7 ng\u01b0\u1eddi vi\u1ebft tr\u1ebb, \u0111am m\u00ea v\u0103n ch\u01b0\u01a1ng v\u00e0 t\u00f4n tr\u1ecdng, g\u00ecn gi\u1eef, s\u00e1ng t\u1ea1o Ti\u1ebfng Vi\u1ec7t. M\u1ed9t th\u1ebf h\u1ec7 \u0111\u1ed9c gi\u1ea3 tr\u1ebb, \u0111am m\u00ea kh\u00e1m ph\u00e1 ng\u00f4n ng\u1eef v\u00e0 say m\u00ea \u0111\u1ebfn v\u1edbi th\u1ebf gi\u1edbi c\u1ee7a nh\u1eefng quy\u1ec3n s\u00e1ch. M\u1ed9t th\u1ebf h\u1ec7 ng\u01b0\u1eddi l\u00e0m s\u00e1ch tr\u1ebb, \u0111am m\u00ea mang nh\u1eefng gi\u00e1 tr\u1ecb tinh th\u1ea7n l\u1ea1i g\u1ea7n ng\u01b0\u1eddi \u0111\u1ecdc.<br \/>Trong b\u1ed9 nh\u1eadn d\u1ea1ng th\u01b0\u01a1ng hi\u1ec7u:<br \/>Skybooks v\u1edbi ch\u1eef Sky m\u00e0u xanh da tr\u1eddi c\u00f3 \u00fd ngh\u0129a l\u00e0 c\u00f4ng ty B\u1ea7u Tr\u1eddi - n\u01a1i t\u1ea5t c\u1ea3 \u01b0\u1edbc m\u01a1 \u0111\u01b0\u1ee3c t\u1ef1 do tung c\u00e1nh.<br \/>V\u1edbi logo h\u00ecnh hoa b\u1ed3 c\u00f4ng anh \u0111ang bay t\u01b0\u1ee3ng tr\u01b0ng cho s\u1ef1 lan to\u1ea3 c\u1ea3m x\u00fac v\u00e0 kh\u00e1t v\u1ecdng bay cao.<br \/>K\u1ebb v\u1ea1ch logo c\u00f3 n\u1ec1n m\u00e0u ghi x\u00e1m xu\u1ea5t hi\u1ec7n tr\u00ean b\u00eca m\u1ecdi \u1ea5n ph\u1ea9m th\u1ec3 hi\u1ec7n con \u0111\u01b0\u1eddng b\u01b0\u1edbc v\u00e0o th\u1ecb tr\u01b0\u1eddng s\u00e1ch v\u00e0 chinh ph\u1ee5c \u0111\u1ed9c gi\u1ea3 l\u00e0 m\u1ed9t h\u00e0nh tr\u00ecnh d\u00e0i, \u0111\u1ea7y gian kh\u00f3, c\u00f3 nhi\u1ec1u b\u00e3o t\u1ed1, nh\u01b0ng ch\u1ec9 c\u1ea7n n\u1ed7 l\u1ef1c c\u1ed1 g\u1eafng nh\u1ea5t \u0111\u1ecbnh s\u1ebd ngo\u1ea1n m\u1ee5c v\u01b0\u1ee3t qua. \u0110\u1ec3 kh\u1eb3ng \u0111\u1ecbnh v\u00e0 ch\u1ee9ng minh ch\u00ednh m\u00ecnh!<\/p>\n\n[\/col]\n[col span=\"5\" span__sm=\"12\"]\n\n[ux_image id=\"1825\" image_size=\"medium\"]\n\n\n[\/col]\n\n[\/row]\n\n<!-- \/wp:flatsome\/uxbuilder -->","post_title":"Skybooks","post_excerpt":"","post_status":"publish","comment_status":"closed","ping_status":"closed","post_password":"","post_name":"skybooks","to_ping":"","pinged":"","post_modified":"2021-02-17 01:57:31","post_modified_gmt":"2021-02-16 23:57:31","post_content_filtered":"","post_parent":0,"guid":"https:\/\/sachviet.eu\/nha-phat-hanh\/skybooks\/","menu_order":0,"post_type":"publisher","post_mime_type":"","comment_count":"0","filter":"raw"}},"_links":{"self":[{"href":"https:\/\/sachviet.eu\/en\/wp-json\/wp\/v2\/product\/10037","targetHints":{"allow":["GET"]}}],"collection":[{"href":"https:\/\/sachviet.eu\/en\/wp-json\/wp\/v2\/product"}],"about":[{"href":"https:\/\/sachviet.eu\/en\/wp-json\/wp\/v2\/types\/product"}],"wp:featuredmedia":[{"embeddable":true,"href":"https:\/\/sachviet.eu\/en\/wp-json\/wp\/v2\/media\/10033"}],"wp:attachment":[{"href":"https:\/\/sachviet.eu\/en\/wp-json\/wp\/v2\/media?parent=10037"}],"wp:term":[{"taxonomy":"product_brand","embeddable":true,"href":"https:\/\/sachviet.eu\/en\/wp-json\/wp\/v2\/product_brand?post=10037"},{"taxonomy":"product_cat","embeddable":true,"href":"https:\/\/sachviet.eu\/en\/wp-json\/wp\/v2\/product_cat?post=10037"},{"taxonomy":"product_tag","embeddable":true,"href":"https:\/\/sachviet.eu\/en\/wp-json\/wp\/v2\/product_tag?post=10037"}],"curies":[{"name":"wp","href":"https:\/\/api.w.org\/{rel}","templated":true}]}}