{"id":10032,"date":"2021-06-02T18:13:11","date_gmt":"2021-06-02T15:13:11","guid":{"rendered":"https:\/\/sachviet.eu\/shop\/neo-sieu-dang\/"},"modified":"2021-07-03T14:05:26","modified_gmt":"2021-07-03T11:05:26","slug":"neo-sieu-dang","status":"publish","type":"product","link":"https:\/\/sachviet.eu\/en\/shop\/neo-sieu-dang\/","title":{"rendered":"NEO si\u00eau \u0111\u1eb3ng"},"content":{"rendered":"<p>Ch\u00fang ta v\u1eabn th\u01b0\u1eddng \u0111\u01b0\u1ee3c nghe nh\u1eefng c\u00e2u chuy\u1ec7n, \u0111\u1ecdc nh\u1eefng b\u00e0i vi\u1ebft v\u1ec1 nh\u1eefng \u0111\u1ee9a tr\u1ebb ph\u01b0\u01a1ng T\u00e2y c\u00f3 phong c\u00e1ch s\u1ed1ng t\u1ef1 tin, t\u1ef1 l\u1eadp v\u00e0 d\u0169ng c\u1ea3m. Nh\u1eefng c\u00e2u chuy\u1ec7n v\u1ec1 l\u00f2ng d\u0169ng c\u1ea3m \u1edf n\u01b0\u1edbc ta g\u1ea7n \u0111\u00e2y \u0111\u01b0\u1ee3c c\u0169ng \u0111\u01b0\u1ee3c chia s\u1ebb nhi\u1ec1u tr\u00ean m\u1ea1ng x\u00e3 h\u1ed9i \u0111\u01b0\u1ee3c r\u1ea5t nhi\u1ec1u ng\u01b0\u1eddi t\u00e1n d\u01b0\u01a1ng v\u00e0 c\u00e1c b\u1eadc cha m\u1eb9 c\u0169ng l\u1ea5y \u0111\u00f3 l\u00e0m b\u00e0i h\u1ecdc gi\u00e1o d\u1ee5c cho con c\u00e1i.<\/p>\n<p>Tuy nhi\u00ean, c\u00f3 kh\u00f4ng \u00edt nh\u1eefng v\u1ecb ph\u1ee5 huynh c\u1ea3m th\u1ea5y b\u1ed1i r\u1ed1i kh\u00f4ng bi\u1ebft ph\u1ea3i n\u00f3i nh\u01b0 th\u1ebf n\u00e0o cho con hi\u1ec3u v\u1ec1 l\u00f2ng d\u0169ng c\u1ea3m. L\u00f2ng d\u0169ng c\u1ea3m l\u00e0 g\u00ec? L\u00e0m th\u1ebf n\u00e0o \u0111\u1ec3 c\u00f3 th\u1ec3 d\u1ea1y \u0111\u01b0\u1ee3c cho nh\u1eefng \u0111\u1ee9a tr\u1ebb v\u1ec1 l\u00f2ng d\u0169ng c\u1ea3m?<\/p>\n<p>L\u00f2ng d\u0169ng c\u1ea3m c\u00f3 th\u1ec3 hi\u1ec3u l\u00e0 \u00fd ch\u00ed m\u1ea1nh m\u1ebd c\u1ee7a con ng\u01b0\u1eddi v\u01b0\u1ee3t qua \u0111\u01b0\u1ee3c nh\u1eefng kh\u00f3 kh\u0103n c\u1ee7a ho\u00e0n c\u1ea3nh. L\u00f2ng d\u0169ng c\u1ea3m c\u00f2n l\u00e0 khi con ng\u01b0\u1eddi v\u01b0\u01a1n l\u00ean chi\u1ebfn th\u1eafng ch\u00ednh b\u1ea3n th\u00e2n m\u00ecnh.<\/p>\n<p>V\u1eady l\u00e0m th\u1ebf n\u00e0o \u0111\u1ec3 c\u00f3 th\u1ec3 truy\u1ec1n d\u1ea1y cho con v\u1ec1 l\u00f2ng d\u0169ng c\u1ea3m?<\/p>\n<p>Cu\u1ed1n truy\u1ec7n tranh &#8220;Neo si\u00eau \u0111\u1eb3ng &#8211; B\u00e0i ki\u1ec3m tra l\u00f2ng d\u0169ng c\u1ea3m&#8221; s\u1eafp \u0111\u01b0\u1ee3c ra m\u1eaft t\u1edbi \u0111\u00e2y nh\u01b0 m\u1ed9t trong nh\u1eefng gi\u1ea3i ph\u00e1p h\u1eefu hi\u1ec7u m\u00e0 Messy Book d\u00e0nh cho c\u00e1c v\u1ecb ph\u1ee5 huynh.<\/p>\n<p>T\u1eeb nay, ph\u1ee5 huynh kh\u00f4ng c\u00f2n c\u1ea3m th\u1ea5y b\u1ed1i r\u1ed1i m\u1ed7i khi con h\u1ecfi &#8220;L\u00f2ng d\u0169ng c\u1ea3m l\u00e0 g\u00ec?&#8221; n\u1eefa. Ch\u1ec9 c\u1ea7n \u0111\u1ecdc cho c\u00e1c em nghe c\u00e2u chuy\u1ec7n c\u1ee7a Neo, m\u1ed9t c\u00e2u b\u00e9 si\u00eau nh\u00e2n s\u1ed1ng b\u00ean ngo\u00e0i tr\u00e1i \u0111\u1ea5t. Neo kh\u00f4ng cao l\u1edbn nh\u01b0ng c\u0169ng kh\u00f4ng nh\u1ecf b\u00e9. C\u1eadu c\u00f3 s\u1ee9c m\u1ea1nh si\u00eau ph\u00e0m, c\u1ef1c k\u1ef3 th\u00f4ng minh v\u00e0 c\u00f3 th\u1ec3 l\u00e0m t\u1ea5t c\u1ea3 m\u1ecdi vi\u1ec7c.<\/p>\n<p>M\u1ed7i khi chi\u1ebfc \u0103ng-ten c\u1ee7a Neo nh\u00f4 d\u00e0i ra v\u00e0 nh\u1ea5p nh\u00e1y, l\u00e0 c\u00f3 m\u1ed9t em b\u00e9 tr\u00ean tr\u00e1i \u0111\u1ea5t c\u1ea7n s\u1ef1 h\u1ed7 tr\u1ee3 c\u1ee7a Neo. V\u00e0 khi \u0111\u00f3, c\u1eadu b\u00e9 Neo s\u1ebd xu\u1ea5t hi\u1ec7n v\u1edbi s\u1ef1 \u0111\u1ed9ng vi\u00ean, kh\u00edch l\u1ec7 v\u00e0 gi\u00fap \u0111\u1ee1 c\u00e1c em nh\u1ecf c\u00f9ng v\u01b0\u1ee3t qua n\u1ed7i s\u1ee3 h\u00e3i.<\/p>\n<p>M\u1ed9t ng\u00e0y, c\u1eadu b\u00e9 Flo \u1edf Tr\u00e1i \u0110\u1ea5t c\u1ea3m th\u1ea5y v\u00f4 c\u00f9ng lo l\u1eafng khi s\u1eafp ph\u1ea3i th\u1ef1c hi\u1ec7n m\u1ed9t th\u1eed th\u00e1ch, b\u1edfi v\u00ec n\u1ebfu kh\u00f4ng th\u1ef1c hi\u1ec7n th\u00e0nh c\u00f4ng th\u1eed th\u00e1ch \u0111\u1ea5y, Flo s\u1ebd tr\u1edf th\u00e0nh k\u1ebb thua cu\u1ed9c. Neo \u0111\u00e3 xu\u1ea5t hi\u1ec7n c\u00f9ng v\u1edbi nh\u1eefng l\u1eddi \u0111\u1ed9ng vi\u00ean kh\u00edch l\u1ec7 Flo d\u0169ng c\u1ea3m v\u01b0\u1ee3t qua n\u1ed7i s\u1ee3 h\u00e3i.<\/p>\n<p>M\u1ed9t c\u00e2u chuy\u1ec7n \u0111\u01a1n gi\u1ea3n, nh\u01b0ng \u0111\u00f3 l\u1ea1i l\u00e0 t\u1ea5t c\u1ea3 nh\u1eefng g\u00ec m\u1ed9t em b\u00e9 c\u0169ng c\u00f3 t\u01b0 duy \u0111\u01a1n gi\u1ea3n c\u1ea7n \u0111\u1ec3 hi\u1ec3u v\u1ec1 l\u00f2ng d\u0169ng c\u1ea3m. Cu\u1ed1n truy\u1ec7n \u0111\u01b0\u1ee3c d\u00e0nh cho c\u00e1c b\u00e9 \u1edf \u0111\u1ed9 tu\u1ed5i 3+. Tuy nhi\u00ean, c\u00e1c m\u1eb9 b\u1ea7u ho\u00e0n to\u00e0n c\u00f3 th\u1ec3 s\u1eed d\u1ee5ng c\u00e2u chuy\u1ec7n n\u00e0y \u0111\u1ec3 k\u1ec3 cho c\u00e1c con nghe.<\/p>\n","protected":false},"excerpt":{"rendered":"<p>Ch\u00fang ta v\u1eabn th\u01b0\u1eddng \u0111\u01b0\u1ee3c nghe nh\u1eefng c\u00e2u chuy\u1ec7n, \u0111\u1ecdc nh\u1eefng b\u00e0i vi\u1ebft v\u1ec1 nh\u1eefng \u0111\u1ee9a tr\u1ebb ph\u01b0\u01a1ng T\u00e2y c\u00f3 phong c\u00e1ch s\u1ed1ng t\u1ef1 tin, t\u1ef1 l\u1eadp v\u00e0 d\u0169ng c\u1ea3m. Nh\u1eefng c\u00e2u chuy\u1ec7n v\u1ec1 l\u00f2ng d\u0169ng c\u1ea3m \u1edf n\u01b0\u1edbc ta g\u1ea7n \u0111\u00e2y \u0111\u01b0\u1ee3c c\u0169ng \u0111\u01b0\u1ee3c chia s\u1ebb nhi\u1ec1u tr\u00ean m\u1ea1ng x\u00e3 h\u1ed9i \u0111\u01b0\u1ee3c r\u1ea5t nhi\u1ec1u ng\u01b0\u1eddi t\u00e1n d\u01b0\u01a1ng v\u00e0 c\u00e1c b\u1eadc cha m\u1eb9 c\u0169ng l\u1ea5y \u0111\u00f3 l\u00e0m b\u00e0i h\u1ecdc gi\u00e1o d\u1ee5c cho con c\u00e1i.<\/p>\n<p>Tuy nhi\u00ean, c\u00f3 kh\u00f4ng \u00edt nh\u1eefng v\u1ecb ph\u1ee5 huynh c\u1ea3m th\u1ea5y b\u1ed1i r\u1ed1i kh\u00f4ng bi\u1ebft ph\u1ea3i n\u00f3i nh\u01b0 th\u1ebf n\u00e0o cho con hi\u1ec3u v\u1ec1 l\u00f2ng d\u0169ng c\u1ea3m. L\u00f2ng d\u0169ng c\u1ea3m l\u00e0 g\u00ec? L\u00e0m th\u1ebf n\u00e0o \u0111\u1ec3 c\u00f3 th\u1ec3 d\u1ea1y \u0111\u01b0\u1ee3c cho nh\u1eefng \u0111\u1ee9a tr\u1ebb v\u1ec1 l\u00f2ng d\u0169ng c\u1ea3m?<\/p>\n<p>L\u00f2ng d\u0169ng c\u1ea3m c\u00f3 th\u1ec3 hi\u1ec3u l\u00e0 \u00fd ch\u00ed m\u1ea1nh m\u1ebd c\u1ee7a con ng\u01b0\u1eddi v\u01b0\u1ee3t qua \u0111\u01b0\u1ee3c nh\u1eefng kh\u00f3 kh\u0103n c\u1ee7a ho\u00e0n c\u1ea3nh. L\u00f2ng d\u0169ng c\u1ea3m c\u00f2n l\u00e0 khi con ng\u01b0\u1eddi v\u01b0\u01a1n l\u00ean chi\u1ebfn th\u1eafng ch\u00ednh b\u1ea3n th\u00e2n m\u00ecnh.<\/p>\n<p>V\u1eady l\u00e0m th\u1ebf n\u00e0o \u0111\u1ec3 c\u00f3 th\u1ec3 truy\u1ec1n d\u1ea1y cho con v\u1ec1 l\u00f2ng d\u0169ng c\u1ea3m?<\/p>\n<p>Cu\u1ed1n truy\u1ec7n tranh &#8220;Neo si\u00eau \u0111\u1eb3ng &#8211; B\u00e0i ki\u1ec3m tra l\u00f2ng d\u0169ng c\u1ea3m&#8221; s\u1eafp \u0111\u01b0\u1ee3c ra m\u1eaft t\u1edbi \u0111\u00e2y nh\u01b0 m\u1ed9t trong nh\u1eefng gi\u1ea3i ph\u00e1p h\u1eefu hi\u1ec7u m\u00e0 Messy Book d\u00e0nh cho c\u00e1c v\u1ecb ph\u1ee5 huynh.<\/p>\n<p>T\u1eeb nay, ph\u1ee5 huynh kh\u00f4ng c\u00f2n c\u1ea3m th\u1ea5y b\u1ed1i r\u1ed1i m\u1ed7i khi con h\u1ecfi &#8220;L\u00f2ng d\u0169ng c\u1ea3m l\u00e0 g\u00ec?&#8221; n\u1eefa. Ch\u1ec9 c\u1ea7n \u0111\u1ecdc cho c\u00e1c em nghe c\u00e2u chuy\u1ec7n c\u1ee7a Neo, m\u1ed9t c\u00e2u b\u00e9 si\u00eau nh\u00e2n s\u1ed1ng b\u00ean ngo\u00e0i tr\u00e1i \u0111\u1ea5t. Neo kh\u00f4ng cao l\u1edbn nh\u01b0ng c\u0169ng kh\u00f4ng nh\u1ecf b\u00e9. C\u1eadu c\u00f3 s\u1ee9c m\u1ea1nh si\u00eau ph\u00e0m, c\u1ef1c k\u1ef3 th\u00f4ng minh v\u00e0 c\u00f3 th\u1ec3 l\u00e0m t\u1ea5t c\u1ea3 m\u1ecdi vi\u1ec7c.<\/p>\n<p>M\u1ed7i khi chi\u1ebfc \u0103ng-ten c\u1ee7a Neo nh\u00f4 d\u00e0i ra v\u00e0 nh\u1ea5p nh\u00e1y, l\u00e0 c\u00f3 m\u1ed9t em b\u00e9 tr\u00ean tr\u00e1i \u0111\u1ea5t c\u1ea7n s\u1ef1 h\u1ed7 tr\u1ee3 c\u1ee7a Neo. V\u00e0 khi \u0111\u00f3, c\u1eadu b\u00e9 Neo s\u1ebd xu\u1ea5t hi\u1ec7n v\u1edbi s\u1ef1 \u0111\u1ed9ng vi\u00ean, kh\u00edch l\u1ec7 v\u00e0 gi\u00fap \u0111\u1ee1 c\u00e1c em nh\u1ecf c\u00f9ng v\u01b0\u1ee3t qua n\u1ed7i s\u1ee3 h\u00e3i.<\/p>\n<p>M\u1ed9t ng\u00e0y, c\u1eadu b\u00e9 Flo \u1edf Tr\u00e1i \u0110\u1ea5t c\u1ea3m th\u1ea5y v\u00f4 c\u00f9ng lo l\u1eafng khi s\u1eafp ph\u1ea3i th\u1ef1c hi\u1ec7n m\u1ed9t th\u1eed th\u00e1ch, b\u1edfi v\u00ec n\u1ebfu kh\u00f4ng th\u1ef1c hi\u1ec7n th\u00e0nh c\u00f4ng th\u1eed th\u00e1ch \u0111\u1ea5y, Flo s\u1ebd tr\u1edf th\u00e0nh k\u1ebb thua cu\u1ed9c. Neo \u0111\u00e3 xu\u1ea5t hi\u1ec7n c\u00f9ng v\u1edbi nh\u1eefng l\u1eddi \u0111\u1ed9ng vi\u00ean kh\u00edch l\u1ec7 Flo d\u0169ng c\u1ea3m v\u01b0\u1ee3t qua n\u1ed7i s\u1ee3 h\u00e3i.<\/p>\n<p>M\u1ed9t c\u00e2u chuy\u1ec7n \u0111\u01a1n gi\u1ea3n, nh\u01b0ng \u0111\u00f3 l\u1ea1i l\u00e0 t\u1ea5t c\u1ea3 nh\u1eefng g\u00ec m\u1ed9t em b\u00e9 c\u0169ng c\u00f3 t\u01b0 duy \u0111\u01a1n gi\u1ea3n c\u1ea7n \u0111\u1ec3 hi\u1ec3u v\u1ec1 l\u00f2ng d\u0169ng c\u1ea3m. Cu\u1ed1n truy\u1ec7n \u0111\u01b0\u1ee3c d\u00e0nh cho c\u00e1c b\u00e9 \u1edf \u0111\u1ed9 tu\u1ed5i 3+. Tuy nhi\u00ean, c\u00e1c m\u1eb9 b\u1ea7u ho\u00e0n to\u00e0n c\u00f3 th\u1ec3 s\u1eed d\u1ee5ng c\u00e2u chuy\u1ec7n n\u00e0y \u0111\u1ec3 k\u1ec3 cho c\u00e1c con nghe.<\/p>\n","protected":false},"featured_media":10024,"template":"","meta":{"_acf_changed":false},"product_brand":[],"product_cat":[25,17],"product_tag":[],"class_list":{"0":"post-10032","1":"product","2":"type-product","3":"status-publish","4":"has-post-thumbnail","6":"product_cat-nhi-dong-6-tuoi-12-tuoi","7":"product_cat-sach-danh-cho-cac-be","9":"first","10":"instock","11":"taxable","12":"shipping-taxable","13":"purchasable","14":"product-type-simple"},"supplier_id":null,"supplier_sku":"","barcode":null,"atum_controlled":true,"out_stock_date":null,"out_stock_threshold":null,"inheritable":false,"inbound_stock":1,"stock_on_hold":0,"sold_today":0,"sales_last_days":0,"reserved_stock":0,"customer_returns":0,"warehouse_damage":0,"lost_in_post":0,"other_logs":0,"out_stock_days":0,"lost_sales":0,"has_location":false,"update_date":"2026-01-28T23:10:45","atum_locations":[],"atum_stock_status":"instock","restock_status":false,"low_stock_amount":"","sales_update_date":"2026-01-28T23:10:45","calc_backorders":null,"acf":{"publisher":{"ID":1785,"post_author":"1","post_date":"2021-02-17 01:54:46","post_date_gmt":"2021-02-16 23:54:46","post_content":"<!-- wp:flatsome\/uxbuilder -->\n<h1 style=\"text-align: center;\"><strong>AZ VIETNAM<\/strong><\/h1>\n[row]\n\n[col span=\"8\" span__sm=\"12\"]\n\n<p>Th\u00e0nh l\u1eadp n\u0103m: 2015<br \/>V\u1ed1n \u0111\u1ea7u t\u01b0: 4,000,000,000 \u0111\u1ed3ng<br \/><strong>L\u0129nh v\u1ef1c:<\/strong><br \/>- Xu\u1ea5t b\u1ea3n v\u00e0 ph\u00e1t h\u00e0nh v\u0103n h\u00f3a ph\u1ea9m<br \/>- Cung c\u1ea5p v\u0103n h\u00f3a ph\u1ea9m, c\u00e1c s\u1ea3n ph\u1ea9m cho in \u1ea5n, trang thi\u1ebft b\u1ecb cho c\u00e1c th\u01b0 vi\u1ec7n v\u00e0 trung t\u00e2m s\u00e1ch tr\u00ean c\u1ea3 n\u01b0\u1edbc.<br \/>- Th\u1eddi trang v\u00e0 c\u00e1c s\u1ea3n ph\u1ea9m li\u00ean quan \u0111\u1ebfn l\u0129nh v\u1ef1c th\u1eddi trang<br \/>- Xu\u1ea5t nh\u1eadp kh\u1ea9u c\u00e1c s\u1ea3n ph\u1ea9m v\u0103n h\u00f3a<\/p>\n<p><strong>Quy m\u00f4:<\/strong> 60 nh\u00e2n vi\u00ean<br \/>Kh\u1edfi ngu\u1ed3n c\u1ee7a AZ Vi\u1ec7t Nam ng\u00e0y nay l\u00e0 C\u00f4ng ty TNHH Trung t\u00e2m S\u00e1ch v\u00e0 Thi\u1ebft b\u1ecb Th\u01b0 vi\u1ec7n, v\u1edbi ho\u1ea1t \u0111\u1ed9ng \u0111\u1ea7u ti\u00ean l\u00e0 cung c\u1ea5p s\u00e1ch, trang thi\u1ebft b\u1ecb, v\u0103n h\u00f3a ph\u1ea9m cho c\u00e1c th\u01b0 vi\u1ec7n v\u00e0 trung t\u00e2m s\u00e1ch tr\u00ean c\u1ea3 n\u01b0\u1edbc. T\u1eeb cu\u1ed1i n\u0103m 2010 \u0111\u1ebfn nay, ch\u00fang t\u00f4i \u0111\u00e3 kh\u00f4ng ng\u1eebng n\u1ed7 l\u1ef1c khai ph\u00e1 v\u00e0 ph\u00e1t tri\u1ec3n c\u00e1c d\u00f2ng s\u1ea3n ph\u1ea9m m\u1edbi v\u1edbi 8 th\u01b0\u01a1ng hi\u1ec7u uy t\u00edn. \u0110\u1ec3 \u0111\u00e1p \u1ee9ng nhu c\u1ea7u ph\u00e1t tri\u1ec3n ng\u00e0y m\u1ed9t l\u1edbn m\u1ea1nh v\u00e0 t\u1eadp h\u1ee3p c\u00e1c th\u01b0\u01a1ng hi\u1ec7u \u0111\u00e3 \u0111\u01b0\u1ee3c ch\u00fang t\u00f4i x\u00e2y d\u1ef1ng, 2015 C\u00f4ng ty TNHH AZ Vi\u1ec7t Nam \u0111\u00e3 ra \u0111\u1eddi v\u1edbi s\u1ee9 m\u1ec7nh mang \u0111\u1ebfn nhi\u1ec1u h\u01a1n n\u1eefa nh\u1eefng gi\u00e1 tr\u1ecb tinh th\u1ea7n, tri th\u1ee9c ti\u00ean ti\u1ebfn cho ng\u01b0\u1eddi ti\u00eau d\u00f9ng b\u1eb1ng vi\u1ec7c cung c\u1ea5p nh\u1eefng s\u1ea3n ph\u1ea9m c\u00f3 ch\u1ea5t l\u01b0\u1ee3ng.<\/p>\n\n[\/col]\n[col span=\"4\" span__sm=\"12\"]\n\n[ux_image id=\"1836\" image_size=\"medium\"]\n\n\n[\/col]\n\n[\/row]\n\n<!-- \/wp:flatsome\/uxbuilder -->","post_title":"AZ Vi\u1ec7t Nam","post_excerpt":"","post_status":"publish","comment_status":"closed","ping_status":"closed","post_password":"","post_name":"az-viet-nam","to_ping":"","pinged":"","post_modified":"2021-02-17 22:07:10","post_modified_gmt":"2021-02-17 20:07:10","post_content_filtered":"","post_parent":0,"guid":"https:\/\/sachviet.eu\/nha-phat-hanh\/az-viet-nam\/","menu_order":0,"post_type":"publisher","post_mime_type":"","comment_count":"0","filter":"raw"}},"_links":{"self":[{"href":"https:\/\/sachviet.eu\/en\/wp-json\/wp\/v2\/product\/10032","targetHints":{"allow":["GET"]}}],"collection":[{"href":"https:\/\/sachviet.eu\/en\/wp-json\/wp\/v2\/product"}],"about":[{"href":"https:\/\/sachviet.eu\/en\/wp-json\/wp\/v2\/types\/product"}],"wp:featuredmedia":[{"embeddable":true,"href":"https:\/\/sachviet.eu\/en\/wp-json\/wp\/v2\/media\/10024"}],"wp:attachment":[{"href":"https:\/\/sachviet.eu\/en\/wp-json\/wp\/v2\/media?parent=10032"}],"wp:term":[{"taxonomy":"product_brand","embeddable":true,"href":"https:\/\/sachviet.eu\/en\/wp-json\/wp\/v2\/product_brand?post=10032"},{"taxonomy":"product_cat","embeddable":true,"href":"https:\/\/sachviet.eu\/en\/wp-json\/wp\/v2\/product_cat?post=10032"},{"taxonomy":"product_tag","embeddable":true,"href":"https:\/\/sachviet.eu\/en\/wp-json\/wp\/v2\/product_tag?post=10032"}],"curies":[{"name":"wp","href":"https:\/\/api.w.org\/{rel}","templated":true}]}}