{"id":10023,"date":"2021-06-02T18:12:25","date_gmt":"2021-06-02T15:12:25","guid":{"rendered":"https:\/\/sachviet.eu\/shop\/dong-cung-tron-bo-2-quyen\/"},"modified":"2022-05-30T21:32:38","modified_gmt":"2022-05-30T18:32:38","slug":"dong-cung-tron-bo-2-quyen","status":"publish","type":"product","link":"https:\/\/sachviet.eu\/en\/shop\/dong-cung-tron-bo-2-quyen\/","title":{"rendered":"\u0110\u00f4ng\u00a0Cung &#8211; Tr\u1ecdn b\u1ed9 2 quy\u1ec3n"},"content":{"rendered":"<p>\u201cC\u00f3 con c\u00e1o nh\u1ecf ng\u1ed3i tr\u00ean c\u1ed3n c\u00e1t, ng\u1ed3i tr\u00ean c\u1ed3n c\u00e1t, ng\u1eafm tr\u1eafng.<\/p>\n<p>\u1ed2, th\u00ec ra kh\u00f4ng ph\u1ea3i ng\u1eafm tr\u0103ng, n\u00f3 \u0111ang mong \u0111\u1ee3i c\u00f4 n\u01b0\u01a1ng ch\u0103n c\u1eebu quay v\u1ec1\u2026<\/p>\n<p>C\u00f3 con c\u00e1o nh\u1ecf ng\u1ed3i tr\u00ean c\u1ed3n c\u00e1t, ng\u1ed3i tr\u00ean c\u1ed3n c\u00e1t s\u01b0\u1edfi n\u1eafng.<\/p>\n<p>\u1ed2\u2026 th\u00ec ra kh\u00f4ng ph\u1ea3i s\u01b0\u1edfi n\u1eafng, n\u00f3 \u0111ang ch\u1edd \u0111\u1ee3i c\u00f4 n\u01b0\u01a1ng c\u01b0\u1ee1i ng\u1eefa ngang qua\u2026\u201d<\/p>\n<p>C\u00f3 l\u1ebd ch\u1ec9 c\u1ea7n nghe b\u1ed1n c\u00e2u h\u00e1t \u0111\u1ea7y m\u1ed9ng m\u1ecb v\u00e0 quen thu\u1ed9c n\u00e0y l\u00e0 ai ai trong ch\u00fang ta \u0111\u1ec1u s\u1ebd nh\u1edb t\u1edbi cu\u1ed9c t\u00ecnh \u0111\u1ea7y bi ph\u1eabn trong b\u1ed9 ti\u1ec3u thuy\u1ebft c\u1ee7a t\u00e1c gi\u1ea3 Ph\u1ec9 Ng\u00e3 T\u01b0 T\u1ed3n \u2013 m\u1ed9 trong T\u1ee9 ti\u1ec3u thi\u00ean h\u1eadu ng\u00f4n t\u00ecnh, n\u1ed5i ti\u1ebfng l\u00e0 m\u1ed9t Bi t\u00ecnh thi\u1ec7n h\u1eadu trong m\u1eaft c\u00e1c b\u1ea1n \u0111\u1ed9c gi\u1ea3 tr\u1ebb v\u1edbi b\u1ed9 ti\u1ec3u thuy\u1ebft \u0111\u01b0\u1ee3c chuy\u1ec3n th\u1ec3 th\u00e0nh phim \u201c \u0110\u00f4ng cung\u201d.<\/p>\n<p>\u0110\u00f4ng cung \u2013 ch\u1ed1n nh\u00e2n gian xa hoa l\u1ed9ng l\u1eaby c\u0169ng v\u00f4 t\u00ecnh, v\u00f4 c\u1ea3m\u2026<\/p>\n<p>\u0110\u00f4ng cung \u2013 b\u1ed9 ti\u1ec3u thuy\u1ebft xoay quanh c\u00e2u chuy\u1ec7n t\u0129nh y\u00eau c\u1ee7a n\u00e0ng Ti\u1ec3u Phong b\u1ea1c m\u1ec7nh v\u00e0 Th\u00e1i t\u1eed L\u00fd Th\u1eeba Ng\u00e2n \u0111\u1ea7y tham v\u1ecdng v\u00e0 kh\u00e1t khao n\u1eafm trong nay t\u1ea5t c\u1ea3.<\/p>\n<p>Ti\u1ec3u Phong \u2013 n\u00e0ng l\u00e0 c\u00f4ng ch\u00faa n\u01b0\u1edbc T\u00e2y L\u01b0\u01a1ng, \u0111ang \u1edf \u0111\u1ed9 tu\u1ed5i m\u01b0\u1eddi n\u0103m t\u01b0\u01a1i \u0111\u1eb9p nh\u1ea5t, r\u1ea1ng r\u1ee1 nh\u1ea5t v\u1edbi \u0111\u1ea7y \u01b0\u1edbc v\u1ecdng v\u00e0 m\u1ed9t t\u01b0\u01a1ng l\u1ea1i r\u1ed9ng m\u1edf ph\u00eda tr\u01b0\u1edbc. N\u00e0ng v\u01b0\u1ee3t mu\u00f4n v\u00e0n tr\u1edf ng\u1ea1i \u0111\u1ec3 \u0111\u1ebfn v\u00f9ng \u0111\u1ea5t Trung Nguy\u00ean, r\u1eddi xa T\u00e2y L\u01b0\u01a1ng v\u1edbi m\u1ed9t mi\u1ec1ng c\u00e1t v\u00e0ng v\u00e0 n\u1eafng g\u1eaft c\u1ee7a ch\u1ed1n sa m\u1ea1c \u0111\u1ec3 tr\u1edf th\u00e0nh Th\u00e1i t\u1eed phi, \u0111\u1ed5i l\u1ea1i t\u1ef1 do cho con d\u00e2n n\u01b0\u1edbc m\u00ecnh.<\/p>\n<p>L\u00fd Th\u01b0\u1eddng Ng\u00e2n \u2013 ch\u00e0ng l\u00e0 m\u1ed9t v\u1ecb Th\u00e1i t\u1eed Trung Nguy\u1ec5n d\u01b0\u1edbi m\u1ed9t ng\u01b0\u1eddi m\u00e0 tr\u00ean v\u1ea1n ng\u01b0\u1eddi. Ch\u00e0ng nh\u01b0 ch\u00ednh nh\u1eefng con ng\u01b0\u1eddi trong th\u00e2m cung \u0111\u00f3, sinh ra \u0111\u00e3 mang trong m\u00ecnh khao kh\u00e1t v\u1edbi quy\u1ec1n l\u1ef1c, n\u1eafm tr\u1ecdn m\u1ecdi th\u1ee9 trong tay b\u1ea5t ch\u1ea5p m\u1ecdi th\u1ee7 \u0111o\u1ea1n \u0111\u1ec3 b\u01b0\u1edbc l\u00ean ngai v\u00e0ng.<\/p>\n<p>\u00dd tr\u1eddi cho h\u1ecd g\u1eb7p nhau, quen nhau, y\u00eau nhau nh\u01b0ng m\u00e3i m\u00e3i c\u1eb3ng thu\u1ed9c v\u1ec1 nhau. Cho h\u1ecd t\u1ea5t c\u1ea3 c\u0169ng l\u1ea5y \u0111i c\u1ee7a c\u1ea3 hai m\u1ecdi th\u1ee9. M\u1ed9t ng\u01b0\u1eddi v\u00ec v\u1eadn m\u1ec7nh \u0111\u1ea5t n\u01b0\u1edbc nh\u01b0ng l\u1ea1i ch\u1ee9ng ki\u1ebfn h\u1ebft th\u1ea3y c\u00e1i ch\u1ebft c\u1ee7a con d\u00e2n m\u00ecnh, gia \u0111\u00ecnh th\u00e2n th\u00edch c\u1ee7a m\u00ecnh. M\u1ed9t ng\u01b0\u1eddi v\u00ec c\u00f4ng danh, quy\u1ec1n l\u1ee3i m\u00e0 b\u1ecf qua m\u1ecdi c\u1ea3m x\u00fac, nh\u1ea5n ch\u00ecm ch\u00ednh ng\u01b0\u1eddi con g\u00e1i m\u00ecnh y\u00eau th\u01b0\u01a1ng nh\u1ea5t trong n\u1ed7i \u0111au v\u00f4 t\u1eadn. S\u1ed1 ph\u1eadn \u00e9p bu\u1ed9c h\u1ecd ph\u1ea3i t\u1ed5n th\u01b0\u01a1ng nhau, b\u00f3p ngh\u1eb9t l\u1ea5y n\u01a1i \u0111\u1ea7u con tim h\u1ecd \u0111\u1ec3 c\u00f3 th\u1ec3 th\u1ea5y nhau nh\u01b0ng ch\u1eb3ng th\u1ec3 b\u00ean nhau tr\u01b0\u1eddng t\u1ed3n nh\u01b0 th\u1ee7a ban \u0111\u1ea7u nh\u01b0 ta t\u1eebng \u01b0\u1edbc v\u1ecdng.<\/p>\n<p>\u201cL\u1edbp l\u1edbp \u00e2n o\u00e1n gi\u1eefa t\u00f4i v\u00e0 ch\u00e0ng \u0111\u01b0\u1ee3c ng\u0103n c\u00e1ch b\u1edfi c\u1ea3 bi\u1ec3n m\u00e1u th\u00f9 h\u1eadn. H\u00f3a ra l\u00e3ng qu\u00ean l\u1ea1i kh\u00f4ng h\u1ec1 b\u1ea5t h\u1ea1nh, m\u00e0 l\u00e0 may m\u1eafn th\u1eadt s\u1ef1. Gi\u1ed1ng nh\u01b0u ch\u00e0ng b\u00e2y gi\u1edd, l\u00e3ng qu\u00ean t\u1ea5t c\u1ea3 m\u1ecdi vi\u1ec7c tr\u01b0\u1edbc \u0111\u00e2y, nh\u01b0 v\u1eady th\u1eadt t\u1ed1t bi\u1ebft bao nhi\u00eau.\u201d<\/p>\n<p>\u0110\u00e2y th\u1ef1c s\u1ef1 l\u00e0 m\u1ed9t c\u00e2u chuy\u1ec7n ng\u01b0\u1ee3c luy\u1ebfn t\u00e0n t\u00e2m \u0111\u1ebfn kinh \u0111i\u1ec3n c\u1ee7a Ph\u1ec9 Ng\u00e3 T\u01b0 T\u1ed3n v\u1edbi c\u00e1i k\u1ebft ki\u1ebfn ta ch\u1ebft l\u1eb7ng, l\u1ea5y \u0111i n\u01b0\u1edbc m\u1eaft c\u1ee7a bao ng\u01b0\u1eddi c\u0169ng l\u00e0 m\u1ed9t v\u1ebft tr\u00e0m h\u1eb1n s\u00e2u trong m\u1ed7i tr\u00e1i tim ng\u01b0\u1eddi xem, ng\u01b0\u1eddi \u0111\u1ecdc. \u0110\u1ed3ng th\u1eddi, cu\u1ed1n ti\u1ec3u thuy\u1ebft c\u0169ng ph\u1ea3n \u1eafn m\u1ed9t c\u00e1ch r\u00f5 n\u00e9t nh\u1ea5t nh\u1eefng m\u1eb7t t\u1ed1i \u0111\u1eb1ng sau b\u1ee9c tranh tr\u1ed1n th\u00e2m cung h\u00e0o hoa m\u00e0 ai ai c\u0169ng \u01b0\u1edbc v\u1ecdng. Ch\u00ednh tr\u1ecb, tham v\u1ecdng, quy\u1ec1n l\u1ef1c \u0111\u00e3 gi\u1ebft ch\u1ebft hai con ng\u01b0\u1eddi khao kh\u00e1t y\u00eau v\u00e0 \u0111\u01b0\u1ee3c y\u00eau c\u0169ng \u0111\u01b0a ch\u00fang ta th\u1ea5y m\u1ed9t ph\u1ea7n s\u1ef1 th\u1eadt m\u00e0 \u0111\u1eb1ng sau nh\u1eefng \u1ea3o t\u01b0\u1edfng m\u00e0u h\u1ed3ng.<\/p>\n<p>\u201c\u0110\u00f4ng cung\u201d \u2013 b\u1ed9 ti\u1ec3u thuy\u1ebft \u0111\u01b0\u1ee3c chuy\u1ec3n th\u1ec3 th\u00e0nh phim l\u00e0 cho ch\u00fang ta \u0111i qua \u0111\u1ee7 c\u00e1c cung b\u1eadc c\u1ea3m x\u00fac c\u1ee7a m\u1ed9t \u0111\u1eddi ng\u01b0\u1eddi c\u00f3 h\u1ef7 &#8211; n\u1ed9 &#8211; \u00e1i &#8211; \u1ed1.<\/p>\n","protected":false},"excerpt":{"rendered":"<p>\u201cC\u00f3 con c\u00e1o nh\u1ecf ng\u1ed3i tr\u00ean c\u1ed3n c\u00e1t, ng\u1ed3i tr\u00ean c\u1ed3n c\u00e1t, ng\u1eafm tr\u1eafng.<\/p>\n<p>\u1ed2, th\u00ec ra kh\u00f4ng ph\u1ea3i ng\u1eafm tr\u0103ng, n\u00f3 \u0111ang mong \u0111\u1ee3i c\u00f4 n\u01b0\u01a1ng ch\u0103n c\u1eebu quay v\u1ec1\u2026<\/p>\n<p>C\u00f3 con c\u00e1o nh\u1ecf ng\u1ed3i tr\u00ean c\u1ed3n c\u00e1t, ng\u1ed3i tr\u00ean c\u1ed3n c\u00e1t s\u01b0\u1edfi n\u1eafng.<\/p>\n<p>\u1ed2\u2026 th\u00ec ra kh\u00f4ng ph\u1ea3i s\u01b0\u1edfi n\u1eafng, n\u00f3 \u0111ang ch\u1edd \u0111\u1ee3i c\u00f4 n\u01b0\u01a1ng c\u01b0\u1ee1i ng\u1eefa ngang qua\u2026\u201d<\/p>\n<p>C\u00f3 l\u1ebd ch\u1ec9 c\u1ea7n nghe b\u1ed1n c\u00e2u h\u00e1t \u0111\u1ea7y m\u1ed9ng m\u1ecb v\u00e0 quen thu\u1ed9c n\u00e0y l\u00e0 ai ai trong ch\u00fang ta \u0111\u1ec1u s\u1ebd nh\u1edb t\u1edbi cu\u1ed9c t\u00ecnh \u0111\u1ea7y bi ph\u1eabn trong b\u1ed9 ti\u1ec3u thuy\u1ebft c\u1ee7a t\u00e1c gi\u1ea3 Ph\u1ec9 Ng\u00e3 T\u01b0 T\u1ed3n \u2013 m\u1ed9 trong T\u1ee9 ti\u1ec3u thi\u00ean h\u1eadu ng\u00f4n t\u00ecnh, n\u1ed5i ti\u1ebfng l\u00e0 m\u1ed9t Bi t\u00ecnh thi\u1ec7n h\u1eadu trong m\u1eaft c\u00e1c b\u1ea1n \u0111\u1ed9c gi\u1ea3 tr\u1ebb v\u1edbi b\u1ed9 ti\u1ec3u thuy\u1ebft \u0111\u01b0\u1ee3c chuy\u1ec3n th\u1ec3 th\u00e0nh phim \u201c \u0110\u00f4ng cung\u201d.<\/p>\n<p>\u0110\u00f4ng cung \u2013 ch\u1ed1n nh\u00e2n gian xa hoa l\u1ed9ng l\u1eaby c\u0169ng v\u00f4 t\u00ecnh, v\u00f4 c\u1ea3m\u2026<\/p>\n<p>\u0110\u00f4ng cung \u2013 b\u1ed9 ti\u1ec3u thuy\u1ebft xoay quanh c\u00e2u chuy\u1ec7n t\u0129nh y\u00eau c\u1ee7a n\u00e0ng Ti\u1ec3u Phong b\u1ea1c m\u1ec7nh v\u00e0 Th\u00e1i t\u1eed L\u00fd Th\u1eeba Ng\u00e2n \u0111\u1ea7y tham v\u1ecdng v\u00e0 kh\u00e1t khao n\u1eafm trong nay t\u1ea5t c\u1ea3.<\/p>\n<p>Ti\u1ec3u Phong \u2013 n\u00e0ng l\u00e0 c\u00f4ng ch\u00faa n\u01b0\u1edbc T\u00e2y L\u01b0\u01a1ng, \u0111ang \u1edf \u0111\u1ed9 tu\u1ed5i m\u01b0\u1eddi n\u0103m t\u01b0\u01a1i \u0111\u1eb9p nh\u1ea5t, r\u1ea1ng r\u1ee1 nh\u1ea5t v\u1edbi \u0111\u1ea7y \u01b0\u1edbc v\u1ecdng v\u00e0 m\u1ed9t t\u01b0\u01a1ng l\u1ea1i r\u1ed9ng m\u1edf ph\u00eda tr\u01b0\u1edbc. N\u00e0ng v\u01b0\u1ee3t mu\u00f4n v\u00e0n tr\u1edf ng\u1ea1i \u0111\u1ec3 \u0111\u1ebfn v\u00f9ng \u0111\u1ea5t Trung Nguy\u00ean, r\u1eddi xa T\u00e2y L\u01b0\u01a1ng v\u1edbi m\u1ed9t mi\u1ec1ng c\u00e1t v\u00e0ng v\u00e0 n\u1eafng g\u1eaft c\u1ee7a ch\u1ed1n sa m\u1ea1c \u0111\u1ec3 tr\u1edf th\u00e0nh Th\u00e1i t\u1eed phi, \u0111\u1ed5i l\u1ea1i t\u1ef1 do cho con d\u00e2n n\u01b0\u1edbc m\u00ecnh.<\/p>\n<p>L\u00fd Th\u01b0\u1eddng Ng\u00e2n \u2013 ch\u00e0ng l\u00e0 m\u1ed9t v\u1ecb Th\u00e1i t\u1eed Trung Nguy\u1ec5n d\u01b0\u1edbi m\u1ed9t ng\u01b0\u1eddi m\u00e0 tr\u00ean v\u1ea1n ng\u01b0\u1eddi. Ch\u00e0ng nh\u01b0 ch\u00ednh nh\u1eefng con ng\u01b0\u1eddi trong th\u00e2m cung \u0111\u00f3, sinh ra \u0111\u00e3 mang trong m\u00ecnh khao kh\u00e1t v\u1edbi quy\u1ec1n l\u1ef1c, n\u1eafm tr\u1ecdn m\u1ecdi th\u1ee9 trong tay b\u1ea5t ch\u1ea5p m\u1ecdi th\u1ee7 \u0111o\u1ea1n \u0111\u1ec3 b\u01b0\u1edbc l\u00ean ngai v\u00e0ng.<\/p>\n<p>\u00dd tr\u1eddi cho h\u1ecd g\u1eb7p nhau, quen nhau, y\u00eau nhau nh\u01b0ng m\u00e3i m\u00e3i c\u1eb3ng thu\u1ed9c v\u1ec1 nhau. Cho h\u1ecd t\u1ea5t c\u1ea3 c\u0169ng l\u1ea5y \u0111i c\u1ee7a c\u1ea3 hai m\u1ecdi th\u1ee9. M\u1ed9t ng\u01b0\u1eddi v\u00ec v\u1eadn m\u1ec7nh \u0111\u1ea5t n\u01b0\u1edbc nh\u01b0ng l\u1ea1i ch\u1ee9ng ki\u1ebfn h\u1ebft th\u1ea3y c\u00e1i ch\u1ebft c\u1ee7a con d\u00e2n m\u00ecnh, gia \u0111\u00ecnh th\u00e2n th\u00edch c\u1ee7a m\u00ecnh. M\u1ed9t ng\u01b0\u1eddi v\u00ec c\u00f4ng danh, quy\u1ec1n l\u1ee3i m\u00e0 b\u1ecf qua m\u1ecdi c\u1ea3m x\u00fac, nh\u1ea5n ch\u00ecm ch\u00ednh ng\u01b0\u1eddi con g\u00e1i m\u00ecnh y\u00eau th\u01b0\u01a1ng nh\u1ea5t trong n\u1ed7i \u0111au v\u00f4 t\u1eadn. S\u1ed1 ph\u1eadn \u00e9p bu\u1ed9c h\u1ecd ph\u1ea3i t\u1ed5n th\u01b0\u01a1ng nhau, b\u00f3p ngh\u1eb9t l\u1ea5y n\u01a1i \u0111\u1ea7u con tim h\u1ecd \u0111\u1ec3 c\u00f3 th\u1ec3 th\u1ea5y nhau nh\u01b0ng ch\u1eb3ng th\u1ec3 b\u00ean nhau tr\u01b0\u1eddng t\u1ed3n nh\u01b0 th\u1ee7a ban \u0111\u1ea7u nh\u01b0 ta t\u1eebng \u01b0\u1edbc v\u1ecdng.<\/p>\n","protected":false},"featured_media":10017,"template":"","meta":{"_acf_changed":false},"product_brand":[],"product_cat":[15,45],"product_tag":[],"class_list":{"0":"post-10023","1":"product","2":"type-product","3":"status-publish","4":"has-post-thumbnail","6":"product_cat-sach-danh-cho-nguoi-lon","7":"product_cat-tieu-thuyet","9":"first","10":"outofstock","11":"taxable","12":"shipping-taxable","13":"purchasable","14":"product-type-simple"},"supplier_id":null,"supplier_sku":"","barcode":null,"atum_controlled":true,"out_stock_date":"2022-05-30 15:32:38","out_stock_threshold":null,"inheritable":false,"inbound_stock":1,"stock_on_hold":0,"sold_today":0,"sales_last_days":0,"reserved_stock":0,"customer_returns":0,"warehouse_damage":0,"lost_in_post":0,"other_logs":0,"out_stock_days":1339,"lost_sales":0,"has_location":false,"update_date":"2026-01-28T23:10:45","atum_locations":[],"atum_stock_status":"outofstock","restock_status":false,"low_stock_amount":"","sales_update_date":"2026-01-28T23:10:45","calc_backorders":null,"acf":{"publisher":{"ID":1785,"post_author":"1","post_date":"2021-02-17 01:54:46","post_date_gmt":"2021-02-16 23:54:46","post_content":"<!-- wp:flatsome\/uxbuilder -->\n<h1 style=\"text-align: center;\"><strong>AZ VIETNAM<\/strong><\/h1>\n[row]\n\n[col span=\"8\" span__sm=\"12\"]\n\n<p>Th\u00e0nh l\u1eadp n\u0103m: 2015<br \/>V\u1ed1n \u0111\u1ea7u t\u01b0: 4,000,000,000 \u0111\u1ed3ng<br \/><strong>L\u0129nh v\u1ef1c:<\/strong><br \/>- Xu\u1ea5t b\u1ea3n v\u00e0 ph\u00e1t h\u00e0nh v\u0103n h\u00f3a ph\u1ea9m<br \/>- Cung c\u1ea5p v\u0103n h\u00f3a ph\u1ea9m, c\u00e1c s\u1ea3n ph\u1ea9m cho in \u1ea5n, trang thi\u1ebft b\u1ecb cho c\u00e1c th\u01b0 vi\u1ec7n v\u00e0 trung t\u00e2m s\u00e1ch tr\u00ean c\u1ea3 n\u01b0\u1edbc.<br \/>- Th\u1eddi trang v\u00e0 c\u00e1c s\u1ea3n ph\u1ea9m li\u00ean quan \u0111\u1ebfn l\u0129nh v\u1ef1c th\u1eddi trang<br \/>- Xu\u1ea5t nh\u1eadp kh\u1ea9u c\u00e1c s\u1ea3n ph\u1ea9m v\u0103n h\u00f3a<\/p>\n<p><strong>Quy m\u00f4:<\/strong> 60 nh\u00e2n vi\u00ean<br \/>Kh\u1edfi ngu\u1ed3n c\u1ee7a AZ Vi\u1ec7t Nam ng\u00e0y nay l\u00e0 C\u00f4ng ty TNHH Trung t\u00e2m S\u00e1ch v\u00e0 Thi\u1ebft b\u1ecb Th\u01b0 vi\u1ec7n, v\u1edbi ho\u1ea1t \u0111\u1ed9ng \u0111\u1ea7u ti\u00ean l\u00e0 cung c\u1ea5p s\u00e1ch, trang thi\u1ebft b\u1ecb, v\u0103n h\u00f3a ph\u1ea9m cho c\u00e1c th\u01b0 vi\u1ec7n v\u00e0 trung t\u00e2m s\u00e1ch tr\u00ean c\u1ea3 n\u01b0\u1edbc. T\u1eeb cu\u1ed1i n\u0103m 2010 \u0111\u1ebfn nay, ch\u00fang t\u00f4i \u0111\u00e3 kh\u00f4ng ng\u1eebng n\u1ed7 l\u1ef1c khai ph\u00e1 v\u00e0 ph\u00e1t tri\u1ec3n c\u00e1c d\u00f2ng s\u1ea3n ph\u1ea9m m\u1edbi v\u1edbi 8 th\u01b0\u01a1ng hi\u1ec7u uy t\u00edn. \u0110\u1ec3 \u0111\u00e1p \u1ee9ng nhu c\u1ea7u ph\u00e1t tri\u1ec3n ng\u00e0y m\u1ed9t l\u1edbn m\u1ea1nh v\u00e0 t\u1eadp h\u1ee3p c\u00e1c th\u01b0\u01a1ng hi\u1ec7u \u0111\u00e3 \u0111\u01b0\u1ee3c ch\u00fang t\u00f4i x\u00e2y d\u1ef1ng, 2015 C\u00f4ng ty TNHH AZ Vi\u1ec7t Nam \u0111\u00e3 ra \u0111\u1eddi v\u1edbi s\u1ee9 m\u1ec7nh mang \u0111\u1ebfn nhi\u1ec1u h\u01a1n n\u1eefa nh\u1eefng gi\u00e1 tr\u1ecb tinh th\u1ea7n, tri th\u1ee9c ti\u00ean ti\u1ebfn cho ng\u01b0\u1eddi ti\u00eau d\u00f9ng b\u1eb1ng vi\u1ec7c cung c\u1ea5p nh\u1eefng s\u1ea3n ph\u1ea9m c\u00f3 ch\u1ea5t l\u01b0\u1ee3ng.<\/p>\n\n[\/col]\n[col span=\"4\" span__sm=\"12\"]\n\n[ux_image id=\"1836\" image_size=\"medium\"]\n\n\n[\/col]\n\n[\/row]\n\n<!-- \/wp:flatsome\/uxbuilder -->","post_title":"AZ Vi\u1ec7t Nam","post_excerpt":"","post_status":"publish","comment_status":"closed","ping_status":"closed","post_password":"","post_name":"az-viet-nam","to_ping":"","pinged":"","post_modified":"2021-02-17 22:07:10","post_modified_gmt":"2021-02-17 20:07:10","post_content_filtered":"","post_parent":0,"guid":"https:\/\/sachviet.eu\/nha-phat-hanh\/az-viet-nam\/","menu_order":0,"post_type":"publisher","post_mime_type":"","comment_count":"0","filter":"raw"}},"_links":{"self":[{"href":"https:\/\/sachviet.eu\/en\/wp-json\/wp\/v2\/product\/10023","targetHints":{"allow":["GET"]}}],"collection":[{"href":"https:\/\/sachviet.eu\/en\/wp-json\/wp\/v2\/product"}],"about":[{"href":"https:\/\/sachviet.eu\/en\/wp-json\/wp\/v2\/types\/product"}],"wp:featuredmedia":[{"embeddable":true,"href":"https:\/\/sachviet.eu\/en\/wp-json\/wp\/v2\/media\/10017"}],"wp:attachment":[{"href":"https:\/\/sachviet.eu\/en\/wp-json\/wp\/v2\/media?parent=10023"}],"wp:term":[{"taxonomy":"product_brand","embeddable":true,"href":"https:\/\/sachviet.eu\/en\/wp-json\/wp\/v2\/product_brand?post=10023"},{"taxonomy":"product_cat","embeddable":true,"href":"https:\/\/sachviet.eu\/en\/wp-json\/wp\/v2\/product_cat?post=10023"},{"taxonomy":"product_tag","embeddable":true,"href":"https:\/\/sachviet.eu\/en\/wp-json\/wp\/v2\/product_tag?post=10023"}],"curies":[{"name":"wp","href":"https:\/\/api.w.org\/{rel}","templated":true}]}}