{"id":10016,"date":"2021-06-02T18:11:57","date_gmt":"2021-06-02T15:11:57","guid":{"rendered":"https:\/\/sachviet.eu\/shop\/em-xau-vua-dung-kieu-anh-thich\/"},"modified":"2023-11-27T21:06:00","modified_gmt":"2023-11-27T19:06:00","slug":"em-xau-vua-dung-kieu-anh-thich","status":"publish","type":"product","link":"https:\/\/sachviet.eu\/en\/shop\/em-xau-vua-dung-kieu-anh-thich\/","title":{"rendered":"Em X\u1ea5u V\u1eeba \u0110\u00fang Ki\u1ec3u Anh Th\u00edch"},"content":{"rendered":"<p>Anh th\u00edch em, ch\u1eb3ng ph\u1ea3i v\u00ec em xinh \u0111\u1eb9p.<\/p>\n<p>Anh th\u00edch em ch\u1ec9 \u0111\u01a1n gi\u1ea3n v\u00ec em \u0111\u00e3 v\u1eeba v\u1eb7n l\u1ea5p \u0111\u1ea7y \u0111\u00f4i m\u1eaft c\u1ee7a anh.<\/p>\n<p>M\u1ecdi ng\u01b0\u1eddi \u0111\u1ec1u h\u1ecfi anh, t\u1ea1i sao l\u1ea1i c\u00f3 th\u1ec3 th\u00edch em nhi\u1ec1u \u0111\u1ebfn v\u1eady. Em kh\u00f4ng xinh \u0111\u1eb9p, kh\u00f4ng h\u1ea5p d\u1eabn trong m\u1eaft ng\u01b0\u1eddi kh\u00e1c, nh\u01b0ng trong l\u00f2ng anh, em ch\u00ednh l\u00e0 ng\u01b0\u1eddi \u0111\u1eb9p nh\u1ea5t.<\/p>\n<p>Anh th\u00edch d\u00e1ng v\u1ebb xinh \u0111\u1eb9p c\u1ee7a em. L\u00e0 tuy em x\u1ea5u, nh\u01b0ng v\u1eabn r\u1ea5t c\u1ed1 g\u1eafng bi\u1ec3n m\u00ecnh tr\u1edf n\u00ean xinh \u0111\u1eb9p h\u01a1n bao gi\u1edd h\u1ebft. L\u00e0 tuy em x\u1ea5u, nh\u01b0ng v\u1eabn t\u1ecfa s\u00e1ng l\u1ea5p l\u00e1nh v\u00ec m\u1ed9t ph\u1ea9m ch\u1ea5t n\u00e0o.<\/p>\n<p>Anh th\u00edch d\u00e1ng v\u1ebb xinh \u0111\u1eb9p c\u1ee7a em. Ch\u00ednh l\u00e0 s\u1ef1 chu \u0111\u00e1o v\u00e0 tinh t\u1ebf c\u1ee7a em, lu\u00f4n quan t\u00e2m \u0111\u1ebfn c\u1ea3m nh\u1eadn c\u1ee7a t\u1ea5t c\u1ea3 m\u1ecdi ng\u01b0\u1eddi xung quanh. M\u1ed9t c\u00f4 g\u00e1i bi\u1ebft lo ngh\u0129 cho ng\u01b0\u1eddi kh\u00e1c s\u1ebd lu\u00f4n l\u00e0 m\u1ed9t c\u00f4 g\u00e1i l\u01b0\u01a1ng thi\u1ec7n trong l\u00f2ng anh.<\/p>\n<p>Anh th\u00edch d\u00e1ng v\u1ebb xinh \u0111\u1eb9p c\u1ee7a em. Ch\u00ednh l\u00e0 l\u1ea7n \u0111\u1ea7u ti\u00ean khi th\u1ea5y em gi\u00fap b\u1ea1n h\u1ecdc, anh \u0111\u00e3 th\u00edch em r\u1ed3i. Anh th\u00edch em v\u00ec tr\u00e1i tim nhi\u1ec7t th\u00e0nh \u1ea5m n\u00f3ng \u1ea5y \u0111\u00e3 s\u01b0\u1edfi \u1ea5m con tim l\u1ea1nh gi\u00e1 c\u1ee7a anh.<\/p>\n<p>C\u00f3 nh\u1eefng ng\u01b0\u1eddi kh\u00e1c \u0111\u00e3 t\u1eebng xu\u1ea5t hi\u1ec7n trong cu\u1ed9c \u0111\u1eddi em, nh\u01b0ng l\u1ea1i quay l\u01b0ng b\u01b0\u1edbc \u0111i. C\u00f3 nh\u1eefng ng\u01b0\u1eddi ch\u1eb3ng b\u1eb1ng l\u00f2ng ch\u1ea5p nh\u1eadn s\u1ef1 v\u00f4 t\u00ecnh c\u1ee7a th\u00e1ng n\u0103m xu\u1ea5t hi\u1ec7n tr\u00ean g\u01b0\u01a1ng m\u1eb7t em. Nh\u01b0ng em y\u00ean t\u00e2m, v\u00ec c\u1ea3 \u0111\u1eddi n\u00e0y anh s\u1ebd \u1edf b\u00ean em.<\/p>\n<p>Ng\u00e0y n\u00e0o em soi g\u01b0\u01a1ng c\u0169ng th\u1ea5y b\u1ea3n th\u00e2n ch\u1eb3ng h\u1ec1 xinh \u0111\u1eb9p.<\/p>\n<p>Ng\u00e0y n\u00e0o anh c\u0169ng n\u00f3i, &#8220;Em x\u1ea5u th\u1eadt \u0111\u1ea5y.&#8221;<\/p>\n<p>Th\u1ebf nh\u01b0ng em bi\u1ebft kh\u00f4ng?<\/p>\n<p>Th\u1ef1c ra, em x\u1ea5u v\u1eeba \u0111\u00fang ki\u1ec3u anh th\u00edch.<\/p>\n<p>Em x\u1ea5u v\u1eeba \u0111\u00fang ki\u1ec3u anh th\u00edch \u2013 Mong r\u1eb1ng t\u1ea5t c\u1ea3 c\u00e1c c\u00f4 g\u00e1i tr\u00ean th\u1ebf gian \u0111\u1ec1u c\u00f3 th\u1ec3 v\u1eeba v\u1eb7n l\u1ea5p \u0111\u1ea7y \u0111\u00f4i m\u1eaft c\u1ee7a k\u1ebb si t\u00ecnh n\u00e0o \u0111\u00f3. Mong r\u1eb1ng \u0111i \u0111\u1ebfn cu\u1ed1i cu\u1ed9c \u0111\u1eddi, ng\u01b0\u1eddi \u1ea5y v\u1eabn y\u00eau th\u00edch nh\u1eefng n\u1ebfp nh\u0103n tr\u00ean g\u01b0\u01a1ng m\u1eb7t c\u1ee7a ch\u00fang ta<\/p>\n","protected":false},"excerpt":{"rendered":"<p>Anh th\u00edch em, ch\u1eb3ng ph\u1ea3i v\u00ec em xinh \u0111\u1eb9p.<\/p>\n<p>Anh th\u00edch em ch\u1ec9 \u0111\u01a1n gi\u1ea3n v\u00ec em \u0111\u00e3 v\u1eeba v\u1eb7n l\u1ea5p \u0111\u1ea7y \u0111\u00f4i m\u1eaft c\u1ee7a anh.<\/p>\n<p>M\u1ecdi ng\u01b0\u1eddi \u0111\u1ec1u h\u1ecfi anh, t\u1ea1i sao l\u1ea1i c\u00f3 th\u1ec3 th\u00edch em nhi\u1ec1u \u0111\u1ebfn v\u1eady. Em kh\u00f4ng xinh \u0111\u1eb9p, kh\u00f4ng h\u1ea5p d\u1eabn trong m\u1eaft ng\u01b0\u1eddi kh\u00e1c, nh\u01b0ng trong l\u00f2ng anh, em ch\u00ednh l\u00e0 ng\u01b0\u1eddi \u0111\u1eb9p nh\u1ea5t.<\/p>\n<p>Anh th\u00edch d\u00e1ng v\u1ebb xinh \u0111\u1eb9p c\u1ee7a em. L\u00e0 tuy em x\u1ea5u, nh\u01b0ng v\u1eabn r\u1ea5t c\u1ed1 g\u1eafng bi\u1ec3n m\u00ecnh tr\u1edf n\u00ean xinh \u0111\u1eb9p h\u01a1n bao gi\u1edd h\u1ebft. L\u00e0 tuy em x\u1ea5u, nh\u01b0ng v\u1eabn t\u1ecfa s\u00e1ng l\u1ea5p l\u00e1nh v\u00ec m\u1ed9t ph\u1ea9m ch\u1ea5t n\u00e0o.<\/p>\n<p>Anh th\u00edch d\u00e1ng v\u1ebb xinh \u0111\u1eb9p c\u1ee7a em. Ch\u00ednh l\u00e0 s\u1ef1 chu \u0111\u00e1o v\u00e0 tinh t\u1ebf c\u1ee7a em, lu\u00f4n quan t\u00e2m \u0111\u1ebfn c\u1ea3m nh\u1eadn c\u1ee7a t\u1ea5t c\u1ea3 m\u1ecdi ng\u01b0\u1eddi xung quanh. M\u1ed9t c\u00f4 g\u00e1i bi\u1ebft lo ngh\u0129 cho ng\u01b0\u1eddi kh\u00e1c s\u1ebd lu\u00f4n l\u00e0 m\u1ed9t c\u00f4 g\u00e1i l\u01b0\u01a1ng thi\u1ec7n trong l\u00f2ng anh.<\/p>\n<p>Anh th\u00edch d\u00e1ng v\u1ebb xinh \u0111\u1eb9p c\u1ee7a em. Ch\u00ednh l\u00e0 l\u1ea7n \u0111\u1ea7u ti\u00ean khi th\u1ea5y em gi\u00fap b\u1ea1n h\u1ecdc, anh \u0111\u00e3 th\u00edch em r\u1ed3i. Anh th\u00edch em v\u00ec tr\u00e1i tim nhi\u1ec7t th\u00e0nh \u1ea5m n\u00f3ng \u1ea5y \u0111\u00e3 s\u01b0\u1edfi \u1ea5m con tim l\u1ea1nh gi\u00e1 c\u1ee7a anh.<\/p>\n<p>C\u00f3 nh\u1eefng ng\u01b0\u1eddi kh\u00e1c \u0111\u00e3 t\u1eebng xu\u1ea5t hi\u1ec7n trong cu\u1ed9c \u0111\u1eddi em, nh\u01b0ng l\u1ea1i quay l\u01b0ng b\u01b0\u1edbc \u0111i. C\u00f3 nh\u1eefng ng\u01b0\u1eddi ch\u1eb3ng b\u1eb1ng l\u00f2ng ch\u1ea5p nh\u1eadn s\u1ef1 v\u00f4 t\u00ecnh c\u1ee7a th\u00e1ng n\u0103m xu\u1ea5t hi\u1ec7n tr\u00ean g\u01b0\u01a1ng m\u1eb7t em. Nh\u01b0ng em y\u00ean t\u00e2m, v\u00ec c\u1ea3 \u0111\u1eddi n\u00e0y anh s\u1ebd \u1edf b\u00ean em.<\/p>\n<p>Ng\u00e0y n\u00e0o em soi g\u01b0\u01a1ng c\u0169ng th\u1ea5y b\u1ea3n th\u00e2n ch\u1eb3ng h\u1ec1 xinh \u0111\u1eb9p.<\/p>\n<p>Ng\u00e0y n\u00e0o anh c\u0169ng n\u00f3i, &#8220;Em x\u1ea5u th\u1eadt \u0111\u1ea5y.&#8221;<\/p>\n<p>Th\u1ebf nh\u01b0ng em bi\u1ebft kh\u00f4ng?<\/p>\n<p>Th\u1ef1c ra, em x\u1ea5u v\u1eeba \u0111\u00fang ki\u1ec3u anh th\u00edch.<\/p>\n<p>Em x\u1ea5u v\u1eeba \u0111\u00fang ki\u1ec3u anh th\u00edch \u2013 Mong r\u1eb1ng t\u1ea5t c\u1ea3 c\u00e1c c\u00f4 g\u00e1i tr\u00ean th\u1ebf gian \u0111\u1ec1u c\u00f3 th\u1ec3 v\u1eeba v\u1eb7n l\u1ea5p \u0111\u1ea7y \u0111\u00f4i m\u1eaft c\u1ee7a k\u1ebb si t\u00ecnh n\u00e0o \u0111\u00f3. Mong r\u1eb1ng \u0111i \u0111\u1ebfn cu\u1ed1i cu\u1ed9c \u0111\u1eddi, ng\u01b0\u1eddi \u1ea5y v\u1eabn y\u00eau th\u00edch nh\u1eefng n\u1ebfp nh\u0103n tr\u00ean g\u01b0\u01a1ng m\u1eb7t c\u1ee7a ch\u00fang ta<\/p>\n","protected":false},"featured_media":10006,"template":"","meta":{"_acf_changed":false},"product_brand":[],"product_cat":[15,47],"product_tag":[],"class_list":{"0":"post-10016","1":"product","2":"type-product","3":"status-publish","4":"has-post-thumbnail","6":"product_cat-sach-danh-cho-nguoi-lon","7":"product_cat-truyen-ngan-tan-van","9":"first","10":"outofstock","11":"taxable","12":"shipping-taxable","13":"purchasable","14":"product-type-simple"},"supplier_id":null,"supplier_sku":"","barcode":null,"atum_controlled":true,"out_stock_date":"2023-11-27 19:06:00","out_stock_threshold":null,"inheritable":false,"inbound_stock":0,"stock_on_hold":0,"sold_today":0,"sales_last_days":0,"reserved_stock":0,"customer_returns":0,"warehouse_damage":0,"lost_in_post":0,"other_logs":0,"out_stock_days":793,"lost_sales":0,"has_location":false,"update_date":"2026-01-28T23:10:45","atum_locations":[],"atum_stock_status":"outofstock","restock_status":false,"low_stock_amount":"","sales_update_date":"2026-01-28T23:10:45","calc_backorders":null,"acf":{"publisher":{"ID":1785,"post_author":"1","post_date":"2021-02-17 01:54:46","post_date_gmt":"2021-02-16 23:54:46","post_content":"<!-- wp:flatsome\/uxbuilder -->\n<h1 style=\"text-align: center;\"><strong>AZ VIETNAM<\/strong><\/h1>\n[row]\n\n[col span=\"8\" span__sm=\"12\"]\n\n<p>Th\u00e0nh l\u1eadp n\u0103m: 2015<br \/>V\u1ed1n \u0111\u1ea7u t\u01b0: 4,000,000,000 \u0111\u1ed3ng<br \/><strong>L\u0129nh v\u1ef1c:<\/strong><br \/>- Xu\u1ea5t b\u1ea3n v\u00e0 ph\u00e1t h\u00e0nh v\u0103n h\u00f3a ph\u1ea9m<br \/>- Cung c\u1ea5p v\u0103n h\u00f3a ph\u1ea9m, c\u00e1c s\u1ea3n ph\u1ea9m cho in \u1ea5n, trang thi\u1ebft b\u1ecb cho c\u00e1c th\u01b0 vi\u1ec7n v\u00e0 trung t\u00e2m s\u00e1ch tr\u00ean c\u1ea3 n\u01b0\u1edbc.<br \/>- Th\u1eddi trang v\u00e0 c\u00e1c s\u1ea3n ph\u1ea9m li\u00ean quan \u0111\u1ebfn l\u0129nh v\u1ef1c th\u1eddi trang<br \/>- Xu\u1ea5t nh\u1eadp kh\u1ea9u c\u00e1c s\u1ea3n ph\u1ea9m v\u0103n h\u00f3a<\/p>\n<p><strong>Quy m\u00f4:<\/strong> 60 nh\u00e2n vi\u00ean<br \/>Kh\u1edfi ngu\u1ed3n c\u1ee7a AZ Vi\u1ec7t Nam ng\u00e0y nay l\u00e0 C\u00f4ng ty TNHH Trung t\u00e2m S\u00e1ch v\u00e0 Thi\u1ebft b\u1ecb Th\u01b0 vi\u1ec7n, v\u1edbi ho\u1ea1t \u0111\u1ed9ng \u0111\u1ea7u ti\u00ean l\u00e0 cung c\u1ea5p s\u00e1ch, trang thi\u1ebft b\u1ecb, v\u0103n h\u00f3a ph\u1ea9m cho c\u00e1c th\u01b0 vi\u1ec7n v\u00e0 trung t\u00e2m s\u00e1ch tr\u00ean c\u1ea3 n\u01b0\u1edbc. T\u1eeb cu\u1ed1i n\u0103m 2010 \u0111\u1ebfn nay, ch\u00fang t\u00f4i \u0111\u00e3 kh\u00f4ng ng\u1eebng n\u1ed7 l\u1ef1c khai ph\u00e1 v\u00e0 ph\u00e1t tri\u1ec3n c\u00e1c d\u00f2ng s\u1ea3n ph\u1ea9m m\u1edbi v\u1edbi 8 th\u01b0\u01a1ng hi\u1ec7u uy t\u00edn. \u0110\u1ec3 \u0111\u00e1p \u1ee9ng nhu c\u1ea7u ph\u00e1t tri\u1ec3n ng\u00e0y m\u1ed9t l\u1edbn m\u1ea1nh v\u00e0 t\u1eadp h\u1ee3p c\u00e1c th\u01b0\u01a1ng hi\u1ec7u \u0111\u00e3 \u0111\u01b0\u1ee3c ch\u00fang t\u00f4i x\u00e2y d\u1ef1ng, 2015 C\u00f4ng ty TNHH AZ Vi\u1ec7t Nam \u0111\u00e3 ra \u0111\u1eddi v\u1edbi s\u1ee9 m\u1ec7nh mang \u0111\u1ebfn nhi\u1ec1u h\u01a1n n\u1eefa nh\u1eefng gi\u00e1 tr\u1ecb tinh th\u1ea7n, tri th\u1ee9c ti\u00ean ti\u1ebfn cho ng\u01b0\u1eddi ti\u00eau d\u00f9ng b\u1eb1ng vi\u1ec7c cung c\u1ea5p nh\u1eefng s\u1ea3n ph\u1ea9m c\u00f3 ch\u1ea5t l\u01b0\u1ee3ng.<\/p>\n\n[\/col]\n[col span=\"4\" span__sm=\"12\"]\n\n[ux_image id=\"1836\" image_size=\"medium\"]\n\n\n[\/col]\n\n[\/row]\n\n<!-- \/wp:flatsome\/uxbuilder -->","post_title":"AZ Vi\u1ec7t Nam","post_excerpt":"","post_status":"publish","comment_status":"closed","ping_status":"closed","post_password":"","post_name":"az-viet-nam","to_ping":"","pinged":"","post_modified":"2021-02-17 22:07:10","post_modified_gmt":"2021-02-17 20:07:10","post_content_filtered":"","post_parent":0,"guid":"https:\/\/sachviet.eu\/nha-phat-hanh\/az-viet-nam\/","menu_order":0,"post_type":"publisher","post_mime_type":"","comment_count":"0","filter":"raw"}},"_links":{"self":[{"href":"https:\/\/sachviet.eu\/en\/wp-json\/wp\/v2\/product\/10016","targetHints":{"allow":["GET"]}}],"collection":[{"href":"https:\/\/sachviet.eu\/en\/wp-json\/wp\/v2\/product"}],"about":[{"href":"https:\/\/sachviet.eu\/en\/wp-json\/wp\/v2\/types\/product"}],"wp:featuredmedia":[{"embeddable":true,"href":"https:\/\/sachviet.eu\/en\/wp-json\/wp\/v2\/media\/10006"}],"wp:attachment":[{"href":"https:\/\/sachviet.eu\/en\/wp-json\/wp\/v2\/media?parent=10016"}],"wp:term":[{"taxonomy":"product_brand","embeddable":true,"href":"https:\/\/sachviet.eu\/en\/wp-json\/wp\/v2\/product_brand?post=10016"},{"taxonomy":"product_cat","embeddable":true,"href":"https:\/\/sachviet.eu\/en\/wp-json\/wp\/v2\/product_cat?post=10016"},{"taxonomy":"product_tag","embeddable":true,"href":"https:\/\/sachviet.eu\/en\/wp-json\/wp\/v2\/product_tag?post=10016"}],"curies":[{"name":"wp","href":"https:\/\/api.w.org\/{rel}","templated":true}]}}