{"id":10005,"date":"2021-06-02T18:10:42","date_gmt":"2021-06-02T15:10:42","guid":{"rendered":"https:\/\/sachviet.eu\/shop\/ben-rang-tuyet-son\/"},"modified":"2022-03-05T16:50:48","modified_gmt":"2022-03-05T14:50:48","slug":"ben-rang-tuyet-son","status":"publish","type":"product","link":"https:\/\/sachviet.eu\/en\/shop\/ben-rang-tuyet-son\/","title":{"rendered":"B\u00ean R\u1eb7ng Tuy\u1ebft S\u01a1n"},"content":{"rendered":"<p>B\u00ean R\u1eb7ng Tuy\u1ebft S\u01a1n l\u00e0 m\u1ed9t trong nh\u1eefng quy\u1ec3n s\u00e1ch thu\u1ed9c b\u1ed9 s\u00e1ch khoa h\u1ecdc t\u00e2m linh n\u1ed5i ti\u1ebfng c\u1ee7a d\u1ecbch gi\u1ea3 Nguy\u00ean Phong. Kh\u01a1i ngu\u1ed3n t\u1eeb v\u00f9ng n\u00fai Himalaya xa x\u00f4i v\u00e0 v\u00f9ng \u0111\u1ed3ng b\u1eb1ng \u1ea4n \u0110\u1ed9, B\u00ean R\u1eb7ng Tuy\u1ebft S\u01a1n mang \u0111\u1ebfn cho b\u1ea1n \u0111\u1ecdc nh\u1eefng s\u1ef1 th\u1eadt v\u0129 \u0111\u1ea1i v\u1ec1 t\u00e2m linh v\u00e0 vai tr\u00f2 c\u1ee7a vi\u1ec7c l\u00e0m ch\u1ee7 t\u00e2m linh c\u0169ng nh\u01b0 l\u00e0m ch\u1ee7 s\u1ed1 ph\u1eadn. T\u00e1c ph\u1ea9m c\u00f2n kh\u01a1i d\u1eady nh\u1eefng gi\u00e1 tr\u1ecb cao \u0111\u1eb9p nh\u01b0: T\u00ednh trung th\u1ef1c, tr\u00e1i tim bao dung, l\u00f2ng tr\u1eafc \u1ea9n, s\u1ef1 th\u00f4ng th\u00e1i, l\u00f2ng t\u00edn ng\u01b0\u1ee1ng v\u00e0 t\u00ecnh y\u00eau bao la.<\/p>\n<p>C\u00e2u chuy\u1ec7n b\u1eaft \u0111\u1ea7u t\u1eeb vi\u1ec7c Satyakam \u0111\u1ebfn thung l\u0169ng Saraswati \u0111\u1ec3 t\u1ea7m s\u01b0 h\u1ecdc \u0111\u1ea1o. Nh\u01b0ng kh\u00f4ng ng\u1edd r\u1eb1ng, khi \u0111\u1ebfn \u0111\u00e2y, th\u00ec v\u1ecb \u0111\u1ea1o s\u01b0 gi\u00e0 \u0111\u00e3 ch\u1edd anh r\u1ed3i, kh\u00f4ng nh\u1eefng th\u1ebf, \u00f4ng c\u00f2n n\u00f3i \u0111\u00fang t\u00ean anh v\u00e0 bi\u1ebft anh \u0111\u1ebfn g\u1eb7p \u00f4ng \u0111\u1ec3 l\u00e0m g\u00ec d\u00f9 r\u1eb1ng anh ch\u01b0a h\u1ec1 x\u01b0ng t\u00ean c\u0169ng nh\u01b0 ch\u01b0a n\u00f3i m\u1ee5c \u0111\u00edch c\u1ee7a m\u00ecnh \u0111\u1ebfn \u0111\u00e2y.<\/p>\n<p>D\u00e0i h\u1ecdc \u0111\u1ea7u ti\u00ean c\u1ee7a Satyakam l\u00e0 qu\u00ean \u0111i th\u1eddi gian. Vi\u1ec7c n\u00e0y nghe qua t\u01b0\u1edfng ch\u1eebng nh\u01b0 \u0111\u01a1n gi\u1ea3n nh\u01b0ng khi b\u1eaft \u0111\u1ea7u th\u1ef1c hi\u1ec7n l\u1ea1i kh\u00f4ng \u0111\u01a1n gi\u1ea3n ch\u00fat n\u00e0o. C\u0169ng nh\u01b0 vi\u1ec7c l\u1eafng nghe nh\u1eefng \u00e2m thanh c\u1ee7a v\u0169 tr\u1ee5 nh\u01b0 ti\u1ebfng l\u00e1 r\u01a1i, ti\u1ebfng gi\u00f3 th\u1ed5i, ti\u1ebfng n\u01b0\u1edbc reo c\u0169ng kh\u00f4ng d\u1ec5 d\u00e0ng th\u1ef1c hi\u1ec7n n\u1ebfu trong l\u00f2ng ta v\u1eabn c\u00f2n nhi\u1ec1u t\u1ea1p \u00e2m. Ch\u00fang ta s\u1ebd \u0111\u01b0\u1ee3c tr\u1ea3i nghi\u1ec7m nh\u1eefng gi\u00e2y ph\u00fat b\u00ecnh y\u00ean th\u00f4ng qua chuy\u1ebfn h\u00e0nh tr\u00ecnh \u0111i t\u00ecm ch\u00e2n l\u00fd c\u1ee7a Satyakam d\u01b0\u1edbi s\u1ef1 h\u01b0\u1edbng d\u1eabn c\u1ee7a v\u1ecb \u0111\u1ea1o s\u01b0 trong d\u00e3y n\u00fai Tuy\u1ebft S\u01a1n \u0111\u1ec3 hi\u1ec3u r\u00f5 h\u01a1n v\u1ec1 s\u1ee9c m\u1ea1nh v\u0129nh h\u1eb1ng c\u1ee7a th\u1ebf gi\u1edbi t\u00e2m linh c\u0169ng nh\u01b0 kh\u00e1m ph\u00e1 ch\u00ednh ti\u1ebfng n\u00f3i n\u1ed9i t\u00e2m c\u1ee7a b\u1ea3n th\u00e2n m\u00ecnh.<\/p>\n","protected":false},"excerpt":{"rendered":"<p>B\u00ean R\u1eb7ng Tuy\u1ebft S\u01a1n l\u00e0 m\u1ed9t trong nh\u1eefng quy\u1ec3n s\u00e1ch thu\u1ed9c b\u1ed9 s\u00e1ch khoa h\u1ecdc t\u00e2m linh n\u1ed5i ti\u1ebfng c\u1ee7a d\u1ecbch gi\u1ea3 Nguy\u00ean Phong. Kh\u01a1i ngu\u1ed3n t\u1eeb v\u00f9ng n\u00fai Himalaya xa x\u00f4i v\u00e0 v\u00f9ng \u0111\u1ed3ng b\u1eb1ng \u1ea4n \u0110\u1ed9, B\u00ean R\u1eb7ng Tuy\u1ebft S\u01a1n mang \u0111\u1ebfn cho b\u1ea1n \u0111\u1ecdc nh\u1eefng s\u1ef1 th\u1eadt v\u0129 \u0111\u1ea1i v\u1ec1 t\u00e2m linh v\u00e0 vai tr\u00f2 c\u1ee7a vi\u1ec7c l\u00e0m ch\u1ee7 t\u00e2m linh c\u0169ng nh\u01b0 l\u00e0m ch\u1ee7 s\u1ed1 ph\u1eadn. T\u00e1c ph\u1ea9m c\u00f2n kh\u01a1i d\u1eady nh\u1eefng gi\u00e1 tr\u1ecb cao \u0111\u1eb9p nh\u01b0: T\u00ednh trung th\u1ef1c, tr\u00e1i tim bao dung, l\u00f2ng tr\u1eafc \u1ea9n, s\u1ef1 th\u00f4ng th\u00e1i, l\u00f2ng t\u00edn ng\u01b0\u1ee1ng v\u00e0 t\u00ecnh y\u00eau bao la.<\/p>\n<p>C\u00e2u chuy\u1ec7n b\u1eaft \u0111\u1ea7u t\u1eeb vi\u1ec7c Satyakam \u0111\u1ebfn thung l\u0169ng Saraswati \u0111\u1ec3 t\u1ea7m s\u01b0 h\u1ecdc \u0111\u1ea1o. Nh\u01b0ng kh\u00f4ng ng\u1edd r\u1eb1ng, khi \u0111\u1ebfn \u0111\u00e2y, th\u00ec v\u1ecb \u0111\u1ea1o s\u01b0 gi\u00e0 \u0111\u00e3 ch\u1edd anh r\u1ed3i, kh\u00f4ng nh\u1eefng th\u1ebf, \u00f4ng c\u00f2n n\u00f3i \u0111\u00fang t\u00ean anh v\u00e0 bi\u1ebft anh \u0111\u1ebfn g\u1eb7p \u00f4ng \u0111\u1ec3 l\u00e0m g\u00ec d\u00f9 r\u1eb1ng anh ch\u01b0a h\u1ec1 x\u01b0ng t\u00ean c\u0169ng nh\u01b0 ch\u01b0a n\u00f3i m\u1ee5c \u0111\u00edch c\u1ee7a m\u00ecnh \u0111\u1ebfn \u0111\u00e2y.<\/p>\n<p>D\u00e0i h\u1ecdc \u0111\u1ea7u ti\u00ean c\u1ee7a Satyakam l\u00e0 qu\u00ean \u0111i th\u1eddi gian. Vi\u1ec7c n\u00e0y nghe qua t\u01b0\u1edfng ch\u1eebng nh\u01b0 \u0111\u01a1n gi\u1ea3n nh\u01b0ng khi b\u1eaft \u0111\u1ea7u th\u1ef1c hi\u1ec7n l\u1ea1i kh\u00f4ng \u0111\u01a1n gi\u1ea3n ch\u00fat n\u00e0o. C\u0169ng nh\u01b0 vi\u1ec7c l\u1eafng nghe nh\u1eefng \u00e2m thanh c\u1ee7a v\u0169 tr\u1ee5 nh\u01b0 ti\u1ebfng l\u00e1 r\u01a1i, ti\u1ebfng gi\u00f3 th\u1ed5i, ti\u1ebfng n\u01b0\u1edbc reo c\u0169ng kh\u00f4ng d\u1ec5 d\u00e0ng th\u1ef1c hi\u1ec7n n\u1ebfu trong l\u00f2ng ta v\u1eabn c\u00f2n nhi\u1ec1u t\u1ea1p \u00e2m. Ch\u00fang ta s\u1ebd \u0111\u01b0\u1ee3c tr\u1ea3i nghi\u1ec7m nh\u1eefng gi\u00e2y ph\u00fat b\u00ecnh y\u00ean th\u00f4ng qua chuy\u1ebfn h\u00e0nh tr\u00ecnh \u0111i t\u00ecm ch\u00e2n l\u00fd c\u1ee7a Satyakam d\u01b0\u1edbi s\u1ef1 h\u01b0\u1edbng d\u1eabn c\u1ee7a v\u1ecb \u0111\u1ea1o s\u01b0 trong d\u00e3y n\u00fai Tuy\u1ebft S\u01a1n \u0111\u1ec3 hi\u1ec3u r\u00f5 h\u01a1n v\u1ec1 s\u1ee9c m\u1ea1nh v\u0129nh h\u1eb1ng c\u1ee7a th\u1ebf gi\u1edbi t\u00e2m linh c\u0169ng nh\u01b0 kh\u00e1m ph\u00e1 ch\u00ednh ti\u1ebfng n\u00f3i n\u1ed9i t\u00e2m c\u1ee7a b\u1ea3n th\u00e2n m\u00ecnh.<\/p>\n","protected":false},"featured_media":10002,"template":"","meta":{"_acf_changed":false},"product_brand":[],"product_cat":[15,46],"product_tag":[],"class_list":{"0":"post-10005","1":"product","2":"type-product","3":"status-publish","4":"has-post-thumbnail","6":"product_cat-sach-danh-cho-nguoi-lon","7":"product_cat-ky-nang-song","9":"first","10":"outofstock","11":"taxable","12":"shipping-taxable","13":"purchasable","14":"product-type-simple"},"supplier_id":null,"supplier_sku":"","barcode":null,"atum_controlled":true,"out_stock_date":"2022-03-05 12:50:48","out_stock_threshold":null,"inheritable":false,"inbound_stock":0,"stock_on_hold":0,"sold_today":0,"sales_last_days":0,"reserved_stock":1,"customer_returns":0,"warehouse_damage":0,"lost_in_post":0,"other_logs":0,"out_stock_days":1425,"lost_sales":0,"has_location":false,"update_date":"2026-01-28T23:10:45","atum_locations":[],"atum_stock_status":"outofstock","restock_status":false,"low_stock_amount":"","sales_update_date":"2026-01-28T23:10:45","calc_backorders":null,"acf":{"publisher":{"ID":6196,"post_author":"1","post_date":"2021-03-15 01:26:01","post_date_gmt":"2021-03-14 23:26:01","post_content":"","post_title":"FIRST NEWS","post_excerpt":"","post_status":"publish","comment_status":"closed","ping_status":"closed","post_password":"","post_name":"first-news","to_ping":"","pinged":"","post_modified":"2021-03-15 01:26:01","post_modified_gmt":"2021-03-14 23:26:01","post_content_filtered":"","post_parent":0,"guid":"https:\/\/sachviet.eu\/blog\/nha-phat-hanh\/first-news\/","menu_order":0,"post_type":"publisher","post_mime_type":"","comment_count":"0","filter":"raw"}},"_links":{"self":[{"href":"https:\/\/sachviet.eu\/en\/wp-json\/wp\/v2\/product\/10005","targetHints":{"allow":["GET"]}}],"collection":[{"href":"https:\/\/sachviet.eu\/en\/wp-json\/wp\/v2\/product"}],"about":[{"href":"https:\/\/sachviet.eu\/en\/wp-json\/wp\/v2\/types\/product"}],"wp:featuredmedia":[{"embeddable":true,"href":"https:\/\/sachviet.eu\/en\/wp-json\/wp\/v2\/media\/10002"}],"wp:attachment":[{"href":"https:\/\/sachviet.eu\/en\/wp-json\/wp\/v2\/media?parent=10005"}],"wp:term":[{"taxonomy":"product_brand","embeddable":true,"href":"https:\/\/sachviet.eu\/en\/wp-json\/wp\/v2\/product_brand?post=10005"},{"taxonomy":"product_cat","embeddable":true,"href":"https:\/\/sachviet.eu\/en\/wp-json\/wp\/v2\/product_cat?post=10005"},{"taxonomy":"product_tag","embeddable":true,"href":"https:\/\/sachviet.eu\/en\/wp-json\/wp\/v2\/product_tag?post=10005"}],"curies":[{"name":"wp","href":"https:\/\/api.w.org\/{rel}","templated":true}]}}