{"id":53,"date":"2021-02-10T22:40:22","date_gmt":"2021-02-10T20:40:22","guid":{"rendered":"https:\/\/sachviet.eu\/?page_id=53"},"modified":"2023-09-10T14:31:58","modified_gmt":"2023-09-10T11:31:58","slug":"lien-he","status":"publish","type":"page","link":"https:\/\/sachviet.eu\/en\/lien-he\/","title":{"rendered":"Li\u00ean h\u1ec7"},"content":{"rendered":"\n<h1>Li\u00ean h\u1ec7 v\u1edbi ch\u00fang m\u00ecnh<\/h1>\n<p>N\u1ebfu b\u1ea1n c\u00f3 b\u1ea5t c\u1ee9 th\u1eafc m\u1eafc hay c\u1ea7n gi\u00fap \u0111\u1ee1 g\u00ec h\u00e3y li\u00ean h\u1ec7 v\u1edbi ch\u00fang m\u00ecnh. Ch\u00fang m\u00ecnh s\u1ebd tr\u1ea3 l\u1eddi email c\u1ee7a b\u1ea1n nhanh v\u00e0 s\u1edbm nh\u1ea5t.<\/p>\n<p>Tr\u00ean trang web c\u1ee7a ch\u00fang m\u00ecnh c\u00f3 2 h\u00ecnh th\u1ee9c \u0111\u1eb7t h\u00e0ng :<\/p>\n<ol>\n<li>H\u00e0ng c\u00f3 s\u1eb5n &#8211; h\u00e0ng \u0111\u00e3 c\u00f3 t\u1ea1i shop \u1edf Ph\u1ea7n Lan. H\u00e0ng n\u00e0y sau khi b\u1ea1n \u0111\u1eb7t h\u00e0ng s\u1ebd \u0111\u01b0\u1ee3c \u0111\u00f3ng g\u00f3i v\u1eadn chuy\u1ec3n nhanh ch\u00f3ng sau 3-5 ng\u00e0y l\u00e0m vi\u1ec7c.<\/li>\n<li>H\u00e0ng kh\u00f4ng c\u00f3 s\u1eb5n t\u1ea1i kho Ph\u1ea7n Lan<strong>\u00a0&#8211; <\/strong>T\u1ee9c l\u00e0 nh\u1eefng s\u1ea3n ph\u1ea9m n\u00e0y kh\u00f4ng c\u00f3 s\u1eb5n t\u1ea1i Ph\u1ea7n Lan v\u00e0 c\u1ea7n \u0111\u1eb7t tr\u01b0\u1edbc. S\u1ea3n ph\u1ea9m kh\u00f4ng c\u00f3 s\u1eb5n n\u00e0y s\u1ebd \u1ea3nh h\u01b0\u1edfng t\u1edbi th\u1eddi gian giao h\u00e0ng \u0111\u1ebfn cho b\u1ea1n. Th\u00f4ng th\u01b0\u1eddng th\u1eddi gian giao h\u00e0ng trong kho\u1ea3ng 2-3 tu\u1ea7n sau khi b\u1ea1n \u0111\u1eb7t order lo\u1ea1i h\u00ecnh n\u00e0y. Th\u1eddi gian s\u1ebd l\u00e2u h\u01a1n n\u1ebfu v\u00e0o nh\u1eefng d\u1ecbp l\u1ec5 t\u1ebft \u1edf Vi\u1ec7t Nam.<\/li>\n<\/ol>\n<p><strong> Ngo\u00e0i ra n\u1ebfu b\u1ea1n kh\u00f4ng t\u00ecm th\u1ea5y s\u1ea3n ph\u1ea9m \u01b0ng \u00fd c\u00f3 th\u00f4ng tin s\u1eb5n tr\u00ean trang web c\u1ee7a ch\u00fang m\u00ecnh c\u0169ng c\u00f3 th\u1ec3 g\u1edfi y\u00eau c\u1ea7u order s\u00e1ch kh\u00f4ng c\u00f3 s\u1eb5n m\u00e0 b\u1ea1n mu\u1ed1n cho ch\u00fang m\u00ecnh bi\u1ebft.<\/strong> S\u1ebd c\u00f3 nh\u00e2n vi\u00ean h\u1ed7 tr\u1ee3 gi\u00fap b\u1ea1n b\u00e1o gi\u00e1 t\u1eebng quy\u1ec3n s\u00e1ch m\u00e0 b\u1ea1n quan t\u00e2m.<\/p>\n<p>B\u1ea1n c\u00f3 th\u1ec3 li\u00ean h\u1ec7 v\u1edbi ch\u00fang m\u00ecnh b\u1eb1ng c\u00e1ch email t\u1edbi <a href=\"mailto:info@sachviet.eu\">info@sachviet.eu<\/a> ho\u1eb7c chat tr\u1ef1c ti\u1ebfp qua trang Facebook: <a href=\"https:\/\/www.facebook.com\/SachViet.eu\" target=\"_blank\" rel=\"noopener\"><b>https:\/\/www.facebook.com\/SachViet.eu<\/b><\/a><\/p>\n\n","protected":false},"excerpt":{"rendered":"","protected":false},"author":1,"featured_media":0,"parent":0,"menu_order":0,"comment_status":"closed","ping_status":"closed","template":"","meta":{"_acf_changed":false,"footnotes":""},"class_list":["post-53","page","type-page","status-publish","hentry"],"acf":[],"_links":{"self":[{"href":"https:\/\/sachviet.eu\/en\/wp-json\/wp\/v2\/pages\/53","targetHints":{"allow":["GET"]}}],"collection":[{"href":"https:\/\/sachviet.eu\/en\/wp-json\/wp\/v2\/pages"}],"about":[{"href":"https:\/\/sachviet.eu\/en\/wp-json\/wp\/v2\/types\/page"}],"author":[{"embeddable":true,"href":"https:\/\/sachviet.eu\/en\/wp-json\/wp\/v2\/users\/1"}],"replies":[{"embeddable":true,"href":"https:\/\/sachviet.eu\/en\/wp-json\/wp\/v2\/comments?post=53"}],"version-history":[{"count":5,"href":"https:\/\/sachviet.eu\/en\/wp-json\/wp\/v2\/pages\/53\/revisions"}],"predecessor-version":[{"id":24314,"href":"https:\/\/sachviet.eu\/en\/wp-json\/wp\/v2\/pages\/53\/revisions\/24314"}],"wp:attachment":[{"href":"https:\/\/sachviet.eu\/en\/wp-json\/wp\/v2\/media?parent=53"}],"curies":[{"name":"wp","href":"https:\/\/api.w.org\/{rel}","templated":true}]}}