{"id":4230,"date":"2021-03-03T00:10:16","date_gmt":"2021-03-02T22:10:16","guid":{"rendered":"https:\/\/sachviet.eu\/?page_id=4230"},"modified":"2023-04-07T00:28:49","modified_gmt":"2023-04-06T21:28:49","slug":"phuong-thuc-van-chuyen","status":"publish","type":"page","link":"https:\/\/sachviet.eu\/en\/phuong-thuc-van-chuyen\/","title":{"rendered":"Ph\u01b0\u01a1ng th\u1ee9c v\u1eadn chuy\u1ec3n"},"content":{"rendered":"\n<p>V\u1edbi c\u01a1 s\u1edf ch\u00ednh t\u1ea1i Helsinki &#8211; Ph\u1ea7n Lan, hi\u1ec7n t\u1ea1i <strong>SACHVIET.EU<\/strong> ch\u1ec9 ph\u1ee5c v\u1ee5 nh\u1eefng \u0111\u01a1n h\u00e0ng t\u1ea1i Ph\u1ea7n Lan v\u00e0 c\u00e1c n\u01b0\u1edbc trong Ch\u00e2u \u00c2u d\u01b0\u1edbi 2 b\u1ea3ng sau.<\/p>\n\n\n\n<h2 class=\"wp-block-heading has-text-align-center has-large-font-size\"><strong>B\u1ea3ng gi\u00e1 ship t\u1ea1i Ph\u1ea7n Lan<\/strong><\/h2>\n\n\n\n<figure class=\"wp-block-table is-style-regular\"><table class=\"has-background\" style=\"background-color:#f3f4f5\"><thead><tr><th>Qu\u1ed1c gia<\/th><th>0-0.5kg<\/th><th>T\u1eeb 0.5kg tr\u1edf l\u00ean<\/th><th><strong>Mi\u1ec5n ph\u00ed v\u1eadn chuy\u1ec3n cho c\u00e1c \u0111\u01a1n h\u00e0ng<\/strong><\/th><th>Th\u1eddi gian<\/th><\/tr><\/thead><tbody><tr><td>PH\u1ea6N LAN<\/td><td>3,90\u20ac<\/td><td>5,90\u20ac<\/td><td>T\u1eeb 50\u20ac tr\u1edf l\u00ean<\/td><td>2-4 ng\u00e0y l\u00e0m vi\u1ec7c<\/td><\/tr><\/tbody><\/table><\/figure>\n\n\n\n<h2 class=\"wp-block-heading has-text-align-center has-large-font-size\">B\u1ea3ng gi\u00e1 ship c\u00e1c n\u01b0\u1edbc kh\u00e1c trong Ch\u00e2u \u00c2u<\/h2>\n\n\n\n<figure class=\"wp-block-table is-style-regular\"><table class=\"has-background\" style=\"background-color:#f3f4f5\"><thead><tr><th>Qu\u1ed1c gia<\/th><th>0-2kg<\/th><th>T\u1eeb 2kg tr\u1edf l\u00ean<\/th><th> Mi\u1ec5n ph\u00ed v\u1eadn chuy\u1ec3n cho c\u00e1c \u0111\u01a1n h\u00e0ng<\/th><th>Th\u1eddi gian<\/th><\/tr><\/thead><tbody><tr><td>\u0110\u1ee8C <\/td><td>9,80\u20ac<\/td><td>9,80\u20ac + 0,50\u20ac\/kg<\/td><td>T\u1eeb 150\u20ac tr\u1edf l\u00ean<\/td><td>5-7 ng\u00e0y l\u00e0m vi\u1ec7c<\/td><\/tr><tr><td>THU\u1ef4 \u0110I\u1ec2N<\/td><td>10,90\u20ac<\/td><td>10,90\u20ac + 0,50\u20ac\/kg<\/td><td>T\u1eeb 150\u20ac tr\u1edf l\u00ean<\/td><td>5-7 ng\u00e0y l\u00e0m vi\u1ec7c<\/td><\/tr><tr><td>\u0110AN M\u1ea0CH<\/td><td>11,90\u20ac<\/td><td>11,90\u20ac+ 0,50\u20ac\/kg<\/td><td>T\u1eeb 180\u20ac tr\u1edf l\u00ean<\/td><td>5-7 ng\u00e0y l\u00e0m vi\u1ec7c<\/td><\/tr><tr><td>NA UY<\/td><td>22\u20ac<\/td><td>22\u20ac<\/td><td><\/td><td>5-7 ng\u00e0y l\u00e0m vi\u1ec7c<\/td><\/tr><tr><td>H\u00c0 LAN<\/td><td>12,90\u20ac<\/td><td>11,90\u20ac<\/td><td>T\u1eeb 180\u20ac tr\u1edf l\u00ean<\/td><td>5-7 ng\u00e0y l\u00e0m vi\u1ec7c<\/td><\/tr><tr><td>\u00c1O<\/td><td>12,90\u20ac<\/td><td>11,90\u20ac<\/td><td>T\u1eeb 180\u20ac tr\u1edf l\u00ean<\/td><td>5-7 ng\u00e0y l\u00e0m vi\u1ec7c<\/td><\/tr><tr><td>LUXEMBOURG<\/td><td>12,90\u20ac<\/td><td>11,90\u20ac<\/td><td>T\u1eeb 180\u20ac tr\u1edf l\u00ean<\/td><td>5-7 ng\u00e0y l\u00e0m vi\u1ec7c<\/td><\/tr><tr><td>B\u1ec8<\/td><td>12,90\u20ac<\/td><td>11,90\u20ac<\/td><td>T\u1eeb 180\u20ac tr\u1edf l\u00ean<\/td><td>5-7 ng\u00e0y l\u00e0m vi\u1ec7c<\/td><\/tr><tr><td>PH\u00c1P<\/td><td>15,90\u20ac<\/td><td>15,90\u20ac + 2,50\u20ac\/kg<\/td><td><\/td><td>5-7 ng\u00e0y l\u00e0m vi\u1ec7c<\/td><\/tr><tr><td>BA LAN<\/td><td>12,90\u20ac<\/td><td>11,90\u20ac + 0,50\u20ac\/kg<\/td><td>T\u1eeb 180\u20ac tr\u1edf l\u00ean<\/td><td>5-7 ng\u00e0y l\u00e0m vi\u1ec7c<\/td><\/tr><tr><td>C\u1ed8NG HO\u00c0 S\u00c9C<\/td><td>12,90\u20ac<\/td><td>11,90\u20ac + 0,50\u20ac\/kg<\/td><td>T\u1eeb 180\u20ac tr\u1edf l\u00ean<\/td><td>5-7 ng\u00e0y l\u00e0m vi\u1ec7c<\/td><\/tr><tr><td>ESTONIA<\/td><td>6,90\u20ac<\/td><td>6,90\u20ac + 0,30\u20ac\/kg<\/td><td>T\u1eeb 80\u20ac tr\u1edf l\u00ean<\/td><td>3-5 ng\u00e0y l\u00e0m vi\u1ec7c<\/td><\/tr><tr><td>LATVIA<\/td><td>6,90\u20ac<\/td><td>6,90\u20ac + 0,30\u20ac\/kg<\/td><td>T\u1eeb 80\u20ac tr\u1edf l\u00ean<\/td><td>3-5 ng\u00e0y l\u00e0m vi\u1ec7c<\/td><\/tr><tr><td>LITVA (LITHUANIA)<\/td><td>6,90\u20ac<\/td><td>6,90\u20ac + 0,30\u20ac\/kg<\/td><td>T\u1eeb 80\u20ac tr\u1edf l\u00ean<\/td><td>3-5 ng\u00e0y l\u00e0m vi\u1ec7c<\/td><\/tr><\/tbody><\/table><\/figure>\n\n\n\n<p>Nh\u1eefng b\u1ea1n s\u1ed1ng trong kh\u1ed1i Ch\u00e2u \u00c2u kh\u00f4ng c\u00f3 trong danh s\u00e1ch tr\u00ean, n\u1ebfu c\u00e1c b\u1ea1n quan t\u00e2m v\u00e0 mu\u1ed1n mua s\u00e1ch, xin h\u00e3y li\u00ean h\u1ec7 v\u1edbi ch\u00fang m\u00ecnh qua <a href=\"https:\/\/www.facebook.com\/Thestations.eu\" target=\"_blank\" rel=\"noreferrer noopener\"><strong>SACHVIET<\/strong><\/a><\/p>\n\n\n\n<p>Th\u1eddi gian giao h\u00e0ng ch\u1ec9 l\u00e0 \u01b0\u1edbc t\u00ednh, v\u00e0 <strong>SACHVIET.EU<\/strong> kh\u00f4ng th\u1ec3 \u0111\u1ea3m b\u1ea3o r\u1eb1ng s\u00e1ch s\u1ebd \u0111\u1ebfn \u0111\u00fang h\u1eb9n. S\u1ef1 ch\u1eadm tr\u1ec5 v\u00e0 kh\u00f4ng th\u1ec3 \u0111o\u00e1n tr\u01b0\u1edbc c\u00f3 th\u1ec3 x\u1ea3y ra do ho\u00e0n c\u1ea3nh t\u00e1c \u0111\u1ed9ng nh\u01b0 d\u1ecbch b\u1ec7nh, hay nh\u01b0 l\u1ed7i v\u1ec1 ph\u00eda \u0111\u01a1n v\u1ecb ship h\u00e0ng.<\/p>\n\n\n\n<p>Th\u1eddi gian giao h\u00e0ng cu\u1ed1i c\u00f9ng ph\u1ee5 thu\u1ed9c v\u00e0o s\u1ef1 s\u1eb5n c\u00f3 c\u1ee7a c\u00e1c s\u1ea3n ph\u1ea9m \u0111\u00e3 \u0111\u1eb7t.&nbsp;Th\u00f4ng tin v\u1ec1 t\u00ednh s\u1eb5n c\u00f3 l\u00e0 \u01b0\u1edbc t\u00ednh v\u00e0 \u0111\u01b0\u1ee3c cung c\u1ea5p c\u00f9ng v\u1edbi d\u1eef li\u1ec7u t\u1ed5ng th\u1ec3 c\u1ee7a s\u1ea3n ph\u1ea9m s\u1ebd b\u00e1o cho b\u1ea1n tr\u00ean h\u1ec7 th\u1ed1ng web c\u1ee7a ch\u00fang m\u00ecnh. C\u00e1c s\u1ea3n ph\u1ea9m c\u00f3 s\u1eb5n th\u01b0\u1eddng \u0111\u01b0\u1ee3c v\u1eadn chuy\u1ec3n trong v\u00f2ng 1-5 ng\u00e0y l\u00e0m vi\u1ec7c. M\u1ed9t s\u1ed1 s\u1ea3n ph\u1ea9m kh\u00f4ng c\u00f3 s\u1eb5n m\u00e0 b\u1ea1n order c\u1ea7n th\u1eddi gian \u0111\u1eb7t h\u00e0ng t\u1eeb Vi\u1ec7t Nam v\u00e0 ship sang Ph\u1ea7n Lan s\u1ebd l\u00e2u h\u01a1n, t\u1ee9c l\u00e0 th\u1eddi gian giao h\u00e0ng l\u00e2u h\u01a1n t\u1eeb 3-4 tu\u1ea7n.<\/p>\n","protected":false},"excerpt":{"rendered":"<p>V\u1edbi c\u01a1 s\u1edf ch\u00ednh t\u1ea1i Helsinki &#8211; Ph\u1ea7n Lan, hi\u1ec7n t\u1ea1i SACHVIET.EU ch\u1ec9 ph\u1ee5c v\u1ee5 nh\u1eefng \u0111\u01a1n h\u00e0ng t\u1ea1i Ph\u1ea7n Lan v\u00e0 c\u00e1c n\u01b0\u1edbc trong Ch\u00e2u \u00c2u d\u01b0\u1edbi 2 b\u1ea3ng sau. B\u1ea3ng gi\u00e1 ship t\u1ea1i Ph\u1ea7n Lan Qu\u1ed1c gia 0-0.5kg T\u1eeb 0.5kg tr\u1edf l\u00ean Mi\u1ec5n ph\u00ed v\u1eadn chuy\u1ec3n cho c\u00e1c \u0111\u01a1n h\u00e0ng Th\u1eddi gian PH\u1ea6N [&#8230;]\n","protected":false},"author":1,"featured_media":0,"parent":0,"menu_order":0,"comment_status":"closed","ping_status":"closed","template":"page-blank-title-center.php","meta":{"_acf_changed":false,"footnotes":""},"class_list":["post-4230","page","type-page","status-publish","hentry"],"acf":[],"_links":{"self":[{"href":"https:\/\/sachviet.eu\/en\/wp-json\/wp\/v2\/pages\/4230","targetHints":{"allow":["GET"]}}],"collection":[{"href":"https:\/\/sachviet.eu\/en\/wp-json\/wp\/v2\/pages"}],"about":[{"href":"https:\/\/sachviet.eu\/en\/wp-json\/wp\/v2\/types\/page"}],"author":[{"embeddable":true,"href":"https:\/\/sachviet.eu\/en\/wp-json\/wp\/v2\/users\/1"}],"replies":[{"embeddable":true,"href":"https:\/\/sachviet.eu\/en\/wp-json\/wp\/v2\/comments?post=4230"}],"version-history":[{"count":3,"href":"https:\/\/sachviet.eu\/en\/wp-json\/wp\/v2\/pages\/4230\/revisions"}],"predecessor-version":[{"id":23507,"href":"https:\/\/sachviet.eu\/en\/wp-json\/wp\/v2\/pages\/4230\/revisions\/23507"}],"wp:attachment":[{"href":"https:\/\/sachviet.eu\/en\/wp-json\/wp\/v2\/media?parent=4230"}],"curies":[{"name":"wp","href":"https:\/\/api.w.org\/{rel}","templated":true}]}}